{"id":3389,"date":"2025-05-26T10:00:36","date_gmt":"2025-05-26T10:00:36","guid":{"rendered":"https:\/\/pecbag.com\/?post_type=product&#038;p=3389"},"modified":"2025-11-29T02:00:22","modified_gmt":"2025-11-29T02:00:22","slug":"new-design-portable-large-fishing-cooler-bag","status":"publish","type":"product","link":"https:\/\/pecbag.com\/fi\/new-design-portable-large-fishing-cooler-bag\/","title":{"rendered":"Uusi muotoilu kannettava suuri kalastus j\u00e4\u00e4hdytin laukku"},"content":{"rendered":"<h5 title=\"Kokoontaitettava koira laukku hengitt\u00e4v\u00e4 mesh lemmikkiel\u00e4inten olkalaukku pienille lemmikkiel\u00e4inten koirille kissoille\" data-immersive-translate-walked=\"1c928421-2e42-4cd3-8754-5404553c0af5\" data-immersive-translate-paragraph=\"1\" data-spm-anchor-id=\"a2700.details.0.i35.4f6757d4w4zNZA\">Uusi muotoilu kannettava suuri kalastus j\u00e4\u00e4hdytin laukku valmistaja | Monipuolinen Pet Vaatteet Factory &amp; koiran vaatteet valmistaja | Bulk OEM<\/h5>\n<div class=\"flex flex-grow flex-col max-w-full\">\n<div class=\"min-h-[20px] text-message flex w-full flex-col items-end gap-2 whitespace-pre-wrap break-words [.text-message+&amp;]:mt-5 overflow-x-auto\" dir=\"auto\" data-message-author-role=\"assistant\" data-message-id=\"3d7d46f6-7ec2-4222-9257-48fa0bba23c6\" data-suggestions=\"true\">\n<div class=\"flex w-full flex-col gap-1 empty:hidden first:pt-[3px]\">\n<div class=\"markdown prose w-full break-words dark:prose-invert light\">\n<table width=\"288\">\n<tbody>\n<tr>\n<td width=\"137\"><span style=\"color: #333333;\">Tuotteiden nimi<\/span><\/td>\n<td width=\"151\">Kalastuslaukku<\/td>\n<\/tr>\n<tr>\n<td><span style=\"color: #333333;\">Tuotenro.<\/span><\/td>\n<td><span style=\"color: #333333;\">PB-210<\/span><\/td>\n<\/tr>\n<tr>\n<td><span style=\"color: #333333;\">Materiaali<\/span><\/td>\n<td>500D pressu PVC<\/td>\n<\/tr>\n<tr>\n<td><span style=\"color: #333333;\">Koko<\/span><\/td>\n<td>Hyv\u00e4ksy r\u00e4\u00e4t\u00e4l\u00f6ityj\u00e4<\/td>\n<\/tr>\n<tr>\n<td><span style=\"color: #333333;\">\u00a0Toimitusaika<\/span><\/td>\n<td><span style=\"color: #333333;\">1-5 p\u00e4iv\u00e4\u00e4 pienille m\u00e4\u00e4rille lentoteitse ja 30-35 p\u00e4iv\u00e4\u00e4 suurille m\u00e4\u00e4rille meritse.<\/span><\/td>\n<\/tr>\n<\/tbody>\n<\/table>\n<p class=\"ds-markdown-paragraph\">Tarvitsetko uuden muotoilun kannettavat suuret kalastuksen j\u00e4\u00e4hdytyslaukut, jotka pit\u00e4v\u00e4t saaliit tuoreina?\u00a0<em>ja<\/em>\u00a0Varusteet j\u00e4rjestetty? Koska monituoteinen lemmikkiel\u00e4inten vaatetehdas ja koiran vaatteiden valmistaja Kiinassa, k\u00e4yt\u00e4mme asiantuntemustamme k\u00e4sity\u00f6l\u00e4isten premium-luokan New Design Portable Large Fishing Cooler Bags - kalastusmerkkien, ulkoilualan v\u00e4hitt\u00e4ismyyjien ja kalastuslaukkujen tukkukauppiaiden luottamuksen alaisena!<\/p>\n<p class=\"ds-markdown-paragraph\">\u2705\u00a0<strong>Miksi kalastajat ja j\u00e4lleenmyyj\u00e4t valitsevat meid\u00e4t:<\/strong><\/p>\n<ul>\n<li>\n<p class=\"ds-markdown-paragraph\"><strong>Koko p\u00e4iv\u00e4n j\u00e4\u00e4n pid\u00e4tt\u00e4minen<\/strong>: 5cm ekologinen eristys + tiiviit saumat - pit\u00e4\u00e4 kalat\/kylm\u00e4t juomat j\u00e4\u00e4hdytettyin\u00e4 48+ tuntia!<\/p>\n<\/li>\n<li>\n<p class=\"ds-markdown-paragraph\"><strong>Kannettava mutta tilava<\/strong>: 60 litran tilavuus + kokoontaitettavat py\u00f6r\u00e4t\/teleskooppikahva - kuljettaa raskaita kuormia vaivattomasti.<\/p>\n<\/li>\n<li>\n<p class=\"ds-markdown-paragraph\"><strong>Erilliset tilaukset valmiina<\/strong>: Tuottaa kalastuslaukku irtotavarana tilauksia (MOQ 50kpl) kautta kalastuslaukku ODM \/ OEM tai yksityinen etiketti 12 p\u00e4iv\u00e4\u00e4!<\/p>\n<\/li>\n<li>\n<p class=\"ds-markdown-paragraph\"><strong>Kiinan kustannusetu<\/strong>: Huippu Fishing Bag Kiina tehdas, pro-luokan laatu t\u00e4ytt\u00e4\u00e4 ly\u00f6m\u00e4t\u00f6n hinnoittelu.<\/p>\n<\/li>\n<\/ul>\n<p class=\"ds-markdown-paragraph\"><strong>Ominaisuudet, jotka tuovat myynti\u00e4:<\/strong><br \/>\n\ud83d\udd39\u00a0<strong>Kalakohtainen suunnittelu<\/strong>: Tyhjennystulppa + irrotettavat sy\u00f6ttilokerot + ruostumattomat laitteistot.<br \/>\n\ud83d\udd39 Kaluston j\u00e4rjest\u00e4minen: 8+ modulaarista lokeroa + vavanpitimet.<br \/>\n\ud83d\udd39 1200D TPU-p\u00e4\u00e4llystetty kuori (IPX6 vedenpit\u00e4v\u00e4) + rep\u00e4isykest\u00e4v\u00e4 pohja<br \/>\n\ud83d\udd39 OEKO-TEX-sertifioidut sis\u00e4tilat - ei kemiallista hajua kiinni<\/p>\n<p class=\"ds-markdown-paragraph\"><strong>T\u00e4ydellinen:<\/strong><\/p>\n<ul>\n<li>\n<p class=\"ds-markdown-paragraph\">Kalastustarvikeliikkeet &amp; kalastuslaukkujen myyj\u00e4t<\/p>\n<\/li>\n<li>\n<p class=\"ds-markdown-paragraph\">Ulkoketjut &amp; kalastuslaukkujen tukkukauppiaat<\/p>\n<\/li>\n<li>\n<p class=\"ds-markdown-paragraph\">Startup-yritykset rakentavat Fishing Bag -merkkisi\u00e4 tuotemerkkej\u00e4<\/p>\n<\/li>\n<\/ul>\n<p class=\"ds-markdown-paragraph\"><strong>Tuotantomatka:<\/strong><br \/>\n1\ufe0f\u20e3 Mukauta v\u00e4rej\u00e4\/logoa (tai valitse 40+ kalastuskohtaista mallia).<br \/>\n2\ufe0f\u20e3 Prototyyppi 6 p\u00e4iv\u00e4ss\u00e4 \u2192 vesitesti \u2192 massatuotanto<br \/>\n3\ufe0f\u20e3 Laiva Fishing Bag -vientiverkostojen kautta (lent\u00e4en\/meren kautta DDP maailmanlaajuisesti).<\/p>\n<p class=\"ds-markdown-paragraph\"><strong>Tehtaan valtakirjat:<\/strong><br \/>\n\u2705 12+ vuoden valmistusosaaminen (lemmikkiel\u00e4inten varusteet + ulkoilutuotteet)<br \/>\n\u2705 30% paksumpi eristys verrattuna tavallisiin j\u00e4\u00e4hdyttimiin<br \/>\n\u2705 Sertifikaatit: ISO 9001, SGS, BSCI<\/p>\n<p class=\"ds-markdown-paragraph\"><strong>Oletko valmis saamaan suurempia tilauksia?<\/strong><br \/>\n\ud83d\udc49\u00a0<strong>Ilmaiset vesitestatut n\u00e4ytteet<\/strong>\u00a0\ud83d\udc49 15% talletus \ud83d\udc49 24h lainaukset<\/p>\n<\/div>\n<\/div>\n<\/div>\n<\/div>","protected":false},"excerpt":{"rendered":"<h2 data-immersive-translate-walked=\"344be1c1-5052-41eb-8fcd-0dbe236a0d6b\" data-immersive-translate-paragraph=\"1\">Uusi muotoilu kannettava suuri kalastus j\u00e4\u00e4hdytin laukku<\/h2>\n<p>Tarjoamme palkkio laukut t\u00e4yden koon ja v\u00e4rin r\u00e4\u00e4t\u00e4l\u00f6inti, kest\u00e4v\u00e4 kankaat, ja sertifioitu laatu.<\/p>\n<p>Nauti joustavista MOQ-arvoista, nopeasta maailmanlaajuisesta toimituksesta ja private label -ratkaisuista.<\/p>\n<p>Ota yhteytt\u00e4 jo t\u00e4n\u00e4\u00e4n!<\/p>","protected":false},"featured_media":4071,"template":"","meta":{"_uag_custom_page_level_css":""},"product_brand":[],"product_cat":[46,50],"product_tag":[],"class_list":{"0":"post-3389","1":"product","2":"type-product","3":"status-publish","4":"has-post-thumbnail","6":"product_cat-fishing-bag","7":"product_cat-cooler-bag","9":"first","10":"instock","11":"shipping-taxable","12":"product-type-simple"},"uagb_featured_image_src":{"full":["https:\/\/pecbag.com\/wp-content\/uploads\/2025\/06\/New-Design-Portable-Large-Fishing-Cooler-Bag-5.jpg",1000,1000,false],"thumbnail":["https:\/\/pecbag.com\/wp-content\/uploads\/2025\/06\/New-Design-Portable-Large-Fishing-Cooler-Bag-5-150x150.jpg",150,150,true],"medium":["https:\/\/pecbag.com\/wp-content\/uploads\/2025\/06\/New-Design-Portable-Large-Fishing-Cooler-Bag-5-300x300.jpg",300,300,true],"medium_large":["https:\/\/pecbag.com\/wp-content\/uploads\/2025\/06\/New-Design-Portable-Large-Fishing-Cooler-Bag-5-768x768.jpg",768,768,true],"large":["https:\/\/pecbag.com\/wp-content\/uploads\/2025\/06\/New-Design-Portable-Large-Fishing-Cooler-Bag-5.jpg",800,800,false],"1536x1536":["https:\/\/pecbag.com\/wp-content\/uploads\/2025\/06\/New-Design-Portable-Large-Fishing-Cooler-Bag-5.jpg",1000,1000,false],"2048x2048":["https:\/\/pecbag.com\/wp-content\/uploads\/2025\/06\/New-Design-Portable-Large-Fishing-Cooler-Bag-5.jpg",1000,1000,false],"trp-custom-language-flag":["https:\/\/pecbag.com\/wp-content\/uploads\/2025\/06\/New-Design-Portable-Large-Fishing-Cooler-Bag-5-12x12.jpg",12,12,true],"woocommerce_thumbnail":["https:\/\/pecbag.com\/wp-content\/uploads\/2025\/06\/New-Design-Portable-Large-Fishing-Cooler-Bag-5-300x300.jpg",300,300,true],"woocommerce_single":["https:\/\/pecbag.com\/wp-content\/uploads\/2025\/06\/New-Design-Portable-Large-Fishing-Cooler-Bag-5-600x600.jpg",600,600,true],"woocommerce_gallery_thumbnail":["https:\/\/pecbag.com\/wp-content\/uploads\/2025\/06\/New-Design-Portable-Large-Fishing-Cooler-Bag-5-100x100.jpg",100,100,true]},"uagb_author_info":{"display_name":"Lawrence","author_link":"https:\/\/pecbag.com\/fi\/author\/"},"uagb_comment_info":0,"uagb_excerpt":"New Design Portable Large Fishing Cooler Bag We provide premium bags with full-size and color customization, durable fabrics, and certified quality. Enjoy flexible MOQs, fast global shipping, and private label solutions. Contact us today!","_links":{"self":[{"href":"https:\/\/pecbag.com\/fi\/wp-json\/wp\/v2\/product\/3389","targetHints":{"allow":["GET"]}}],"collection":[{"href":"https:\/\/pecbag.com\/fi\/wp-json\/wp\/v2\/product"}],"about":[{"href":"https:\/\/pecbag.com\/fi\/wp-json\/wp\/v2\/types\/product"}],"wp:featuredmedia":[{"embeddable":true,"href":"https:\/\/pecbag.com\/fi\/wp-json\/wp\/v2\/media\/4071"}],"wp:attachment":[{"href":"https:\/\/pecbag.com\/fi\/wp-json\/wp\/v2\/media?parent=3389"}],"wp:term":[{"taxonomy":"product_brand","embeddable":true,"href":"https:\/\/pecbag.com\/fi\/wp-json\/wp\/v2\/product_brand?post=3389"},{"taxonomy":"product_cat","embeddable":true,"href":"https:\/\/pecbag.com\/fi\/wp-json\/wp\/v2\/product_cat?post=3389"},{"taxonomy":"product_tag","embeddable":true,"href":"https:\/\/pecbag.com\/fi\/wp-json\/wp\/v2\/product_tag?post=3389"}],"curies":[{"name":"wp","href":"https:\/\/api.w.org\/{rel}","templated":true}]}}