{"id":3424,"date":"2025-05-27T01:26:48","date_gmt":"2025-05-27T01:26:48","guid":{"rendered":"https:\/\/pecbag.com\/?post_type=product&#038;p=3424"},"modified":"2025-11-29T01:58:58","modified_gmt":"2025-11-29T01:58:58","slug":"lightweight-durable-disc-golf-backpack-bag","status":"publish","type":"product","link":"https:\/\/pecbag.com\/fi\/lightweight-durable-disc-golf-backpack-bag\/","title":{"rendered":"Kevyt ja kest\u00e4v\u00e4 Disc Golf reppu laukku"},"content":{"rendered":"<h5 title=\"Kokoontaitettava koira laukku hengitt\u00e4v\u00e4 mesh lemmikkiel\u00e4inten olkalaukku pienille lemmikkiel\u00e4inten koirille kissoille\" data-immersive-translate-walked=\"1c928421-2e42-4cd3-8754-5404553c0af5\" data-immersive-translate-paragraph=\"1\" data-spm-anchor-id=\"a2700.details.0.i35.4f6757d4w4zNZA\">Kevyt kest\u00e4v\u00e4 Disc Golf reppu laukut | Vedenpit\u00e4v\u00e4 laukku tehdas &amp; reppu valmistaja - Bulk Golf Gear Solutions - Bulk Golf Gear Solutions<\/h5>\n<div class=\"flex flex-grow flex-col max-w-full\">\n<div class=\"min-h-[20px] text-message flex w-full flex-col items-end gap-2 whitespace-pre-wrap break-words [.text-message+&amp;]:mt-5 overflow-x-auto\" dir=\"auto\" data-message-author-role=\"assistant\" data-message-id=\"3d7d46f6-7ec2-4222-9257-48fa0bba23c6\" data-suggestions=\"true\">\n<div class=\"flex w-full flex-col gap-1 empty:hidden first:pt-[3px]\">\n<div class=\"markdown prose w-full break-words dark:prose-invert light\">\n<table width=\"288\">\n<tbody>\n<tr>\n<td width=\"137\"><span style=\"color: #333333;\">Tuotteiden nimi<\/span><\/td>\n<td width=\"151\">Golflaukku<\/td>\n<\/tr>\n<tr>\n<td><span style=\"color: #333333;\">Tuotenro.<\/span><\/td>\n<td><span style=\"color: #333333;\">PB-2058<\/span><\/td>\n<\/tr>\n<tr>\n<td><span style=\"color: #333333;\">Materiaali<\/span><\/td>\n<td>600D polyesteri<\/td>\n<\/tr>\n<tr>\n<td><span style=\"color: #333333;\">Koko<\/span><\/td>\n<td>24 \"L*15 \"W*11 \"H<\/td>\n<\/tr>\n<tr>\n<td><span style=\"color: #333333;\">\u00a0Toimitusaika<\/span><\/td>\n<td><span style=\"color: #333333;\">1-5 p\u00e4iv\u00e4\u00e4 pienille m\u00e4\u00e4rille lentoteitse ja 30-35 p\u00e4iv\u00e4\u00e4 suurille m\u00e4\u00e4rille meritse.<\/span><\/td>\n<\/tr>\n<\/tbody>\n<\/table>\n<p>Koska Kiinan premier golf laukku valmistaja ja vedenpit\u00e4v\u00e4 laukku tehdas, suunnittelemme korkean suorituskyvyn kevyt kest\u00e4v\u00e4 levy golf reppu laukut maailmanlaajuinen jakelijat. Meid\u00e4n golf laukku yritys toimittaa:<\/p>\n<p>\u2705 <strong>Ultrakevyt 800D nylon rakenne<\/strong> (alle 2.5lbs tyhj\u00e4n\u00e4)<br \/>\n\u2705 <strong>18+ levykapasiteetti<\/strong> pehmustetuilla v\u00e4liseinill\u00e4 ja putteritaskuilla (MOQ 50kpl).<br \/>\n\u2705 <strong>OEM\/ODM-palvelut<\/strong> osoitteessa <strong>yksityisen merkin golfv\u00e4lineet<\/strong><br \/>\n\u2705 <strong>Bulk golf laukku tuotanto<\/strong> 10 p\u00e4iv\u00e4n nopealla toimitusajalla<\/p>\n<p>Golflaukkujen tukkukauppiaiden ja urheilumerkkien luottamus maailmanlaajuisesti. T\u00e4rkeimm\u00e4t ominaisuudet:<br \/>\n- IPX6 vedenpit\u00e4v\u00e4t vetoketjut &amp; vahvistettu pohjalevy<br \/>\n- Pikak\u00e4ytt\u00f6inen arvotavaratasku ja ergonomiset hihnat<br \/>\n- PDGA:n hyv\u00e4ksym\u00e4t turnaussuunnitelmat<\/p>\n<p><strong>Miksi valita meid\u00e4n golf laukku tehdas?\u00a0<\/strong><br \/>\n\ud83d\udd39 12+ vuotta johtavana golflaukun viej\u00e4n\u00e4 Kiinasta<br \/>\n\ud83d\udd39 Ilmainen 3D-suunnittelu logosi ja v\u00e4rin r\u00e4\u00e4t\u00e4l\u00f6innin kanssa<br \/>\n\ud83d\udd39 CE \/ SGS-sertifioinnit ja FOB \/ DDP-laivaus<br \/>\n\ud83d\udd39 20%-alennus golflaukkujen myyjille yli 1500 yksik\u00f6st\u00e4<\/p>\n<p>Pyyd\u00e4 ilmaisia n\u00e4ytteit\u00e4 meid\u00e4n disc golf reppu laukut tai saada instant tarjouksia. Golflaukkutoimittajat saavat omat QC-raportit ja RFID-varkaudenestop\u00e4ivitykset.<\/p>\n<\/div>\n<\/div>\n<\/div>\n<\/div>","protected":false},"excerpt":{"rendered":"<h2 data-immersive-translate-walked=\"344be1c1-5052-41eb-8fcd-0dbe236a0d6b\" data-immersive-translate-paragraph=\"1\">Kevyt ja kest\u00e4v\u00e4 Disc Golf reppu laukku<\/h2>\n<p>1. Suuri kapasiteetti: Kiekkogolflaukun p\u00e4\u00e4lokeroon mahtuu 16 kiekkoa ja p\u00e4\u00e4lokeroon 5 kiekkoa.<\/p>\n<p>2. Useita s\u00e4ilytystaskuja: \u3010Huomautus: levyt ja n\u00e4m\u00e4 tuotteet eiv\u00e4t sis\u00e4lly hintaan.\u3011.<\/p>\n<p>3. Kevyt ja mukava: Se on kevyt, mukava ja hengitt\u00e4v\u00e4 kuljettaa: T\u00e4m\u00e4 kiekkogolflaukku painaa noin 1,5 kiloa ja siin\u00e4 on s\u00e4\u00e4dett\u00e4v\u00e4t pehmustetut olkahihnat, pehmustettu k\u00e4sihihna ja pehmustettu selk\u00e4paneeli, joten se on kannettava, mukava ja hengitt\u00e4v\u00e4 kuljettaa.<\/p>\n<p>4. Kest\u00e4v\u00e4 materiaali: T\u00e4m\u00e4 levyn golflaukku on valmistettu kest\u00e4v\u00e4st\u00e4 600D-polyesterikangas. Sis\u00e4\u00e4nrakennettu j\u00e4ykk\u00e4 luuranko pit\u00e4\u00e4 sen aina pystyss\u00e4.<\/p>","protected":false},"featured_media":3426,"template":"","meta":{"_uag_custom_page_level_css":""},"product_brand":[],"product_cat":[51,60],"product_tag":[],"class_list":{"0":"post-3424","1":"product","2":"type-product","3":"status-publish","4":"has-post-thumbnail","6":"product_cat-golf-bag","7":"product_cat-backpack","9":"first","10":"instock","11":"shipping-taxable","12":"product-type-simple"},"uagb_featured_image_src":{"full":["https:\/\/pecbag.com\/wp-content\/uploads\/2025\/05\/Lightweight-Durable-Disc-Golf-Backpack-Bag-6-scaled.jpeg",2560,2560,false],"thumbnail":["https:\/\/pecbag.com\/wp-content\/uploads\/2025\/05\/Lightweight-Durable-Disc-Golf-Backpack-Bag-6-150x150.jpeg",150,150,true],"medium":["https:\/\/pecbag.com\/wp-content\/uploads\/2025\/05\/Lightweight-Durable-Disc-Golf-Backpack-Bag-6-300x300.jpeg",300,300,true],"medium_large":["https:\/\/pecbag.com\/wp-content\/uploads\/2025\/05\/Lightweight-Durable-Disc-Golf-Backpack-Bag-6-768x768.jpeg",768,768,true],"large":["https:\/\/pecbag.com\/wp-content\/uploads\/2025\/05\/Lightweight-Durable-Disc-Golf-Backpack-Bag-6-1024x1024.jpeg",800,800,true],"1536x1536":["https:\/\/pecbag.com\/wp-content\/uploads\/2025\/05\/Lightweight-Durable-Disc-Golf-Backpack-Bag-6-1536x1536.jpeg",1536,1536,true],"2048x2048":["https:\/\/pecbag.com\/wp-content\/uploads\/2025\/05\/Lightweight-Durable-Disc-Golf-Backpack-Bag-6-2048x2048.jpeg",2048,2048,true],"trp-custom-language-flag":["https:\/\/pecbag.com\/wp-content\/uploads\/2025\/05\/Lightweight-Durable-Disc-Golf-Backpack-Bag-6-12x12.jpeg",12,12,true],"woocommerce_thumbnail":["https:\/\/pecbag.com\/wp-content\/uploads\/2025\/05\/Lightweight-Durable-Disc-Golf-Backpack-Bag-6-300x300.jpeg",300,300,true],"woocommerce_single":["https:\/\/pecbag.com\/wp-content\/uploads\/2025\/05\/Lightweight-Durable-Disc-Golf-Backpack-Bag-6-600x600.jpeg",600,600,true],"woocommerce_gallery_thumbnail":["https:\/\/pecbag.com\/wp-content\/uploads\/2025\/05\/Lightweight-Durable-Disc-Golf-Backpack-Bag-6-100x100.jpeg",100,100,true]},"uagb_author_info":{"display_name":"Lawrence","author_link":"https:\/\/pecbag.com\/fi\/author\/"},"uagb_comment_info":0,"uagb_excerpt":"Lightweight Durable Disc Golf Backpack Bag 1. Large Capacity: The main compartment of this disc golf bag can hold 16 discs, and the upper compartment can hold 5 discs. 2. Multiple Storage Pockets: This disc golf backpack has 6 extra multifunctional pockets to carry all you need including a 42oz water bottle, disc golf retriever,&hellip;","_links":{"self":[{"href":"https:\/\/pecbag.com\/fi\/wp-json\/wp\/v2\/product\/3424","targetHints":{"allow":["GET"]}}],"collection":[{"href":"https:\/\/pecbag.com\/fi\/wp-json\/wp\/v2\/product"}],"about":[{"href":"https:\/\/pecbag.com\/fi\/wp-json\/wp\/v2\/types\/product"}],"wp:featuredmedia":[{"embeddable":true,"href":"https:\/\/pecbag.com\/fi\/wp-json\/wp\/v2\/media\/3426"}],"wp:attachment":[{"href":"https:\/\/pecbag.com\/fi\/wp-json\/wp\/v2\/media?parent=3424"}],"wp:term":[{"taxonomy":"product_brand","embeddable":true,"href":"https:\/\/pecbag.com\/fi\/wp-json\/wp\/v2\/product_brand?post=3424"},{"taxonomy":"product_cat","embeddable":true,"href":"https:\/\/pecbag.com\/fi\/wp-json\/wp\/v2\/product_cat?post=3424"},{"taxonomy":"product_tag","embeddable":true,"href":"https:\/\/pecbag.com\/fi\/wp-json\/wp\/v2\/product_tag?post=3424"}],"curies":[{"name":"wp","href":"https:\/\/api.w.org\/{rel}","templated":true}]}}