{"id":3452,"date":"2025-05-27T02:44:27","date_gmt":"2025-05-27T02:44:27","guid":{"rendered":"https:\/\/pecbag.com\/?post_type=product&#038;p=3452"},"modified":"2025-11-29T01:58:33","modified_gmt":"2025-11-29T01:58:33","slug":"oem-waterproof-disc-golf-bag","status":"publish","type":"product","link":"https:\/\/pecbag.com\/fi\/oem-waterproof-disc-golf-bag\/","title":{"rendered":"Uusi OEM vedenpit\u00e4v\u00e4 Disc Golf Bag"},"content":{"rendered":"<h5 title=\"Kokoontaitettava koira laukku hengitt\u00e4v\u00e4 mesh lemmikkiel\u00e4inten olkalaukku pienille lemmikkiel\u00e4inten koirille kissoille\" data-immersive-translate-walked=\"1c928421-2e42-4cd3-8754-5404553c0af5\" data-immersive-translate-paragraph=\"1\" data-spm-anchor-id=\"a2700.details.0.i35.4f6757d4w4zNZA\">OEM vedenpit\u00e4v\u00e4 Disc Golf Bags | Vedenpit\u00e4v\u00e4 laukku Factory &amp; reppu valmistaja - Custom Golf Gear Solutions - Custom Golf Gear Solutions<\/h5>\n<div class=\"flex flex-grow flex-col max-w-full\">\n<div class=\"min-h-[20px] text-message flex w-full flex-col items-end gap-2 whitespace-pre-wrap break-words [.text-message+&amp;]:mt-5 overflow-x-auto\" dir=\"auto\" data-message-author-role=\"assistant\" data-message-id=\"3d7d46f6-7ec2-4222-9257-48fa0bba23c6\" data-suggestions=\"true\">\n<div class=\"flex w-full flex-col gap-1 empty:hidden first:pt-[3px]\">\n<div class=\"markdown prose w-full break-words dark:prose-invert light\">\n<table width=\"288\">\n<tbody>\n<tr>\n<td width=\"137\"><span style=\"color: #333333;\">Tuotteiden nimi<\/span><\/td>\n<td width=\"151\">Golflaukku<\/td>\n<\/tr>\n<tr>\n<td><span style=\"color: #333333;\">Tuotenro.<\/span><\/td>\n<td><span style=\"color: #333333;\">PB-2062<\/span><\/td>\n<\/tr>\n<tr>\n<td><span style=\"color: #333333;\">Materiaali<\/span><\/td>\n<td>Polyesteri<\/td>\n<\/tr>\n<tr>\n<td><span style=\"color: #333333;\">Koko<\/span><\/td>\n<td>45.7*35.5*24.3 cm.<\/td>\n<\/tr>\n<tr>\n<td><span style=\"color: #333333;\">\u00a0Toimitusaika<\/span><\/td>\n<td><span style=\"color: #333333;\">1-5 p\u00e4iv\u00e4\u00e4 pienille m\u00e4\u00e4rille lentoteitse ja 30-35 p\u00e4iv\u00e4\u00e4 suurille m\u00e4\u00e4rille meritse.<\/span><\/td>\n<\/tr>\n<\/tbody>\n<\/table>\n<p>Koska Kiinan premier golf laukku valmistaja ja vedenpit\u00e4v\u00e4 laukku tehdas, me insin\u00f6\u00f6ri premium OEM vedenpit\u00e4v\u00e4 levy golf pussit maailmanlaajuisia tuotemerkkej\u00e4. Meid\u00e4n golf laukku yritys toimittaa:<\/p>\n<p>\u2705 <strong>IPX8 vedenpit\u00e4v\u00e4 suojaus<\/strong> hitsatut TPU-saumat (800D ballistinen nylon).<br \/>\n\u2705 <strong>20+ levyn kapasiteetti<\/strong> PDGA:n hyv\u00e4ksym\u00e4ll\u00e4 organisaatiolla (MOQ 50kpl)<br \/>\n\u2705 <strong>Avaimet k\u00e4teen - OEM\/ODM-palvelut<\/strong> osoitteessa <strong>yksityisen merkin golfv\u00e4lineet<\/strong><br \/>\n\u2705 <strong>Bulk golf laukku tuotanto<\/strong> 10 p\u00e4iv\u00e4n nopealla toimitusajalla<\/p>\n<p>Golfb\u00e4gien tukkukauppiaat ja ammattilaisj\u00e4lleenmyyj\u00e4t luottavat siihen maailmanlaajuisesti. T\u00e4rkeimm\u00e4t ominaisuudet:<br \/>\n- 3D-ilmavirtausj\u00e4rjestelm\u00e4 ja ergonomiset valjaat<br \/>\n- Pikak\u00e4ytt\u00f6inen arvoesineiden tasku + RFID-suojaus<br \/>\n- Irrotettava kylm\u00e4laukku ja sateenvarjoholkki<\/p>\n<p><strong>Miksi kumppani meid\u00e4n golf laukku tehdas<\/strong>:<br \/>\n\ud83d\udd39 15+ vuotta johtavina golflaukkujen viejin\u00e4 Kiinasta<br \/>\n\ud83d\udd39 Ilmainen 3D-tekniikkapaketin suunnittelu br\u00e4ndisi kanssa<br \/>\n\ud83d\udd39 CE\/SGS\/REACH-sertifioinnit ja DDP-varustaminen<br \/>\n\ud83d\udd39 30%-alennus golflaukkujen myyjille yli 3000 yksik\u00f6st\u00e4<\/p>\n<p>Pyyd\u00e4 ilmaisia n\u00e4ytteit\u00e4 vedenpit\u00e4vist\u00e4 disc golf pusseistamme tai pyyd\u00e4 v\u00e4litt\u00f6mi\u00e4 tarjouksia. Golf laukku toimittajat saavat:<br \/>\n- Mukautetut l\u00e4mp\u00f6eristysparannukset<br \/>\n- Er\u00e4kohtaiset laadunvalvontaraportit<br \/>\n- Omistettu tuotantolinja<\/p>\n<\/div>\n<\/div>\n<\/div>\n<\/div>","protected":false},"excerpt":{"rendered":"<h2 data-immersive-translate-walked=\"344be1c1-5052-41eb-8fcd-0dbe236a0d6b\" data-immersive-translate-paragraph=\"1\">OEM vedenpit\u00e4v\u00e4 Disc Golf Bag<\/h2>\n<p>S\u00e4ilytystilaa kaikille discgolfvarusteillesi ja muullekin: Meill\u00e4 on kaikki olennainen varastoinnin osalta, mutta ent\u00e4 kaikki muut varusteesi ja lis\u00e4varusteesi?<\/p>\n<p>T\u00e4rkeimm\u00e4n levys\u00e4ilytysosion, johon mahtuu jopa 18 levy\u00e4, ja kylm\u00e4laukkuosion lis\u00e4ksi on 7 muuta s\u00e4ilytysosaa, joihin voi tallentaa kaikkea auton avaimista pieneen kokoontaitettavaan jakkaraan tai sateenvarjoon.<\/p>\n<p>2 juomapidikkeeseen mahtuu kaikkea t\u00f6lkist\u00e4 36 oz:n pulloon.<\/p>","protected":false},"featured_media":3456,"template":"","meta":{"_uag_custom_page_level_css":""},"product_brand":[],"product_cat":[51,60],"product_tag":[],"class_list":{"0":"post-3452","1":"product","2":"type-product","3":"status-publish","4":"has-post-thumbnail","6":"product_cat-golf-bag","7":"product_cat-backpack","9":"first","10":"instock","11":"shipping-taxable","12":"product-type-simple"},"uagb_featured_image_src":{"full":["https:\/\/pecbag.com\/wp-content\/uploads\/2025\/05\/OEM-Waterproof-Disc-Golf-Bag-1.jpeg",720,720,false],"thumbnail":["https:\/\/pecbag.com\/wp-content\/uploads\/2025\/05\/OEM-Waterproof-Disc-Golf-Bag-1-150x150.jpeg",150,150,true],"medium":["https:\/\/pecbag.com\/wp-content\/uploads\/2025\/05\/OEM-Waterproof-Disc-Golf-Bag-1-300x300.jpeg",300,300,true],"medium_large":["https:\/\/pecbag.com\/wp-content\/uploads\/2025\/05\/OEM-Waterproof-Disc-Golf-Bag-1.jpeg",720,720,false],"large":["https:\/\/pecbag.com\/wp-content\/uploads\/2025\/05\/OEM-Waterproof-Disc-Golf-Bag-1.jpeg",720,720,false],"1536x1536":["https:\/\/pecbag.com\/wp-content\/uploads\/2025\/05\/OEM-Waterproof-Disc-Golf-Bag-1.jpeg",720,720,false],"2048x2048":["https:\/\/pecbag.com\/wp-content\/uploads\/2025\/05\/OEM-Waterproof-Disc-Golf-Bag-1.jpeg",720,720,false],"trp-custom-language-flag":["https:\/\/pecbag.com\/wp-content\/uploads\/2025\/05\/OEM-Waterproof-Disc-Golf-Bag-1-12x12.jpeg",12,12,true],"woocommerce_thumbnail":["https:\/\/pecbag.com\/wp-content\/uploads\/2025\/05\/OEM-Waterproof-Disc-Golf-Bag-1-300x300.jpeg",300,300,true],"woocommerce_single":["https:\/\/pecbag.com\/wp-content\/uploads\/2025\/05\/OEM-Waterproof-Disc-Golf-Bag-1-600x600.jpeg",600,600,true],"woocommerce_gallery_thumbnail":["https:\/\/pecbag.com\/wp-content\/uploads\/2025\/05\/OEM-Waterproof-Disc-Golf-Bag-1-100x100.jpeg",100,100,true]},"uagb_author_info":{"display_name":"Lawrence","author_link":"https:\/\/pecbag.com\/fi\/author\/"},"uagb_comment_info":0,"uagb_excerpt":"OEM Waterproof Disc Golf Bag Storage for all your disc golf equipment and more: We have all the essentials covered when it comes to storage, but what about all your other gear and accessories? Besides the main disc storage section, which can hold up to 18 discs, and the cooler section, there are 7 other&hellip;","_links":{"self":[{"href":"https:\/\/pecbag.com\/fi\/wp-json\/wp\/v2\/product\/3452","targetHints":{"allow":["GET"]}}],"collection":[{"href":"https:\/\/pecbag.com\/fi\/wp-json\/wp\/v2\/product"}],"about":[{"href":"https:\/\/pecbag.com\/fi\/wp-json\/wp\/v2\/types\/product"}],"wp:featuredmedia":[{"embeddable":true,"href":"https:\/\/pecbag.com\/fi\/wp-json\/wp\/v2\/media\/3456"}],"wp:attachment":[{"href":"https:\/\/pecbag.com\/fi\/wp-json\/wp\/v2\/media?parent=3452"}],"wp:term":[{"taxonomy":"product_brand","embeddable":true,"href":"https:\/\/pecbag.com\/fi\/wp-json\/wp\/v2\/product_brand?post=3452"},{"taxonomy":"product_cat","embeddable":true,"href":"https:\/\/pecbag.com\/fi\/wp-json\/wp\/v2\/product_cat?post=3452"},{"taxonomy":"product_tag","embeddable":true,"href":"https:\/\/pecbag.com\/fi\/wp-json\/wp\/v2\/product_tag?post=3452"}],"curies":[{"name":"wp","href":"https:\/\/api.w.org\/{rel}","templated":true}]}}