{"id":3459,"date":"2025-05-27T02:51:48","date_gmt":"2025-05-27T02:51:48","guid":{"rendered":"https:\/\/pecbag.com\/?post_type=product&#038;p=3459"},"modified":"2025-11-29T01:58:26","modified_gmt":"2025-11-29T01:58:26","slug":"travel-hiking-daypack-foldable-lightweight-backpack","status":"publish","type":"product","link":"https:\/\/pecbag.com\/fi\/travel-hiking-daypack-foldable-lightweight-backpack\/","title":{"rendered":"Matkailu Vaellus Daypack taitettava kevyt reppu reppu"},"content":{"rendered":"<h5 title=\"Kokoontaitettava koira laukku hengitt\u00e4v\u00e4 mesh lemmikkiel\u00e4inten olkalaukku pienille lemmikkiel\u00e4inten koirille kissoille\" data-immersive-translate-walked=\"1c928421-2e42-4cd3-8754-5404553c0af5\" data-immersive-translate-paragraph=\"1\" data-spm-anchor-id=\"a2700.details.0.i35.4f6757d4w4zNZA\">Matkailu vaellus Daypack kokoontaitettava kevyt reppuja | Vedenpit\u00e4v\u00e4 laukku tehdas &amp; reppu valmistaja - Bulk vaelluskaluston ratkaisuja - Bulk vaelluskaluston ratkaisuja<\/h5>\n<div class=\"flex flex-grow flex-col max-w-full\">\n<div class=\"min-h-[20px] text-message flex w-full flex-col items-end gap-2 whitespace-pre-wrap break-words [.text-message+&amp;]:mt-5 overflow-x-auto\" dir=\"auto\" data-message-author-role=\"assistant\" data-message-id=\"3d7d46f6-7ec2-4222-9257-48fa0bba23c6\" data-suggestions=\"true\">\n<div class=\"flex w-full flex-col gap-1 empty:hidden first:pt-[3px]\">\n<div class=\"markdown prose w-full break-words dark:prose-invert light\">\n<table width=\"288\">\n<tbody>\n<tr>\n<td width=\"137\"><span style=\"color: #333333;\">Tuotteiden nimi<\/span><\/td>\n<td width=\"151\">Vaellus laukku<\/td>\n<\/tr>\n<tr>\n<td><span style=\"color: #333333;\">Tuotenro.<\/span><\/td>\n<td><span style=\"color: #333333;\">PB-2063<\/span><\/td>\n<\/tr>\n<tr>\n<td><span style=\"color: #333333;\">Materiaali<\/span><\/td>\n<td>Ripstop<\/td>\n<\/tr>\n<tr>\n<td><span style=\"color: #333333;\">Koko<\/span><\/td>\n<td>47 x 28 x 23 cm<\/td>\n<\/tr>\n<tr>\n<td><span style=\"color: #333333;\">\u00a0Toimitusaika<\/span><\/td>\n<td><span style=\"color: #333333;\">1-5 p\u00e4iv\u00e4\u00e4 pienille m\u00e4\u00e4rille lentoteitse ja 30-35 p\u00e4iv\u00e4\u00e4 suurille m\u00e4\u00e4rille meritse.<\/span><\/td>\n<\/tr>\n<\/tbody>\n<\/table>\n<p>Koska Kiinan johtava vaellus laukku valmistaja ja vedenpit\u00e4v\u00e4 laukku tehdas, olemme erikoistuneet tuottamaan premium matkailu vaellus p\u00e4iv\u00e4reppu kokoontaitettava kevyt reppuja globaalin ulkona tuotemerkkej\u00e4. Meid\u00e4n vaelluslaukku yritys tarjoaa:<\/p>\n<p>\u2705 <strong>Ultrakevyt 300D Ripstop nylon<\/strong> (alle 1.2lbs tyhj\u00e4 paino)<br \/>\n\u2705 <strong>3 sekunnin taittuva muotoilu<\/strong> puristusnauhoilla (MOQ 100kpl)<br \/>\n\u2705 <strong>OEM\/ODM-palvelut<\/strong> osoitteessa <strong>yksityisen merkin vaellusvarusteet<\/strong><br \/>\n\u2705 <strong>Irtotavaran vaelluslaukkujen tuotanto<\/strong> 15 p\u00e4iv\u00e4n nopealla toimituksella<\/p>\n<p>Vaelluslaukkujen tukku- ja v\u00e4hitt\u00e4iskauppiaiden luottamus maailmanlaajuisesti. T\u00e4rkeimm\u00e4t ominaisuudet:<br \/>\n- IPX4 vedenkest\u00e4v\u00e4t vetoketjut &amp; piilotetut varkaudenestotaskut<br \/>\n- Ergonominen verkkomainen selk\u00e4paneeli ja s\u00e4\u00e4dett\u00e4v\u00e4 rintaremmi<br \/>\n- Yhteensopiva nestepatjojen kanssa (3 litran kapasiteetti)<\/p>\n<p><strong>Miksi valita meid\u00e4n vaellus laukku tehdas<\/strong>:<br \/>\n\ud83d\udd39 12+ vuotta alkuun vaelluslaukku viej\u00e4t Kiinasta<br \/>\n\ud83d\udd39 Ilmainen 3D-tekniikkapaketin suunnittelu br\u00e4ndisi kanssa<br \/>\n\ud83d\udd39 OEKO-Tex &amp; REACH-sertifioidut materiaalit<br \/>\n\ud83d\udd39 25%-alennus retkilaukkujen myyjille yli 2 000 yksik\u00f6st\u00e4<\/p>\n<p>Pyyd\u00e4 ilmaisia n\u00e4ytteit\u00e4 kokoontaitettavista kevyist\u00e4 repuistamme tai pyyd\u00e4 heti tarjouksia. Vaelluslaukku toimittajat saavat:<br \/>\n- Custom MOQ joustavuus<br \/>\n- Er\u00e4kohtaiset laatutarkastusraportit<br \/>\n- Ensisijainen lento- ja merirahtijako<\/p>\n<\/div>\n<\/div>\n<\/div>\n<\/div>","protected":false},"excerpt":{"rendered":"<h2 data-immersive-translate-walked=\"344be1c1-5052-41eb-8fcd-0dbe236a0d6b\" data-immersive-translate-paragraph=\"1\">Matkailu Vaellus Daypack taitettava kevyt reppu reppu<\/h2>\n<ul class=\"list-paddingleft-2\">\n<li>S\u00e4\u00e4dett\u00e4v\u00e4t hihnat - s\u00e4\u00e4d\u00e4 kireytt\u00e4 tarpeen mukaan, jotta voit sitoa pakkauksesi tai ripustaa makuupussin, maton, riippumaton jne., Sopii kaikille ihmisille.<\/li>\n<li>Monik\u00e4ytt\u00f6inen matkalaukku, 50 litran suurikapasiteettinen sis\u00e4lt\u00e4\u00e4 p\u00e4\u00e4lokeron, kaksi vetoketjullista etutaskua, makuupussilokeron, mesh-sivutaskut, voit laittaa teltat, huovan tai ruoanlaittov\u00e4lineet t\u00e4h\u00e4n reppuun, joka on paras 2-4 p\u00e4iv\u00e4n seikkailuihin.<\/li>\n<\/ul>","protected":false},"featured_media":3461,"template":"","meta":{"_uag_custom_page_level_css":""},"product_brand":[],"product_cat":[60,45,68],"product_tag":[],"class_list":{"0":"post-3459","1":"product","2":"type-product","3":"status-publish","4":"has-post-thumbnail","6":"product_cat-backpack","7":"product_cat-hiking-bag","8":"product_cat-travel-bag","10":"first","11":"instock","12":"shipping-taxable","13":"product-type-simple"},"uagb_featured_image_src":{"full":["https:\/\/pecbag.com\/wp-content\/uploads\/2025\/05\/Travel-Hiking-Daypack-foldable-Lightweight-Backpack-5.jpeg",487,487,false],"thumbnail":["https:\/\/pecbag.com\/wp-content\/uploads\/2025\/05\/Travel-Hiking-Daypack-foldable-Lightweight-Backpack-5-150x150.jpeg",150,150,true],"medium":["https:\/\/pecbag.com\/wp-content\/uploads\/2025\/05\/Travel-Hiking-Daypack-foldable-Lightweight-Backpack-5-300x300.jpeg",300,300,true],"medium_large":["https:\/\/pecbag.com\/wp-content\/uploads\/2025\/05\/Travel-Hiking-Daypack-foldable-Lightweight-Backpack-5.jpeg",487,487,false],"large":["https:\/\/pecbag.com\/wp-content\/uploads\/2025\/05\/Travel-Hiking-Daypack-foldable-Lightweight-Backpack-5.jpeg",487,487,false],"1536x1536":["https:\/\/pecbag.com\/wp-content\/uploads\/2025\/05\/Travel-Hiking-Daypack-foldable-Lightweight-Backpack-5.jpeg",487,487,false],"2048x2048":["https:\/\/pecbag.com\/wp-content\/uploads\/2025\/05\/Travel-Hiking-Daypack-foldable-Lightweight-Backpack-5.jpeg",487,487,false],"trp-custom-language-flag":["https:\/\/pecbag.com\/wp-content\/uploads\/2025\/05\/Travel-Hiking-Daypack-foldable-Lightweight-Backpack-5-12x12.jpeg",12,12,true],"woocommerce_thumbnail":["https:\/\/pecbag.com\/wp-content\/uploads\/2025\/05\/Travel-Hiking-Daypack-foldable-Lightweight-Backpack-5-300x300.jpeg",300,300,true],"woocommerce_single":["https:\/\/pecbag.com\/wp-content\/uploads\/2025\/05\/Travel-Hiking-Daypack-foldable-Lightweight-Backpack-5.jpeg",487,487,false],"woocommerce_gallery_thumbnail":["https:\/\/pecbag.com\/wp-content\/uploads\/2025\/05\/Travel-Hiking-Daypack-foldable-Lightweight-Backpack-5-100x100.jpeg",100,100,true]},"uagb_author_info":{"display_name":"Lawrence","author_link":"https:\/\/pecbag.com\/fi\/author\/"},"uagb_comment_info":0,"uagb_excerpt":"Travel Hiking Daypack foldable Lightweight Backpack Adjustable Straps- adjust the tightness as you need, for tying up your pack or hanging sleeping bag, mat, hammock, etc, Suitable for all people. Multi-functional travel bag, 50L high-capacity includes a main compartment, two zipped front pockets, a sleeping bag compartment, mesh side pockets, you can put your tents,&hellip;","_links":{"self":[{"href":"https:\/\/pecbag.com\/fi\/wp-json\/wp\/v2\/product\/3459","targetHints":{"allow":["GET"]}}],"collection":[{"href":"https:\/\/pecbag.com\/fi\/wp-json\/wp\/v2\/product"}],"about":[{"href":"https:\/\/pecbag.com\/fi\/wp-json\/wp\/v2\/types\/product"}],"wp:featuredmedia":[{"embeddable":true,"href":"https:\/\/pecbag.com\/fi\/wp-json\/wp\/v2\/media\/3461"}],"wp:attachment":[{"href":"https:\/\/pecbag.com\/fi\/wp-json\/wp\/v2\/media?parent=3459"}],"wp:term":[{"taxonomy":"product_brand","embeddable":true,"href":"https:\/\/pecbag.com\/fi\/wp-json\/wp\/v2\/product_brand?post=3459"},{"taxonomy":"product_cat","embeddable":true,"href":"https:\/\/pecbag.com\/fi\/wp-json\/wp\/v2\/product_cat?post=3459"},{"taxonomy":"product_tag","embeddable":true,"href":"https:\/\/pecbag.com\/fi\/wp-json\/wp\/v2\/product_tag?post=3459"}],"curies":[{"name":"wp","href":"https:\/\/api.w.org\/{rel}","templated":true}]}}