{"id":3466,"date":"2025-05-27T02:56:56","date_gmt":"2025-05-27T02:56:56","guid":{"rendered":"https:\/\/pecbag.com\/?post_type=product&#038;p=3466"},"modified":"2025-11-29T01:58:22","modified_gmt":"2025-11-29T01:58:22","slug":"custom-logo-lightweight-camping-bag","status":"publish","type":"product","link":"https:\/\/pecbag.com\/fi\/custom-logo-lightweight-camping-bag\/","title":{"rendered":"Custom Logo Kevyt Camping Bag"},"content":{"rendered":"<h5 title=\"Kokoontaitettava koira laukku hengitt\u00e4v\u00e4 mesh lemmikkiel\u00e4inten olkalaukku pienille lemmikkiel\u00e4inten koirille kissoille\" data-immersive-translate-walked=\"1c928421-2e42-4cd3-8754-5404553c0af5\" data-immersive-translate-paragraph=\"1\" data-spm-anchor-id=\"a2700.details.0.i35.4f6757d4w4zNZA\">Custom Logo kevyt leirint\u00e4alue laukut | Vedenpit\u00e4v\u00e4 laukku tehdas &amp; reppu valmistaja - Bulk retkeilyvarusteet ratkaisut<\/h5>\n<div class=\"flex flex-grow flex-col max-w-full\">\n<div class=\"min-h-[20px] text-message flex w-full flex-col items-end gap-2 whitespace-pre-wrap break-words [.text-message+&amp;]:mt-5 overflow-x-auto\" dir=\"auto\" data-message-author-role=\"assistant\" data-message-id=\"3d7d46f6-7ec2-4222-9257-48fa0bba23c6\" data-suggestions=\"true\">\n<div class=\"flex w-full flex-col gap-1 empty:hidden first:pt-[3px]\">\n<div class=\"markdown prose w-full break-words dark:prose-invert light\">\n<table width=\"288\">\n<tbody>\n<tr>\n<td width=\"137\"><span style=\"color: #333333;\">Tuotteiden nimi<\/span><\/td>\n<td width=\"151\">Vaellus laukku<\/td>\n<\/tr>\n<tr>\n<td><span style=\"color: #333333;\">Tuotenro.<\/span><\/td>\n<td><span style=\"color: #333333;\">PB-2064<\/span><\/td>\n<\/tr>\n<tr>\n<td><span style=\"color: #333333;\">Materiaali<\/span><\/td>\n<td>Ripstop<\/td>\n<\/tr>\n<tr>\n<td><span style=\"color: #333333;\">Koko<\/span><\/td>\n<td>19.3*12.5*8.6 tuumaa<\/td>\n<\/tr>\n<tr>\n<td><span style=\"color: #333333;\">\u00a0Toimitusaika<\/span><\/td>\n<td><span style=\"color: #333333;\">1-5 p\u00e4iv\u00e4\u00e4 pienille m\u00e4\u00e4rille lentoteitse ja 30-35 p\u00e4iv\u00e4\u00e4 suurille m\u00e4\u00e4rille meritse.<\/span><\/td>\n<\/tr>\n<\/tbody>\n<\/table>\n<p>Koska Kiinan johtava vaellus laukku valmistaja ja vedenpit\u00e4v\u00e4 laukku tehdas, me veneet premium mukautetun logo kevyt retkeily laukut maailmanlaajuinen ulkona tuotemerkkej\u00e4. Meid\u00e4n vaelluslaukku yritys toimittaa:<\/p>\n<p>\u2705 <strong>Ultrakevyt 210D nylon<\/strong> (alle 1.1lbs) IPX5 vedenpit\u00e4v\u00e4ll\u00e4 pinnoitteella varustettuna.<br \/>\n\u2705 <strong>Mukautettavat mallit<\/strong>\u00a03D-puhallus\/kirjonta\/sublimaatiotulostus<br \/>\n\u2705 <strong>OEM\/ODM-palvelut<\/strong> osoitteessa <strong>yksityinen etiketti vaellus pussit<\/strong><br \/>\n\u2705 <strong>Irtotavaran vaelluslaukkujen tuotanto<\/strong> 12 p\u00e4iv\u00e4n nopealla toimituksella<\/p>\n<p>Vaelluslaukkujen tukku- ja v\u00e4hitt\u00e4iskauppiaiden luottamus maailmanlaajuisesti. T\u00e4rkeimm\u00e4t ominaisuudet:<br \/>\n- Kompressiohihnat &amp; piilotetut varkaudenestotaskut<br \/>\n- Juomarakko yhteensopiva &amp; hengitt\u00e4v\u00e4 takapaneeli<br \/>\n- Taitettava itses\u00e4ilytyspussiin (8\u2033x5\u2033).<\/p>\n<p><strong>Miksi kumppani meid\u00e4n vaellus laukku tehdas<\/strong>:<br \/>\n\ud83d\udd39 15+ vuotta alkuun vaelluslaukku viej\u00e4t Kiinasta<br \/>\n\ud83d\udd39 Ilmaiset digitaaliset mallinnukset br\u00e4ndisi kanssa<br \/>\n\ud83d\udd39 OEKO-Tex &amp; SGS sertifioidut materiaalit<br \/>\n\ud83d\udd39 30% alennus retkilaukkujen myyjille 2500+ yksik\u00f6ist\u00e4<\/p>\n<p>Pyyd\u00e4 ilmaisia n\u00e4ytteit\u00e4 kevyist\u00e4 retkeilylaukuistamme tai pyyd\u00e4 heti tarjouksia. Vaelluslaukku toimittajat nauttivat:<br \/>\n- Custom MOQ joustavuus<br \/>\n- Er\u00e4kohtaiset laatutodistukset<br \/>\n- Ensisijaiset lento- ja merirahtij\u00e4rjestelyt<\/p>\n<\/div>\n<\/div>\n<\/div>\n<\/div>","protected":false},"excerpt":{"rendered":"<h2 data-immersive-translate-walked=\"344be1c1-5052-41eb-8fcd-0dbe236a0d6b\" data-immersive-translate-paragraph=\"1\">Custom Logo Kevyt Camping Bag<\/h2>\n<ul class=\"list-paddingleft-2\">\n<li>Valmistettu korkealaatuisesta rep\u00e4isykest\u00e4v\u00e4st\u00e4 polyesteri + nylonkankaasta, rep\u00e4isykest\u00e4v\u00e4, naarmuuntumaton, kulutusta kest\u00e4v\u00e4, sadesuojalla, est\u00e4\u00e4 veden imeytymisen pussiin, pit\u00e4\u00e4 asiat kuivina.<\/li>\n<li>Hengitt\u00e4v\u00e4t verkkohihnat, joissa on runsas sienipehmuste, auttavat kevent\u00e4m\u00e4\u00e4n hartioiden rasitusta. Levennetyt ja paksuuntuneet S-tyyppiset olkahihnat ja korkea elastinen hengitt\u00e4v\u00e4 selk\u00e4tuki takaavat parhaan ilmanvaihdon ja helpottavat taakkaa.<\/li>\n<\/ul>","protected":false},"featured_media":3469,"template":"","meta":{"_uag_custom_page_level_css":""},"product_brand":[],"product_cat":[60,45,68],"product_tag":[],"class_list":{"0":"post-3466","1":"product","2":"type-product","3":"status-publish","4":"has-post-thumbnail","6":"product_cat-backpack","7":"product_cat-hiking-bag","8":"product_cat-travel-bag","10":"first","11":"instock","12":"shipping-taxable","13":"product-type-simple"},"uagb_featured_image_src":{"full":["https:\/\/pecbag.com\/wp-content\/uploads\/2025\/05\/Custom-Logo-Lightweight-Camping-Bag-2.jpeg",1448,1448,false],"thumbnail":["https:\/\/pecbag.com\/wp-content\/uploads\/2025\/05\/Custom-Logo-Lightweight-Camping-Bag-2-150x150.jpeg",150,150,true],"medium":["https:\/\/pecbag.com\/wp-content\/uploads\/2025\/05\/Custom-Logo-Lightweight-Camping-Bag-2-300x300.jpeg",300,300,true],"medium_large":["https:\/\/pecbag.com\/wp-content\/uploads\/2025\/05\/Custom-Logo-Lightweight-Camping-Bag-2-768x768.jpeg",768,768,true],"large":["https:\/\/pecbag.com\/wp-content\/uploads\/2025\/05\/Custom-Logo-Lightweight-Camping-Bag-2-1024x1024.jpeg",800,800,true],"1536x1536":["https:\/\/pecbag.com\/wp-content\/uploads\/2025\/05\/Custom-Logo-Lightweight-Camping-Bag-2.jpeg",1448,1448,false],"2048x2048":["https:\/\/pecbag.com\/wp-content\/uploads\/2025\/05\/Custom-Logo-Lightweight-Camping-Bag-2.jpeg",1448,1448,false],"trp-custom-language-flag":["https:\/\/pecbag.com\/wp-content\/uploads\/2025\/05\/Custom-Logo-Lightweight-Camping-Bag-2-12x12.jpeg",12,12,true],"woocommerce_thumbnail":["https:\/\/pecbag.com\/wp-content\/uploads\/2025\/05\/Custom-Logo-Lightweight-Camping-Bag-2-300x300.jpeg",300,300,true],"woocommerce_single":["https:\/\/pecbag.com\/wp-content\/uploads\/2025\/05\/Custom-Logo-Lightweight-Camping-Bag-2-600x600.jpeg",600,600,true],"woocommerce_gallery_thumbnail":["https:\/\/pecbag.com\/wp-content\/uploads\/2025\/05\/Custom-Logo-Lightweight-Camping-Bag-2-100x100.jpeg",100,100,true]},"uagb_author_info":{"display_name":"Lawrence","author_link":"https:\/\/pecbag.com\/fi\/author\/"},"uagb_comment_info":0,"uagb_excerpt":"Custom Logo Lightweight Camping Bag Made with high-quality tear-resistant Polyester+ nylon fabric, tear resistant, anti-scratch, wear resistant, with rain cover, prevents the water from sipping into the bag, keeps things dry. Breathable mesh shoulder straps with plentiful sponge padding help relieve the stress on your shoulders. Widened and thickened S-type shoulder straps and high elastic&hellip;","_links":{"self":[{"href":"https:\/\/pecbag.com\/fi\/wp-json\/wp\/v2\/product\/3466","targetHints":{"allow":["GET"]}}],"collection":[{"href":"https:\/\/pecbag.com\/fi\/wp-json\/wp\/v2\/product"}],"about":[{"href":"https:\/\/pecbag.com\/fi\/wp-json\/wp\/v2\/types\/product"}],"wp:featuredmedia":[{"embeddable":true,"href":"https:\/\/pecbag.com\/fi\/wp-json\/wp\/v2\/media\/3469"}],"wp:attachment":[{"href":"https:\/\/pecbag.com\/fi\/wp-json\/wp\/v2\/media?parent=3466"}],"wp:term":[{"taxonomy":"product_brand","embeddable":true,"href":"https:\/\/pecbag.com\/fi\/wp-json\/wp\/v2\/product_brand?post=3466"},{"taxonomy":"product_cat","embeddable":true,"href":"https:\/\/pecbag.com\/fi\/wp-json\/wp\/v2\/product_cat?post=3466"},{"taxonomy":"product_tag","embeddable":true,"href":"https:\/\/pecbag.com\/fi\/wp-json\/wp\/v2\/product_tag?post=3466"}],"curies":[{"name":"wp","href":"https:\/\/api.w.org\/{rel}","templated":true}]}}