{"id":3479,"date":"2025-05-27T03:14:11","date_gmt":"2025-05-27T03:14:11","guid":{"rendered":"https:\/\/pecbag.com\/?post_type=product&#038;p=3479"},"modified":"2025-11-29T01:57:28","modified_gmt":"2025-11-29T01:57:28","slug":"hot-sale-large-capacity-hiking-backpack","status":"publish","type":"product","link":"https:\/\/pecbag.com\/fi\/hot-sale-large-capacity-hiking-backpack\/","title":{"rendered":"Kuuma myynti suuren kapasiteetin vaellus reppu"},"content":{"rendered":"<h5 title=\"Kokoontaitettava koira laukku hengitt\u00e4v\u00e4 mesh lemmikkiel\u00e4inten olkalaukku pienille lemmikkiel\u00e4inten koirille kissoille\" data-immersive-translate-walked=\"1c928421-2e42-4cd3-8754-5404553c0af5\" data-immersive-translate-paragraph=\"1\" data-spm-anchor-id=\"a2700.details.0.i35.4f6757d4w4zNZA\">Kuuma myynti suuri kapasiteetti vaellus reppuja | Vedenpit\u00e4v\u00e4 laukku tehdas &amp; reppu valmistaja - Bulk Ulkoilmaratkaisut<\/h5>\n<div class=\"flex flex-grow flex-col max-w-full\">\n<div class=\"min-h-[20px] text-message flex w-full flex-col items-end gap-2 whitespace-pre-wrap break-words [.text-message+&amp;]:mt-5 overflow-x-auto\" dir=\"auto\" data-message-author-role=\"assistant\" data-message-id=\"3d7d46f6-7ec2-4222-9257-48fa0bba23c6\" data-suggestions=\"true\">\n<div class=\"flex w-full flex-col gap-1 empty:hidden first:pt-[3px]\">\n<div class=\"markdown prose w-full break-words dark:prose-invert light\">\n<table width=\"288\">\n<tbody>\n<tr>\n<td width=\"137\"><span style=\"color: #333333;\">Tuotteiden nimi<\/span><\/td>\n<td width=\"151\">Vaellus laukku<\/td>\n<\/tr>\n<tr>\n<td><span style=\"color: #333333;\">Tuotenro.<\/span><\/td>\n<td><span style=\"color: #333333;\">PB-2066<\/span><\/td>\n<\/tr>\n<tr>\n<td><span style=\"color: #333333;\">Materiaali<\/span><\/td>\n<td>Polyesteri<\/td>\n<\/tr>\n<tr>\n<td><span style=\"color: #333333;\">Koko<\/span><\/td>\n<td>30*15*54 cm<\/td>\n<\/tr>\n<tr>\n<td><span style=\"color: #333333;\">\u00a0Toimitusaika<\/span><\/td>\n<td><span style=\"color: #333333;\">1-5 p\u00e4iv\u00e4\u00e4 pienille m\u00e4\u00e4rille lentoteitse ja 30-35 p\u00e4iv\u00e4\u00e4 suurille m\u00e4\u00e4rille meritse.<\/span><\/td>\n<\/tr>\n<\/tbody>\n<\/table>\n<p>Koska Kiinan johtava vaellus laukku valmistaja ja vedenpit\u00e4v\u00e4 laukku tehdas, tuotamme palkkio kuuma myynti suuri kapasiteetti vaellus reppuja maailmanlaajuinen ulkona tuotemerkkej\u00e4. Meid\u00e4n vaelluslaukku yritys tarjoaa:<\/p>\n<p>\u2705 <strong>60L-90L laajennettu kapasiteetti<\/strong> MOLLE-hihnalla varustuksen kiinnitt\u00e4mist\u00e4 varten<br \/>\n\u2705 <strong>IPX6 vedenpit\u00e4v\u00e4 rakenne<\/strong> (500D nylon + PU-pinnoite)<br \/>\n\u2705 <strong>OEM\/ODM-palvelut<\/strong> osoitteessa <strong>yksityinen etiketti vaellus pussit<\/strong><br \/>\n\u2705 <strong>Irtotavaran vaelluslaukkujen tuotanto<\/strong> 12 p\u00e4iv\u00e4n nopealla toimituksella<\/p>\n<p>Vaelluslaukkujen tukku- ja v\u00e4hitt\u00e4iskauppiaiden luottamus maailmanlaajuisesti. T\u00e4rkeimm\u00e4t ominaisuudet:<\/p>\n<ul>\n<li>S\u00e4\u00e4dett\u00e4v\u00e4 vartalon pituus ja kuormitusta kantava lantiovy\u00f6<\/li>\n<li>Erillinen makuupussilokero &amp; sadesuoja<\/li>\n<li>3 litran s\u00e4ili\u00f6n kanssa yhteensopiva juomaholkki<\/li>\n<\/ul>\n<p><strong>Miksi valita meid\u00e4n vaellus laukku tehdas<\/strong>:<br \/>\n\ud83d\udd39 15+ vuotta alkuun vaelluslaukku viej\u00e4t Kiinasta<br \/>\n\ud83d\udd39 Ilmainen 3D-suunnittelutuki tuotemerkill\u00e4si<br \/>\n\ud83d\udd39 OEKO-Tex &amp; SGS sertifioidut materiaalit<br \/>\n\ud83d\udd39 25%-alennus retkilaukkujen myyjille yli 2500 yksik\u00f6st\u00e4<\/p>\n<p>Pyyd\u00e4 ilmaisia n\u00e4ytteit\u00e4 suurikapasiteettisista retkeilyreppumme tai pyyd\u00e4 heti tarjouksia. Vaellusreppu toimittajat saavat:<\/p>\n<ul>\n<li>Custom MOQ joustavuus<\/li>\n<li>Er\u00e4kohtaiset laatutodistukset<\/li>\n<li>Ensisijainen toimitusjako<\/li>\n<\/ul>\n<\/div>\n<\/div>\n<\/div>\n<\/div>","protected":false},"excerpt":{"rendered":"<h2 data-immersive-translate-walked=\"344be1c1-5052-41eb-8fcd-0dbe236a0d6b\" data-immersive-translate-paragraph=\"1\">Kuuma myynti suuren kapasiteetin vaellus reppu<\/h2>\n<p>Suuri kapasiteetti ja monilokeroinen: T\u00e4m\u00e4 retkeilyreppu on monilokeroinen, joten se on helppo s\u00e4ilytt\u00e4\u00e4 ja j\u00e4rjest\u00e4\u00e4. Sis\u00e4lt\u00e4\u00e4 yhden vetoketjullisen p\u00e4\u00e4lokeron, yhden vetoketjullisen etutaskun, yhden yl\u00e4taskun, kaksi sivutaskua ja kaksi lantiotaskua. Erityinen pohjatasku tarjoaa p\u00e4\u00e4syn p\u00e4\u00e4lokeroon, p\u00e4\u00e4set helposti k\u00e4siksi tavaroihisi ja s\u00e4ilytt\u00e4\u00e4 suljettuna kenki\u00e4 tai likaisia vaatteita. Helpottaa kaikkia kuljettamaan kaikkia v\u00e4ltt\u00e4m\u00e4tt\u00f6mi\u00e4 tavaroita, kuten avaimia, karttoja, makuupusseja, alppisukkia, pulloja, sateenvarjoa jne.<\/p>","protected":false},"featured_media":3482,"template":"","meta":{"_uag_custom_page_level_css":""},"product_brand":[],"product_cat":[60,45,68],"product_tag":[],"class_list":{"0":"post-3479","1":"product","2":"type-product","3":"status-publish","4":"has-post-thumbnail","6":"product_cat-backpack","7":"product_cat-hiking-bag","8":"product_cat-travel-bag","10":"first","11":"instock","12":"shipping-taxable","13":"product-type-simple"},"uagb_featured_image_src":{"full":["https:\/\/pecbag.com\/wp-content\/uploads\/2025\/05\/Hot-Sale-Large-Capacity-Hiking-Backpack-2.jpeg",720,720,false],"thumbnail":["https:\/\/pecbag.com\/wp-content\/uploads\/2025\/05\/Hot-Sale-Large-Capacity-Hiking-Backpack-2-150x150.jpeg",150,150,true],"medium":["https:\/\/pecbag.com\/wp-content\/uploads\/2025\/05\/Hot-Sale-Large-Capacity-Hiking-Backpack-2-300x300.jpeg",300,300,true],"medium_large":["https:\/\/pecbag.com\/wp-content\/uploads\/2025\/05\/Hot-Sale-Large-Capacity-Hiking-Backpack-2.jpeg",720,720,false],"large":["https:\/\/pecbag.com\/wp-content\/uploads\/2025\/05\/Hot-Sale-Large-Capacity-Hiking-Backpack-2.jpeg",720,720,false],"1536x1536":["https:\/\/pecbag.com\/wp-content\/uploads\/2025\/05\/Hot-Sale-Large-Capacity-Hiking-Backpack-2.jpeg",720,720,false],"2048x2048":["https:\/\/pecbag.com\/wp-content\/uploads\/2025\/05\/Hot-Sale-Large-Capacity-Hiking-Backpack-2.jpeg",720,720,false],"trp-custom-language-flag":["https:\/\/pecbag.com\/wp-content\/uploads\/2025\/05\/Hot-Sale-Large-Capacity-Hiking-Backpack-2-12x12.jpeg",12,12,true],"woocommerce_thumbnail":["https:\/\/pecbag.com\/wp-content\/uploads\/2025\/05\/Hot-Sale-Large-Capacity-Hiking-Backpack-2-300x300.jpeg",300,300,true],"woocommerce_single":["https:\/\/pecbag.com\/wp-content\/uploads\/2025\/05\/Hot-Sale-Large-Capacity-Hiking-Backpack-2-600x600.jpeg",600,600,true],"woocommerce_gallery_thumbnail":["https:\/\/pecbag.com\/wp-content\/uploads\/2025\/05\/Hot-Sale-Large-Capacity-Hiking-Backpack-2-100x100.jpeg",100,100,true]},"uagb_author_info":{"display_name":"Lawrence","author_link":"https:\/\/pecbag.com\/fi\/author\/"},"uagb_comment_info":0,"uagb_excerpt":"Hot Sale Large Capacity Hiking Backpack Large Capacity &amp; Multi-Compartment: This Hiking daypack features a multiple-compartments design for easy storage and organization. Includes one main zipped compartment, one zipped front pocket, one top pocket, two side pockets, and two hip pockets. A special bottom pocket provides access to the main compartment, access your items easily,&hellip;","_links":{"self":[{"href":"https:\/\/pecbag.com\/fi\/wp-json\/wp\/v2\/product\/3479","targetHints":{"allow":["GET"]}}],"collection":[{"href":"https:\/\/pecbag.com\/fi\/wp-json\/wp\/v2\/product"}],"about":[{"href":"https:\/\/pecbag.com\/fi\/wp-json\/wp\/v2\/types\/product"}],"wp:featuredmedia":[{"embeddable":true,"href":"https:\/\/pecbag.com\/fi\/wp-json\/wp\/v2\/media\/3482"}],"wp:attachment":[{"href":"https:\/\/pecbag.com\/fi\/wp-json\/wp\/v2\/media?parent=3479"}],"wp:term":[{"taxonomy":"product_brand","embeddable":true,"href":"https:\/\/pecbag.com\/fi\/wp-json\/wp\/v2\/product_brand?post=3479"},{"taxonomy":"product_cat","embeddable":true,"href":"https:\/\/pecbag.com\/fi\/wp-json\/wp\/v2\/product_cat?post=3479"},{"taxonomy":"product_tag","embeddable":true,"href":"https:\/\/pecbag.com\/fi\/wp-json\/wp\/v2\/product_tag?post=3479"}],"curies":[{"name":"wp","href":"https:\/\/api.w.org\/{rel}","templated":true}]}}