{"id":3485,"date":"2025-05-27T03:22:19","date_gmt":"2025-05-27T03:22:19","guid":{"rendered":"https:\/\/pecbag.com\/?post_type=product&#038;p=3485"},"modified":"2025-11-29T01:57:24","modified_gmt":"2025-11-29T01:57:24","slug":"new-design-tactical-hiking-bag","status":"publish","type":"product","link":"https:\/\/pecbag.com\/fi\/new-design-tactical-hiking-bag\/","title":{"rendered":"Uusi muotoilu taktinen vaellus laukku"},"content":{"rendered":"<h5 title=\"Kokoontaitettava koira laukku hengitt\u00e4v\u00e4 mesh lemmikkiel\u00e4inten olkalaukku pienille lemmikkiel\u00e4inten koirille kissoille\" data-immersive-translate-walked=\"1c928421-2e42-4cd3-8754-5404553c0af5\" data-immersive-translate-paragraph=\"1\" data-spm-anchor-id=\"a2700.details.0.i35.4f6757d4w4zNZA\">Uusi muotoilu taktinen vaellus laukut | Vedenpit\u00e4v\u00e4 laukku tehdas &amp; reppu valmistaja - Bulk Ulkoilmaratkaisut<\/h5>\n<div class=\"flex flex-grow flex-col max-w-full\">\n<div class=\"min-h-[20px] text-message flex w-full flex-col items-end gap-2 whitespace-pre-wrap break-words [.text-message+&amp;]:mt-5 overflow-x-auto\" dir=\"auto\" data-message-author-role=\"assistant\" data-message-id=\"3d7d46f6-7ec2-4222-9257-48fa0bba23c6\" data-suggestions=\"true\">\n<div class=\"flex w-full flex-col gap-1 empty:hidden first:pt-[3px]\">\n<div class=\"markdown prose w-full break-words dark:prose-invert light\">\n<table width=\"288\">\n<tbody>\n<tr>\n<td width=\"137\"><span style=\"color: #333333;\">Tuotteiden nimi<\/span><\/td>\n<td width=\"151\">Vaellus laukku<\/td>\n<\/tr>\n<tr>\n<td><span style=\"color: #333333;\">Tuotenro.<\/span><\/td>\n<td><span style=\"color: #333333;\">PB-2067<\/span><\/td>\n<\/tr>\n<tr>\n<td><span style=\"color: #333333;\">Materiaali<\/span><\/td>\n<td>600D polyesteri<\/td>\n<\/tr>\n<tr>\n<td><span style=\"color: #333333;\">Koko<\/span><\/td>\n<td>15 X 8 X 21 tuumaa<\/td>\n<\/tr>\n<tr>\n<td><span style=\"color: #333333;\">\u00a0Toimitusaika<\/span><\/td>\n<td><span style=\"color: #333333;\">1-5 p\u00e4iv\u00e4\u00e4 pienille m\u00e4\u00e4rille lentoteitse ja 30-35 p\u00e4iv\u00e4\u00e4 suurille m\u00e4\u00e4rille meritse.<\/span><\/td>\n<\/tr>\n<\/tbody>\n<\/table>\n<p>Koska Kiinan johtava vaellus laukku valmistaja ja vedenpit\u00e4v\u00e4 laukku tehdas, innovoimme uuden muotoilun taktinen vaellus laukut maailmanlaajuinen ulkona ammattilaisille. Meid\u00e4n vaelluslaukku yritys toimittaa:<\/p>\n<p>\u2705 <strong>Sotilasluokan 1000D nylon<\/strong> IPX7 vedenpit\u00e4vill\u00e4 vetoketjuilla<br \/>\n\u2705 <strong>MODULAARINEN MOLLE-j\u00e4rjestelm\u00e4<\/strong> (20+ kiinnityspistett\u00e4) varusteiden r\u00e4\u00e4t\u00e4l\u00f6inti\u00e4 varten<br \/>\n\u2705 <strong>OEM\/ODM-palvelut<\/strong> osoitteessa <strong>yksityinen etiketti vaellus pussit<\/strong> (MOQ 50kpl)<br \/>\n\u2705 <strong>Irtotavaran vaelluslaukkujen tuotanto<\/strong> 10 p\u00e4iv\u00e4n nopealla toimitusajalla<\/p>\n<p>Vaelluslaukkujen tukkukauppiaiden ja taktisten varustemerkkien luotettu maailmanlaajuisesti. T\u00e4rkeimm\u00e4t innovaatiot:<br \/>\n- Nopeasti saatavilla oleva aselokero ja juomarakon holkki<br \/>\n- Vahvistettu vetokahva &amp; h\u00e4t\u00e4pillin solki<br \/>\n- Yhteensopiva ballististen levyjen kanssa<\/p>\n<p><strong>Miksi kumppani meid\u00e4n vaellus laukku tehdas<\/strong>:<br \/>\n\ud83d\udd39 18+ vuotta alkuun vaelluslaukku viej\u00e4t Kiinasta<br \/>\n\ud83d\udd39 Ilmainen 3D-tekniikkapaketin suunnittelu br\u00e4ndisi kanssa<br \/>\n\ud83d\udd39 MIL-STD-810G-testattu ja OEKO-Tex-sertifioitu.<br \/>\n\ud83d\udd39 30% alennus vaelluslaukkujen myyjille yli 3000 yksik\u00f6st\u00e4<\/p>\n<p>Pyyd\u00e4 ilmaisia n\u00e4ytteit\u00e4 taktisista vaelluslaukuistamme tai pyyd\u00e4 heti tarjouksia. Vaelluslaukku toimittajat nauttivat:<br \/>\n- Custom MOQ alkaen 30kpl<br \/>\n- RFID\/NFC v\u00e4\u00e4rent\u00e4misen est\u00e4v\u00e4 tekniikka<br \/>\n- Ensisijainen lento- ja merirahdin jakaminen<\/p>\n<\/div>\n<\/div>\n<\/div>\n<\/div>","protected":false},"excerpt":{"rendered":"<h2 data-immersive-translate-walked=\"344be1c1-5052-41eb-8fcd-0dbe236a0d6b\" data-immersive-translate-paragraph=\"1\">Uusi muotoilu taktinen vaellus laukku<\/h2>\n<p>Tarjoamme palkkio laukut t\u00e4yden koon ja v\u00e4rin r\u00e4\u00e4t\u00e4l\u00f6inti, kest\u00e4v\u00e4 kankaat, ja sertifioitu laatu.<\/p>\n<p>Nauti joustavista MOQ-arvoista, nopeasta maailmanlaajuisesta toimituksesta ja private label -ratkaisuista.<\/p>\n<p>Ota yhteytt\u00e4 jo t\u00e4n\u00e4\u00e4n!<\/p>","protected":false},"featured_media":3488,"template":"","meta":{"_uag_custom_page_level_css":""},"product_brand":[],"product_cat":[60,45,68],"product_tag":[],"class_list":{"0":"post-3485","1":"product","2":"type-product","3":"status-publish","4":"has-post-thumbnail","6":"product_cat-backpack","7":"product_cat-hiking-bag","8":"product_cat-travel-bag","10":"first","11":"instock","12":"shipping-taxable","13":"product-type-simple"},"uagb_featured_image_src":{"full":["https:\/\/pecbag.com\/wp-content\/uploads\/2025\/05\/New-Design-Tactical-Hiking-Bag-5.jpeg",960,960,false],"thumbnail":["https:\/\/pecbag.com\/wp-content\/uploads\/2025\/05\/New-Design-Tactical-Hiking-Bag-5-150x150.jpeg",150,150,true],"medium":["https:\/\/pecbag.com\/wp-content\/uploads\/2025\/05\/New-Design-Tactical-Hiking-Bag-5-300x300.jpeg",300,300,true],"medium_large":["https:\/\/pecbag.com\/wp-content\/uploads\/2025\/05\/New-Design-Tactical-Hiking-Bag-5-768x768.jpeg",768,768,true],"large":["https:\/\/pecbag.com\/wp-content\/uploads\/2025\/05\/New-Design-Tactical-Hiking-Bag-5.jpeg",800,800,false],"1536x1536":["https:\/\/pecbag.com\/wp-content\/uploads\/2025\/05\/New-Design-Tactical-Hiking-Bag-5.jpeg",960,960,false],"2048x2048":["https:\/\/pecbag.com\/wp-content\/uploads\/2025\/05\/New-Design-Tactical-Hiking-Bag-5.jpeg",960,960,false],"trp-custom-language-flag":["https:\/\/pecbag.com\/wp-content\/uploads\/2025\/05\/New-Design-Tactical-Hiking-Bag-5-12x12.jpeg",12,12,true],"woocommerce_thumbnail":["https:\/\/pecbag.com\/wp-content\/uploads\/2025\/05\/New-Design-Tactical-Hiking-Bag-5-300x300.jpeg",300,300,true],"woocommerce_single":["https:\/\/pecbag.com\/wp-content\/uploads\/2025\/05\/New-Design-Tactical-Hiking-Bag-5-600x600.jpeg",600,600,true],"woocommerce_gallery_thumbnail":["https:\/\/pecbag.com\/wp-content\/uploads\/2025\/05\/New-Design-Tactical-Hiking-Bag-5-100x100.jpeg",100,100,true]},"uagb_author_info":{"display_name":"Lawrence","author_link":"https:\/\/pecbag.com\/fi\/author\/"},"uagb_comment_info":0,"uagb_excerpt":"New Design Tactical Hiking Bag We provide premium bags with full-size and color customization, durable fabrics, and certified quality. Enjoy flexible MOQs, fast global shipping, and private label solutions. Contact us today!","_links":{"self":[{"href":"https:\/\/pecbag.com\/fi\/wp-json\/wp\/v2\/product\/3485","targetHints":{"allow":["GET"]}}],"collection":[{"href":"https:\/\/pecbag.com\/fi\/wp-json\/wp\/v2\/product"}],"about":[{"href":"https:\/\/pecbag.com\/fi\/wp-json\/wp\/v2\/types\/product"}],"wp:featuredmedia":[{"embeddable":true,"href":"https:\/\/pecbag.com\/fi\/wp-json\/wp\/v2\/media\/3488"}],"wp:attachment":[{"href":"https:\/\/pecbag.com\/fi\/wp-json\/wp\/v2\/media?parent=3485"}],"wp:term":[{"taxonomy":"product_brand","embeddable":true,"href":"https:\/\/pecbag.com\/fi\/wp-json\/wp\/v2\/product_brand?post=3485"},{"taxonomy":"product_cat","embeddable":true,"href":"https:\/\/pecbag.com\/fi\/wp-json\/wp\/v2\/product_cat?post=3485"},{"taxonomy":"product_tag","embeddable":true,"href":"https:\/\/pecbag.com\/fi\/wp-json\/wp\/v2\/product_tag?post=3485"}],"curies":[{"name":"wp","href":"https:\/\/api.w.org\/{rel}","templated":true}]}}