{"id":3519,"date":"2025-05-27T06:13:43","date_gmt":"2025-05-27T06:13:43","guid":{"rendered":"https:\/\/pecbag.com\/?post_type=product&#038;p=3519"},"modified":"2025-11-29T01:56:54","modified_gmt":"2025-11-29T01:56:54","slug":"camo-hiking-camping-daypack","status":"publish","type":"product","link":"https:\/\/pecbag.com\/fi\/camo-hiking-camping-daypack\/","title":{"rendered":"Camo vaellus Camping p\u00e4iv\u00e4reppu"},"content":{"rendered":"<h5 title=\"Kokoontaitettava koira laukku hengitt\u00e4v\u00e4 mesh lemmikkiel\u00e4inten olkalaukku pienille lemmikkiel\u00e4inten koirille kissoille\" data-immersive-translate-walked=\"1c928421-2e42-4cd3-8754-5404553c0af5\" data-immersive-translate-paragraph=\"1\" data-spm-anchor-id=\"a2700.details.0.i35.4f6757d4w4zNZA\">Camo vaellus Camping p\u00e4iv\u00e4reput | Vedenpit\u00e4v\u00e4 laukku tehdas &amp; reppu valmistaja - Bulk Ulkoilmaratkaisut<\/h5>\n<div class=\"flex flex-grow flex-col max-w-full\">\n<div class=\"min-h-[20px] text-message flex w-full flex-col items-end gap-2 whitespace-pre-wrap break-words [.text-message+&amp;]:mt-5 overflow-x-auto\" dir=\"auto\" data-message-author-role=\"assistant\" data-message-id=\"3d7d46f6-7ec2-4222-9257-48fa0bba23c6\" data-suggestions=\"true\">\n<div class=\"flex w-full flex-col gap-1 empty:hidden first:pt-[3px]\">\n<div class=\"markdown prose w-full break-words dark:prose-invert light\">\n<table width=\"288\">\n<tbody>\n<tr>\n<td width=\"137\"><span style=\"color: #333333;\">Tuotteiden nimi<\/span><\/td>\n<td width=\"151\">Mets\u00e4stys laukku<\/td>\n<\/tr>\n<tr>\n<td><span style=\"color: #333333;\">Tuotenro.<\/span><\/td>\n<td><span style=\"color: #333333;\">PB-2072<\/span><\/td>\n<\/tr>\n<tr>\n<td><span style=\"color: #333333;\">Materiaali<\/span><\/td>\n<td>600D naamiointi<\/td>\n<\/tr>\n<tr>\n<td><span style=\"color: #333333;\">Koko<\/span><\/td>\n<td>12.6x9x22tuumaa<\/td>\n<\/tr>\n<tr>\n<td><span style=\"color: #333333;\">\u00a0Toimitusaika<\/span><\/td>\n<td><span style=\"color: #333333;\">1-5 p\u00e4iv\u00e4\u00e4 pienille m\u00e4\u00e4rille lentoteitse ja 30-35 p\u00e4iv\u00e4\u00e4 suurille m\u00e4\u00e4rille meritse.<\/span><\/td>\n<\/tr>\n<\/tbody>\n<\/table>\n<p>Koska Kiinan johtava mets\u00e4stys laukku valmistaja ja vedenpit\u00e4v\u00e4 laukku tehdas, tuotamme taktinen camo vaellus retkeily retkeily p\u00e4iv\u00e4reppuja maailmanlaajuinen ulkona harrastajille. Meid\u00e4n mets\u00e4styslaukku yritys tarjoaa:<\/p>\n<p>\u2705 <strong>Multi-terrain naamiointi<\/strong> (Woodland\/Desert\/Urban), jossa on tuoksunestotekniikka.<br \/>\n\u2705 <strong>IPX6 vedenpit\u00e4v\u00e4 rakenne<\/strong> (600D polyesteri + TPU-saumat)<br \/>\n\u2705 <strong>OEM\/ODM-palvelut<\/strong> osoitteessa <strong>yksityinen etiketti mets\u00e4stys pyydyksi\u00e4<\/strong> (MOQ 50kpl)<br \/>\n\u2705 <strong>Irtotavarana mets\u00e4styspussien tuotanto<\/strong> 10 p\u00e4iv\u00e4n nopealla toimituksella<\/p>\n<p>Mets\u00e4styslaukkujen tukkukauppiaiden ja seikkailumerkkien luotettu maailmanlaajuisesti. Keskeiset ominaisuudet:<br \/>\n- \u00c4\u00e4nett\u00f6m\u00e4t magneettiset sulkimet &amp; juomarakon holkki<br \/>\n- Taitettava itses\u00e4ilytyspussiin (7\u2033x5\u2033).<br \/>\n- MOLLE\/PALS-hihnat taktista laajentamista varten<\/p>\n<p><strong>Miksi kumppani meid\u00e4n mets\u00e4stys laukku tehdas<\/strong>:<br \/>\n\ud83d\udd39 15+ vuotta alkuun mets\u00e4styslaukku viej\u00e4t Kiinasta<br \/>\n\ud83d\udd39 Vapaa 3D-maastokuvion mukauttaminen<br \/>\n\ud83d\udd39 MIL-STD-810G-testattu ja OEKO-Tex-sertifioitu.<br \/>\n\ud83d\udd39 25%-alennus mets\u00e4styslaukkujen myyjille yli 2 000 yksik\u00f6st\u00e4<\/p>\n<p>Pyyd\u00e4 ilmaisia n\u00e4ytteit\u00e4 maastokuvioiduista p\u00e4iv\u00e4repist\u00e4mme tai pyyd\u00e4 v\u00e4litt\u00f6mi\u00e4 tarjouksia. Mets\u00e4stysreppujen toimittajat nauttivat:<br \/>\n- RFID-suljetun lokeron p\u00e4ivitykset<br \/>\n- Er\u00e4kohtaiset laatusertifikaatit<br \/>\n- Ensisijaiset lento- ja merirahtivaihtoehdot<\/p>\n<\/div>\n<\/div>\n<\/div>\n<\/div>","protected":false},"excerpt":{"rendered":"<h2 data-immersive-translate-walked=\"344be1c1-5052-41eb-8fcd-0dbe236a0d6b\" data-immersive-translate-paragraph=\"1\">Camo vaellus Camping p\u00e4iv\u00e4reppu<\/h2>\n<p><strong>1. Suuri p\u00e4\u00e4lokero:<\/strong> Suuri p\u00e4\u00e4s\u00e4ilytyslokero tarjoaa runsaasti s\u00e4ilytystilaa. Verkkosivutaskut sopivat erinomaisesti vesipullon tai ylim\u00e4\u00e4r\u00e4isten varusteiden s\u00e4ilytt\u00e4miseen. Mets\u00e4stysp\u00e4iv\u00e4repun koko: 12,6 in X 9 in X 22 in.<\/p>\n<p><strong>2. Pehmustettu mukavuutta varten:<\/strong>\u00a0Sek\u00e4 olkahihnat ett\u00e4 selk\u00e4paneeli on pehmustettu, joten reppu on mukavampi, kun sit\u00e4 kuormitetaan painolla.Pehmustettu vy\u00f6t\u00e4r\u00f6- ja olkahihnat, joissa on s\u00e4\u00e4dett\u00e4v\u00e4t rintaremmit, takaavat maksimaalisen mukavuuden.<\/p>\n<p><strong>3. Sis\u00e4\u00e4nrakennettu sadesuoja:<\/strong>\u00a0Mukana on sadesuoja, joka pit\u00e4\u00e4 varusteesi kuivina huonojen s\u00e4\u00e4olosuhteiden aikana.<\/p>","protected":false},"featured_media":3520,"template":"","meta":{"_uag_custom_page_level_css":""},"product_brand":[],"product_cat":[54,44,45,66],"product_tag":[],"class_list":{"0":"post-3519","1":"product","2":"type-product","3":"status-publish","4":"has-post-thumbnail","6":"product_cat-hunting-bag","7":"product_cat-camping-bags","8":"product_cat-hiking-bag","9":"product_cat-waterproof-bag","11":"first","12":"instock","13":"shipping-taxable","14":"product-type-simple"},"uagb_featured_image_src":{"full":["https:\/\/pecbag.com\/wp-content\/uploads\/2025\/05\/Camo-Hiking-Camping-Daypack-4.jpeg",800,800,false],"thumbnail":["https:\/\/pecbag.com\/wp-content\/uploads\/2025\/05\/Camo-Hiking-Camping-Daypack-4-150x150.jpeg",150,150,true],"medium":["https:\/\/pecbag.com\/wp-content\/uploads\/2025\/05\/Camo-Hiking-Camping-Daypack-4-300x300.jpeg",300,300,true],"medium_large":["https:\/\/pecbag.com\/wp-content\/uploads\/2025\/05\/Camo-Hiking-Camping-Daypack-4-768x768.jpeg",768,768,true],"large":["https:\/\/pecbag.com\/wp-content\/uploads\/2025\/05\/Camo-Hiking-Camping-Daypack-4.jpeg",800,800,false],"1536x1536":["https:\/\/pecbag.com\/wp-content\/uploads\/2025\/05\/Camo-Hiking-Camping-Daypack-4.jpeg",800,800,false],"2048x2048":["https:\/\/pecbag.com\/wp-content\/uploads\/2025\/05\/Camo-Hiking-Camping-Daypack-4.jpeg",800,800,false],"trp-custom-language-flag":["https:\/\/pecbag.com\/wp-content\/uploads\/2025\/05\/Camo-Hiking-Camping-Daypack-4-12x12.jpeg",12,12,true],"woocommerce_thumbnail":["https:\/\/pecbag.com\/wp-content\/uploads\/2025\/05\/Camo-Hiking-Camping-Daypack-4-300x300.jpeg",300,300,true],"woocommerce_single":["https:\/\/pecbag.com\/wp-content\/uploads\/2025\/05\/Camo-Hiking-Camping-Daypack-4-600x600.jpeg",600,600,true],"woocommerce_gallery_thumbnail":["https:\/\/pecbag.com\/wp-content\/uploads\/2025\/05\/Camo-Hiking-Camping-Daypack-4-100x100.jpeg",100,100,true]},"uagb_author_info":{"display_name":"Lawrence","author_link":"https:\/\/pecbag.com\/fi\/author\/"},"uagb_comment_info":0,"uagb_excerpt":"Camo Hiking Camping Daypack 1. Large Main Compartment: The large main storage compartment offers plenty of storage space. Mesh side pockets are perfect for storing a water bottle or extra gear. Hunting Daypack Size: 12.6 in X 9 in X 22 in. 2. Padded for Comfort:\u00a0Both the shoulder straps and back panel are padded, making&hellip;","_links":{"self":[{"href":"https:\/\/pecbag.com\/fi\/wp-json\/wp\/v2\/product\/3519","targetHints":{"allow":["GET"]}}],"collection":[{"href":"https:\/\/pecbag.com\/fi\/wp-json\/wp\/v2\/product"}],"about":[{"href":"https:\/\/pecbag.com\/fi\/wp-json\/wp\/v2\/types\/product"}],"wp:featuredmedia":[{"embeddable":true,"href":"https:\/\/pecbag.com\/fi\/wp-json\/wp\/v2\/media\/3520"}],"wp:attachment":[{"href":"https:\/\/pecbag.com\/fi\/wp-json\/wp\/v2\/media?parent=3519"}],"wp:term":[{"taxonomy":"product_brand","embeddable":true,"href":"https:\/\/pecbag.com\/fi\/wp-json\/wp\/v2\/product_brand?post=3519"},{"taxonomy":"product_cat","embeddable":true,"href":"https:\/\/pecbag.com\/fi\/wp-json\/wp\/v2\/product_cat?post=3519"},{"taxonomy":"product_tag","embeddable":true,"href":"https:\/\/pecbag.com\/fi\/wp-json\/wp\/v2\/product_tag?post=3519"}],"curies":[{"name":"wp","href":"https:\/\/api.w.org\/{rel}","templated":true}]}}