{"id":3533,"date":"2025-05-27T06:34:38","date_gmt":"2025-05-27T06:34:38","guid":{"rendered":"https:\/\/pecbag.com\/?post_type=product&#038;p=3533"},"modified":"2025-11-29T01:56:38","modified_gmt":"2025-11-29T01:56:38","slug":"customized-insulated-cooler-lunch-bag","status":"publish","type":"product","link":"https:\/\/pecbag.com\/fi\/customized-insulated-cooler-lunch-bag\/","title":{"rendered":"R\u00e4\u00e4t\u00e4l\u00f6ity eristetty j\u00e4\u00e4hdytin lounas laukku"},"content":{"rendered":"<h5 title=\"Kokoontaitettava koira laukku hengitt\u00e4v\u00e4 mesh lemmikkiel\u00e4inten olkalaukku pienille lemmikkiel\u00e4inten koirille kissoille\" data-immersive-translate-walked=\"1c928421-2e42-4cd3-8754-5404553c0af5\" data-immersive-translate-paragraph=\"1\" data-spm-anchor-id=\"a2700.details.0.i35.4f6757d4w4zNZA\">R\u00e4\u00e4t\u00e4l\u00f6idyt eristetty j\u00e4\u00e4hdytin lounas laukut | Vedenpit\u00e4v\u00e4 laukku tehdas &amp; reppu valmistaja - Bulk Food Solutions - Bulk Food Solutions<\/h5>\n<div class=\"flex flex-grow flex-col max-w-full\">\n<div class=\"min-h-[20px] text-message flex w-full flex-col items-end gap-2 whitespace-pre-wrap break-words [.text-message+&amp;]:mt-5 overflow-x-auto\" dir=\"auto\" data-message-author-role=\"assistant\" data-message-id=\"3d7d46f6-7ec2-4222-9257-48fa0bba23c6\" data-suggestions=\"true\">\n<div class=\"flex w-full flex-col gap-1 empty:hidden first:pt-[3px]\">\n<div class=\"markdown prose w-full break-words dark:prose-invert light\">\n<table width=\"288\">\n<tbody>\n<tr>\n<td width=\"137\"><span style=\"color: #333333;\">Tuotteiden nimi<\/span><\/td>\n<td width=\"151\">Lounaslaukku<\/td>\n<\/tr>\n<tr>\n<td><span style=\"color: #333333;\">Tuotenro.<\/span><\/td>\n<td><span style=\"color: #333333;\">PB-2074<\/span><\/td>\n<\/tr>\n<tr>\n<td><span style=\"color: #333333;\">Materiaali<\/span><\/td>\n<td>600D polyesteri<\/td>\n<\/tr>\n<tr>\n<td><span style=\"color: #333333;\">Koko<\/span><\/td>\n<td>21 x 17 x 8 tuumaa<\/td>\n<\/tr>\n<tr>\n<td><span style=\"color: #333333;\">\u00a0Toimitusaika<\/span><\/td>\n<td><span style=\"color: #333333;\">1-5 p\u00e4iv\u00e4\u00e4 pienille m\u00e4\u00e4rille lentoteitse ja 30-35 p\u00e4iv\u00e4\u00e4 suurille m\u00e4\u00e4rille meritse.<\/span><\/td>\n<\/tr>\n<\/tbody>\n<\/table>\n<p>Koska Kiinan johtava lounas laukku valmistaja ja vedenpit\u00e4v\u00e4 laukku tehdas, tuotamme palkkio r\u00e4\u00e4t\u00e4l\u00f6ityj\u00e4 eristetty j\u00e4\u00e4hdytin lounas pussit maailmanlaajuinen ruokapalvelujen tarjoajat. Meid\u00e4n lounas laukku yritys tarjoaa:<\/p>\n<p>\u2705 <strong>8 tunnin kylm\u00e4nkesto<\/strong> FDA:n hyv\u00e4ksym\u00e4ll\u00e4 PEVA-eristeell\u00e4<br \/>\n\u2705 <strong>IPX5 vedenpit\u00e4v\u00e4 rakenne<\/strong> (600D polyesteri + hitsatut saumat)<br \/>\n\u2705 <strong>OEM\/ODM-palvelut<\/strong> osoitteessa <strong>yksityinen etiketti lounas pussit<\/strong><br \/>\n\u2705 <strong>Lounaslaukkujen tuotanto irtotavarana<\/strong> 12 p\u00e4iv\u00e4n nopealla toimituksella<\/p>\n<p>Lounaslaukkujen tukkukauppiaat ja catering-br\u00e4ndit luottavat siihen maailmanlaajuisesti. T\u00e4rkeimm\u00e4t ominaisuudet:<br \/>\n- Vuodonkest\u00e4v\u00e4 vetoketjuton sulkeminen &amp; s\u00e4\u00e4dett\u00e4v\u00e4 olkahihna<br \/>\n- Irrotettava j\u00e4\u00e4pussi &amp; monilokeroinen organisaatio<br \/>\n- Kokoontaitettava muotoilu mahdollistaa tilatehokkaan kuljetuksen\/s\u00e4ilytyksen.<\/p>\n<p><strong>Miksi valita lounas laukku tehdas<\/strong>:<br \/>\n\ud83d\udd39 15+ vuotta huippuluokan lounaslaukun viejin\u00e4 Kiinasta<br \/>\n\ud83d\udd39 Ilmainen 3D-suunnittelu logollasi \/ taideteoksellasi<br \/>\n\ud83d\udd39 SGS \/ REACH-sertifioinnit ja FOB \/ DDP-varustaminen<br \/>\n\ud83d\udd39 30%-alennus lounaslaukkujen myyjille yli 3 000 yksik\u00f6st\u00e4<\/p>\n<p>Pyyd\u00e4 ilmaisia n\u00e4ytteit\u00e4 eristetyist\u00e4 kylm\u00e4laukuistamme tai pyyd\u00e4 v\u00e4litt\u00f6mi\u00e4 tarjouksia. Lounaslaukku toimittajat nauttivat:<br \/>\n- Mukautettu MOQ<br \/>\n- Er\u00e4kohtaiset elintarviketurvallisuussertifikaatit<br \/>\n- Ensisijainen lentorahdin jakaminen<\/p>\n<\/div>\n<\/div>\n<\/div>\n<\/div>","protected":false},"excerpt":{"rendered":"<h2 data-immersive-translate-walked=\"344be1c1-5052-41eb-8fcd-0dbe236a0d6b\" data-immersive-translate-paragraph=\"1\">R\u00e4\u00e4t\u00e4l\u00f6ity eristetty j\u00e4\u00e4hdytin lounas laukku<\/h2>\n<p>1. Pit\u00e4\u00e4 j\u00e4\u00e4n j\u00e4\u00e4tyneen\u00e4 tuntikausia: Paksu l\u00e4mp\u00f6vaahto pit\u00e4\u00e4 juomat j\u00e4\u00e4kylmin\u00e4 rannalla ja pakastetun ruoan j\u00e4\u00e4ss\u00e4, kun ajat kotiin! Kylm\u00e4laukkujen on testattu pit\u00e4v\u00e4n j\u00e4\u00e4t\u00e4 j\u00e4\u00e4tyneen\u00e4 8 tai enemm\u00e4n tuntia, kun se on suljettu vetoketjulla!<\/p>\n<p>2. Kuuma ruoka pysyy kuumana: Tukevat vy\u00f6kahvat mukautuvat niin, ett\u00e4 voit kuljettaa pizzaa, kantamuksia ja kotiruokaa vaakasuorassa roiskeiden v\u00e4ltt\u00e4miseksi, kun taas 3-kerroksinen matkakylm\u00e4laukku pit\u00e4\u00e4 ruoan kuumana, kun ajat kaupungin halki! Sis\u00e4puoli pyyhit\u00e4\u00e4n helposti puhtaaksi<\/p>","protected":false},"featured_media":3534,"template":"","meta":{"_uag_custom_page_level_css":""},"product_brand":[],"product_cat":[52,50],"product_tag":[],"class_list":{"0":"post-3533","1":"product","2":"type-product","3":"status-publish","4":"has-post-thumbnail","6":"product_cat-lunch-bag","7":"product_cat-cooler-bag","9":"first","10":"instock","11":"shipping-taxable","12":"product-type-simple"},"uagb_featured_image_src":{"full":["https:\/\/pecbag.com\/wp-content\/uploads\/2025\/05\/Customized-Insulated-Cooler-Lunch-Bag-6.jpeg",1500,1500,false],"thumbnail":["https:\/\/pecbag.com\/wp-content\/uploads\/2025\/05\/Customized-Insulated-Cooler-Lunch-Bag-6-150x150.jpeg",150,150,true],"medium":["https:\/\/pecbag.com\/wp-content\/uploads\/2025\/05\/Customized-Insulated-Cooler-Lunch-Bag-6-300x300.jpeg",300,300,true],"medium_large":["https:\/\/pecbag.com\/wp-content\/uploads\/2025\/05\/Customized-Insulated-Cooler-Lunch-Bag-6-768x768.jpeg",768,768,true],"large":["https:\/\/pecbag.com\/wp-content\/uploads\/2025\/05\/Customized-Insulated-Cooler-Lunch-Bag-6-1024x1024.jpeg",800,800,true],"1536x1536":["https:\/\/pecbag.com\/wp-content\/uploads\/2025\/05\/Customized-Insulated-Cooler-Lunch-Bag-6.jpeg",1500,1500,false],"2048x2048":["https:\/\/pecbag.com\/wp-content\/uploads\/2025\/05\/Customized-Insulated-Cooler-Lunch-Bag-6.jpeg",1500,1500,false],"trp-custom-language-flag":["https:\/\/pecbag.com\/wp-content\/uploads\/2025\/05\/Customized-Insulated-Cooler-Lunch-Bag-6-12x12.jpeg",12,12,true],"woocommerce_thumbnail":["https:\/\/pecbag.com\/wp-content\/uploads\/2025\/05\/Customized-Insulated-Cooler-Lunch-Bag-6-300x300.jpeg",300,300,true],"woocommerce_single":["https:\/\/pecbag.com\/wp-content\/uploads\/2025\/05\/Customized-Insulated-Cooler-Lunch-Bag-6-600x600.jpeg",600,600,true],"woocommerce_gallery_thumbnail":["https:\/\/pecbag.com\/wp-content\/uploads\/2025\/05\/Customized-Insulated-Cooler-Lunch-Bag-6-100x100.jpeg",100,100,true]},"uagb_author_info":{"display_name":"Lawrence","author_link":"https:\/\/pecbag.com\/fi\/author\/"},"uagb_comment_info":0,"uagb_excerpt":"Customized Insulated Cooler Lunch Bag 1. Keeps Ice Frozen for Hours: Featuring thick thermal foam to keep your drinks ice-cold at the beach and to keep frozen food frozen while you drive home! Coolers are tested to keep ice frozen for 8 or more hours when zipped closed! 2. Hot Food Stays Hot: The sturdy&hellip;","_links":{"self":[{"href":"https:\/\/pecbag.com\/fi\/wp-json\/wp\/v2\/product\/3533","targetHints":{"allow":["GET"]}}],"collection":[{"href":"https:\/\/pecbag.com\/fi\/wp-json\/wp\/v2\/product"}],"about":[{"href":"https:\/\/pecbag.com\/fi\/wp-json\/wp\/v2\/types\/product"}],"wp:featuredmedia":[{"embeddable":true,"href":"https:\/\/pecbag.com\/fi\/wp-json\/wp\/v2\/media\/3534"}],"wp:attachment":[{"href":"https:\/\/pecbag.com\/fi\/wp-json\/wp\/v2\/media?parent=3533"}],"wp:term":[{"taxonomy":"product_brand","embeddable":true,"href":"https:\/\/pecbag.com\/fi\/wp-json\/wp\/v2\/product_brand?post=3533"},{"taxonomy":"product_cat","embeddable":true,"href":"https:\/\/pecbag.com\/fi\/wp-json\/wp\/v2\/product_cat?post=3533"},{"taxonomy":"product_tag","embeddable":true,"href":"https:\/\/pecbag.com\/fi\/wp-json\/wp\/v2\/product_tag?post=3533"}],"curies":[{"name":"wp","href":"https:\/\/api.w.org\/{rel}","templated":true}]}}