{"id":3549,"date":"2025-05-27T06:51:33","date_gmt":"2025-05-27T06:51:33","guid":{"rendered":"https:\/\/pecbag.com\/?post_type=product&#038;p=3549"},"modified":"2025-11-29T01:56:24","modified_gmt":"2025-11-29T01:56:24","slug":"portable-insulated-food-container","status":"publish","type":"product","link":"https:\/\/pecbag.com\/fi\/portable-insulated-food-container\/","title":{"rendered":"Kannettava eristetty ruokas\u00e4ili\u00f6"},"content":{"rendered":"<h5 title=\"Kokoontaitettava koira laukku hengitt\u00e4v\u00e4 mesh lemmikkiel\u00e4inten olkalaukku pienille lemmikkiel\u00e4inten koirille kissoille\" data-immersive-translate-walked=\"1c928421-2e42-4cd3-8754-5404553c0af5\" data-immersive-translate-paragraph=\"1\" data-spm-anchor-id=\"a2700.details.0.i35.4f6757d4w4zNZA\">Kannettavat eristetyt ruoka-astiat | Vedenpit\u00e4v\u00e4 laukku tehdas &amp; reppu valmistaja - Bulk Catering Solutions - Bulk Catering Solutions<\/h5>\n<div class=\"flex flex-grow flex-col max-w-full\">\n<div class=\"min-h-[20px] text-message flex w-full flex-col items-end gap-2 whitespace-pre-wrap break-words [.text-message+&amp;]:mt-5 overflow-x-auto\" dir=\"auto\" data-message-author-role=\"assistant\" data-message-id=\"3d7d46f6-7ec2-4222-9257-48fa0bba23c6\" data-suggestions=\"true\">\n<div class=\"flex w-full flex-col gap-1 empty:hidden first:pt-[3px]\">\n<div class=\"markdown prose w-full break-words dark:prose-invert light\">\n<table width=\"288\">\n<tbody>\n<tr>\n<td width=\"137\"><span style=\"color: #333333;\">Tuotteiden nimi<\/span><\/td>\n<td width=\"151\">Lounaslaukku<\/td>\n<\/tr>\n<tr>\n<td><span style=\"color: #333333;\">Tuotenro.<\/span><\/td>\n<td><span style=\"color: #333333;\">PB-2076<\/span><\/td>\n<\/tr>\n<tr>\n<td><span style=\"color: #333333;\">Materiaali<\/span><\/td>\n<td>Ripstop<\/td>\n<\/tr>\n<tr>\n<td><span style=\"color: #333333;\">\u00a0Koko ja v\u00e4ri<\/span><\/td>\n<td>17 x 9 x 9 tuumaa<\/td>\n<\/tr>\n<tr>\n<td><span style=\"color: #333333;\">\u00a0Toimitusaika<\/span><\/td>\n<td><span style=\"color: #333333;\">1-5 p\u00e4iv\u00e4\u00e4 pienille m\u00e4\u00e4rille lentoteitse ja 30-35 p\u00e4iv\u00e4\u00e4 suurille m\u00e4\u00e4rille meritse.<\/span><\/td>\n<\/tr>\n<\/tbody>\n<\/table>\n<p>Kiinan johtavana lounaslaukkujen valmistajana ja vedenpit\u00e4v\u00e4n\u00e4 laukkutehtaana suunnittelemme korkealaatuisia kannettavia eristettyj\u00e4 ruoka-astioita maailmanlaajuisille catering-yrityksille. Lounaslaukkuyrityksemme tarjoaa:<\/p>\n<p>\u2705 <strong>12 tunnin l\u00e4mp\u00f6s\u00e4ilytys<\/strong> FDA:n hyv\u00e4ksym\u00e4ll\u00e4 PEVA-eristeell\u00e4<br \/>\n\u2705 <strong>IPX6 vedenpit\u00e4v\u00e4 rakenne<\/strong> (600D Oxford kangas + hitsatut saumat)<br \/>\n\u2705 <strong>OEM\/ODM-palvelut<\/strong> osoitteessa <strong>yksityinen etiketti lounas astiat<\/strong><br \/>\n\u2705 <strong>Lounaslaukkujen tuotanto irtotavarana<\/strong> 10 p\u00e4iv\u00e4n nopealla toimituksella<\/p>\n<p>Lounaslaukkujen tukkukauppiaat ja ruokapalvelujen tarjoajat ymp\u00e4ri maailmaa luottavat t\u00e4h\u00e4n tuotteeseen. T\u00e4rkeimm\u00e4t ominaisuudet:<br \/>\n- Vuodonkest\u00e4v\u00e4t silikonitiivisteet &amp; ruostumattomasta ter\u00e4ksest\u00e4 valmistetut saranat<br \/>\n- Pinottava muotoilu, jossa on irrotettavat lokerot<br \/>\n- Taittuu kokoon tilaa s\u00e4\u00e4st\u00e4v\u00e4\u00e4 varastointia\/kuljetusta varten.<\/p>\n<p><strong>Miksi valita lounas laukku tehdas<\/strong>:<br \/>\n\ud83d\udd39 15+ vuotta huippuluokan lounaslaukun viejin\u00e4 Kiinasta<br \/>\n\ud83d\udd39 Ilmainen 3D-suunnittelutuki tuotemerkill\u00e4si<br \/>\n\ud83d\udd39 BPA-vapaat\/SGS\/REACH-sertifioidut materiaalit<br \/>\n\ud83d\udd39 30%-alennus lounaslaukkujen myyjille yli 3 000 yksik\u00f6st\u00e4<\/p>\n<p>Pyyd\u00e4 ilmaisia n\u00e4ytteit\u00e4 eristetyist\u00e4 ruoka-astioistamme tai pyyd\u00e4 heti tarjouksia. Lounaslaukku toimittajat nauttivat:<br \/>\n- OEM\/ODM-palvelut lounass\u00e4ili\u00f6ille, joilla on oma etiketti<br \/>\n- Er\u00e4kohtaiset elintarviketurvallisuussertifikaatit<br \/>\n- Ensisijainen lentorahdin jakaminen<\/p>\n<\/div>\n<\/div>\n<\/div>\n<\/div>","protected":false},"excerpt":{"rendered":"<h2 data-immersive-translate-walked=\"344be1c1-5052-41eb-8fcd-0dbe236a0d6b\" data-immersive-translate-paragraph=\"1\">Kannettava eristetty ruokas\u00e4ili\u00f6<\/h2>\n<p>T\u00e4ss\u00e4 kylm\u00e4laukussa on useita taskuja, ja siihen mahtuu niin monta pulloa, t\u00f6lkki\u00e4 ja korkkia. Useiden taskujen ansiosta voit pit\u00e4\u00e4 kylm\u00e4laukun j\u00e4rjestyksess\u00e4. Suuren kapasiteettinsa ansiosta kylm\u00e4laukku sopii erinomaisesti piknikille, retkeilyyn, p\u00e4iville rannalla ja viikonloppumatkoille.<\/p>","protected":false},"featured_media":3551,"template":"","meta":{"_uag_custom_page_level_css":""},"product_brand":[],"product_cat":[52,50],"product_tag":[],"class_list":{"0":"post-3549","1":"product","2":"type-product","3":"status-publish","4":"has-post-thumbnail","6":"product_cat-lunch-bag","7":"product_cat-cooler-bag","9":"first","10":"instock","11":"shipping-taxable","12":"product-type-simple"},"uagb_featured_image_src":{"full":["https:\/\/pecbag.com\/wp-content\/uploads\/2025\/05\/Portable-Insulated-Food-Container-1.jpeg",1500,1500,false],"thumbnail":["https:\/\/pecbag.com\/wp-content\/uploads\/2025\/05\/Portable-Insulated-Food-Container-1-150x150.jpeg",150,150,true],"medium":["https:\/\/pecbag.com\/wp-content\/uploads\/2025\/05\/Portable-Insulated-Food-Container-1-300x300.jpeg",300,300,true],"medium_large":["https:\/\/pecbag.com\/wp-content\/uploads\/2025\/05\/Portable-Insulated-Food-Container-1-768x768.jpeg",768,768,true],"large":["https:\/\/pecbag.com\/wp-content\/uploads\/2025\/05\/Portable-Insulated-Food-Container-1-1024x1024.jpeg",800,800,true],"1536x1536":["https:\/\/pecbag.com\/wp-content\/uploads\/2025\/05\/Portable-Insulated-Food-Container-1.jpeg",1500,1500,false],"2048x2048":["https:\/\/pecbag.com\/wp-content\/uploads\/2025\/05\/Portable-Insulated-Food-Container-1.jpeg",1500,1500,false],"trp-custom-language-flag":["https:\/\/pecbag.com\/wp-content\/uploads\/2025\/05\/Portable-Insulated-Food-Container-1-12x12.jpeg",12,12,true],"woocommerce_thumbnail":["https:\/\/pecbag.com\/wp-content\/uploads\/2025\/05\/Portable-Insulated-Food-Container-1-300x300.jpeg",300,300,true],"woocommerce_single":["https:\/\/pecbag.com\/wp-content\/uploads\/2025\/05\/Portable-Insulated-Food-Container-1-600x600.jpeg",600,600,true],"woocommerce_gallery_thumbnail":["https:\/\/pecbag.com\/wp-content\/uploads\/2025\/05\/Portable-Insulated-Food-Container-1-100x100.jpeg",100,100,true]},"uagb_author_info":{"display_name":"Lawrence","author_link":"https:\/\/pecbag.com\/fi\/author\/"},"uagb_comment_info":0,"uagb_excerpt":"Portable Insulated Food Container This cooler bag has multiple pockets and it can fit so many bottles, cans, and toppers. The multiple pockets allow you to keep the cooler bag organized. Thanks to its large capacity, the cooler bag is ideal for picnics, camping, days at the beach, and weekend trips.","_links":{"self":[{"href":"https:\/\/pecbag.com\/fi\/wp-json\/wp\/v2\/product\/3549","targetHints":{"allow":["GET"]}}],"collection":[{"href":"https:\/\/pecbag.com\/fi\/wp-json\/wp\/v2\/product"}],"about":[{"href":"https:\/\/pecbag.com\/fi\/wp-json\/wp\/v2\/types\/product"}],"wp:featuredmedia":[{"embeddable":true,"href":"https:\/\/pecbag.com\/fi\/wp-json\/wp\/v2\/media\/3551"}],"wp:attachment":[{"href":"https:\/\/pecbag.com\/fi\/wp-json\/wp\/v2\/media?parent=3549"}],"wp:term":[{"taxonomy":"product_brand","embeddable":true,"href":"https:\/\/pecbag.com\/fi\/wp-json\/wp\/v2\/product_brand?post=3549"},{"taxonomy":"product_cat","embeddable":true,"href":"https:\/\/pecbag.com\/fi\/wp-json\/wp\/v2\/product_cat?post=3549"},{"taxonomy":"product_tag","embeddable":true,"href":"https:\/\/pecbag.com\/fi\/wp-json\/wp\/v2\/product_tag?post=3549"}],"curies":[{"name":"wp","href":"https:\/\/api.w.org\/{rel}","templated":true}]}}