{"id":3556,"date":"2025-05-27T07:02:50","date_gmt":"2025-05-27T07:02:50","guid":{"rendered":"https:\/\/pecbag.com\/?post_type=product&#038;p=3556"},"modified":"2025-11-29T01:55:25","modified_gmt":"2025-11-29T01:55:25","slug":"wine-cooler-picnic-backpack","status":"publish","type":"product","link":"https:\/\/pecbag.com\/fi\/wine-cooler-picnic-backpack\/","title":{"rendered":"Viini Cooler Picnic reppu"},"content":{"rendered":"<h5 title=\"Kokoontaitettava koira laukku hengitt\u00e4v\u00e4 mesh lemmikkiel\u00e4inten olkalaukku pienille lemmikkiel\u00e4inten koirille kissoille\" data-immersive-translate-walked=\"1c928421-2e42-4cd3-8754-5404553c0af5\" data-immersive-translate-paragraph=\"1\" data-spm-anchor-id=\"a2700.details.0.i35.4f6757d4w4zNZA\">Viini j\u00e4\u00e4hdytin piknik reppuja | Vedenpit\u00e4v\u00e4 laukku tehdas &amp; reppu valmistaja - Bulk Outdoor Solutions - Bulk Outdoor Solutions<\/h5>\n<div class=\"flex flex-grow flex-col max-w-full\">\n<div class=\"min-h-[20px] text-message flex w-full flex-col items-end gap-2 whitespace-pre-wrap break-words [.text-message+&amp;]:mt-5 overflow-x-auto\" dir=\"auto\" data-message-author-role=\"assistant\" data-message-id=\"3d7d46f6-7ec2-4222-9257-48fa0bba23c6\" data-suggestions=\"true\">\n<div class=\"flex w-full flex-col gap-1 empty:hidden first:pt-[3px]\">\n<div class=\"markdown prose w-full break-words dark:prose-invert light\">\n<table style=\"height: 233px;\" width=\"288\">\n<tbody>\n<tr>\n<td width=\"137\"><span style=\"color: #333333;\">Tuotteiden nimi<\/span><\/td>\n<td width=\"151\">Lounaslaukku<\/td>\n<\/tr>\n<tr>\n<td><span style=\"color: #333333;\">Tuotenro.<\/span><\/td>\n<td><span style=\"color: #333333;\">PB-2077<\/span><\/td>\n<\/tr>\n<tr>\n<td><span style=\"color: #333333;\">Materiaali<\/span><\/td>\n<td>Lumihiutale<\/td>\n<\/tr>\n<tr>\n<td><span style=\"color: #333333;\">Mitat<\/span><\/td>\n<td>17,32 x 14,13 x 7,48 tuumaa.<\/td>\n<\/tr>\n<tr>\n<td><span style=\"color: #333333;\">\u00a0Toimitusaika<\/span><\/td>\n<td><span style=\"color: #333333;\">1-5 p\u00e4iv\u00e4\u00e4 pienille m\u00e4\u00e4rille lentoteitse ja 30-35 p\u00e4iv\u00e4\u00e4 suurille m\u00e4\u00e4rille meritse.<\/span><\/td>\n<\/tr>\n<\/tbody>\n<\/table>\n<p>Koska Kiinan johtava lounas laukku valmistaja ja vedenpit\u00e4v\u00e4 laukku tehdas, me k\u00e4sity\u00f6 palkkio viini j\u00e4\u00e4hdytin piknik reppuja maailmanlaajuinen vieraanvaraisuus tuotemerkkej\u00e4. Lounaslaukkuyrityksemme tarjoaa:<\/p>\n<p>\u2705 <strong>6 pullon kapasiteetti<\/strong> 24 tunnin eristys (FDA:n hyv\u00e4ksym\u00e4 PEVA-vuori).<br \/>\n\u2705 <strong>IPX4 vedenpit\u00e4v\u00e4 rakenne<\/strong> (600D polyesteri + hitsatut saumat)<br \/>\n\u2705 <strong>OEM\/ODM-palvelut<\/strong> osoitteessa <strong>yksityinen etiketti lounas pussit<\/strong><br \/>\n\u2705 <strong>Lounaslaukkujen tuotanto irtotavarana<\/strong> 12 p\u00e4iv\u00e4n nopealla toimituksella<\/p>\n<p>Lounaslaukkujen tukkukauppiaat ja viininjakelijat luottavat siihen maailmanlaajuisesti. T\u00e4rkeimm\u00e4t ominaisuudet:<br \/>\n- Sis\u00e4\u00e4nrakennettu viininavaaja ja kanttapitimet<br \/>\n- S\u00e4\u00e4dett\u00e4v\u00e4t olkahihnat ja liukastumista est\u00e4v\u00e4 pohja<br \/>\n- Kokoontaitettava jakoj\u00e4rjestelm\u00e4 usean pullon suojaamiseen<\/p>\n<p><strong>Miksi tehd\u00e4 yhteisty\u00f6t\u00e4 lounaslaukkutehtaamme kanssa<\/strong>:<br \/>\n\ud83d\udd39 15+ vuotta huippuluokan lounaslaukun viejin\u00e4 Kiinasta<br \/>\n\ud83d\udd39 Ilmainen 3D-suunnittelu tuotemerkill\u00e4si<br \/>\n\ud83d\udd39 BPA-vapaat\/SGS\/REACH-sertifioidut materiaalit<br \/>\n\ud83d\udd39 25%-alennus lounaslaukkujen myyjille yli 2500 kappaleesta<\/p>\n<p>Pyyd\u00e4 ilmaisia n\u00e4ytteit\u00e4 viinij\u00e4\u00e4hdytinreppujemme pakkauksista tai pyyd\u00e4 heti tarjouksia. Lounaslaukku toimittajat nauttivat:<br \/>\n- Mukautettu MOQ<br \/>\n- Er\u00e4kohtaiset elintarviketurvallisuusselvitykset<br \/>\n- Ensisijainen lento- ja merirahdin jakaminen<\/p>\n<\/div>\n<\/div>\n<\/div>\n<\/div>","protected":false},"excerpt":{"rendered":"<h2 data-immersive-translate-walked=\"344be1c1-5052-41eb-8fcd-0dbe236a0d6b\" data-immersive-translate-paragraph=\"1\">Viini Cooler Picnic reppu<\/h2>\n<p>Eristetty p\u00e4\u00e4lokero - Eristetty vuori tarkoittaa, ett\u00e4 kuumat ruoat pysyv\u00e4t kuumina ja kylm\u00e4t ruoat viilein\u00e4.<\/p>\n<p>Tuoreet hedelm\u00e4t, herkulliset ruoat, maukkaat j\u00e4lkiruoat ja juomat pysyv\u00e4t oikeassa l\u00e4mp\u00f6tilassa, kunnes saavut m\u00e4\u00e4r\u00e4np\u00e4\u00e4h\u00e4si.<\/p>\n<p>Miss\u00e4\u00e4n muussa piknik-korissa ei ole yht\u00e4 suurta t\u00e4ysin eristetty\u00e4 p\u00e4\u00e4lokeroa kuin meid\u00e4n korissamme!<\/p>","protected":false},"featured_media":3558,"template":"","meta":{"_uag_custom_page_level_css":""},"product_brand":[],"product_cat":[52,50],"product_tag":[],"class_list":{"0":"post-3556","1":"product","2":"type-product","3":"status-publish","4":"has-post-thumbnail","6":"product_cat-lunch-bag","7":"product_cat-cooler-bag","9":"first","10":"instock","11":"shipping-taxable","12":"product-type-simple"},"uagb_featured_image_src":{"full":["https:\/\/pecbag.com\/wp-content\/uploads\/2025\/05\/Wine-Cooler-Picnic-Backpack-5.jpeg",800,800,false],"thumbnail":["https:\/\/pecbag.com\/wp-content\/uploads\/2025\/05\/Wine-Cooler-Picnic-Backpack-5-150x150.jpeg",150,150,true],"medium":["https:\/\/pecbag.com\/wp-content\/uploads\/2025\/05\/Wine-Cooler-Picnic-Backpack-5-300x300.jpeg",300,300,true],"medium_large":["https:\/\/pecbag.com\/wp-content\/uploads\/2025\/05\/Wine-Cooler-Picnic-Backpack-5-768x768.jpeg",768,768,true],"large":["https:\/\/pecbag.com\/wp-content\/uploads\/2025\/05\/Wine-Cooler-Picnic-Backpack-5.jpeg",800,800,false],"1536x1536":["https:\/\/pecbag.com\/wp-content\/uploads\/2025\/05\/Wine-Cooler-Picnic-Backpack-5.jpeg",800,800,false],"2048x2048":["https:\/\/pecbag.com\/wp-content\/uploads\/2025\/05\/Wine-Cooler-Picnic-Backpack-5.jpeg",800,800,false],"trp-custom-language-flag":["https:\/\/pecbag.com\/wp-content\/uploads\/2025\/05\/Wine-Cooler-Picnic-Backpack-5-12x12.jpeg",12,12,true],"woocommerce_thumbnail":["https:\/\/pecbag.com\/wp-content\/uploads\/2025\/05\/Wine-Cooler-Picnic-Backpack-5-300x300.jpeg",300,300,true],"woocommerce_single":["https:\/\/pecbag.com\/wp-content\/uploads\/2025\/05\/Wine-Cooler-Picnic-Backpack-5-600x600.jpeg",600,600,true],"woocommerce_gallery_thumbnail":["https:\/\/pecbag.com\/wp-content\/uploads\/2025\/05\/Wine-Cooler-Picnic-Backpack-5-100x100.jpeg",100,100,true]},"uagb_author_info":{"display_name":"Lawrence","author_link":"https:\/\/pecbag.com\/fi\/author\/"},"uagb_comment_info":0,"uagb_excerpt":"Wine Cooler Picnic Backpack Insulated Main Compartment - Insulated lining means your hot foods stay hot, and your cold foods stay cool. Your fresh fruits, delicious foods, tasty desserts, and beverages will stay at the correct temperature until you arrive at your destination. No other picnic basket features a fully insulated main compartment as large&hellip;","_links":{"self":[{"href":"https:\/\/pecbag.com\/fi\/wp-json\/wp\/v2\/product\/3556","targetHints":{"allow":["GET"]}}],"collection":[{"href":"https:\/\/pecbag.com\/fi\/wp-json\/wp\/v2\/product"}],"about":[{"href":"https:\/\/pecbag.com\/fi\/wp-json\/wp\/v2\/types\/product"}],"wp:featuredmedia":[{"embeddable":true,"href":"https:\/\/pecbag.com\/fi\/wp-json\/wp\/v2\/media\/3558"}],"wp:attachment":[{"href":"https:\/\/pecbag.com\/fi\/wp-json\/wp\/v2\/media?parent=3556"}],"wp:term":[{"taxonomy":"product_brand","embeddable":true,"href":"https:\/\/pecbag.com\/fi\/wp-json\/wp\/v2\/product_brand?post=3556"},{"taxonomy":"product_cat","embeddable":true,"href":"https:\/\/pecbag.com\/fi\/wp-json\/wp\/v2\/product_cat?post=3556"},{"taxonomy":"product_tag","embeddable":true,"href":"https:\/\/pecbag.com\/fi\/wp-json\/wp\/v2\/product_tag?post=3556"}],"curies":[{"name":"wp","href":"https:\/\/api.w.org\/{rel}","templated":true}]}}