{"id":3587,"date":"2025-05-27T08:53:00","date_gmt":"2025-05-27T08:53:00","guid":{"rendered":"https:\/\/pecbag.com\/?post_type=product&#038;p=3587"},"modified":"2025-11-29T01:55:21","modified_gmt":"2025-11-29T01:55:21","slug":"durable-water-resistant-shoulder-bag","status":"publish","type":"product","link":"https:\/\/pecbag.com\/fi\/durable-water-resistant-shoulder-bag\/","title":{"rendered":"Kest\u00e4v\u00e4 vedenkest\u00e4v\u00e4 olkalaukku"},"content":{"rendered":"<h5 title=\"Kokoontaitettava koira laukku hengitt\u00e4v\u00e4 mesh lemmikkiel\u00e4inten olkalaukku pienille lemmikkiel\u00e4inten koirille kissoille\" data-immersive-translate-walked=\"1c928421-2e42-4cd3-8754-5404553c0af5\" data-immersive-translate-paragraph=\"1\" data-spm-anchor-id=\"a2700.details.0.i35.4f6757d4w4zNZA\">Kest\u00e4v\u00e4 vedenkest\u00e4v\u00e4 olkalaukut | Vedenpit\u00e4v\u00e4 laukku tehdas &amp; reppu valmistaja - Bulk Messenger Solutions<\/h5>\n<div class=\"flex flex-grow flex-col max-w-full\">\n<div class=\"min-h-[20px] text-message flex w-full flex-col items-end gap-2 whitespace-pre-wrap break-words [.text-message+&amp;]:mt-5 overflow-x-auto\" dir=\"auto\" data-message-author-role=\"assistant\" data-message-id=\"3d7d46f6-7ec2-4222-9257-48fa0bba23c6\" data-suggestions=\"true\">\n<div class=\"flex w-full flex-col gap-1 empty:hidden first:pt-[3px]\">\n<div class=\"markdown prose w-full break-words dark:prose-invert light\">\n<table width=\"288\">\n<tbody>\n<tr>\n<td width=\"137\"><span style=\"color: #333333;\">Tuotteiden nimi<\/span><\/td>\n<td width=\"151\">Messenger laukku<\/td>\n<\/tr>\n<tr>\n<td><span style=\"color: #333333;\">Tuotenro.<\/span><\/td>\n<td><span style=\"color: #333333;\">PB-2078<\/span><\/td>\n<\/tr>\n<tr>\n<td><span style=\"color: #333333;\">Materiaali<\/span><\/td>\n<td>600D lumihiutale polyesteri<\/td>\n<\/tr>\n<tr>\n<td><span style=\"color: #333333;\">Koko<\/span><\/td>\n<td>38 x 14 x 18 cm<\/td>\n<\/tr>\n<tr>\n<td><span style=\"color: #333333;\">\u00a0Toimitusaika<\/span><\/td>\n<td><span style=\"color: #333333;\">1-5 p\u00e4iv\u00e4\u00e4 pienille m\u00e4\u00e4rille lentoteitse ja 30-35 p\u00e4iv\u00e4\u00e4 suurille m\u00e4\u00e4rille meritse.<\/span><\/td>\n<\/tr>\n<\/tbody>\n<\/table>\n<p>Koska Kiinan johtava messenger laukku valmistaja ja vedenpit\u00e4v\u00e4 laukku tehdas, me insin\u00f6\u00f6ri raskaiden kest\u00e4vien kest\u00e4v\u00e4 vedenkest\u00e4v\u00e4 olkalaukkujen globaalin logistiikan tuotemerkkej\u00e4. Meid\u00e4n messenger laukku yritys tarjoaa:<\/p>\n<p>\u2705 <strong>IPX4 vedenkest\u00e4vyys<\/strong> (600D polyesteri + TPU-pinnoite)<br \/>\n\u2705 <strong>25L laajennettava kapasiteetti<\/strong> MOLLE-hihnalla (MOQ 50kpl)<br \/>\n\u2705 <strong>OEM\/ODM-palvelut<\/strong> osoitteessa <strong>yksityinen merkint\u00e4 messenger laukut<\/strong><br \/>\n\u2705 <strong>Bulk messenger laukku tuotanto<\/strong> 10 p\u00e4iv\u00e4n toimitusaika<\/p>\n<p>Messenger-laukkujen tukkukauppiaiden ja yritysten toimittajien luottamus kaikkialla maailmassa. T\u00e4rkeimm\u00e4t ominaisuudet:<br \/>\n- Pehmustettu kannettavan tietokoneen holkki (enint\u00e4\u00e4n 17\u2033) &amp; RFID-suljettu tasku<br \/>\n- Pikavapautettavat soljet ja ergonominen olkahihna<br \/>\n- Irrotettava ristivartalohihna mahdollistaa monenlaiset kantovaihtoehdot.<\/p>\n<p><strong>Miksi valita meid\u00e4n messenger laukku tehdas<\/strong>:<br \/>\n\ud83d\udd39 12+ vuotta alkuun messenger laukku viej\u00e4t Kiinasta<br \/>\n\ud83d\udd39 Ilmainen 3D-tekniikkapaketin suunnittelu br\u00e4ndisi kanssa<br \/>\n\ud83d\udd39 OEKO-Tex\/SGS-sertifioidut materiaalit<br \/>\n\ud83d\udd39 30%-alennus messenger-laukkujen myyjille yli 3000 yksik\u00f6st\u00e4<\/p>\n<p>Pyyd\u00e4 ilmaisia n\u00e4ytteit\u00e4 vedenkest\u00e4vist\u00e4 olkalaukuistamme tai pyyd\u00e4 heti tarjouksia. Messenger laukku toimittajat nauttivat:<br \/>\n- Custom MOQ alkaen 30kpl<br \/>\n- Er\u00e4kohtaiset kulumistestausraportit<br \/>\n- Ensisijainen lentorahdin jakaminen<\/p>\n<\/div>\n<\/div>\n<\/div>\n<\/div>","protected":false},"excerpt":{"rendered":"<h2 data-immersive-translate-walked=\"344be1c1-5052-41eb-8fcd-0dbe236a0d6b\" data-immersive-translate-paragraph=\"1\">Kest\u00e4v\u00e4 vedenkest\u00e4v\u00e4 olkalaukku<\/h2>\n<p><strong>1. Monik\u00e4ytt\u00f6inen py\u00f6r\u00e4n ohjaustangon laukku\u00a0<\/strong>- Monik\u00e4ytt\u00f6ist\u00e4 ohjaustankolaukkua, jossa on s\u00e4\u00e4dett\u00e4v\u00e4 hihna, voidaan k\u00e4ytt\u00e4\u00e4 my\u00f6s py\u00f6r\u00e4n yl\u00e4putkilaukkuna, olkalaukkuna, vy\u00f6t\u00e4r\u00f6laukkuna ja l\u00e4hettilaukkuna. Ripusta se ohjaustankoon kuten kuudes kuva osoittaa, kiitos.<\/p>\n<p><strong>2. 600D polyesteri ja vedenkest\u00e4v\u00e4t materiaalit<\/strong>\u00a0- Valmistettu aidosta 600D-polyesterist\u00e4 ja sis\u00e4isest\u00e4 PU-vedenkest\u00e4v\u00e4st\u00e4 kerroksesta, joten t\u00e4m\u00e4 raskaan sarjan pakkaus on naarmuuntumaton, hankauksenkest\u00e4v\u00e4, v\u00e4rinpit\u00e4v\u00e4, ruosteen kest\u00e4v\u00e4 ja se on vahvistettu kaikissa rasituskohdissa.<\/p>\n<p><strong>3. Laukku MOLLE-j\u00e4rjestelm\u00e4ll\u00e4<\/strong>\u00a0- T\u00e4ss\u00e4 laajennettavassa pussissa on MOLLE-kiinnikkeet sel\u00e4ss\u00e4, ja voit kiinnitt\u00e4\u00e4 sen Duty Utility Belt -vy\u00f6lle, Admin Bag -laukulle, repuille, PALS-liiville tai mille tahansa MOLLE-yhteensopivalle pyydykselle.<\/p>","protected":false},"featured_media":3592,"template":"","meta":{"_uag_custom_page_level_css":""},"product_brand":[],"product_cat":[65,48,64],"product_tag":[],"class_list":{"0":"post-3587","1":"product","2":"type-product","3":"status-publish","4":"has-post-thumbnail","6":"product_cat-messenger-bag","7":"product_cat-bike-bag","8":"product_cat-shoulder-bag","10":"first","11":"instock","12":"shipping-taxable","13":"product-type-simple"},"uagb_featured_image_src":{"full":["https:\/\/pecbag.com\/wp-content\/uploads\/2025\/05\/Durable-Water-Resistant-Shoulder-Bag-2.jpeg",1600,1600,false],"thumbnail":["https:\/\/pecbag.com\/wp-content\/uploads\/2025\/05\/Durable-Water-Resistant-Shoulder-Bag-2-150x150.jpeg",150,150,true],"medium":["https:\/\/pecbag.com\/wp-content\/uploads\/2025\/05\/Durable-Water-Resistant-Shoulder-Bag-2-300x300.jpeg",300,300,true],"medium_large":["https:\/\/pecbag.com\/wp-content\/uploads\/2025\/05\/Durable-Water-Resistant-Shoulder-Bag-2-768x768.jpeg",768,768,true],"large":["https:\/\/pecbag.com\/wp-content\/uploads\/2025\/05\/Durable-Water-Resistant-Shoulder-Bag-2-1024x1024.jpeg",800,800,true],"1536x1536":["https:\/\/pecbag.com\/wp-content\/uploads\/2025\/05\/Durable-Water-Resistant-Shoulder-Bag-2-1536x1536.jpeg",1536,1536,true],"2048x2048":["https:\/\/pecbag.com\/wp-content\/uploads\/2025\/05\/Durable-Water-Resistant-Shoulder-Bag-2.jpeg",1600,1600,false],"trp-custom-language-flag":["https:\/\/pecbag.com\/wp-content\/uploads\/2025\/05\/Durable-Water-Resistant-Shoulder-Bag-2-12x12.jpeg",12,12,true],"woocommerce_thumbnail":["https:\/\/pecbag.com\/wp-content\/uploads\/2025\/05\/Durable-Water-Resistant-Shoulder-Bag-2-300x300.jpeg",300,300,true],"woocommerce_single":["https:\/\/pecbag.com\/wp-content\/uploads\/2025\/05\/Durable-Water-Resistant-Shoulder-Bag-2-600x600.jpeg",600,600,true],"woocommerce_gallery_thumbnail":["https:\/\/pecbag.com\/wp-content\/uploads\/2025\/05\/Durable-Water-Resistant-Shoulder-Bag-2-100x100.jpeg",100,100,true]},"uagb_author_info":{"display_name":"Lawrence","author_link":"https:\/\/pecbag.com\/fi\/author\/"},"uagb_comment_info":0,"uagb_excerpt":"Durable Water Resistant Shoulder Bag 1. Multi-purpose Bike Handlebar Bag\u00a0- Multi-purpose handlebar bag with adjustable strap can also be used as bike top tube bag, shoulder bag, waist bag and messenger bag. Hang it on handlebar as sixth image shows please. 2. 600D Polyester and Water Resistant Materials\u00a0- Made of real 600D Polyester and inner&hellip;","_links":{"self":[{"href":"https:\/\/pecbag.com\/fi\/wp-json\/wp\/v2\/product\/3587","targetHints":{"allow":["GET"]}}],"collection":[{"href":"https:\/\/pecbag.com\/fi\/wp-json\/wp\/v2\/product"}],"about":[{"href":"https:\/\/pecbag.com\/fi\/wp-json\/wp\/v2\/types\/product"}],"wp:featuredmedia":[{"embeddable":true,"href":"https:\/\/pecbag.com\/fi\/wp-json\/wp\/v2\/media\/3592"}],"wp:attachment":[{"href":"https:\/\/pecbag.com\/fi\/wp-json\/wp\/v2\/media?parent=3587"}],"wp:term":[{"taxonomy":"product_brand","embeddable":true,"href":"https:\/\/pecbag.com\/fi\/wp-json\/wp\/v2\/product_brand?post=3587"},{"taxonomy":"product_cat","embeddable":true,"href":"https:\/\/pecbag.com\/fi\/wp-json\/wp\/v2\/product_cat?post=3587"},{"taxonomy":"product_tag","embeddable":true,"href":"https:\/\/pecbag.com\/fi\/wp-json\/wp\/v2\/product_tag?post=3587"}],"curies":[{"name":"wp","href":"https:\/\/api.w.org\/{rel}","templated":true}]}}