{"id":3594,"date":"2025-05-27T08:57:44","date_gmt":"2025-05-27T08:57:44","guid":{"rendered":"https:\/\/pecbag.com\/?post_type=product&#038;p=3594"},"modified":"2025-11-29T01:55:15","modified_gmt":"2025-11-29T01:55:15","slug":"new-design-multi-functional-messenger-bag","status":"publish","type":"product","link":"https:\/\/pecbag.com\/fi\/new-design-multi-functional-messenger-bag\/","title":{"rendered":"Uusi muotoilu monik\u00e4ytt\u00f6inen Messenger laukku"},"content":{"rendered":"<h5 title=\"Kokoontaitettava koira laukku hengitt\u00e4v\u00e4 mesh lemmikkiel\u00e4inten olkalaukku pienille lemmikkiel\u00e4inten koirille kissoille\" data-immersive-translate-walked=\"1c928421-2e42-4cd3-8754-5404553c0af5\" data-immersive-translate-paragraph=\"1\" data-spm-anchor-id=\"a2700.details.0.i35.4f6757d4w4zNZA\">Uusi muotoilu monitoiminen Messenger laukut | Vedenpit\u00e4v\u00e4 laukku tehdas &amp; reppu valmistaja - Bulk Corporate Solutions - Bulk Corporate Solutions<\/h5>\n<div class=\"flex flex-grow flex-col max-w-full\">\n<div class=\"min-h-[20px] text-message flex w-full flex-col items-end gap-2 whitespace-pre-wrap break-words [.text-message+&amp;]:mt-5 overflow-x-auto\" dir=\"auto\" data-message-author-role=\"assistant\" data-message-id=\"3d7d46f6-7ec2-4222-9257-48fa0bba23c6\" data-suggestions=\"true\">\n<div class=\"flex w-full flex-col gap-1 empty:hidden first:pt-[3px]\">\n<div class=\"markdown prose w-full break-words dark:prose-invert light\">\n<table width=\"288\">\n<tbody>\n<tr>\n<td width=\"137\"><span style=\"color: #333333;\">Tuotteiden nimi<\/span><\/td>\n<td width=\"151\">Messenger laukku<\/td>\n<\/tr>\n<tr>\n<td><span style=\"color: #333333;\">Tuotenro.<\/span><\/td>\n<td><span style=\"color: #333333;\">PB-2079<\/span><\/td>\n<\/tr>\n<tr>\n<td><span style=\"color: #333333;\">Materiaali<\/span><\/td>\n<td>Peitto<\/td>\n<\/tr>\n<tr>\n<td><span style=\"color: #333333;\">Koko<\/span><\/td>\n<td>13 x 7 x 25 cm<\/td>\n<\/tr>\n<tr>\n<td><span style=\"color: #333333;\">\u00a0Toimitusaika<\/span><\/td>\n<td><span style=\"color: #333333;\">1-5 p\u00e4iv\u00e4\u00e4 pienille m\u00e4\u00e4rille lentoteitse ja 30-35 p\u00e4iv\u00e4\u00e4 suurille m\u00e4\u00e4rille meritse.<\/span><\/td>\n<\/tr>\n<\/tbody>\n<\/table>\n<p>Koska Kiinan johtava messenger laukku valmistaja ja vedenpit\u00e4v\u00e4 laukku tehdas, innovoimme uuden muotoilun monik\u00e4ytt\u00f6inen messenger laukut globaalin liiketoiminnan ammattilaisille. Meid\u00e4n messenger laukku yritys tarjoaa:<\/p>\n<p>\u2705 <strong>IPX5 vedenpit\u00e4v\u00e4 rakenne<\/strong> (600D kierr\u00e4tetty polyesteri + hitsatut saumat)<br \/>\n\u2705 <strong>Muunneltavat mallit<\/strong> (reppu\/olkap\u00e4\u00e4\/messenger-tilat)<br \/>\n\u2705 <strong>OEM\/ODM-palvelut<\/strong> osoitteessa <strong>yksityinen merkint\u00e4 messenger laukut<\/strong><br \/>\n\u2705 <strong>Bulk messenger laukku tuotanto<\/strong> 10 p\u00e4iv\u00e4n toimituksella<\/p>\n<p>L\u00e4hettilaukkujen tukkukauppiaat ja Fortune 500 -yritykset luottavat siihen. T\u00e4rkeimm\u00e4t ominaisuudet:<br \/>\n- RFID-lokerot ja piilotetut varkaudenestotaskut<br \/>\n- Irrotettava tekninen j\u00e4rjest\u00e4j\u00e4, jossa on USB-latausportti<br \/>\n- Ergonominen ilmavirtaus selk\u00e4paneeli &amp; matkatavarahihna<\/p>\n<p><strong>Miksi valita meid\u00e4n messenger laukku tehdas<\/strong>:<br \/>\n\ud83d\udd39 15+ vuotta alkuun messenger laukku viej\u00e4t Kiinasta<br \/>\n\ud83d\udd39 Ilmainen 3D-suunnittelu logosi \/ v\u00e4rimaailmasi kanssa<br \/>\n\ud83d\udd39 OEKO-Tex\/SGS-sertifioidut kest\u00e4v\u00e4t materiaalit<br \/>\n\ud83d\udd39 25%-alennus messenger-laukkujen myyjille yli 2500 yksik\u00f6st\u00e4<\/p>\n<p>Pyyd\u00e4 ilmaisia n\u00e4ytteit\u00e4 monik\u00e4ytt\u00f6isist\u00e4 messenger-laukuistamme tai pyyd\u00e4 v\u00e4litt\u00f6mi\u00e4 tarjouksia. Messenger laukku toimittajat saavat:<br \/>\n- Mukautettu MOQ<br \/>\n- Er\u00e4kohtaiset kulumistestausraportit<br \/>\n- Ensisijainen lento- ja merirahdin jakaminen<\/p>\n<\/div>\n<\/div>\n<\/div>\n<\/div>","protected":false},"excerpt":{"rendered":"<h2 data-immersive-translate-walked=\"344be1c1-5052-41eb-8fcd-0dbe236a0d6b\" data-immersive-translate-paragraph=\"1\">Uusi muotoilu monik\u00e4ytt\u00f6inen Messenger laukku<\/h2>\n<div class=\"sliderTable mt10 mb10 sliderTable-index0\">\n<div class=\"inner\">\n<p><strong>1. Suuri s\u00e4ilytystila:\u00a0<\/strong>P\u00e4\u00e4taskussa on sis\u00e4\u00e4nrakennettu vetoketjullinen lokero, jossa on k\u00e4tev\u00e4 s\u00e4ilytt\u00e4\u00e4 tavaroita. Ja vetoketjullinen etutasku on k\u00e4tev\u00e4mpi saada tavaroita, mik\u00e4 vastaa p\u00e4ivitt\u00e4isi\u00e4 matkustustarpeita.<\/p>\n<p><strong>2. Vedenpit\u00e4v\u00e4:<\/strong>\u00a0Vedenkest\u00e4v\u00e4 kangas, laminoitu vedenpit\u00e4v\u00e4 vetoketju, voi tehokkaasti est\u00e4\u00e4 sateen roiskeet. Erinomaiset materiaalit voivat tarjota turvallisen ymp\u00e4rist\u00f6n esineillesi sadep\u00e4ivin\u00e4.<\/p>\n<p><strong>3. Helppo kohtauksen vaihtaminen:<\/strong> Voidaan k\u00e4ytt\u00e4\u00e4 etulaukkuna ja ristikk\u00e4iskehyksen\u00e4 kolmio laukkuna. Mukana toimitetaan irrotettavat olkahihnat, jotka voidaan vaihtaa messenger-laukuksi, rintalaukuksi, k\u00e4silaukuksi ja vy\u00f6t\u00e4r\u00f6laukuksi milloin ja miss\u00e4 tahansa.<\/p>\n<\/div>\n<\/div>","protected":false},"featured_media":3595,"template":"","meta":{"_uag_custom_page_level_css":""},"product_brand":[],"product_cat":[65,48,62],"product_tag":[],"class_list":{"0":"post-3594","1":"product","2":"type-product","3":"status-publish","4":"has-post-thumbnail","6":"product_cat-messenger-bag","7":"product_cat-bike-bag","8":"product_cat-crossbody-bags","10":"first","11":"instock","12":"shipping-taxable","13":"product-type-simple"},"uagb_featured_image_src":{"full":["https:\/\/pecbag.com\/wp-content\/uploads\/2025\/05\/New-Design-Multi-functional-Messenger-Bag-3.jpeg",1000,1000,false],"thumbnail":["https:\/\/pecbag.com\/wp-content\/uploads\/2025\/05\/New-Design-Multi-functional-Messenger-Bag-3-150x150.jpeg",150,150,true],"medium":["https:\/\/pecbag.com\/wp-content\/uploads\/2025\/05\/New-Design-Multi-functional-Messenger-Bag-3-300x300.jpeg",300,300,true],"medium_large":["https:\/\/pecbag.com\/wp-content\/uploads\/2025\/05\/New-Design-Multi-functional-Messenger-Bag-3-768x768.jpeg",768,768,true],"large":["https:\/\/pecbag.com\/wp-content\/uploads\/2025\/05\/New-Design-Multi-functional-Messenger-Bag-3.jpeg",800,800,false],"1536x1536":["https:\/\/pecbag.com\/wp-content\/uploads\/2025\/05\/New-Design-Multi-functional-Messenger-Bag-3.jpeg",1000,1000,false],"2048x2048":["https:\/\/pecbag.com\/wp-content\/uploads\/2025\/05\/New-Design-Multi-functional-Messenger-Bag-3.jpeg",1000,1000,false],"trp-custom-language-flag":["https:\/\/pecbag.com\/wp-content\/uploads\/2025\/05\/New-Design-Multi-functional-Messenger-Bag-3-12x12.jpeg",12,12,true],"woocommerce_thumbnail":["https:\/\/pecbag.com\/wp-content\/uploads\/2025\/05\/New-Design-Multi-functional-Messenger-Bag-3-300x300.jpeg",300,300,true],"woocommerce_single":["https:\/\/pecbag.com\/wp-content\/uploads\/2025\/05\/New-Design-Multi-functional-Messenger-Bag-3-600x600.jpeg",600,600,true],"woocommerce_gallery_thumbnail":["https:\/\/pecbag.com\/wp-content\/uploads\/2025\/05\/New-Design-Multi-functional-Messenger-Bag-3-100x100.jpeg",100,100,true]},"uagb_author_info":{"display_name":"Lawrence","author_link":"https:\/\/pecbag.com\/fi\/author\/"},"uagb_comment_info":0,"uagb_excerpt":"New Design Multi-functional Messenger Bag 1. Large Storage Space:\u00a0The main pocket has a built-in zipper compartment for convenient storage of items. And the front zipper pocket is more convenient to get things, meeting daily travel needs. 2. Waterproof:\u00a0Water-resistant fabric, with laminated waterproof zipper, can effectively block rain splashes. Excellent materials can provide a safe environment&hellip;","_links":{"self":[{"href":"https:\/\/pecbag.com\/fi\/wp-json\/wp\/v2\/product\/3594","targetHints":{"allow":["GET"]}}],"collection":[{"href":"https:\/\/pecbag.com\/fi\/wp-json\/wp\/v2\/product"}],"about":[{"href":"https:\/\/pecbag.com\/fi\/wp-json\/wp\/v2\/types\/product"}],"wp:featuredmedia":[{"embeddable":true,"href":"https:\/\/pecbag.com\/fi\/wp-json\/wp\/v2\/media\/3595"}],"wp:attachment":[{"href":"https:\/\/pecbag.com\/fi\/wp-json\/wp\/v2\/media?parent=3594"}],"wp:term":[{"taxonomy":"product_brand","embeddable":true,"href":"https:\/\/pecbag.com\/fi\/wp-json\/wp\/v2\/product_brand?post=3594"},{"taxonomy":"product_cat","embeddable":true,"href":"https:\/\/pecbag.com\/fi\/wp-json\/wp\/v2\/product_cat?post=3594"},{"taxonomy":"product_tag","embeddable":true,"href":"https:\/\/pecbag.com\/fi\/wp-json\/wp\/v2\/product_tag?post=3594"}],"curies":[{"name":"wp","href":"https:\/\/api.w.org\/{rel}","templated":true}]}}