{"id":3603,"date":"2025-05-27T09:08:08","date_gmt":"2025-05-27T09:08:08","guid":{"rendered":"https:\/\/pecbag.com\/?post_type=product&#038;p=3603"},"modified":"2025-11-29T01:55:10","modified_gmt":"2025-11-29T01:55:10","slug":"outdoor-bike-waist-messenger-bag","status":"publish","type":"product","link":"https:\/\/pecbag.com\/fi\/outdoor-bike-waist-messenger-bag\/","title":{"rendered":"Ulkona py\u00f6r\u00e4 vy\u00f6t\u00e4r\u00f6 Messenger laukku"},"content":{"rendered":"<h5 title=\"Kokoontaitettava koira laukku hengitt\u00e4v\u00e4 mesh lemmikkiel\u00e4inten olkalaukku pienille lemmikkiel\u00e4inten koirille kissoille\" data-immersive-translate-walked=\"1c928421-2e42-4cd3-8754-5404553c0af5\" data-immersive-translate-paragraph=\"1\" data-spm-anchor-id=\"a2700.details.0.i35.4f6757d4w4zNZA\">Outdoor Bike Vy\u00f6t\u00e4r\u00f6 Messenger Laukut | Vedenpit\u00e4v\u00e4 laukku tehdas &amp; reppu valmistaja - Bulk Py\u00f6r\u00e4ily Ratkaisut<\/h5>\n<div class=\"flex flex-grow flex-col max-w-full\">\n<div class=\"min-h-[20px] text-message flex w-full flex-col items-end gap-2 whitespace-pre-wrap break-words [.text-message+&amp;]:mt-5 overflow-x-auto\" dir=\"auto\" data-message-author-role=\"assistant\" data-message-id=\"3d7d46f6-7ec2-4222-9257-48fa0bba23c6\" data-suggestions=\"true\">\n<div class=\"flex w-full flex-col gap-1 empty:hidden first:pt-[3px]\">\n<div class=\"markdown prose w-full break-words dark:prose-invert light\">\n<table width=\"288\">\n<tbody>\n<tr>\n<td width=\"137\"><span style=\"color: #333333;\">Tuotteiden nimi<\/span><\/td>\n<td width=\"151\">Messenger laukku<\/td>\n<\/tr>\n<tr>\n<td><span style=\"color: #333333;\">Tuotenro.<\/span><\/td>\n<td><span style=\"color: #333333;\">PB-2080<\/span><\/td>\n<\/tr>\n<tr>\n<td><span style=\"color: #333333;\">Materiaali<\/span><\/td>\n<td>600D lumihiutale polyesteri<\/td>\n<\/tr>\n<tr>\n<td><span style=\"color: #333333;\">Koko<\/span><\/td>\n<td>35 x 10 x 16 cm<\/td>\n<\/tr>\n<tr>\n<td><span style=\"color: #333333;\">\u00a0Toimitusaika<\/span><\/td>\n<td><span style=\"color: #333333;\">1-5 p\u00e4iv\u00e4\u00e4 pienille m\u00e4\u00e4rille lentoteitse ja 30-35 p\u00e4iv\u00e4\u00e4 suurille m\u00e4\u00e4rille meritse.<\/span><\/td>\n<\/tr>\n<\/tbody>\n<\/table>\n<p>Koska Kiinan johtava messenger laukku valmistaja ja vedenpit\u00e4v\u00e4 laukku tehdas, me insin\u00f6\u00f6ri karu ulkona py\u00f6r\u00e4ily vy\u00f6t\u00e4r\u00f6 messenger laukut maailmanlaajuinen py\u00f6r\u00e4ily tuotemerkkej\u00e4. Meid\u00e4n messenger laukku yritys toimittaa:<\/p>\n<p>\u2705 <strong>IPX6 vedenpit\u00e4v\u00e4 rakenne<\/strong> (500D nylon + saumaton hitsaus)<br \/>\n\u2705 <strong>360\u00b0 heijastavat nauhat<\/strong> &amp; heilumisen est\u00e4v\u00e4 vy\u00f6t\u00e4r\u00f6vy\u00f6<br \/>\n\u2705 <strong>OEM\/ODM-palvelut<\/strong> osoitteessa <strong>yksityinen merkint\u00e4 messenger laukut<\/strong><br \/>\n\u2705 <strong>Bulk messenger laukku tuotanto<\/strong> 12 p\u00e4iv\u00e4n nopealla toimituksella<\/p>\n<p>L\u00e4hettilaukkujen tukkukauppiaat ja kaupunkipy\u00f6r\u00e4ilij\u00e4t luottavat siihen maailmanlaajuisesti. T\u00e4rkeimm\u00e4t ominaisuudet:<br \/>\n- Ty\u00f6kaluton pikakiinnitysj\u00e4rjestelm\u00e4 py\u00f6r\u00e4n runkoihin<br \/>\n- Juomarakko yhteensopiva + puhelimen kosketusikkuna<br \/>\n- Laajennettava kapasiteetti 5 litrasta 15 litraan<\/p>\n<p><strong>Miksi kumppani meid\u00e4n messenger laukku tehdas<\/strong>:<br \/>\n\ud83d\udd39 10+ vuotta alkuun messenger laukku viej\u00e4t Kiinasta<br \/>\n\ud83d\udd39 Ilmaiset tekniset 3D-piirustukset br\u00e4ndisi kanssa<br \/>\n\ud83d\udd39 OEKO-Tex-sertifioidut ja kulutusta kest\u00e4v\u00e4t materiaalit<br \/>\n\ud83d\udd39 30%-alennus messenger-laukkujen myyjille yli 3000 yksik\u00f6st\u00e4<\/p>\n<p>Pyyd\u00e4 ilmaisia n\u00e4ytteit\u00e4 polkupy\u00f6r\u00e4n vy\u00f6t\u00e4r\u00f6laukuistamme tai pyyd\u00e4 v\u00e4litt\u00f6mi\u00e4 tarjouksia. Messenger laukku toimittajat nauttivat:<br \/>\n- Mukautettu MOQ<br \/>\n- Er\u00e4kohtaiset vedenpit\u00e4v\u00e4t testausselosteet<br \/>\n- Ensisijainen lento- ja merirahdin jakaminen<\/p>\n<\/div>\n<\/div>\n<\/div>\n<\/div>","protected":false},"excerpt":{"rendered":"<h2 data-immersive-translate-walked=\"344be1c1-5052-41eb-8fcd-0dbe236a0d6b\" data-immersive-translate-paragraph=\"1\">Ulkona py\u00f6r\u00e4 vy\u00f6t\u00e4r\u00f6 Messenger laukku<\/h2>\n<div class=\"sliderTable mt10 mb10 sliderTable-index0\">\n<div class=\"inner\">\n<p><strong>1. Monik\u00e4ytt\u00f6inen py\u00f6r\u00e4n ohjaustankolaukku.<\/strong>\u00a0T\u00e4t\u00e4 s\u00e4\u00e4dett\u00e4v\u00e4ll\u00e4 hihnalla varustettua laukkua voidaan k\u00e4ytt\u00e4\u00e4 my\u00f6s py\u00f6r\u00e4n yl\u00e4putkilaukkuna, olkalaukkuna, vy\u00f6t\u00e4r\u00f6laukkuna ja l\u00e4hettilaukkuna. Ripusta se ohjaustankoon. Sopiva koko sopii useimmille ihmisille.<\/p>\n<p><strong>2. K\u00e4tev\u00e4 rakennussuunnittelu.\u00a0<\/strong>T\u00e4ss\u00e4 laukussa on yksi vetoketjullinen p\u00e4\u00e4tasku, jossa on sis\u00e4puolella verkkotasku, johon mahtuu olutpullo tai iPad mini; Yksi vetoketjullinen etutasku ja kaksi vetoketjullista sivutaskua pienten esineiden tai vempaimien, pienen GPS-laitteen, l\u00e4\u00e4kinn\u00e4llisten tarvikkeiden, pienten ty\u00f6kalujen jne. kuljettamiseen.<\/p>\n<\/div>\n<\/div>","protected":false},"featured_media":3609,"template":"","meta":{"_uag_custom_page_level_css":""},"product_brand":[],"product_cat":[65,48,64],"product_tag":[],"class_list":{"0":"post-3603","1":"product","2":"type-product","3":"status-publish","4":"has-post-thumbnail","6":"product_cat-messenger-bag","7":"product_cat-bike-bag","8":"product_cat-shoulder-bag","10":"first","11":"instock","12":"shipping-taxable","13":"product-type-simple"},"uagb_featured_image_src":{"full":["https:\/\/pecbag.com\/wp-content\/uploads\/2025\/05\/Outdoor-Bike-Waist-Messenger-Bag-3.jpeg",933,1063,false],"thumbnail":["https:\/\/pecbag.com\/wp-content\/uploads\/2025\/05\/Outdoor-Bike-Waist-Messenger-Bag-3-150x150.jpeg",150,150,true],"medium":["https:\/\/pecbag.com\/wp-content\/uploads\/2025\/05\/Outdoor-Bike-Waist-Messenger-Bag-3-263x300.jpeg",263,300,true],"medium_large":["https:\/\/pecbag.com\/wp-content\/uploads\/2025\/05\/Outdoor-Bike-Waist-Messenger-Bag-3-768x875.jpeg",768,875,true],"large":["https:\/\/pecbag.com\/wp-content\/uploads\/2025\/05\/Outdoor-Bike-Waist-Messenger-Bag-3-899x1024.jpeg",800,911,true],"1536x1536":["https:\/\/pecbag.com\/wp-content\/uploads\/2025\/05\/Outdoor-Bike-Waist-Messenger-Bag-3.jpeg",933,1063,false],"2048x2048":["https:\/\/pecbag.com\/wp-content\/uploads\/2025\/05\/Outdoor-Bike-Waist-Messenger-Bag-3.jpeg",933,1063,false],"trp-custom-language-flag":["https:\/\/pecbag.com\/wp-content\/uploads\/2025\/05\/Outdoor-Bike-Waist-Messenger-Bag-3-11x12.jpeg",11,12,true],"woocommerce_thumbnail":["https:\/\/pecbag.com\/wp-content\/uploads\/2025\/05\/Outdoor-Bike-Waist-Messenger-Bag-3-300x300.jpeg",300,300,true],"woocommerce_single":["https:\/\/pecbag.com\/wp-content\/uploads\/2025\/05\/Outdoor-Bike-Waist-Messenger-Bag-3-600x684.jpeg",600,684,true],"woocommerce_gallery_thumbnail":["https:\/\/pecbag.com\/wp-content\/uploads\/2025\/05\/Outdoor-Bike-Waist-Messenger-Bag-3-100x100.jpeg",100,100,true]},"uagb_author_info":{"display_name":"Lawrence","author_link":"https:\/\/pecbag.com\/fi\/author\/"},"uagb_comment_info":0,"uagb_excerpt":"Outdoor Bike Waist Messenger Bag 1. Multi-purpose Bike Handlebar Bag.\u00a0This bag with adjustable strap can also be used as bike top tube bag, shoulder bag, waist bag and messenger bag. Hang it on handlebar. Appropriate size fits for most people. 2. Handy Construction Design.\u00a0This bag has one main zipper pocket with inside mesh pocket which&hellip;","_links":{"self":[{"href":"https:\/\/pecbag.com\/fi\/wp-json\/wp\/v2\/product\/3603","targetHints":{"allow":["GET"]}}],"collection":[{"href":"https:\/\/pecbag.com\/fi\/wp-json\/wp\/v2\/product"}],"about":[{"href":"https:\/\/pecbag.com\/fi\/wp-json\/wp\/v2\/types\/product"}],"wp:featuredmedia":[{"embeddable":true,"href":"https:\/\/pecbag.com\/fi\/wp-json\/wp\/v2\/media\/3609"}],"wp:attachment":[{"href":"https:\/\/pecbag.com\/fi\/wp-json\/wp\/v2\/media?parent=3603"}],"wp:term":[{"taxonomy":"product_brand","embeddable":true,"href":"https:\/\/pecbag.com\/fi\/wp-json\/wp\/v2\/product_brand?post=3603"},{"taxonomy":"product_cat","embeddable":true,"href":"https:\/\/pecbag.com\/fi\/wp-json\/wp\/v2\/product_cat?post=3603"},{"taxonomy":"product_tag","embeddable":true,"href":"https:\/\/pecbag.com\/fi\/wp-json\/wp\/v2\/product_tag?post=3603"}],"curies":[{"name":"wp","href":"https:\/\/api.w.org\/{rel}","templated":true}]}}