{"id":3618,"date":"2025-05-27T09:15:00","date_gmt":"2025-05-27T09:15:00","guid":{"rendered":"https:\/\/pecbag.com\/?post_type=product&#038;p=3618"},"modified":"2025-11-29T01:54:58","modified_gmt":"2025-11-29T01:54:58","slug":"laptop-business-messenger-bag","status":"publish","type":"product","link":"https:\/\/pecbag.com\/fi\/laptop-business-messenger-bag\/","title":{"rendered":"Laptop Business Messenger laukku"},"content":{"rendered":"<h5 title=\"Kokoontaitettava koira laukku hengitt\u00e4v\u00e4 mesh lemmikkiel\u00e4inten olkalaukku pienille lemmikkiel\u00e4inten koirille kissoille\" data-immersive-translate-walked=\"1c928421-2e42-4cd3-8754-5404553c0af5\" data-immersive-translate-paragraph=\"1\" data-spm-anchor-id=\"a2700.details.0.i35.4f6757d4w4zNZA\">Laptop Business Messenger Laukut | Vedenpit\u00e4v\u00e4 laukku tehdas &amp; reppu valmistaja - Bulk Corporate Solutions - Bulk Corporate Solutions<\/h5>\n<div class=\"flex flex-grow flex-col max-w-full\">\n<div class=\"min-h-[20px] text-message flex w-full flex-col items-end gap-2 whitespace-pre-wrap break-words [.text-message+&amp;]:mt-5 overflow-x-auto\" dir=\"auto\" data-message-author-role=\"assistant\" data-message-id=\"3d7d46f6-7ec2-4222-9257-48fa0bba23c6\" data-suggestions=\"true\">\n<div class=\"flex w-full flex-col gap-1 empty:hidden first:pt-[3px]\">\n<div class=\"markdown prose w-full break-words dark:prose-invert light\">\n<table width=\"288\">\n<tbody>\n<tr>\n<td width=\"137\"><span style=\"color: #333333;\">Tuotteiden nimi<\/span><\/td>\n<td width=\"151\">Messenger laukku<\/td>\n<\/tr>\n<tr>\n<td><span style=\"color: #333333;\">Tuotenro.<\/span><\/td>\n<td><span style=\"color: #333333;\">PB-2081<\/span><\/td>\n<\/tr>\n<tr>\n<td><span style=\"color: #333333;\">Materiaali<\/span><\/td>\n<td>600D polyesteri<\/td>\n<\/tr>\n<tr>\n<td><span style=\"color: #333333;\">Koko<\/span><\/td>\n<td>17 x 6,3 x 13,4 tuumaa<\/td>\n<\/tr>\n<tr>\n<td><span style=\"color: #333333;\">\u00a0Toimitusaika<\/span><\/td>\n<td><span style=\"color: #333333;\">1-5 p\u00e4iv\u00e4\u00e4 pienille m\u00e4\u00e4rille lentoteitse ja 30-35 p\u00e4iv\u00e4\u00e4 suurille m\u00e4\u00e4rille meritse.<\/span><\/td>\n<\/tr>\n<\/tbody>\n<\/table>\n<p>Koska Kiinan johtava messenger laukku valmistaja ja vedenpit\u00e4v\u00e4 laukku tehdas, me veneet ammatillinen kannettavan tietokoneen liiketoiminnan messenger laukut globaalien yritysten. Meid\u00e4n messenger laukku yritys tarjoaa:<\/p>\n<p>\u2705 <strong>IPX5 vedenpit\u00e4v\u00e4 suojaus<\/strong> (600D polyesteri + hitsatut saumat)<br \/>\n\u2705 <strong>Jopa 17\u2033 kannettavan tietokoneen lokero<\/strong> iskunvaimennuspehmusteella<br \/>\n\u2705 <strong>OEM\/ODM-palvelut<\/strong> osoitteessa <strong>yksityinen merkint\u00e4 messenger laukut<\/strong><br \/>\n\u2705 <strong>Bulk messenger laukku tuotanto<\/strong> 10 p\u00e4iv\u00e4n toimituksella<\/p>\n<p>L\u00e4hettilaukkujen tukkukauppiaat ja Fortune 500 -yritykset luottavat siihen. T\u00e4rkeimm\u00e4t ominaisuudet:<br \/>\n- RFID-sulkevat taskut &amp; piilotetut varkaudenestovetoketjut<br \/>\n- Irrotettava olkahihna &amp; matkatavaravaunun holkki<br \/>\n- Nopeasti saatavilla oleva tekninen j\u00e4rjest\u00e4j\u00e4, jossa on USB-portti<\/p>\n<p><strong>Miksi valita meid\u00e4n messenger laukku tehdas<\/strong>:<br \/>\n\ud83d\udd39 15+ vuotta alkuun messenger laukku viej\u00e4t Kiinasta<br \/>\n\ud83d\udd39 Ilmainen 3D-suunnittelu yrityksenne br\u00e4ndin kanssa<br \/>\n\ud83d\udd39 OEKO-Tex-sertifioidut ja kulutusta kest\u00e4v\u00e4t materiaalit<br \/>\n\ud83d\udd39 25%-alennus messenger-laukkujen myyjille yli 2500 yksik\u00f6st\u00e4<\/p>\n<p>Pyyd\u00e4 ilmaisia n\u00e4ytteit\u00e4 yrityksemme messenger laukut tai saada instant tarjouksia. Messenger laukku toimittajat nauttivat:<br \/>\n- Mukautettu MOQ<br \/>\n- Er\u00e4kohtaiset laatusertifikaatit<br \/>\n- Ensisijaiset lento- ja merirahtivaihtoehdot<\/p>\n<\/div>\n<\/div>\n<\/div>\n<\/div>","protected":false},"excerpt":{"rendered":"<h2 data-immersive-translate-walked=\"344be1c1-5052-41eb-8fcd-0dbe236a0d6b\" data-immersive-translate-paragraph=\"1\">Laptop Business Messenger laukku<\/h2>\n<div class=\"sliderTable mt10 mb10 sliderTable-index0\">\n<div class=\"inner\">\n<p>Monitaskuinen muotoilu j\u00e4rjest\u00e4\u00e4 kaiken, mit\u00e4 tarvitset ty\u00f6h\u00f6n tai kouluun.<\/p>\n<p>Edess\u00e4 vetoketjullinen lokero, jossa on 3 avointa taskua Ipadin, lompakon, kannettavan jne. pit\u00e4miseen. Kun taas 3 ulkotaskuun mahtuu matkapuhelimia, latureita, virtapankkeja, kuulokkeita ja hiirt\u00e4 tai muita pieni\u00e4 esineit\u00e4.<\/p>\n<\/div>\n<\/div>","protected":false},"featured_media":3623,"template":"","meta":{"_uag_custom_page_level_css":""},"product_brand":[],"product_cat":[65,64],"product_tag":[],"class_list":{"0":"post-3618","1":"product","2":"type-product","3":"status-publish","4":"has-post-thumbnail","6":"product_cat-messenger-bag","7":"product_cat-shoulder-bag","9":"first","10":"instock","11":"shipping-taxable","12":"product-type-simple"},"uagb_featured_image_src":{"full":["https:\/\/pecbag.com\/wp-content\/uploads\/2025\/05\/Laptop-Business-Messenger-Bag-2.jpeg",800,800,false],"thumbnail":["https:\/\/pecbag.com\/wp-content\/uploads\/2025\/05\/Laptop-Business-Messenger-Bag-2-150x150.jpeg",150,150,true],"medium":["https:\/\/pecbag.com\/wp-content\/uploads\/2025\/05\/Laptop-Business-Messenger-Bag-2-300x300.jpeg",300,300,true],"medium_large":["https:\/\/pecbag.com\/wp-content\/uploads\/2025\/05\/Laptop-Business-Messenger-Bag-2-768x768.jpeg",768,768,true],"large":["https:\/\/pecbag.com\/wp-content\/uploads\/2025\/05\/Laptop-Business-Messenger-Bag-2.jpeg",800,800,false],"1536x1536":["https:\/\/pecbag.com\/wp-content\/uploads\/2025\/05\/Laptop-Business-Messenger-Bag-2.jpeg",800,800,false],"2048x2048":["https:\/\/pecbag.com\/wp-content\/uploads\/2025\/05\/Laptop-Business-Messenger-Bag-2.jpeg",800,800,false],"trp-custom-language-flag":["https:\/\/pecbag.com\/wp-content\/uploads\/2025\/05\/Laptop-Business-Messenger-Bag-2-12x12.jpeg",12,12,true],"woocommerce_thumbnail":["https:\/\/pecbag.com\/wp-content\/uploads\/2025\/05\/Laptop-Business-Messenger-Bag-2-300x300.jpeg",300,300,true],"woocommerce_single":["https:\/\/pecbag.com\/wp-content\/uploads\/2025\/05\/Laptop-Business-Messenger-Bag-2-600x600.jpeg",600,600,true],"woocommerce_gallery_thumbnail":["https:\/\/pecbag.com\/wp-content\/uploads\/2025\/05\/Laptop-Business-Messenger-Bag-2-100x100.jpeg",100,100,true]},"uagb_author_info":{"display_name":"Lawrence","author_link":"https:\/\/pecbag.com\/fi\/author\/"},"uagb_comment_info":0,"uagb_excerpt":"Laptop Business Messenger Bag The multi-pocket design to organized everything you need for work or school. The front zipper compartment with 3 open pockets to hold Ipad, wallet, notebook etc. While the 3 exterior pockets hold cell phones, chargers, power banks, earphones, and a mouse or other small items.","_links":{"self":[{"href":"https:\/\/pecbag.com\/fi\/wp-json\/wp\/v2\/product\/3618","targetHints":{"allow":["GET"]}}],"collection":[{"href":"https:\/\/pecbag.com\/fi\/wp-json\/wp\/v2\/product"}],"about":[{"href":"https:\/\/pecbag.com\/fi\/wp-json\/wp\/v2\/types\/product"}],"wp:featuredmedia":[{"embeddable":true,"href":"https:\/\/pecbag.com\/fi\/wp-json\/wp\/v2\/media\/3623"}],"wp:attachment":[{"href":"https:\/\/pecbag.com\/fi\/wp-json\/wp\/v2\/media?parent=3618"}],"wp:term":[{"taxonomy":"product_brand","embeddable":true,"href":"https:\/\/pecbag.com\/fi\/wp-json\/wp\/v2\/product_brand?post=3618"},{"taxonomy":"product_cat","embeddable":true,"href":"https:\/\/pecbag.com\/fi\/wp-json\/wp\/v2\/product_cat?post=3618"},{"taxonomy":"product_tag","embeddable":true,"href":"https:\/\/pecbag.com\/fi\/wp-json\/wp\/v2\/product_tag?post=3618"}],"curies":[{"name":"wp","href":"https:\/\/api.w.org\/{rel}","templated":true}]}}