{"id":3714,"date":"2025-05-28T01:00:32","date_gmt":"2025-05-28T01:00:32","guid":{"rendered":"https:\/\/pecbag.com\/?post_type=product&#038;p=3714"},"modified":"2025-11-04T10:20:05","modified_gmt":"2025-11-04T10:20:05","slug":"custom-durable-briefcase-messenger-bag","status":"publish","type":"product","link":"https:\/\/pecbag.com\/fi\/custom-durable-briefcase-messenger-bag\/","title":{"rendered":"Custom Kest\u00e4v\u00e4 salkku Messenger Bag"},"content":{"rendered":"<h5 title=\"Kokoontaitettava koira laukku hengitt\u00e4v\u00e4 mesh lemmikkiel\u00e4inten olkalaukku pienille lemmikkiel\u00e4inten koirille kissoille\" data-immersive-translate-walked=\"1c928421-2e42-4cd3-8754-5404553c0af5\" data-immersive-translate-paragraph=\"1\" data-spm-anchor-id=\"a2700.details.0.i35.4f6757d4w4zNZA\">Custom Kest\u00e4v\u00e4 salkku Messenger laukut | Vedenpit\u00e4v\u00e4 laukku tehdas &amp; reppu valmistaja - Bulk Corporate Solutions - Bulk Corporate Solutions<\/h5>\n<div class=\"flex flex-grow flex-col max-w-full\">\n<div class=\"min-h-[20px] text-message flex w-full flex-col items-end gap-2 whitespace-pre-wrap break-words [.text-message+&amp;]:mt-5 overflow-x-auto\" dir=\"auto\" data-message-author-role=\"assistant\" data-message-id=\"3d7d46f6-7ec2-4222-9257-48fa0bba23c6\" data-suggestions=\"true\">\n<div class=\"flex w-full flex-col gap-1 empty:hidden first:pt-[3px]\">\n<div class=\"markdown prose w-full break-words dark:prose-invert light\">\n<table width=\"288\">\n<tbody>\n<tr>\n<td width=\"137\"><span style=\"color: #333333;\">Tuotteiden nimi<\/span><\/td>\n<td width=\"151\">Messenger laukku<\/td>\n<\/tr>\n<tr>\n<td><span style=\"color: #333333;\">Tuotenro.<\/span><\/td>\n<td><span style=\"color: #333333;\">PB-2084<\/span><\/td>\n<\/tr>\n<tr>\n<td><span style=\"color: #333333;\">Materiaali<\/span><\/td>\n<td>Polyesteri<\/td>\n<\/tr>\n<tr>\n<td><span style=\"color: #333333;\">Koko<\/span><\/td>\n<td>17,5 x 6,5 x 13 tuumaa.<\/td>\n<\/tr>\n<tr>\n<td><span style=\"color: #333333;\">\u00a0Toimitusaika<\/span><\/td>\n<td><span style=\"color: #333333;\">1-5 p\u00e4iv\u00e4\u00e4 pienille m\u00e4\u00e4rille lentoteitse ja 30-35 p\u00e4iv\u00e4\u00e4 suurille m\u00e4\u00e4rille meritse.<\/span><\/td>\n<\/tr>\n<\/tbody>\n<\/table>\n<p>Koska Kiinan johtava messenger laukku valmistaja ja vedenpit\u00e4v\u00e4 laukku tehdas, me insin\u00f6\u00f6ri palkkio custom kest\u00e4v\u00e4 salkku messenger laukut globaalien yritysten. Meid\u00e4n messenger laukku yritys tarjoaa:<\/p>\n<p>\u2705 <strong>Sotilasluokan 1000D nylon<\/strong> IPX6 vedenpit\u00e4vill\u00e4 vetoketjuilla<br \/>\n\u2705 <strong>Mukautettavat lokerot<\/strong> jopa 17\u2033 kannettaville tietokoneille<br \/>\n\u2705 <strong>OEM\/ODM-palvelut<\/strong> osoitteessa <strong>yksityinen merkint\u00e4 messenger laukut<\/strong><br \/>\n\u2705 <strong>Bulk messenger laukku tuotanto<\/strong> 10 p\u00e4iv\u00e4n nopealla toimituksella<\/p>\n<p>L\u00e4hettilaukkujen tukkukauppiaat ja Fortune 500 -yritykset luottavat siihen. T\u00e4rkeimm\u00e4t ominaisuudet:<br \/>\n- RFID-sulkevat asiakirjataskut &amp; varkaudenesto piilotetut paikat<br \/>\n- Irrotettava olkahihna + matkak\u00e4rryn holkki matkustamista varten<br \/>\n- Ammattimaiset vegaaninahkaiset korostukset ja \u00e4\u00e4nett\u00f6m\u00e4t soljet<\/p>\n<p><strong>Miksi kumppani meid\u00e4n messenger laukku tehdas<\/strong>:<br \/>\n\ud83d\udd39 15+ vuotta alkuun messenger laukku viej\u00e4t Kiinasta<br \/>\n\ud83d\udd39 Ilmainen 3D-tekniikkapaketin suunnittelu br\u00e4ndisi kanssa<br \/>\n\ud83d\udd39 OEKO-Tex\/SGS-sertifioidut kest\u00e4v\u00e4t materiaalit<br \/>\n\ud83d\udd39 25%-alennus messenger-laukkujen myyjille yli 2500 yksik\u00f6st\u00e4<\/p>\n<p>Pyyd\u00e4 ilmaisia n\u00e4ytteit\u00e4 salkku messenger laukut tai saada instant tarjouksia. Messenger laukku toimittajat nauttivat:<br \/>\n- Mukautettu MOQ<br \/>\n- Er\u00e4kohtaiset kulumistestausraportit<br \/>\n- Ensisijainen lento- ja merirahdin jakaminen<\/p>\n<\/div>\n<\/div>\n<\/div>\n<\/div>","protected":false},"excerpt":{"rendered":"<h2 data-immersive-translate-walked=\"344be1c1-5052-41eb-8fcd-0dbe236a0d6b\" data-immersive-translate-paragraph=\"1\">Custom Kest\u00e4v\u00e4 salkku Messenger Bag<\/h2>\n<div class=\"sliderTable mt10 mb10 sliderTable-index0\">\n<div class=\"inner\">\n<p>LAAJENNUS &amp; MONIPUOLISET KOMPARTMENTIT: Laajennusvetoketju tekee siit\u00e4 joustavamman, ja kannettava salkku voidaan tarvittaessa muuttaa suureksi pussiksi. Jopa 4 lokeroa voi vastata kaikkiin tarpeisiisi hyvin. Suureen tekniseen lokeroon mahtuu jopa 17,3 tuuman kokoisia kannettavia tietokoneita. Kahden etutaskun avulla voit laittaa p\u00e4ivitt\u00e4iset tarpeet j\u00e4rjestykseen. Laajennettavassa asiakirjalokerossa voit s\u00e4ilytt\u00e4\u00e4 A4-kansioita, lehti\u00e4, vaatteita tai sateenvarjon.<\/p>\n<\/div>\n<\/div>","protected":false},"featured_media":3720,"template":"","meta":{"_uag_custom_page_level_css":""},"product_brand":[],"product_cat":[65],"product_tag":[],"class_list":{"0":"post-3714","1":"product","2":"type-product","3":"status-publish","4":"has-post-thumbnail","6":"product_cat-messenger-bag","8":"first","9":"instock","10":"shipping-taxable","11":"product-type-simple"},"uagb_featured_image_src":{"full":["https:\/\/pecbag.com\/wp-content\/uploads\/2025\/05\/Custom-Durable-Briefcase-Messenger-Bag-2.jpeg",768,706,false],"thumbnail":["https:\/\/pecbag.com\/wp-content\/uploads\/2025\/05\/Custom-Durable-Briefcase-Messenger-Bag-2-150x150.jpeg",150,150,true],"medium":["https:\/\/pecbag.com\/wp-content\/uploads\/2025\/05\/Custom-Durable-Briefcase-Messenger-Bag-2-300x276.jpeg",300,276,true],"medium_large":["https:\/\/pecbag.com\/wp-content\/uploads\/2025\/05\/Custom-Durable-Briefcase-Messenger-Bag-2.jpeg",768,706,false],"large":["https:\/\/pecbag.com\/wp-content\/uploads\/2025\/05\/Custom-Durable-Briefcase-Messenger-Bag-2.jpeg",768,706,false],"1536x1536":["https:\/\/pecbag.com\/wp-content\/uploads\/2025\/05\/Custom-Durable-Briefcase-Messenger-Bag-2.jpeg",768,706,false],"2048x2048":["https:\/\/pecbag.com\/wp-content\/uploads\/2025\/05\/Custom-Durable-Briefcase-Messenger-Bag-2.jpeg",768,706,false],"trp-custom-language-flag":["https:\/\/pecbag.com\/wp-content\/uploads\/2025\/05\/Custom-Durable-Briefcase-Messenger-Bag-2-13x12.jpeg",13,12,true],"woocommerce_thumbnail":["https:\/\/pecbag.com\/wp-content\/uploads\/2025\/05\/Custom-Durable-Briefcase-Messenger-Bag-2-300x300.jpeg",300,300,true],"woocommerce_single":["https:\/\/pecbag.com\/wp-content\/uploads\/2025\/05\/Custom-Durable-Briefcase-Messenger-Bag-2-600x552.jpeg",600,552,true],"woocommerce_gallery_thumbnail":["https:\/\/pecbag.com\/wp-content\/uploads\/2025\/05\/Custom-Durable-Briefcase-Messenger-Bag-2-100x100.jpeg",100,100,true]},"uagb_author_info":{"display_name":"Lawrence","author_link":"https:\/\/pecbag.com\/fi\/author\/"},"uagb_comment_info":0,"uagb_excerpt":"Custom Durable Briefcase Messenger Bag EXPANSION &amp; MULTIPLE COMPARTMENTS: expansion zipper makes it more flexible, and the laptop briefcase can be transformed into a large duffel bag when necessary. Up to 4 compartments can meet all your needs well. The large tech compartment can accommodate laptops up to 17.3 inches in size. Two front pockets&hellip;","_links":{"self":[{"href":"https:\/\/pecbag.com\/fi\/wp-json\/wp\/v2\/product\/3714","targetHints":{"allow":["GET"]}}],"collection":[{"href":"https:\/\/pecbag.com\/fi\/wp-json\/wp\/v2\/product"}],"about":[{"href":"https:\/\/pecbag.com\/fi\/wp-json\/wp\/v2\/types\/product"}],"wp:featuredmedia":[{"embeddable":true,"href":"https:\/\/pecbag.com\/fi\/wp-json\/wp\/v2\/media\/3720"}],"wp:attachment":[{"href":"https:\/\/pecbag.com\/fi\/wp-json\/wp\/v2\/media?parent=3714"}],"wp:term":[{"taxonomy":"product_brand","embeddable":true,"href":"https:\/\/pecbag.com\/fi\/wp-json\/wp\/v2\/product_brand?post=3714"},{"taxonomy":"product_cat","embeddable":true,"href":"https:\/\/pecbag.com\/fi\/wp-json\/wp\/v2\/product_cat?post=3714"},{"taxonomy":"product_tag","embeddable":true,"href":"https:\/\/pecbag.com\/fi\/wp-json\/wp\/v2\/product_tag?post=3714"}],"curies":[{"name":"wp","href":"https:\/\/api.w.org\/{rel}","templated":true}]}}