{"id":3742,"date":"2025-05-28T02:13:32","date_gmt":"2025-05-28T02:13:32","guid":{"rendered":"https:\/\/pecbag.com\/?post_type=product&#038;p=3742"},"modified":"2025-11-29T01:53:40","modified_gmt":"2025-11-29T01:53:40","slug":"ski-snowboard-dual-storage","status":"publish","type":"product","link":"https:\/\/pecbag.com\/fi\/ski-snowboard-dual-storage\/","title":{"rendered":"Suksien ja lumilautojen kaksoisvarastointi"},"content":{"rendered":"<h5 title=\"Kokoontaitettava koira laukku hengitt\u00e4v\u00e4 mesh lemmikkiel\u00e4inten olkalaukku pienille lemmikkiel\u00e4inten koirille kissoille\" data-immersive-translate-walked=\"1c928421-2e42-4cd3-8754-5404553c0af5\" data-immersive-translate-paragraph=\"1\" data-spm-anchor-id=\"a2700.details.0.i35.4f6757d4w4zNZA\">Hiihto &amp; lumilauta Dual Storage Bags | Vedenpit\u00e4v\u00e4 laukku tehdas &amp; reppu valmistaja - Bulk Winter Solutions<\/h5>\n<div class=\"flex flex-grow flex-col max-w-full\">\n<div class=\"min-h-[20px] text-message flex w-full flex-col items-end gap-2 whitespace-pre-wrap break-words [.text-message+&amp;]:mt-5 overflow-x-auto\" dir=\"auto\" data-message-author-role=\"assistant\" data-message-id=\"3d7d46f6-7ec2-4222-9257-48fa0bba23c6\" data-suggestions=\"true\">\n<div class=\"flex w-full flex-col gap-1 empty:hidden first:pt-[3px]\">\n<div class=\"markdown prose w-full break-words dark:prose-invert light\">\n<table width=\"288\">\n<tbody>\n<tr>\n<td width=\"137\"><span style=\"color: #333333;\">Tuotteiden nimi<\/span><\/td>\n<td width=\"151\">Hiihtolaukku<\/td>\n<\/tr>\n<tr>\n<td><span style=\"color: #333333;\">Tuotenro.<\/span><\/td>\n<td><span style=\"color: #333333;\">PB-2088<\/span><\/td>\n<\/tr>\n<tr>\n<td><span style=\"color: #333333;\">Materiaali<\/span><\/td>\n<td>Polyesteri<\/td>\n<\/tr>\n<tr>\n<td><span style=\"color: #333333;\">Koko<\/span><\/td>\n<td>190 cm<\/td>\n<\/tr>\n<tr>\n<td><span style=\"color: #333333;\">\u00a0Toimitusaika<\/span><\/td>\n<td><span style=\"color: #333333;\">1-5 p\u00e4iv\u00e4\u00e4 pienille m\u00e4\u00e4rille lentoteitse ja 30-35 p\u00e4iv\u00e4\u00e4 suurille m\u00e4\u00e4rille meritse.<\/span><\/td>\n<\/tr>\n<\/tbody>\n<\/table>\n<p>Koska Kiinan johtava suksi laukku valmistaja ja vedenpit\u00e4v\u00e4 laukku tehdas, innovoimme hiihto &amp; lumilauta dual varastointi pussit maailmanlaajuinen talviurheilu tuotemerkkej\u00e4. Meid\u00e4n suksi laukku yritys tarjoaa:<\/p>\n<p>\u2705 <strong>Kaksi lokeroa<\/strong> suksille 185cm asti + saappaat (MOQ 50kpl).<br \/>\n\u2705 <strong>IPX6 vedenpit\u00e4v\u00e4 rakenne<\/strong> (600D polyesteri + saumaton hitsaus)<br \/>\n\u2705 <strong>OEM\/ODM-palvelut<\/strong> yksityisen merkin suksipusseja varten<br \/>\n\u2705 <strong>Irtosuksipussien tuotanto<\/strong> 12 p\u00e4iv\u00e4n nopealla toimituksella<\/p>\n<p>Hiihtolaukkujen tukkukauppiaat ja vuoristokeskukset ymp\u00e4ri maailmaa luottavat meihin. T\u00e4rkeimm\u00e4t ominaisuudet:<br \/>\n- Vahvistetut kantokahvat ja py\u00f6rill\u00e4 varustettu pohja helpottavat kuljetusta.<br \/>\n- Tuuletetut tavaratilat ja reunasuojat<br \/>\n- TSA-hyv\u00e4ksytyt lukot &amp; RFID-matkatavaramerkkipaikat<\/p>\n<p><strong>Miksi valita meid\u00e4n suksi laukku tehdas<\/strong>:<br \/>\n\ud83d\udd39 15+ vuotta alkuun suksi laukku viej\u00e4t Kiinasta<br \/>\n\ud83d\udd39 Ilmainen 3D-suunnittelu Alpine-br\u00e4nd\u00e4yksell\u00e4si<br \/>\n\ud83d\udd39 OEKO-Tex\/SGS-sertifioitu kulutusta kest\u00e4v\u00e4 materiaali<br \/>\n\ud83d\udd39 30%-alennus hiihtolaukkujen myyjille yli 3000 yksik\u00f6st\u00e4<\/p>\n<p>Pyyd\u00e4 ilmaisia n\u00e4ytteit\u00e4 kaksoisvarastointisuksipusseistamme tai pyyd\u00e4 v\u00e4litt\u00f6mi\u00e4 tarjouksia. Suksipussien toimittajat nauttivat:<br \/>\n- Custom MOQ alkaen 30kpl<br \/>\n- Er\u00e4kohtaiset kylm\u00e4kammiotestausraportit<br \/>\n- Ensisijainen lentorahdin jakaminen<\/p>\n<\/div>\n<\/div>\n<\/div>\n<\/div>","protected":false},"excerpt":{"rendered":"<h2 data-immersive-translate-walked=\"344be1c1-5052-41eb-8fcd-0dbe236a0d6b\" data-immersive-translate-paragraph=\"1\">Suksien ja lumilautojen kaksoisvarastointi<\/h2>\n<p>Tarjoamme korkealaatuisia laukkuja, joissa on t\u00e4ysikokoinen ja v\u00e4rillinen r\u00e4\u00e4t\u00e4l\u00f6inti, kest\u00e4v\u00e4t kankaat ja sertifioitu laatu.<\/p>\n<p>Nauti joustavista MOQ-arvoista, nopeasta maailmanlaajuisesta toimituksesta ja private label -ratkaisuista.<\/p>\n<p>Ota yhteytt\u00e4 jo t\u00e4n\u00e4\u00e4n!<\/p>","protected":false},"featured_media":3751,"template":"","meta":{"_uag_custom_page_level_css":""},"product_brand":[],"product_cat":[59,67,66],"product_tag":[],"class_list":{"0":"post-3742","1":"product","2":"type-product","3":"status-publish","4":"has-post-thumbnail","6":"product_cat-ski-bag","7":"product_cat-sports-bag","8":"product_cat-waterproof-bag","10":"first","11":"instock","12":"shipping-taxable","13":"product-type-simple"},"uagb_featured_image_src":{"full":["https:\/\/pecbag.com\/wp-content\/uploads\/2025\/05\/Ski-Snowboard-Dual-Storage-6.jpeg",1500,1500,false],"thumbnail":["https:\/\/pecbag.com\/wp-content\/uploads\/2025\/05\/Ski-Snowboard-Dual-Storage-6-150x150.jpeg",150,150,true],"medium":["https:\/\/pecbag.com\/wp-content\/uploads\/2025\/05\/Ski-Snowboard-Dual-Storage-6-300x300.jpeg",300,300,true],"medium_large":["https:\/\/pecbag.com\/wp-content\/uploads\/2025\/05\/Ski-Snowboard-Dual-Storage-6-768x768.jpeg",768,768,true],"large":["https:\/\/pecbag.com\/wp-content\/uploads\/2025\/05\/Ski-Snowboard-Dual-Storage-6-1024x1024.jpeg",800,800,true],"1536x1536":["https:\/\/pecbag.com\/wp-content\/uploads\/2025\/05\/Ski-Snowboard-Dual-Storage-6.jpeg",1500,1500,false],"2048x2048":["https:\/\/pecbag.com\/wp-content\/uploads\/2025\/05\/Ski-Snowboard-Dual-Storage-6.jpeg",1500,1500,false],"trp-custom-language-flag":["https:\/\/pecbag.com\/wp-content\/uploads\/2025\/05\/Ski-Snowboard-Dual-Storage-6-12x12.jpeg",12,12,true],"woocommerce_thumbnail":["https:\/\/pecbag.com\/wp-content\/uploads\/2025\/05\/Ski-Snowboard-Dual-Storage-6-300x300.jpeg",300,300,true],"woocommerce_single":["https:\/\/pecbag.com\/wp-content\/uploads\/2025\/05\/Ski-Snowboard-Dual-Storage-6-600x600.jpeg",600,600,true],"woocommerce_gallery_thumbnail":["https:\/\/pecbag.com\/wp-content\/uploads\/2025\/05\/Ski-Snowboard-Dual-Storage-6-100x100.jpeg",100,100,true]},"uagb_author_info":{"display_name":"Lawrence","author_link":"https:\/\/pecbag.com\/fi\/author\/"},"uagb_comment_info":0,"uagb_excerpt":"Ski &amp; Snowboard Dual Storage We provide high-quality Bags with full-size and color customization, durable fabrics, and certified quality. Enjoy flexible MOQs, fast global shipping, and private label solutions. Contact us today!","_links":{"self":[{"href":"https:\/\/pecbag.com\/fi\/wp-json\/wp\/v2\/product\/3742","targetHints":{"allow":["GET"]}}],"collection":[{"href":"https:\/\/pecbag.com\/fi\/wp-json\/wp\/v2\/product"}],"about":[{"href":"https:\/\/pecbag.com\/fi\/wp-json\/wp\/v2\/types\/product"}],"wp:featuredmedia":[{"embeddable":true,"href":"https:\/\/pecbag.com\/fi\/wp-json\/wp\/v2\/media\/3751"}],"wp:attachment":[{"href":"https:\/\/pecbag.com\/fi\/wp-json\/wp\/v2\/media?parent=3742"}],"wp:term":[{"taxonomy":"product_brand","embeddable":true,"href":"https:\/\/pecbag.com\/fi\/wp-json\/wp\/v2\/product_brand?post=3742"},{"taxonomy":"product_cat","embeddable":true,"href":"https:\/\/pecbag.com\/fi\/wp-json\/wp\/v2\/product_cat?post=3742"},{"taxonomy":"product_tag","embeddable":true,"href":"https:\/\/pecbag.com\/fi\/wp-json\/wp\/v2\/product_tag?post=3742"}],"curies":[{"name":"wp","href":"https:\/\/api.w.org\/{rel}","templated":true}]}}