{"id":3760,"date":"2025-05-28T02:56:12","date_gmt":"2025-05-28T02:56:12","guid":{"rendered":"https:\/\/pecbag.com\/?post_type=product&#038;p=3760"},"modified":"2025-11-29T01:53:35","modified_gmt":"2025-11-29T01:53:35","slug":"beach-surfboard-sling-bag","status":"publish","type":"product","link":"https:\/\/pecbag.com\/fi\/beach-surfboard-sling-bag\/","title":{"rendered":"Ranta Surfboard Sling laukku"},"content":{"rendered":"<h5 title=\"Kokoontaitettava koira laukku hengitt\u00e4v\u00e4 mesh lemmikkiel\u00e4inten olkalaukku pienille lemmikkiel\u00e4inten koirille kissoille\" data-immersive-translate-walked=\"1c928421-2e42-4cd3-8754-5404553c0af5\" data-immersive-translate-paragraph=\"1\" data-spm-anchor-id=\"a2700.details.0.i35.4f6757d4w4zNZA\">Ranta Surfboard Sling Bags | Vedenpit\u00e4v\u00e4 laukku tehdas &amp; reppu valmistaja - Bulk Surf Solutions<\/h5>\n<div class=\"flex flex-grow flex-col max-w-full\">\n<div class=\"min-h-[20px] text-message flex w-full flex-col items-end gap-2 whitespace-pre-wrap break-words [.text-message+&amp;]:mt-5 overflow-x-auto\" dir=\"auto\" data-message-author-role=\"assistant\" data-message-id=\"3d7d46f6-7ec2-4222-9257-48fa0bba23c6\" data-suggestions=\"true\">\n<div class=\"flex w-full flex-col gap-1 empty:hidden first:pt-[3px]\">\n<div class=\"markdown prose w-full break-words dark:prose-invert light\">\n<table width=\"288\">\n<tbody>\n<tr>\n<td width=\"137\"><span style=\"color: #333333;\">Tuotteiden nimi<\/span><\/td>\n<td width=\"151\">Surfboard laukku<\/td>\n<\/tr>\n<tr>\n<td><span style=\"color: #333333;\">Tuotenro.<\/span><\/td>\n<td><span style=\"color: #333333;\">PB-2089<\/span><\/td>\n<\/tr>\n<tr>\n<td><span style=\"color: #333333;\">Materiaali<\/span><\/td>\n<td>600D Polyesteri + PP kudottu<\/td>\n<\/tr>\n<tr>\n<td><span style=\"color: #333333;\">Koko<\/span><\/td>\n<td>6,2 x 25,5 tuumaa<\/td>\n<\/tr>\n<tr>\n<td><span style=\"color: #333333;\">\u00a0Toimitusaika<\/span><\/td>\n<td><span style=\"color: #333333;\">1-5 p\u00e4iv\u00e4\u00e4 pienille m\u00e4\u00e4rille lentoteitse ja 30-35 p\u00e4iv\u00e4\u00e4 suurille m\u00e4\u00e4rille meritse.<\/span><\/td>\n<\/tr>\n<\/tbody>\n<\/table>\n<p>Koska Kiinan johtava surffilauta laukku valmistaja ja vedenpit\u00e4v\u00e4 laukku tehdas, suunnittelemme karu ranta surffilauta rintareppu laukut maailmanlaajuinen surf tuotemerkkej\u00e4. Meid\u00e4n surffilauta laukku yritys tarjoaa:<\/p>\n<p>\u2705 <strong>Suolavett\u00e4 kest\u00e4v\u00e4 600D polyesteri<\/strong> IPX6 vedenpit\u00e4vill\u00e4 vetoketjuilla<br \/>\n\u2705 <strong>Jopa 9'6\u2033 laudan kapasiteetti<\/strong> + tarviketaskut (MOQ 50kpl)<br \/>\n\u2705 <strong>OEM\/ODM-palvelut<\/strong> yksityisen merkin surffilautapusseja varten<br \/>\n\u2705 <strong>Bulk surffilauta laukku tuotanto<\/strong> 10 p\u00e4iv\u00e4n nopealla toimituksella<\/p>\n<p>Surffilaudan laukkujen tukkukauppiaat ja rannikkokeskukset ymp\u00e4ri maailmaa luottavat t\u00e4h\u00e4n tuotteeseen. T\u00e4rkeimm\u00e4t ominaisuudet:<br \/>\n- Nopeasti kuivuvat verkkopaneelit ja vahvistetut vetokahvat<br \/>\n- S\u00e4\u00e4dett\u00e4v\u00e4 olkahihna &amp; laudan reunasuojat<br \/>\n- RFID matkatavaratunnisteen aukko &amp; hiekanpoistoj\u00e4rjestelm\u00e4<\/p>\n<p><strong>Miksi kumppani meid\u00e4n surffilauta laukku tehdas<\/strong>:<br \/>\n\ud83d\udd39 12+ vuotta huippusurffauslaukun viejin\u00e4 Kiinasta<br \/>\n\ud83d\udd39 Ilmainen 3D-suunnittelu rantaklubisi br\u00e4ndin kanssa<br \/>\n\ud83d\udd39 OEKO-Tex\/SGS-sertifioidut UV-kest\u00e4v\u00e4t materiaalit<br \/>\n\ud83d\udd39 25%-alennus surffilaudan laukkumyyjille yli 2500 kappaleesta<\/p>\n<p>Pyyd\u00e4 ilmaisia n\u00e4ytteit\u00e4 surffilauta sling laukut tai saada instant tarjouksia. Surffilauta laukku toimittajat nauttivat:<br \/>\n- Custom MOQ alkaen 30kpl<br \/>\n- Er\u00e4kohtaiset suolasuihkutestausraportit<br \/>\n- Ensisijainen lento- ja merirahdin jakaminen<\/p>\n<\/div>\n<\/div>\n<\/div>\n<\/div>","protected":false},"excerpt":{"rendered":"<h2 data-immersive-translate-walked=\"344be1c1-5052-41eb-8fcd-0dbe236a0d6b\" data-immersive-translate-paragraph=\"1\">Ranta Surfboard Sling laukku<\/h2>\n<p>Lis\u00e4\u00e4 varastointia: Sis\u00e4tasku, jota k\u00e4ytet\u00e4\u00e4n henkil\u00f6kohtaisten tavaroiden, kuten matkapuhelinten, avainten, m\u00e4rk\u00e4puvun jne. s\u00e4ilytt\u00e4miseen.<\/p>\n<p>Ulkopuolinen vetoketjutasku, jossa s\u00e4ilytet\u00e4\u00e4n varusteita, evi\u00e4 ja muita hy\u00f6dyllisi\u00e4 ja tarpeellisia asioita.<\/p>","protected":false},"featured_media":3772,"template":"","meta":{"_uag_custom_page_level_css":""},"product_brand":[],"product_cat":[47,67],"product_tag":[],"class_list":{"0":"post-3760","1":"product","2":"type-product","3":"status-publish","4":"has-post-thumbnail","6":"product_cat-surfboard-bag","7":"product_cat-sports-bag","9":"first","10":"instock","11":"shipping-taxable","12":"product-type-simple"},"uagb_featured_image_src":{"full":["https:\/\/pecbag.com\/wp-content\/uploads\/2025\/05\/Beach-Surfboard-Sling-Bag-6.jpeg",800,800,false],"thumbnail":["https:\/\/pecbag.com\/wp-content\/uploads\/2025\/05\/Beach-Surfboard-Sling-Bag-6-150x150.jpeg",150,150,true],"medium":["https:\/\/pecbag.com\/wp-content\/uploads\/2025\/05\/Beach-Surfboard-Sling-Bag-6-300x300.jpeg",300,300,true],"medium_large":["https:\/\/pecbag.com\/wp-content\/uploads\/2025\/05\/Beach-Surfboard-Sling-Bag-6-768x768.jpeg",768,768,true],"large":["https:\/\/pecbag.com\/wp-content\/uploads\/2025\/05\/Beach-Surfboard-Sling-Bag-6.jpeg",800,800,false],"1536x1536":["https:\/\/pecbag.com\/wp-content\/uploads\/2025\/05\/Beach-Surfboard-Sling-Bag-6.jpeg",800,800,false],"2048x2048":["https:\/\/pecbag.com\/wp-content\/uploads\/2025\/05\/Beach-Surfboard-Sling-Bag-6.jpeg",800,800,false],"trp-custom-language-flag":["https:\/\/pecbag.com\/wp-content\/uploads\/2025\/05\/Beach-Surfboard-Sling-Bag-6-12x12.jpeg",12,12,true],"woocommerce_thumbnail":["https:\/\/pecbag.com\/wp-content\/uploads\/2025\/05\/Beach-Surfboard-Sling-Bag-6-300x300.jpeg",300,300,true],"woocommerce_single":["https:\/\/pecbag.com\/wp-content\/uploads\/2025\/05\/Beach-Surfboard-Sling-Bag-6-600x600.jpeg",600,600,true],"woocommerce_gallery_thumbnail":["https:\/\/pecbag.com\/wp-content\/uploads\/2025\/05\/Beach-Surfboard-Sling-Bag-6-100x100.jpeg",100,100,true]},"uagb_author_info":{"display_name":"Lawrence","author_link":"https:\/\/pecbag.com\/fi\/author\/"},"uagb_comment_info":0,"uagb_excerpt":"Beach Surfboard Sling Bag More Storage: Inner velcro pocket, used to store personal belongings, such as mobile phones, keys, wetsuit, etc. Exterior zipper pocket, used to store gears, fins, and some useful and necessary things.","_links":{"self":[{"href":"https:\/\/pecbag.com\/fi\/wp-json\/wp\/v2\/product\/3760","targetHints":{"allow":["GET"]}}],"collection":[{"href":"https:\/\/pecbag.com\/fi\/wp-json\/wp\/v2\/product"}],"about":[{"href":"https:\/\/pecbag.com\/fi\/wp-json\/wp\/v2\/types\/product"}],"wp:featuredmedia":[{"embeddable":true,"href":"https:\/\/pecbag.com\/fi\/wp-json\/wp\/v2\/media\/3772"}],"wp:attachment":[{"href":"https:\/\/pecbag.com\/fi\/wp-json\/wp\/v2\/media?parent=3760"}],"wp:term":[{"taxonomy":"product_brand","embeddable":true,"href":"https:\/\/pecbag.com\/fi\/wp-json\/wp\/v2\/product_brand?post=3760"},{"taxonomy":"product_cat","embeddable":true,"href":"https:\/\/pecbag.com\/fi\/wp-json\/wp\/v2\/product_cat?post=3760"},{"taxonomy":"product_tag","embeddable":true,"href":"https:\/\/pecbag.com\/fi\/wp-json\/wp\/v2\/product_tag?post=3760"}],"curies":[{"name":"wp","href":"https:\/\/api.w.org\/{rel}","templated":true}]}}