{"id":3777,"date":"2025-05-28T03:04:57","date_gmt":"2025-05-28T03:04:57","guid":{"rendered":"https:\/\/pecbag.com\/?post_type=product&#038;p=3777"},"modified":"2025-11-29T01:53:30","modified_gmt":"2025-11-29T01:53:30","slug":"custom-pro-paddle-surfboard-bag","status":"publish","type":"product","link":"https:\/\/pecbag.com\/fi\/custom-pro-paddle-surfboard-bag\/","title":{"rendered":"Custom Pro Paddle Surfboard Bag- 72Hr vedenpit\u00e4v\u00e4 takuu"},"content":{"rendered":"<h5 title=\"Kokoontaitettava koira laukku hengitt\u00e4v\u00e4 mesh lemmikkiel\u00e4inten olkalaukku pienille lemmikkiel\u00e4inten koirille kissoille\" data-immersive-translate-walked=\"1c928421-2e42-4cd3-8754-5404553c0af5\" data-immersive-translate-paragraph=\"1\" data-spm-anchor-id=\"a2700.details.0.i35.4f6757d4w4zNZA\">Custom Pro meloa surffilauta laukut | Vedenpit\u00e4v\u00e4 laukku tehdas &amp; reppu valmistaja - Bulk Surf Solutions<\/h5>\n<div class=\"flex flex-grow flex-col max-w-full\">\n<div class=\"min-h-[20px] text-message flex w-full flex-col items-end gap-2 whitespace-pre-wrap break-words [.text-message+&amp;]:mt-5 overflow-x-auto\" dir=\"auto\" data-message-author-role=\"assistant\" data-message-id=\"3d7d46f6-7ec2-4222-9257-48fa0bba23c6\" data-suggestions=\"true\">\n<div class=\"flex w-full flex-col gap-1 empty:hidden first:pt-[3px]\">\n<div class=\"markdown prose w-full break-words dark:prose-invert light\">\n<table width=\"288\">\n<tbody>\n<tr>\n<td width=\"137\"><span style=\"color: #333333;\">Tuotteiden nimi<\/span><\/td>\n<td width=\"151\">Surfboard laukku<\/td>\n<\/tr>\n<tr>\n<td><span style=\"color: #333333;\">Tuotenro.<\/span><\/td>\n<td><span style=\"color: #333333;\">PB-2090<\/span><\/td>\n<\/tr>\n<tr>\n<td><span style=\"color: #333333;\">Materiaali<\/span><\/td>\n<td>1680D polyesteri<\/td>\n<\/tr>\n<tr>\n<td><span style=\"color: #333333;\">Koko<\/span><\/td>\n<td>Mukautettu koko<\/td>\n<\/tr>\n<tr>\n<td><span style=\"color: #333333;\">\u00a0Toimitusaika<\/span><\/td>\n<td><span style=\"color: #333333;\">1-5 p\u00e4iv\u00e4\u00e4 pienille m\u00e4\u00e4rille lentoteitse ja 30-35 p\u00e4iv\u00e4\u00e4 suurille m\u00e4\u00e4rille meritse.<\/span><\/td>\n<\/tr>\n<\/tbody>\n<\/table>\n<p>Koska Kiinan johtava surffilauta laukku valmistaja ja vedenpit\u00e4v\u00e4 laukku tehdas, me insin\u00f6\u00f6ri palkkio mukautetun pro meloa surffilauta laukut maailmanlaajuinen vesiurheilu tuotemerkkej\u00e4. Meid\u00e4n surffilauta laukku yritys tarjoaa:<\/p>\n<p>\u2705 <strong>IPX7 vedenpit\u00e4v\u00e4 suojaus<\/strong> (600D PVC-p\u00e4\u00e4llystetty polyesteri + saumaton hitsaus)<br \/>\n\u2705 <strong>Jopa 14\u2032 levyn kapasiteetti<\/strong> vahvistetuilla kahvoilla (MOQ 200kpl)<br \/>\n\u2705 <strong>OEM\/ODM-palvelut<\/strong> yksityisen merkin surffilautapusseja varten<br \/>\n\u2705 <strong>Bulk surffilauta laukku tuotanto<\/strong> 10 p\u00e4iv\u00e4n nopealla toimituksella<\/p>\n<p>Surffilaudan laukkujen tukkukauppiaat ja ammattilaisurffaajat ymp\u00e4ri maailmaa luottavat t\u00e4h\u00e4n tuotteeseen. T\u00e4rkeimm\u00e4t ominaisuudet:<br \/>\n- UV-kest\u00e4v\u00e4 pinnoite &amp; hiekkaa est\u00e4v\u00e4t verkkotaskut<br \/>\n- S\u00e4\u00e4dett\u00e4v\u00e4t olkahihnat ja melan pidikkeet<br \/>\n- RFID-matkatavaramerkkipaikka ja TSA-hyv\u00e4ksytyt lukot.<\/p>\n<p><strong>Miksi valita meid\u00e4n surffilauta laukku tehdas<\/strong>:<br \/>\n\ud83d\udd39 15+ vuotta huippusurffauslaukun viejin\u00e4 Kiinasta<br \/>\n\ud83d\udd39 Ilmainen 3D-suunnittelu tuotemerkkisi logolla \/ v\u00e4reill\u00e4si<br \/>\n\ud83d\udd39 OEKO-Tex\/SGS-sertifioidut merenkulun materiaalit<br \/>\n\ud83d\udd39 30%-alennus surffilaudan laukkumyyjille yli 3000 yksik\u00f6st\u00e4<\/p>\n<p>Pyyd\u00e4 ilmaisia n\u00e4ytteit\u00e4 meid\u00e4n pro meloa surffilauta laukut tai saada instant tarjouksia. Surffilauta laukku toimittajat nauttivat:<br \/>\n- Custom MOQ alkaen 300kpl<br \/>\n- Er\u00e4kohtaiset suolaisen veden korroosioraportit<br \/>\n- Ensisijainen lento- ja merirahtijako<\/p>\n<p>- Ensisijainen lento- ja merirahdin jakaminen<\/p>\n<\/div>\n<\/div>\n<\/div>\n<\/div>","protected":false},"excerpt":{"rendered":"<h2 data-immersive-translate-walked=\"344be1c1-5052-41eb-8fcd-0dbe236a0d6b\" data-immersive-translate-paragraph=\"1\">Custom Pro Paddle Surfboard laukku<\/h2>\n<p><strong>1. Kest\u00e4v\u00e4 materiaali:<\/strong> Py\u00f6re\u00e4 p\u00e4\u00e4, py\u00f6re\u00e4 h\u00e4nt\u00e4osat on valmistettu 1680D polyesterist\u00e4 ja 40mm vaahtomuovipehmusteesta, joka suojaa surffilaudan haavoittuvaa osaa; Harmaa osa on PP-kudottua, joka ei ainoastaan s\u00e4ilyt\u00e4 tekstuuria ja ulkon\u00e4k\u00f6\u00e4 vaan my\u00f6s parantaa vedenpit\u00e4v\u00e4\u00e4 vaikutusta.<\/p>\n<p><strong>2. Suuri s\u00e4ilytystila:<\/strong>\u00a0Ulkopuoliset vetoketjutaskut on my\u00f6s valmistettu 1680D-kankaasta, paras paikka evien s\u00e4ilytt\u00e4miseen; sis\u00e4ll\u00e4 on my\u00f6s tasku, jossa voi s\u00e4ilytt\u00e4\u00e4 arvoesineit\u00e4, kuten avaimia, matkapuhelimia, tallentaa kohteita erikseen, jotta v\u00e4ltyt\u00e4\u00e4n laudan vahingoittumiselta.<\/p>","protected":false},"featured_media":3788,"template":"","meta":{"_uag_custom_page_level_css":""},"product_brand":[],"product_cat":[47,67],"product_tag":[],"class_list":{"0":"post-3777","1":"product","2":"type-product","3":"status-publish","4":"has-post-thumbnail","6":"product_cat-surfboard-bag","7":"product_cat-sports-bag","9":"first","10":"instock","11":"shipping-taxable","12":"product-type-simple"},"uagb_featured_image_src":{"full":["https:\/\/pecbag.com\/wp-content\/uploads\/2025\/05\/Custom-Pro-Paddle-Surfboard-Bag-5.jpeg",800,800,false],"thumbnail":["https:\/\/pecbag.com\/wp-content\/uploads\/2025\/05\/Custom-Pro-Paddle-Surfboard-Bag-5-150x150.jpeg",150,150,true],"medium":["https:\/\/pecbag.com\/wp-content\/uploads\/2025\/05\/Custom-Pro-Paddle-Surfboard-Bag-5-300x300.jpeg",300,300,true],"medium_large":["https:\/\/pecbag.com\/wp-content\/uploads\/2025\/05\/Custom-Pro-Paddle-Surfboard-Bag-5-768x768.jpeg",768,768,true],"large":["https:\/\/pecbag.com\/wp-content\/uploads\/2025\/05\/Custom-Pro-Paddle-Surfboard-Bag-5.jpeg",800,800,false],"1536x1536":["https:\/\/pecbag.com\/wp-content\/uploads\/2025\/05\/Custom-Pro-Paddle-Surfboard-Bag-5.jpeg",800,800,false],"2048x2048":["https:\/\/pecbag.com\/wp-content\/uploads\/2025\/05\/Custom-Pro-Paddle-Surfboard-Bag-5.jpeg",800,800,false],"trp-custom-language-flag":["https:\/\/pecbag.com\/wp-content\/uploads\/2025\/05\/Custom-Pro-Paddle-Surfboard-Bag-5-12x12.jpeg",12,12,true],"woocommerce_thumbnail":["https:\/\/pecbag.com\/wp-content\/uploads\/2025\/05\/Custom-Pro-Paddle-Surfboard-Bag-5-300x300.jpeg",300,300,true],"woocommerce_single":["https:\/\/pecbag.com\/wp-content\/uploads\/2025\/05\/Custom-Pro-Paddle-Surfboard-Bag-5-600x600.jpeg",600,600,true],"woocommerce_gallery_thumbnail":["https:\/\/pecbag.com\/wp-content\/uploads\/2025\/05\/Custom-Pro-Paddle-Surfboard-Bag-5-100x100.jpeg",100,100,true]},"uagb_author_info":{"display_name":"Lawrence","author_link":"https:\/\/pecbag.com\/fi\/author\/"},"uagb_comment_info":0,"uagb_excerpt":"Custom Pro Paddle Surfboard Bag 1. Durable material: Roundhead, round tail parts are made of 1680D Polyester plus 40mm foam padding to protect the vulnerable part of the surfboard; The gray part is PP Woven, which not only maintains the texture and appearance but also enhances the waterproof effect. 2. Large storage space:\u00a0Exterior zipper pockets&hellip;","_links":{"self":[{"href":"https:\/\/pecbag.com\/fi\/wp-json\/wp\/v2\/product\/3777","targetHints":{"allow":["GET"]}}],"collection":[{"href":"https:\/\/pecbag.com\/fi\/wp-json\/wp\/v2\/product"}],"about":[{"href":"https:\/\/pecbag.com\/fi\/wp-json\/wp\/v2\/types\/product"}],"wp:featuredmedia":[{"embeddable":true,"href":"https:\/\/pecbag.com\/fi\/wp-json\/wp\/v2\/media\/3788"}],"wp:attachment":[{"href":"https:\/\/pecbag.com\/fi\/wp-json\/wp\/v2\/media?parent=3777"}],"wp:term":[{"taxonomy":"product_brand","embeddable":true,"href":"https:\/\/pecbag.com\/fi\/wp-json\/wp\/v2\/product_brand?post=3777"},{"taxonomy":"product_cat","embeddable":true,"href":"https:\/\/pecbag.com\/fi\/wp-json\/wp\/v2\/product_cat?post=3777"},{"taxonomy":"product_tag","embeddable":true,"href":"https:\/\/pecbag.com\/fi\/wp-json\/wp\/v2\/product_tag?post=3777"}],"curies":[{"name":"wp","href":"https:\/\/api.w.org\/{rel}","templated":true}]}}