{"id":3810,"date":"2025-05-28T03:47:02","date_gmt":"2025-05-28T03:47:02","guid":{"rendered":"https:\/\/pecbag.com\/?post_type=product&#038;p=3810"},"modified":"2025-11-29T01:53:11","modified_gmt":"2025-11-29T01:53:11","slug":"rainproof-pro-golf-tour-bag","status":"publish","type":"product","link":"https:\/\/pecbag.com\/fi\/rainproof-pro-golf-tour-bag\/","title":{"rendered":"Sateenpit\u00e4v\u00e4 Pro Golf Tour Bag - PGA-hyv\u00e4ksytty"},"content":{"rendered":"<h5 title=\"Kokoontaitettava koira laukku hengitt\u00e4v\u00e4 mesh lemmikkiel\u00e4inten olkalaukku pienille lemmikkiel\u00e4inten koirille kissoille\" data-immersive-translate-walked=\"1c928421-2e42-4cd3-8754-5404553c0af5\" data-immersive-translate-paragraph=\"1\" data-spm-anchor-id=\"a2700.details.0.i35.4f6757d4w4zNZA\">Sateenpit\u00e4v\u00e4 Pro Golf Tour Bags | Vedenpit\u00e4v\u00e4 laukku tehdas &amp; reppu valmistaja - Bulk Golf Solutions<\/h5>\n<div class=\"flex flex-grow flex-col max-w-full\">\n<div class=\"min-h-[20px] text-message flex w-full flex-col items-end gap-2 whitespace-pre-wrap break-words [.text-message+&amp;]:mt-5 overflow-x-auto\" dir=\"auto\" data-message-author-role=\"assistant\" data-message-id=\"3d7d46f6-7ec2-4222-9257-48fa0bba23c6\" data-suggestions=\"true\">\n<div class=\"flex w-full flex-col gap-1 empty:hidden first:pt-[3px]\">\n<div class=\"markdown prose w-full break-words dark:prose-invert light\">\n<table width=\"288\">\n<tbody>\n<tr>\n<td width=\"137\"><span style=\"color: #333333;\">Tuotteiden nimi<\/span><\/td>\n<td width=\"151\">Golflaukku<\/td>\n<\/tr>\n<tr>\n<td><span style=\"color: #333333;\">Tuotenro.<\/span><\/td>\n<td><span style=\"color: #333333;\">PB-2093<\/span><\/td>\n<\/tr>\n<tr>\n<td><span style=\"color: #333333;\">Materiaali<\/span><\/td>\n<td>PU-nahka + Nylon<\/td>\n<\/tr>\n<tr>\n<td><span style=\"color: #333333;\">Koko<\/span><\/td>\n<td>R\u00e4\u00e4t\u00e4l\u00f6ity<\/td>\n<\/tr>\n<tr>\n<td><span style=\"color: #333333;\">\u00a0Toimitusaika<\/span><\/td>\n<td><span style=\"color: #333333;\">1-5 p\u00e4iv\u00e4\u00e4 pienille m\u00e4\u00e4rille lentoteitse ja 30-35 p\u00e4iv\u00e4\u00e4 suurille m\u00e4\u00e4rille meritse.<\/span><\/td>\n<\/tr>\n<\/tbody>\n<\/table>\n<p>Koska Kiinan johtava golf laukku valmistaja ja vedenpit\u00e4v\u00e4 laukku tehdas, me k\u00e4sity\u00f6 ammatillinen sateenpit\u00e4v\u00e4 pro golf kiertue laukut maailmanlaajuinen golf tuotemerkkej\u00e4. Golflaukkuyrityksemme tarjoaa:<\/p>\n<p>\u2705 <strong>IPX7 vedenpit\u00e4v\u00e4 suojaus<\/strong> (600D TPU-pinnoitettu polyesteri + hitsatut saumat)<br \/>\n\u2705 <strong>14 klubin kapasiteetti<\/strong> yksitt\u00e4isill\u00e4 t\u00e4yspitkill\u00e4 v\u00e4lilevyill\u00e4 (MOQ 200 kpl).<br \/>\n\u2705 <strong>OEM\/ODM-palvelut<\/strong> yksityisen merkin golfpussit<br \/>\n\u2705 <strong>Bulk golf laukku tuotanto<\/strong> 12 p\u00e4iv\u00e4n nopealla toimituksella<\/p>\n<p>Golflaukkujen tukkukauppiaiden ja PGA Tourin toimittajien luottamus. T\u00e4rkeimm\u00e4t ominaisuudet:<br \/>\n- Nopeasti kuivuvat verkkopaneelit ja vahvistettu vaunuholkki<br \/>\n- Ergonomiset kaksoishihnat ja UV-kest\u00e4v\u00e4 kangas<br \/>\n- RFID-lukitus arvoesineiden tasku &amp; tee\/pallon j\u00e4rjest\u00e4j\u00e4t<\/p>\n<p><strong>Miksi kumppani meid\u00e4n golf laukku tehdas<\/strong>:<br \/>\n\ud83d\udd39 15+ vuotta huippuluokan golfpussin viejin\u00e4 Kiinasta<br \/>\n\ud83d\udd39 Ilmainen 3D-suunnittelu klubisi logolla\/v\u00e4reill\u00e4si<br \/>\n\ud83d\udd39 OEKO-Tex\/SGS-sertifioidut kest\u00e4v\u00e4t materiaalit<br \/>\n\ud83d\udd39 25%-alennus golflaukkujen myyjille yli 2500 yksik\u00f6st\u00e4<\/p>\n<p>Pyyd\u00e4 ilmaisia n\u00e4ytteit\u00e4 sateenpit\u00e4vist\u00e4 golfkiertuepusseistamme tai pyyd\u00e4 heti tarjouksia. Golf laukku toimittajat nauttivat:<br \/>\n- Custom MOQ alkaen 300kpl<br \/>\n- Er\u00e4kohtaiset sadesimulointitestiraportit<br \/>\n- Ensisijainen lento- ja merirahdin jakaminen<\/p>\n<\/div>\n<\/div>\n<\/div>\n<\/div>","protected":false},"excerpt":{"rendered":"<h2 data-immersive-translate-walked=\"344be1c1-5052-41eb-8fcd-0dbe236a0d6b\" data-immersive-translate-paragraph=\"1\">Sateenpit\u00e4v\u00e4 Pro Golf Tour laukku<\/h2>\n<p>Tarjoamme premium golf kiertue laukku t\u00e4ysikokoinen ja v\u00e4ri r\u00e4\u00e4t\u00e4l\u00f6inti, kest\u00e4v\u00e4 kankaat, ja sertifioitu laatu.<\/p>\n<p>Nauti joustavista MOQ-arvoista, nopeasta maailmanlaajuisesta toimituksesta ja private label -ratkaisuista.<\/p>\n<p>Ota yhteytt\u00e4 jo t\u00e4n\u00e4\u00e4n!<\/p>","protected":false},"featured_media":3814,"template":"","meta":{"_uag_custom_page_level_css":""},"product_brand":[],"product_cat":[51,67],"product_tag":[],"class_list":{"0":"post-3810","1":"product","2":"type-product","3":"status-publish","4":"has-post-thumbnail","6":"product_cat-golf-bag","7":"product_cat-sports-bag","9":"first","10":"instock","11":"shipping-taxable","12":"product-type-simple"},"uagb_featured_image_src":{"full":["https:\/\/pecbag.com\/wp-content\/uploads\/2025\/05\/Rainproof-Pro-Golf-Tour-Bag-2.jpg",600,600,false],"thumbnail":["https:\/\/pecbag.com\/wp-content\/uploads\/2025\/05\/Rainproof-Pro-Golf-Tour-Bag-2-150x150.jpg",150,150,true],"medium":["https:\/\/pecbag.com\/wp-content\/uploads\/2025\/05\/Rainproof-Pro-Golf-Tour-Bag-2-300x300.jpg",300,300,true],"medium_large":["https:\/\/pecbag.com\/wp-content\/uploads\/2025\/05\/Rainproof-Pro-Golf-Tour-Bag-2.jpg",600,600,false],"large":["https:\/\/pecbag.com\/wp-content\/uploads\/2025\/05\/Rainproof-Pro-Golf-Tour-Bag-2.jpg",600,600,false],"1536x1536":["https:\/\/pecbag.com\/wp-content\/uploads\/2025\/05\/Rainproof-Pro-Golf-Tour-Bag-2.jpg",600,600,false],"2048x2048":["https:\/\/pecbag.com\/wp-content\/uploads\/2025\/05\/Rainproof-Pro-Golf-Tour-Bag-2.jpg",600,600,false],"trp-custom-language-flag":["https:\/\/pecbag.com\/wp-content\/uploads\/2025\/05\/Rainproof-Pro-Golf-Tour-Bag-2-12x12.jpg",12,12,true],"woocommerce_thumbnail":["https:\/\/pecbag.com\/wp-content\/uploads\/2025\/05\/Rainproof-Pro-Golf-Tour-Bag-2-300x300.jpg",300,300,true],"woocommerce_single":["https:\/\/pecbag.com\/wp-content\/uploads\/2025\/05\/Rainproof-Pro-Golf-Tour-Bag-2.jpg",600,600,false],"woocommerce_gallery_thumbnail":["https:\/\/pecbag.com\/wp-content\/uploads\/2025\/05\/Rainproof-Pro-Golf-Tour-Bag-2-100x100.jpg",100,100,true]},"uagb_author_info":{"display_name":"Lawrence","author_link":"https:\/\/pecbag.com\/fi\/author\/"},"uagb_comment_info":0,"uagb_excerpt":"Rainproof Pro Golf Tour Bag We provide premium golf tour bag with full-size and color customization, durable fabrics, and certified quality. Enjoy flexible MOQs, fast global shipping, and private label solutions. Contact us today!","_links":{"self":[{"href":"https:\/\/pecbag.com\/fi\/wp-json\/wp\/v2\/product\/3810","targetHints":{"allow":["GET"]}}],"collection":[{"href":"https:\/\/pecbag.com\/fi\/wp-json\/wp\/v2\/product"}],"about":[{"href":"https:\/\/pecbag.com\/fi\/wp-json\/wp\/v2\/types\/product"}],"wp:featuredmedia":[{"embeddable":true,"href":"https:\/\/pecbag.com\/fi\/wp-json\/wp\/v2\/media\/3814"}],"wp:attachment":[{"href":"https:\/\/pecbag.com\/fi\/wp-json\/wp\/v2\/media?parent=3810"}],"wp:term":[{"taxonomy":"product_brand","embeddable":true,"href":"https:\/\/pecbag.com\/fi\/wp-json\/wp\/v2\/product_brand?post=3810"},{"taxonomy":"product_cat","embeddable":true,"href":"https:\/\/pecbag.com\/fi\/wp-json\/wp\/v2\/product_cat?post=3810"},{"taxonomy":"product_tag","embeddable":true,"href":"https:\/\/pecbag.com\/fi\/wp-json\/wp\/v2\/product_tag?post=3810"}],"curies":[{"name":"wp","href":"https:\/\/api.w.org\/{rel}","templated":true}]}}