{"id":3832,"date":"2025-05-28T06:45:06","date_gmt":"2025-05-28T06:45:06","guid":{"rendered":"https:\/\/pecbag.com\/?post_type=product&#038;p=3832"},"modified":"2025-11-29T01:46:05","modified_gmt":"2025-11-29T01:46:05","slug":"pro-surfboard-longboard-travel-bag","status":"publish","type":"product","link":"https:\/\/pecbag.com\/fi\/pro-surfboard-longboard-travel-bag\/","title":{"rendered":"Pro Surfboard Longboard matkalaukku - 100% Vedenpit\u00e4v\u00e4"},"content":{"rendered":"<h5 title=\"Kokoontaitettava koira laukku hengitt\u00e4v\u00e4 mesh lemmikkiel\u00e4inten olkalaukku pienille lemmikkiel\u00e4inten koirille kissoille\" data-immersive-translate-walked=\"1c928421-2e42-4cd3-8754-5404553c0af5\" data-immersive-translate-paragraph=\"1\" data-spm-anchor-id=\"a2700.details.0.i35.4f6757d4w4zNZA\">Pro Surfboard Longboard matkalaukku | Vedenpit\u00e4v\u00e4 laukku tehdas &amp; reppuvalmistaja - Bulk Surffausratkaisut<\/h5>\n<div class=\"flex flex-grow flex-col max-w-full\">\n<div class=\"min-h-[20px] text-message flex w-full flex-col items-end gap-2 whitespace-pre-wrap break-words [.text-message+&amp;]:mt-5 overflow-x-auto\" dir=\"auto\" data-message-author-role=\"assistant\" data-message-id=\"3d7d46f6-7ec2-4222-9257-48fa0bba23c6\" data-suggestions=\"true\">\n<div class=\"flex w-full flex-col gap-1 empty:hidden first:pt-[3px]\">\n<div class=\"markdown prose w-full break-words dark:prose-invert light\">\n<table width=\"288\">\n<tbody>\n<tr>\n<td width=\"137\"><span style=\"color: #333333;\">Tuotteiden nimi<\/span><\/td>\n<td width=\"151\">Surfboard laukku<\/td>\n<\/tr>\n<tr>\n<td><span style=\"color: #333333;\">Tuotenro.<\/span><\/td>\n<td><span style=\"color: #333333;\">PB-2097<\/span><\/td>\n<\/tr>\n<tr>\n<td><span style=\"color: #333333;\">Materiaali<\/span><\/td>\n<td>600D SNOW\/PVC<\/td>\n<\/tr>\n<tr>\n<td><span style=\"color: #333333;\">Koko<\/span><\/td>\n<td>6'0'' x 22''x 6\"<\/td>\n<\/tr>\n<tr>\n<td><span style=\"color: #333333;\">\u00a0Toimitusaika<\/span><\/td>\n<td><span style=\"color: #333333;\">1-5 p\u00e4iv\u00e4\u00e4 pienille m\u00e4\u00e4rille lentoteitse ja 30-35 p\u00e4iv\u00e4\u00e4 suurille m\u00e4\u00e4rille meritse.<\/span><\/td>\n<\/tr>\n<\/tbody>\n<\/table>\n<p>Koska Kiinan johtava surffilauta laukku valmistaja ja vedenpit\u00e4v\u00e4 laukku tehdas, me insin\u00f6\u00f6ri pro surffilauta longboard matkalaukku maailmanlaajuinen surffaus tuotemerkkej\u00e4. Meid\u00e4n surffilauta laukku yritys tarjoaa:<\/p>\n<p>\u2705 <strong>IPX7 vedenpit\u00e4v\u00e4 suojaus<\/strong> (1000D PVC-pinnoitettu nailon + hitsatut saumat)<br \/>\n\u2705 <strong>Jopa 10\u2032 longboard-kapasiteetti<\/strong> pehmustetuilla kahvoilla (MOQ 200 kpl)<br \/>\n\u2705 <strong>OEM\/ODM-palvelut<\/strong> yksityisen merkin surffilautapusseja varten<br \/>\n\u2705 <strong>Bulk surffilauta laukku tuotanto<\/strong> 10 p\u00e4iv\u00e4n nopealla toimituksella<\/p>\n<p>Luotettu <strong>surffilauta laukku tukkukauppiaat<\/strong> ja rannikon lomakohteet. T\u00e4rkeimm\u00e4t ominaisuudet:<br \/>\n- UV-kest\u00e4v\u00e4 pinnoite &amp; hiekkaa est\u00e4v\u00e4t verkkotaskut<br \/>\n- Irrotettavat olkahihnat ja laudan reunasuojat<br \/>\n- RFID-matkatavaramerkkipaikka ja TSA-hyv\u00e4ksytyt lukot.<\/p>\n<p><strong>Miksi kumppani meid\u00e4n surffilauta laukku tehdas<\/strong>:<br \/>\n\ud83d\udd39 15+ vuotta huippusurffauslaukun viejin\u00e4 Kiinasta<br \/>\n\ud83d\udd39 Ilmainen 3D-suunnittelu rantaklubisi br\u00e4ndin kanssa<br \/>\n\ud83d\udd39 OEKO-Tex\/SGS-sertifioidut merenkulun materiaalit<br \/>\n\ud83d\udd39 25%-alennus surffilaudan laukkumyyjille yli 2500 kappaleesta<\/p>\n<p>Pyyd\u00e4 ilmaisia n\u00e4ytteit\u00e4 pro travel surfboard bag -laukustamme tai pyyd\u00e4 heti tarjouksia. Surffilauta laukku toimittajat nauttivat:<br \/>\n- Custom MOQ alkaen 300 kpl<br \/>\n- Er\u00e4kohtaiset suolaisen veden korroosioraportit<br \/>\n- Ensisijainen lento- ja merirahdin jakaminen<\/p>\n<\/div>\n<\/div>\n<\/div>\n<\/div>","protected":false},"excerpt":{"rendered":"<h2 data-immersive-translate-walked=\"344be1c1-5052-41eb-8fcd-0dbe236a0d6b\" data-immersive-translate-paragraph=\"1\">Pro Surfboard Longboard matkalaukku<\/h2>\n<p>1.BAG KOKO PAINO JA MUOTO: 6'0'' x 22''x 6\", 10 lbs, laudan koko jopa 6'2'' x 24''; ter\u00e4v\u00e4k\u00e4rkinen p\u00e4\u00e4 ja iso py\u00f6re\u00e4 pyrst\u00f6; ev\u00e4aukon aukon kanssa<\/p>\n<p>2.360\u00b0 SUOJAUS: 200g PE pressu sis\u00e4ll\u00e4, 10mm (0.4 tuumaa) pehmuste molemmin puolin v\u00e4lill\u00e4, 600D\/1680D p\u00e4\u00e4llystetty kangas p\u00e4\u00e4ll\u00e4, ja ylim\u00e4\u00e4r\u00e4inen kangas vahvistettu p\u00e4\u00e4n ja h\u00e4nn\u00e4n osiot kummallakin puolella, t\u00e4m\u00e4 surffilauta matkalaukku on rakennettu huoleton matkustaa. Se tarjoaa laukulle monipuolisen suojan erityisesti pitk\u00e4n matkan matkoilla.<\/p>\n<p>3. MUKAVA: Laukussa on 3 pehmustettua kantokahvaa ja 1 s\u00e4\u00e4dett\u00e4v\u00e4 olkahihna. Iso olkahihnan pehmuste (14 '' x4 '' x1 '') helpottaa huomattavasti olkap\u00e4\u00e4h\u00e4n kohdistuvaa painetta. Voit my\u00f6s irrottaa olkahihnan auton kattokuljetuksen tai muun pitk\u00e4n matkan matkan aikana.<\/p>","protected":false},"featured_media":3834,"template":"","meta":{"_uag_custom_page_level_css":""},"product_brand":[],"product_cat":[47,67],"product_tag":[],"class_list":{"0":"post-3832","1":"product","2":"type-product","3":"status-publish","4":"has-post-thumbnail","6":"product_cat-surfboard-bag","7":"product_cat-sports-bag","9":"first","10":"instock","11":"shipping-taxable","12":"product-type-simple"},"uagb_featured_image_src":{"full":["https:\/\/pecbag.com\/wp-content\/uploads\/2025\/05\/Pro-Surfboard-Longboard-Travel-Bag-1.jpg",808,808,false],"thumbnail":["https:\/\/pecbag.com\/wp-content\/uploads\/2025\/05\/Pro-Surfboard-Longboard-Travel-Bag-1-150x150.jpg",150,150,true],"medium":["https:\/\/pecbag.com\/wp-content\/uploads\/2025\/05\/Pro-Surfboard-Longboard-Travel-Bag-1-300x300.jpg",300,300,true],"medium_large":["https:\/\/pecbag.com\/wp-content\/uploads\/2025\/05\/Pro-Surfboard-Longboard-Travel-Bag-1-768x768.jpg",768,768,true],"large":["https:\/\/pecbag.com\/wp-content\/uploads\/2025\/05\/Pro-Surfboard-Longboard-Travel-Bag-1.jpg",800,800,false],"1536x1536":["https:\/\/pecbag.com\/wp-content\/uploads\/2025\/05\/Pro-Surfboard-Longboard-Travel-Bag-1.jpg",808,808,false],"2048x2048":["https:\/\/pecbag.com\/wp-content\/uploads\/2025\/05\/Pro-Surfboard-Longboard-Travel-Bag-1.jpg",808,808,false],"trp-custom-language-flag":["https:\/\/pecbag.com\/wp-content\/uploads\/2025\/05\/Pro-Surfboard-Longboard-Travel-Bag-1-12x12.jpg",12,12,true],"woocommerce_thumbnail":["https:\/\/pecbag.com\/wp-content\/uploads\/2025\/05\/Pro-Surfboard-Longboard-Travel-Bag-1-300x300.jpg",300,300,true],"woocommerce_single":["https:\/\/pecbag.com\/wp-content\/uploads\/2025\/05\/Pro-Surfboard-Longboard-Travel-Bag-1-600x600.jpg",600,600,true],"woocommerce_gallery_thumbnail":["https:\/\/pecbag.com\/wp-content\/uploads\/2025\/05\/Pro-Surfboard-Longboard-Travel-Bag-1-100x100.jpg",100,100,true]},"uagb_author_info":{"display_name":"Lawrence","author_link":"https:\/\/pecbag.com\/fi\/author\/"},"uagb_comment_info":0,"uagb_excerpt":"Pro Surfboard Longboard Travel Bag 1.BAG SIZE WEIGHT AND SHAPE: 6\u20190\u2019\u2019 x 22\u2019\u2019x 6'', 10 lbs, for board size up to 6\u20192\u2019\u2019 x 24\u2019\u2019; pointed head and big round tail; with fin slot opening 2.360\u00b0 PROTECTION: With 200g PE tarpaulin inside, 10mm (0.4 inches) padding on each side in between, 600D\/1680D coated fabric on top,&hellip;","_links":{"self":[{"href":"https:\/\/pecbag.com\/fi\/wp-json\/wp\/v2\/product\/3832","targetHints":{"allow":["GET"]}}],"collection":[{"href":"https:\/\/pecbag.com\/fi\/wp-json\/wp\/v2\/product"}],"about":[{"href":"https:\/\/pecbag.com\/fi\/wp-json\/wp\/v2\/types\/product"}],"wp:featuredmedia":[{"embeddable":true,"href":"https:\/\/pecbag.com\/fi\/wp-json\/wp\/v2\/media\/3834"}],"wp:attachment":[{"href":"https:\/\/pecbag.com\/fi\/wp-json\/wp\/v2\/media?parent=3832"}],"wp:term":[{"taxonomy":"product_brand","embeddable":true,"href":"https:\/\/pecbag.com\/fi\/wp-json\/wp\/v2\/product_brand?post=3832"},{"taxonomy":"product_cat","embeddable":true,"href":"https:\/\/pecbag.com\/fi\/wp-json\/wp\/v2\/product_cat?post=3832"},{"taxonomy":"product_tag","embeddable":true,"href":"https:\/\/pecbag.com\/fi\/wp-json\/wp\/v2\/product_tag?post=3832"}],"curies":[{"name":"wp","href":"https:\/\/api.w.org\/{rel}","templated":true}]}}