{"id":3840,"date":"2025-05-28T07:05:51","date_gmt":"2025-05-28T07:05:51","guid":{"rendered":"https:\/\/pecbag.com\/?post_type=product&#038;p=3840"},"modified":"2025-11-29T01:44:48","modified_gmt":"2025-11-29T01:44:48","slug":"cleaning-tool-bag-manufacturer","status":"publish","type":"product","link":"https:\/\/pecbag.com\/fi\/cleaning-tool-bag-manufacturer\/","title":{"rendered":"Puhdistus ty\u00f6kalu laukku valmistaja"},"content":{"rendered":"<h5 title=\"Kokoontaitettava koira laukku hengitt\u00e4v\u00e4 mesh lemmikkiel\u00e4inten olkalaukku pienille lemmikkiel\u00e4inten koirille kissoille\" data-immersive-translate-walked=\"1c928421-2e42-4cd3-8754-5404553c0af5\" data-immersive-translate-paragraph=\"1\" data-spm-anchor-id=\"a2700.details.0.i35.4f6757d4w4zNZA\">Puhdistus ty\u00f6kalu laukku valmistaja | Vedenpit\u00e4v\u00e4 laukku tehdas &amp; reppu valmistaja - Bulk Solutions - Bulk Solutions<\/h5>\n<div class=\"flex flex-grow flex-col max-w-full\">\n<div class=\"min-h-[20px] text-message flex w-full flex-col items-end gap-2 whitespace-pre-wrap break-words [.text-message+&amp;]:mt-5 overflow-x-auto\" dir=\"auto\" data-message-author-role=\"assistant\" data-message-id=\"3d7d46f6-7ec2-4222-9257-48fa0bba23c6\" data-suggestions=\"true\">\n<div class=\"flex w-full flex-col gap-1 empty:hidden first:pt-[3px]\">\n<div class=\"markdown prose w-full break-words dark:prose-invert light\">\n<table width=\"288\">\n<tbody>\n<tr>\n<td width=\"137\"><span style=\"color: #333333;\">Tuotteiden nimi<\/span><\/td>\n<td width=\"151\">Ty\u00f6kalulaukku<\/td>\n<\/tr>\n<tr>\n<td><span style=\"color: #333333;\">Tuotenro.<\/span><\/td>\n<td><span style=\"color: #333333;\">PB-2098<\/span><\/td>\n<\/tr>\n<tr>\n<td><span style=\"color: #333333;\">Materiaali<\/span><\/td>\n<td>600D lumihiutale<\/td>\n<\/tr>\n<tr>\n<td><span style=\"color: #333333;\">\u00a0Koko ja v\u00e4ri<\/span><\/td>\n<td>15,5 x 8,8 x 10 tuumaa<\/td>\n<\/tr>\n<tr>\n<td><span style=\"color: #333333;\">\u00a0Toimitusaika<\/span><\/td>\n<td><span style=\"color: #333333;\">1-5 p\u00e4iv\u00e4\u00e4 pienille m\u00e4\u00e4rille lentoteitse ja 30-35 p\u00e4iv\u00e4\u00e4 suurille m\u00e4\u00e4rille meritse.<\/span><\/td>\n<\/tr>\n<\/tbody>\n<\/table>\n<p>Koska Kiinan johtava ty\u00f6kalulaukku valmistaja ja vedenpit\u00e4v\u00e4 laukku tehdas, tuotamme raskaan puhdistusty\u00f6kalulaukku maailmanlaajuinen teollisuuden tuotemerkkej\u00e4. Ty\u00f6kalulaukkuyrityksemme tarjoaa:<\/p>\n<p>\u2705 <strong>IPX5 vedenpit\u00e4v\u00e4t ty\u00f6kalulaukut<\/strong> (600D polyesteri + hitsatut saumat)<br \/>\n\u2705 <strong>Mukautetut lokerot<\/strong> puhdistuslaitteisiin (MOQ 300 kpl)<br \/>\n\u2705 <strong>OEM\/ODM-palvelut<\/strong> yksityisen merkin ty\u00f6kalulaukkuja varten<br \/>\n\u2705 <strong>Irtotavaran ty\u00f6kalulaukkujen tuotanto<\/strong> 10 p\u00e4iv\u00e4n toimituksella<\/p>\n<p>Ty\u00f6kalulaukkujen tukkukauppiaiden ja siivoustarvikkeiden toimittajien luottamus. T\u00e4rkeimm\u00e4t ominaisuudet:<br \/>\n- Anti-mikrobinen vuori &amp; vahvistetut kantokahvat<br \/>\n- MOLLE-hihnat ty\u00f6kalujen kiinnitt\u00e4mist\u00e4 ja irrotettavia hihnoja varten<br \/>\n- RFID-varatunnisteet ja v\u00e4rikoodatut organisaatiopaneelit<\/p>\n<p><strong>Miksi kumppani meid\u00e4n ty\u00f6kalu laukku tehdas<\/strong>:<br \/>\n\ud83d\udd39 12+ vuotta huipputy\u00f6kalulaukkujen viejin\u00e4 Kiinasta<br \/>\n\ud83d\udd39 Ilmainen 3D-suunnittelu teollisen tuotemerkkisi kanssa<br \/>\n\ud83d\udd39 OEKO-Tex\/SGS-sertifioidut kulutusta kest\u00e4v\u00e4t materiaalit<br \/>\n\ud83d\udd39 30%-alennus ty\u00f6kalulaukkujen myyjille yli 2500 yksik\u00f6st\u00e4<\/p>\n<p>Pyyd\u00e4 ilmaisia n\u00e4ytteit\u00e4 puhdistusty\u00f6kalulaukustamme tai pyyd\u00e4 heti tarjouksia. Ty\u00f6kalulaukku toimittajat nauttivat:<br \/>\n- Custom MOQ alkaen 300 kpl<br \/>\n- Er\u00e4kohtaiset kulumistestausraportit<br \/>\n- Ensisijainen lento- ja merirahdin jakaminen<\/p>\n<\/div>\n<\/div>\n<\/div>\n<\/div>","protected":false},"excerpt":{"rendered":"<h2 data-immersive-translate-walked=\"344be1c1-5052-41eb-8fcd-0dbe236a0d6b\" data-immersive-translate-paragraph=\"1\">Puhdistus ty\u00f6kalu laukku valmistaja | Custom OEM Solutions<\/h2>\n<p>1. SUURI KAPASITEETTI: Siivouspussissa on 4 taitettavaa sis\u00e4ist\u00e4 jakotukkia, jotka jakavat suuren osaston 5 osastoon, joten siivoustarvikkeet on helppo j\u00e4rjest\u00e4\u00e4 siististi. Takapuolella on varkaudenestotasku, jossa voit s\u00e4ilytt\u00e4\u00e4 puhelimia, k\u00e4yntikortteja, latureita ja muuta.<\/p>\n<p>2. MONI TASKUA: Suuret vuotamattomat sivutaskut sopivat erinomaisesti isommille pulloille, m\u00e4rille r\u00e4teille, sienille ja harjoille, joten siivousv\u00e4lineit\u00e4 on helppo kuljettaa, etk\u00e4 en\u00e4\u00e4 koskaan murehdi ty\u00f6kalujen hukkaamisesta.<\/p>","protected":false},"featured_media":3843,"template":"","meta":{"_uag_custom_page_level_css":""},"product_brand":[],"product_cat":[49],"product_tag":[],"class_list":{"0":"post-3840","1":"product","2":"type-product","3":"status-publish","4":"has-post-thumbnail","6":"product_cat-tool-bag","8":"first","9":"instock","10":"shipping-taxable","11":"product-type-simple"},"uagb_featured_image_src":{"full":["https:\/\/pecbag.com\/wp-content\/uploads\/2025\/05\/Cleaning-Tool-Bag-Manufacturer-2.jpeg",1500,1500,false],"thumbnail":["https:\/\/pecbag.com\/wp-content\/uploads\/2025\/05\/Cleaning-Tool-Bag-Manufacturer-2-150x150.jpeg",150,150,true],"medium":["https:\/\/pecbag.com\/wp-content\/uploads\/2025\/05\/Cleaning-Tool-Bag-Manufacturer-2-300x300.jpeg",300,300,true],"medium_large":["https:\/\/pecbag.com\/wp-content\/uploads\/2025\/05\/Cleaning-Tool-Bag-Manufacturer-2-768x768.jpeg",768,768,true],"large":["https:\/\/pecbag.com\/wp-content\/uploads\/2025\/05\/Cleaning-Tool-Bag-Manufacturer-2-1024x1024.jpeg",800,800,true],"1536x1536":["https:\/\/pecbag.com\/wp-content\/uploads\/2025\/05\/Cleaning-Tool-Bag-Manufacturer-2.jpeg",1500,1500,false],"2048x2048":["https:\/\/pecbag.com\/wp-content\/uploads\/2025\/05\/Cleaning-Tool-Bag-Manufacturer-2.jpeg",1500,1500,false],"trp-custom-language-flag":["https:\/\/pecbag.com\/wp-content\/uploads\/2025\/05\/Cleaning-Tool-Bag-Manufacturer-2-12x12.jpeg",12,12,true],"woocommerce_thumbnail":["https:\/\/pecbag.com\/wp-content\/uploads\/2025\/05\/Cleaning-Tool-Bag-Manufacturer-2-300x300.jpeg",300,300,true],"woocommerce_single":["https:\/\/pecbag.com\/wp-content\/uploads\/2025\/05\/Cleaning-Tool-Bag-Manufacturer-2-600x600.jpeg",600,600,true],"woocommerce_gallery_thumbnail":["https:\/\/pecbag.com\/wp-content\/uploads\/2025\/05\/Cleaning-Tool-Bag-Manufacturer-2-100x100.jpeg",100,100,true]},"uagb_author_info":{"display_name":"Lawrence","author_link":"https:\/\/pecbag.com\/fi\/author\/"},"uagb_comment_info":0,"uagb_excerpt":"Cleaning Tool Bag Manufacturer | Custom OEM Solutions 1. LARGE CAPACITY: The cleaning caddy bag features 4 foldable inner dividers, dividing a large compartment into 5 compartments, making it easy to organize your cleaning supplies neatly. The back has an anti-theft pocket to keep phones, business cards, chargers, and more. 2. MANY POCKETS: Large leak-proof&hellip;","_links":{"self":[{"href":"https:\/\/pecbag.com\/fi\/wp-json\/wp\/v2\/product\/3840","targetHints":{"allow":["GET"]}}],"collection":[{"href":"https:\/\/pecbag.com\/fi\/wp-json\/wp\/v2\/product"}],"about":[{"href":"https:\/\/pecbag.com\/fi\/wp-json\/wp\/v2\/types\/product"}],"wp:featuredmedia":[{"embeddable":true,"href":"https:\/\/pecbag.com\/fi\/wp-json\/wp\/v2\/media\/3843"}],"wp:attachment":[{"href":"https:\/\/pecbag.com\/fi\/wp-json\/wp\/v2\/media?parent=3840"}],"wp:term":[{"taxonomy":"product_brand","embeddable":true,"href":"https:\/\/pecbag.com\/fi\/wp-json\/wp\/v2\/product_brand?post=3840"},{"taxonomy":"product_cat","embeddable":true,"href":"https:\/\/pecbag.com\/fi\/wp-json\/wp\/v2\/product_cat?post=3840"},{"taxonomy":"product_tag","embeddable":true,"href":"https:\/\/pecbag.com\/fi\/wp-json\/wp\/v2\/product_tag?post=3840"}],"curies":[{"name":"wp","href":"https:\/\/api.w.org\/{rel}","templated":true}]}}