{"id":3847,"date":"2025-05-28T07:17:44","date_gmt":"2025-05-28T07:17:44","guid":{"rendered":"https:\/\/pecbag.com\/?post_type=product&#038;p=3847"},"modified":"2025-11-29T01:44:36","modified_gmt":"2025-11-29T01:44:36","slug":"professional-electrician-tool-carry-bag","status":"publish","type":"product","link":"https:\/\/pecbag.com\/fi\/professional-electrician-tool-carry-bag\/","title":{"rendered":"Ammattimainen s\u00e4hk\u00f6asentaja ty\u00f6kalujen kantolaukku"},"content":{"rendered":"<h5 title=\"Kokoontaitettava koira laukku hengitt\u00e4v\u00e4 mesh lemmikkiel\u00e4inten olkalaukku pienille lemmikkiel\u00e4inten koirille kissoille\" data-immersive-translate-walked=\"1c928421-2e42-4cd3-8754-5404553c0af5\" data-immersive-translate-paragraph=\"1\" data-spm-anchor-id=\"a2700.details.0.i35.4f6757d4w4zNZA\">Ammattimainen s\u00e4hk\u00f6asentaja ty\u00f6kalu kuljettaa laukut | Vedenpit\u00e4v\u00e4 laukku tehdas &amp; reppu valmistaja - Bulk Industrial Solutions - Bulk Industrial Solutions<\/h5>\n<div class=\"flex flex-grow flex-col max-w-full\">\n<div class=\"min-h-[20px] text-message flex w-full flex-col items-end gap-2 whitespace-pre-wrap break-words [.text-message+&amp;]:mt-5 overflow-x-auto\" dir=\"auto\" data-message-author-role=\"assistant\" data-message-id=\"3d7d46f6-7ec2-4222-9257-48fa0bba23c6\" data-suggestions=\"true\">\n<div class=\"flex w-full flex-col gap-1 empty:hidden first:pt-[3px]\">\n<div class=\"markdown prose w-full break-words dark:prose-invert light\">\n<table width=\"288\">\n<tbody>\n<tr>\n<td width=\"137\"><span style=\"color: #333333;\">Tuotteiden nimi<\/span><\/td>\n<td width=\"151\">Ty\u00f6kalulaukku<\/td>\n<\/tr>\n<tr>\n<td><span style=\"color: #333333;\">Tuotenro.<\/span><\/td>\n<td><span style=\"color: #333333;\">PB-2099<\/span><\/td>\n<\/tr>\n<tr>\n<td><span style=\"color: #333333;\">Materiaali<\/span><\/td>\n<td>600D polyesteri<\/td>\n<\/tr>\n<tr>\n<td><span style=\"color: #333333;\">\u00a0Koko ja v\u00e4ri<\/span><\/td>\n<td>15 x 11 x 5 tuumaa<\/td>\n<\/tr>\n<tr>\n<td><span style=\"color: #333333;\">\u00a0Toimitusaika<\/span><\/td>\n<td><span style=\"color: #333333;\">1-5 p\u00e4iv\u00e4\u00e4 pienille m\u00e4\u00e4rille lentoteitse ja 30-35 p\u00e4iv\u00e4\u00e4 suurille m\u00e4\u00e4rille meritse.<\/span><\/td>\n<\/tr>\n<\/tbody>\n<\/table>\n<p>Koska Kiinan johtava ty\u00f6kalu laukku valmistaja ja vedenpit\u00e4v\u00e4 laukku tehdas, me insin\u00f6\u00f6ri ammatillinen s\u00e4hk\u00f6asentaja ty\u00f6kalu kuljettaa laukku maailmanlaajuinen teollisuuden tuotemerkkej\u00e4. Meid\u00e4n ty\u00f6kalu laukku yritys tarjoaa:<\/p>\n<p>\u2705 <strong>IPX5 vedenpit\u00e4v\u00e4 suojaus<\/strong> (600D polyesteri + hitsatut saumat)<br \/>\n\u2705 <strong>Mukautettavat lokerot<\/strong> s\u00e4hk\u00f6ty\u00f6kaluille (MOQ 300 kpl)<br \/>\n\u2705 <strong>OEM\/ODM-palvelut<\/strong> yksityisen merkin ty\u00f6kalulaukkuja varten<br \/>\n\u2705 <strong>Irtotavaran ty\u00f6kalulaukkujen tuotanto<\/strong> 10 p\u00e4iv\u00e4n toimituksella<\/p>\n<p>Ty\u00f6kalulaukkujen tukkukauppiaat ja MRO-toimittajat luottavat siihen. T\u00e4rkeimm\u00e4t ominaisuudet:<br \/>\n- Antistaattinen vuori &amp; eristetyt ty\u00f6kalupes\u00e4t<br \/>\n- MOLLE-hihnat + irrotettavat olkahihnat<br \/>\n- RFID-tunnisteet ja v\u00e4rikoodattu organisaatio<\/p>\n<p><strong>Miksi kumppani meid\u00e4n ty\u00f6kalu laukku tehdas<\/strong>:<br \/>\n\ud83d\udd39 15+ vuotta huipputy\u00f6kalulaukkujen viejin\u00e4 Kiinasta<br \/>\n\ud83d\udd39 Ilmainen 3D-suunnittelu teollisen tuotemerkkisi kanssa<br \/>\n\ud83d\udd39 OEKO-Tex\/SGS-sertifioidut liekinkest\u00e4v\u00e4t materiaalit.<br \/>\n\ud83d\udd39 30%-alennus ty\u00f6kalulaukkujen myyjille yli 3 000 yksik\u00f6st\u00e4<\/p>\n<p>Pyyd\u00e4 ilmaisia n\u00e4ytteit\u00e4 s\u00e4hk\u00f6asentajan ty\u00f6kalulaukustamme tai pyyd\u00e4 heti tarjouksia. Ty\u00f6kalulaukku toimittajat nauttivat:<br \/>\n- Custom MOQ alkaen 300 kpl<br \/>\n- Er\u00e4kohtaiset dielektriset testausraportit<br \/>\n- Ensisijainen lento- ja merirahdin jakaminen<\/p>\n<\/div>\n<\/div>\n<\/div>\n<\/div>","protected":false},"excerpt":{"rendered":"<h2 data-immersive-translate-walked=\"344be1c1-5052-41eb-8fcd-0dbe236a0d6b\" data-immersive-translate-paragraph=\"1\">Ammattimainen s\u00e4hk\u00f6asentaja ty\u00f6kalu kuljettaa laukku - Custom vedenpit\u00e4v\u00e4 OEM<\/h2>\n<p>1. Sis\u00e4inen metallikehys mahdollistaa helpon p\u00e4\u00e4syn ja est\u00e4\u00e4 laukkua romahtamasta sis\u00e4\u00e4np\u00e4in.<\/p>\n<p>2. Kolminkertainen neulatikkausrakenne, kest\u00e4v\u00e4t vetokahvat, SBS-vetoketjut, metalliosat ja kulutusta kest\u00e4v\u00e4 pohja.<\/p>","protected":false},"featured_media":3848,"template":"","meta":{"_uag_custom_page_level_css":""},"product_brand":[],"product_cat":[49],"product_tag":[],"class_list":{"0":"post-3847","1":"product","2":"type-product","3":"status-publish","4":"has-post-thumbnail","6":"product_cat-tool-bag","8":"first","9":"instock","10":"shipping-taxable","11":"product-type-simple"},"uagb_featured_image_src":{"full":["https:\/\/pecbag.com\/wp-content\/uploads\/2025\/05\/Professional-Electrician-Tool-Carry-Bag-5.jpeg",600,600,false],"thumbnail":["https:\/\/pecbag.com\/wp-content\/uploads\/2025\/05\/Professional-Electrician-Tool-Carry-Bag-5-150x150.jpeg",150,150,true],"medium":["https:\/\/pecbag.com\/wp-content\/uploads\/2025\/05\/Professional-Electrician-Tool-Carry-Bag-5-300x300.jpeg",300,300,true],"medium_large":["https:\/\/pecbag.com\/wp-content\/uploads\/2025\/05\/Professional-Electrician-Tool-Carry-Bag-5.jpeg",600,600,false],"large":["https:\/\/pecbag.com\/wp-content\/uploads\/2025\/05\/Professional-Electrician-Tool-Carry-Bag-5.jpeg",600,600,false],"1536x1536":["https:\/\/pecbag.com\/wp-content\/uploads\/2025\/05\/Professional-Electrician-Tool-Carry-Bag-5.jpeg",600,600,false],"2048x2048":["https:\/\/pecbag.com\/wp-content\/uploads\/2025\/05\/Professional-Electrician-Tool-Carry-Bag-5.jpeg",600,600,false],"trp-custom-language-flag":["https:\/\/pecbag.com\/wp-content\/uploads\/2025\/05\/Professional-Electrician-Tool-Carry-Bag-5-12x12.jpeg",12,12,true],"woocommerce_thumbnail":["https:\/\/pecbag.com\/wp-content\/uploads\/2025\/05\/Professional-Electrician-Tool-Carry-Bag-5-300x300.jpeg",300,300,true],"woocommerce_single":["https:\/\/pecbag.com\/wp-content\/uploads\/2025\/05\/Professional-Electrician-Tool-Carry-Bag-5.jpeg",600,600,false],"woocommerce_gallery_thumbnail":["https:\/\/pecbag.com\/wp-content\/uploads\/2025\/05\/Professional-Electrician-Tool-Carry-Bag-5-100x100.jpeg",100,100,true]},"uagb_author_info":{"display_name":"Lawrence","author_link":"https:\/\/pecbag.com\/fi\/author\/"},"uagb_comment_info":0,"uagb_excerpt":"Professional Electrician Tool Carry Bag - Custom Waterproof OEM 1. The internal metal frame provides easy access and prevents the bag from collapsing inward. 2. Triple needle-stitch construction, rugged haul handles, SBS zippers, metal hardware, and abrasion-resistant base.","_links":{"self":[{"href":"https:\/\/pecbag.com\/fi\/wp-json\/wp\/v2\/product\/3847","targetHints":{"allow":["GET"]}}],"collection":[{"href":"https:\/\/pecbag.com\/fi\/wp-json\/wp\/v2\/product"}],"about":[{"href":"https:\/\/pecbag.com\/fi\/wp-json\/wp\/v2\/types\/product"}],"wp:featuredmedia":[{"embeddable":true,"href":"https:\/\/pecbag.com\/fi\/wp-json\/wp\/v2\/media\/3848"}],"wp:attachment":[{"href":"https:\/\/pecbag.com\/fi\/wp-json\/wp\/v2\/media?parent=3847"}],"wp:term":[{"taxonomy":"product_brand","embeddable":true,"href":"https:\/\/pecbag.com\/fi\/wp-json\/wp\/v2\/product_brand?post=3847"},{"taxonomy":"product_cat","embeddable":true,"href":"https:\/\/pecbag.com\/fi\/wp-json\/wp\/v2\/product_cat?post=3847"},{"taxonomy":"product_tag","embeddable":true,"href":"https:\/\/pecbag.com\/fi\/wp-json\/wp\/v2\/product_tag?post=3847"}],"curies":[{"name":"wp","href":"https:\/\/api.w.org\/{rel}","templated":true}]}}