{"id":3853,"date":"2025-05-28T07:28:47","date_gmt":"2025-05-28T07:28:47","guid":{"rendered":"https:\/\/pecbag.com\/?post_type=product&#038;p=3853"},"modified":"2025-11-29T01:44:22","modified_gmt":"2025-11-29T01:44:22","slug":"heavy-duty-organizer-tool-bag","status":"publish","type":"product","link":"https:\/\/pecbag.com\/fi\/heavy-duty-organizer-tool-bag\/","title":{"rendered":"Raskas j\u00e4rjest\u00e4j\u00e4 ty\u00f6kalulaukku"},"content":{"rendered":"<h5 title=\"Kokoontaitettava koira laukku hengitt\u00e4v\u00e4 mesh lemmikkiel\u00e4inten olkalaukku pienille lemmikkiel\u00e4inten koirille kissoille\" data-immersive-translate-walked=\"1c928421-2e42-4cd3-8754-5404553c0af5\" data-immersive-translate-paragraph=\"1\" data-spm-anchor-id=\"a2700.details.0.i35.4f6757d4w4zNZA\">Raskas j\u00e4rjest\u00e4j\u00e4 ty\u00f6kalu laukut | Vedenpit\u00e4v\u00e4 laukku tehdas &amp; reppu valmistaja - Bulk Industrial Solutions Technology Ltd.<\/h5>\n<div class=\"flex flex-grow flex-col max-w-full\">\n<div class=\"min-h-[20px] text-message flex w-full flex-col items-end gap-2 whitespace-pre-wrap break-words [.text-message+&amp;]:mt-5 overflow-x-auto\" dir=\"auto\" data-message-author-role=\"assistant\" data-message-id=\"3d7d46f6-7ec2-4222-9257-48fa0bba23c6\" data-suggestions=\"true\">\n<div class=\"flex w-full flex-col gap-1 empty:hidden first:pt-[3px]\">\n<div class=\"markdown prose w-full break-words dark:prose-invert light\">\n<table width=\"288\">\n<tbody>\n<tr>\n<td width=\"137\"><span style=\"color: #333333;\">Tuotteiden nimi<\/span><\/td>\n<td width=\"151\">Ty\u00f6kalulaukku<\/td>\n<\/tr>\n<tr>\n<td><span style=\"color: #333333;\">Tuotenro.<\/span><\/td>\n<td><span style=\"color: #333333;\">PB-2100<\/span><\/td>\n<\/tr>\n<tr>\n<td><span style=\"color: #333333;\">Materiaali<\/span><\/td>\n<td>600D polyesteri<\/td>\n<\/tr>\n<tr>\n<td><span style=\"color: #333333;\">\u00a0Koko ja v\u00e4ri<\/span><\/td>\n<td>16 x 11 x 8 tuumaa<\/td>\n<\/tr>\n<tr>\n<td><span style=\"color: #333333;\">\u00a0Toimitusaika<\/span><\/td>\n<td><span style=\"color: #333333;\">1-5 p\u00e4iv\u00e4\u00e4 pienille m\u00e4\u00e4rille lentoteitse ja 30-35 p\u00e4iv\u00e4\u00e4 suurille m\u00e4\u00e4rille meritse.<\/span><\/td>\n<\/tr>\n<\/tbody>\n<\/table>\n<p>Koska Kiinan johtava ty\u00f6kalu laukku valmistaja ja vedenpit\u00e4v\u00e4 laukku tehdas, me insin\u00f6\u00f6ri raskaiden j\u00e4rjest\u00e4j\u00e4 ty\u00f6kalu laukku maailmanlaajuinen teollisuuden tuotemerkkej\u00e4. Meid\u00e4n ty\u00f6kalu laukku yritys tarjoaa:<\/p>\n<p>\u2705 <strong>IPX6 vedenpit\u00e4v\u00e4 suojaus<\/strong> (1000D PVC-p\u00e4\u00e4llystetty polyesteri)<br \/>\n\u2705 <strong>Mukautetut osastojen asettelut<\/strong> (MOQ 200 kpl) vaahtomuovipehmusteella.<br \/>\n\u2705 <strong>OEM\/ODM-palvelut<\/strong> osoitteessa <strong>yksityinen etiketti ty\u00f6kalu laukut<\/strong><br \/>\n\u2705 <strong>Irtotavaran ty\u00f6kalulaukkujen tuotanto<\/strong> 10 p\u00e4iv\u00e4n nopealla toimituksella<\/p>\n<p>Ty\u00f6kalulaukkujen tukkukauppiaat ja MRO-toimittajat luottavat siihen. T\u00e4rkeimm\u00e4t ominaisuudet:<br \/>\n- MOLLE\/PALS-hihnat ja irrotettavat olkahihnat<br \/>\n- RFID-varojen seuranta-aukot ja v\u00e4rikoodatut paneelit<br \/>\n- Anti-mikrobinen vuori &amp; vahvistettu pohja<\/p>\n<p><strong>Miksi kumppani meid\u00e4n ty\u00f6kalu laukku tehdas<\/strong>:<br \/>\n\ud83d\udd39 15+ vuotta huipputy\u00f6kalulaukkujen viejin\u00e4 Kiinasta<br \/>\n\ud83d\udd39 Ilmainen 3D-lokeron suunnittelu br\u00e4ndisi kanssa<br \/>\n\ud83d\udd39 OEKO-Tex\/SGS-sertifioidut teollisuusluokan materiaalit<br \/>\n\ud83d\udd39 30%-alennus ty\u00f6kalulaukkujen myyjille yli 3 000 yksik\u00f6st\u00e4<\/p>\n<p>Pyyd\u00e4 ilmaisia n\u00e4ytteit\u00e4 j\u00e4rjest\u00e4j\u00e4n ty\u00f6kalulaukusta tai pyyd\u00e4 v\u00e4litt\u00f6mi\u00e4 tarjouksia. Ty\u00f6kalulaukku toimittajat nauttivat:<br \/>\n- Custom MOQ alkaen 200 kpl<br \/>\n- Er\u00e4kohtaiset kulumistestausraportit<br \/>\n- Ensisijaiset lento- ja merirahtivaihtoehdot<\/p>\n<\/div>\n<\/div>\n<\/div>\n<\/div>","protected":false},"excerpt":{"rendered":"<h2 data-immersive-translate-walked=\"344be1c1-5052-41eb-8fcd-0dbe236a0d6b\" data-immersive-translate-paragraph=\"1\">Raskas organisoija ty\u00f6kalulaukku | Custom OEM Valmistaja Ratkaisut<\/h2>\n<p><strong>1. VAHVISTETTU POHJA KUMIJALOILLA:<\/strong>\u00a0Vahvistettu pohja takaa, ett\u00e4 laukku ei roiku. Kova pohja suojaa ty\u00f6kaluja my\u00f6s putoamisilta niit\u00e4 kuljetettaessa. Nelj\u00e4 kumijalkaa antavat lis\u00e4\u00e4 vakautta ja auttavat est\u00e4m\u00e4\u00e4n laukkusi ylim\u00e4\u00e4r\u00e4ist\u00e4 kulumista.<\/p>\n<p><strong>2. PIT\u00c4\u00c4 SIS\u00c4LL\u00c4\u00c4N KAIKKI TY\u00d6KALUT JA TARVIKKEET:<\/strong> S\u00e4ilytt\u00e4\u00e4 kaikki keskikokoiset ty\u00f6kalut, kuten vasarat, ruuvimeisselit, jakoavaimet, porat jne. Sopii my\u00f6s erinomaisesti k\u00e4sity\u00f6tarvikkeiden, kuten maalien, korujen, helmien tai ompelutarvikkeiden, puutarhatarvikkeiden, treeniv\u00e4lineiden, hiustenhoito- ja kampaamotarvikkeiden, kuten hiustenkuivaajien, suoristusrautojen ja kihartimien s\u00e4ilytykseen.<\/p>","protected":false},"featured_media":3854,"template":"","meta":{"_uag_custom_page_level_css":""},"product_brand":[],"product_cat":[49],"product_tag":[],"class_list":{"0":"post-3853","1":"product","2":"type-product","3":"status-publish","4":"has-post-thumbnail","6":"product_cat-tool-bag","8":"first","9":"instock","10":"shipping-taxable","11":"product-type-simple"},"uagb_featured_image_src":{"full":["https:\/\/pecbag.com\/wp-content\/uploads\/2025\/05\/Heavy-Duty-Organizer-Tool-Bag-4.jpeg",1000,1000,false],"thumbnail":["https:\/\/pecbag.com\/wp-content\/uploads\/2025\/05\/Heavy-Duty-Organizer-Tool-Bag-4-150x150.jpeg",150,150,true],"medium":["https:\/\/pecbag.com\/wp-content\/uploads\/2025\/05\/Heavy-Duty-Organizer-Tool-Bag-4-300x300.jpeg",300,300,true],"medium_large":["https:\/\/pecbag.com\/wp-content\/uploads\/2025\/05\/Heavy-Duty-Organizer-Tool-Bag-4-768x768.jpeg",768,768,true],"large":["https:\/\/pecbag.com\/wp-content\/uploads\/2025\/05\/Heavy-Duty-Organizer-Tool-Bag-4.jpeg",800,800,false],"1536x1536":["https:\/\/pecbag.com\/wp-content\/uploads\/2025\/05\/Heavy-Duty-Organizer-Tool-Bag-4.jpeg",1000,1000,false],"2048x2048":["https:\/\/pecbag.com\/wp-content\/uploads\/2025\/05\/Heavy-Duty-Organizer-Tool-Bag-4.jpeg",1000,1000,false],"trp-custom-language-flag":["https:\/\/pecbag.com\/wp-content\/uploads\/2025\/05\/Heavy-Duty-Organizer-Tool-Bag-4-12x12.jpeg",12,12,true],"woocommerce_thumbnail":["https:\/\/pecbag.com\/wp-content\/uploads\/2025\/05\/Heavy-Duty-Organizer-Tool-Bag-4-300x300.jpeg",300,300,true],"woocommerce_single":["https:\/\/pecbag.com\/wp-content\/uploads\/2025\/05\/Heavy-Duty-Organizer-Tool-Bag-4-600x600.jpeg",600,600,true],"woocommerce_gallery_thumbnail":["https:\/\/pecbag.com\/wp-content\/uploads\/2025\/05\/Heavy-Duty-Organizer-Tool-Bag-4-100x100.jpeg",100,100,true]},"uagb_author_info":{"display_name":"Lawrence","author_link":"https:\/\/pecbag.com\/fi\/author\/"},"uagb_comment_info":0,"uagb_excerpt":"Heavy-Duty Organizer Tool Bag | Custom OEM Manufacturer Solutions 1. REINFORCED BOTTOM WITH RUBBER FEET:\u00a0The reinforced bottom ensures that your bag will not sag. The hard bottom will also protect your tools from falls while transporting them. Four rubber feet provide extra stability and help prevent additional wear and tear on your bag. 2. HOLDS&hellip;","_links":{"self":[{"href":"https:\/\/pecbag.com\/fi\/wp-json\/wp\/v2\/product\/3853","targetHints":{"allow":["GET"]}}],"collection":[{"href":"https:\/\/pecbag.com\/fi\/wp-json\/wp\/v2\/product"}],"about":[{"href":"https:\/\/pecbag.com\/fi\/wp-json\/wp\/v2\/types\/product"}],"wp:featuredmedia":[{"embeddable":true,"href":"https:\/\/pecbag.com\/fi\/wp-json\/wp\/v2\/media\/3854"}],"wp:attachment":[{"href":"https:\/\/pecbag.com\/fi\/wp-json\/wp\/v2\/media?parent=3853"}],"wp:term":[{"taxonomy":"product_brand","embeddable":true,"href":"https:\/\/pecbag.com\/fi\/wp-json\/wp\/v2\/product_brand?post=3853"},{"taxonomy":"product_cat","embeddable":true,"href":"https:\/\/pecbag.com\/fi\/wp-json\/wp\/v2\/product_cat?post=3853"},{"taxonomy":"product_tag","embeddable":true,"href":"https:\/\/pecbag.com\/fi\/wp-json\/wp\/v2\/product_tag?post=3853"}],"curies":[{"name":"wp","href":"https:\/\/api.w.org\/{rel}","templated":true}]}}