{"id":3875,"date":"2025-05-28T08:26:55","date_gmt":"2025-05-28T08:26:55","guid":{"rendered":"https:\/\/pecbag.com\/?post_type=product&#038;p=3875"},"modified":"2025-11-29T01:30:49","modified_gmt":"2025-11-29T01:30:49","slug":"large-cosmetic-pouch-manufacturer","status":"publish","type":"product","link":"https:\/\/pecbag.com\/fi\/large-cosmetic-pouch-manufacturer\/","title":{"rendered":"Suuri kosmetiikkapussi valmistaja"},"content":{"rendered":"<h5 title=\"Kokoontaitettava koira laukku hengitt\u00e4v\u00e4 mesh lemmikkiel\u00e4inten olkalaukku pienille lemmikkiel\u00e4inten koirille kissoille\" data-immersive-translate-walked=\"1c928421-2e42-4cd3-8754-5404553c0af5\" data-immersive-translate-paragraph=\"1\" data-spm-anchor-id=\"a2700.details.0.i35.4f6757d4w4zNZA\">Suuri kosmetiikkapussin valmistaja | Vedenpit\u00e4v\u00e4 laukku tehdas &amp; reppu valmistaja - Bulk Beauty Solutions - Bulk Beauty Solutions<\/h5>\n<div class=\"flex flex-grow flex-col max-w-full\">\n<div class=\"min-h-[20px] text-message flex w-full flex-col items-end gap-2 whitespace-pre-wrap break-words [.text-message+&amp;]:mt-5 overflow-x-auto\" dir=\"auto\" data-message-author-role=\"assistant\" data-message-id=\"3d7d46f6-7ec2-4222-9257-48fa0bba23c6\" data-suggestions=\"true\">\n<div class=\"flex w-full flex-col gap-1 empty:hidden first:pt-[3px]\">\n<div class=\"markdown prose w-full break-words dark:prose-invert light\">\n<table width=\"288\">\n<tbody>\n<tr>\n<td width=\"137\"><span style=\"color: #333333;\">Tuotteiden nimi<\/span><\/td>\n<td width=\"151\"><span style=\"color: #333333;\">Meikkilaukku<\/span><\/td>\n<\/tr>\n<tr>\n<td><span style=\"color: #333333;\">Tuotenro.<\/span><\/td>\n<td><span style=\"color: #333333;\">PB-2103<\/span><\/td>\n<\/tr>\n<tr>\n<td><span style=\"color: #333333;\">Materiaali<\/span><\/td>\n<td><span style=\"color: #333333;\">Puuvilla, polyesteri, fleece<\/span><\/td>\n<\/tr>\n<tr>\n<td><span style=\"color: #333333;\">\u00a0Koko ja v\u00e4ri<\/span><\/td>\n<td><span style=\"color: #333333;\">R\u00e4\u00e4t\u00e4l\u00f6ity<\/span><\/td>\n<\/tr>\n<tr>\n<td><span style=\"color: #333333;\">\u00a0Toimitusaika<\/span><\/td>\n<td><span style=\"color: #333333;\">1-5 p\u00e4iv\u00e4\u00e4 pienille m\u00e4\u00e4rille lentoteitse ja 30-35 p\u00e4iv\u00e4\u00e4 suurille m\u00e4\u00e4rille meritse.<\/span><\/td>\n<\/tr>\n<\/tbody>\n<\/table>\n<p>Koska Kiinan johtava meikki laukku valmistaja ja vedenpit\u00e4v\u00e4 laukku tehdas, olemme erikoistuneet tuottamaan suuria kosmeettisia pussit globaalin kauneuden tuotemerkkej\u00e4. Meid\u00e4n meikkipussi yritys toimittaa:<\/p>\n<p>\u2705 <strong>IPX5 vedenpit\u00e4v\u00e4t vetoketjut<\/strong> (vegaaninahka + 600D kierr\u00e4tetty polyesteri)<br \/>\n\u2705 <strong>Ylisuuret lokerot<\/strong> harjan\/peilin paikoilla (MOQ 200 kpl)<br \/>\n\u2705 <strong>ODM\/OEM-palvelut<\/strong> yksityisen tuotemerkin meikkipusseja varten<br \/>\n\u2705 <strong>Bulk meikkipussin tuotanto<\/strong> 12 p\u00e4iv\u00e4n toimituksella<\/p>\n<p>Meikkilaukkujen tukkukauppiaat ja luksuskosmetiikan v\u00e4hitt\u00e4ismyyj\u00e4t luottavat meikkilaukkuihin. T\u00e4rkeimm\u00e4t ominaisuudet:<br \/>\n- RFID-sulkevat korttitaskut &amp; anti-tarnish-vuori<br \/>\n- Irrotettavat rannehihnat ja lahjapakkaus<br \/>\n- OEKO-Tex-sertifioidut julmuudesta vapaat materiaalit<\/p>\n<p><strong>Miksi valita meid\u00e4n meikkilaukku tehdas<\/strong>:<br \/>\n\ud83d\udd39 15+ vuotta alkuun meikkilaukku viej\u00e4t Kiinasta<br \/>\n\ud83d\udd39 Ilmainen 3D-suunnittelu br\u00e4ndisi v\u00e4ripaletilla<br \/>\n\ud83d\udd39 SGS\/REACH-sertifioitu kest\u00e4v\u00e4 tuotanto<br \/>\n\ud83d\udd39 30%-alennus meikkilaukkujen myyjille yli 3000 yksik\u00f6st\u00e4<\/p>\n<p>Pyyd\u00e4 ilmaisia n\u00e4ytteit\u00e4 kosmeettisista pusseistamme tai pyyd\u00e4 heti tarjouksia. Meikkipussin toimittajat nauttivat:<br \/>\n- Custom MOQ alkaen 200 kpl<br \/>\n- Er\u00e4kohtaiset laatusertifikaatit<br \/>\n- Ensisijainen lento- ja merirahtijako<\/p>\n<\/div>\n<\/div>\n<\/div>\n<\/div>","protected":false},"excerpt":{"rendered":"<h2 data-immersive-translate-walked=\"344be1c1-5052-41eb-8fcd-0dbe236a0d6b\" data-immersive-translate-paragraph=\"1\">Suuri kosmetiikkapussi valmistaja<\/h2>\n<p>Tarjoamme palkkio laukut t\u00e4yden koon ja v\u00e4rin r\u00e4\u00e4t\u00e4l\u00f6inti, kest\u00e4v\u00e4 kankaat, ja sertifioitu laatu.<\/p>\n<p>Nauti joustavista MOQ-arvoista, nopeasta maailmanlaajuisesta toimituksesta ja private label -ratkaisuista.<\/p>\n<p>Ota yhteytt\u00e4 jo t\u00e4n\u00e4\u00e4n!<\/p>","protected":false},"featured_media":3880,"template":"","meta":{"_uag_custom_page_level_css":""},"product_brand":[],"product_cat":[53],"product_tag":[],"class_list":{"0":"post-3875","1":"product","2":"type-product","3":"status-publish","4":"has-post-thumbnail","6":"product_cat-makeup-bag","8":"first","9":"instock","10":"shipping-taxable","11":"product-type-simple"},"uagb_featured_image_src":{"full":["https:\/\/pecbag.com\/wp-content\/uploads\/2025\/05\/Large-Cosmetic-Pouch-Manufacturer-2.jpeg",600,600,false],"thumbnail":["https:\/\/pecbag.com\/wp-content\/uploads\/2025\/05\/Large-Cosmetic-Pouch-Manufacturer-2-150x150.jpeg",150,150,true],"medium":["https:\/\/pecbag.com\/wp-content\/uploads\/2025\/05\/Large-Cosmetic-Pouch-Manufacturer-2-300x300.jpeg",300,300,true],"medium_large":["https:\/\/pecbag.com\/wp-content\/uploads\/2025\/05\/Large-Cosmetic-Pouch-Manufacturer-2.jpeg",600,600,false],"large":["https:\/\/pecbag.com\/wp-content\/uploads\/2025\/05\/Large-Cosmetic-Pouch-Manufacturer-2.jpeg",600,600,false],"1536x1536":["https:\/\/pecbag.com\/wp-content\/uploads\/2025\/05\/Large-Cosmetic-Pouch-Manufacturer-2.jpeg",600,600,false],"2048x2048":["https:\/\/pecbag.com\/wp-content\/uploads\/2025\/05\/Large-Cosmetic-Pouch-Manufacturer-2.jpeg",600,600,false],"trp-custom-language-flag":["https:\/\/pecbag.com\/wp-content\/uploads\/2025\/05\/Large-Cosmetic-Pouch-Manufacturer-2-12x12.jpeg",12,12,true],"woocommerce_thumbnail":["https:\/\/pecbag.com\/wp-content\/uploads\/2025\/05\/Large-Cosmetic-Pouch-Manufacturer-2-300x300.jpeg",300,300,true],"woocommerce_single":["https:\/\/pecbag.com\/wp-content\/uploads\/2025\/05\/Large-Cosmetic-Pouch-Manufacturer-2.jpeg",600,600,false],"woocommerce_gallery_thumbnail":["https:\/\/pecbag.com\/wp-content\/uploads\/2025\/05\/Large-Cosmetic-Pouch-Manufacturer-2-100x100.jpeg",100,100,true]},"uagb_author_info":{"display_name":"Lawrence","author_link":"https:\/\/pecbag.com\/fi\/author\/"},"uagb_comment_info":0,"uagb_excerpt":"Large Cosmetic Pouch Manufacturer We provide premium bags with full-size and color customization, durable fabrics, and certified quality. Enjoy flexible MOQs, fast global shipping, and private label solutions. Contact us today!","_links":{"self":[{"href":"https:\/\/pecbag.com\/fi\/wp-json\/wp\/v2\/product\/3875","targetHints":{"allow":["GET"]}}],"collection":[{"href":"https:\/\/pecbag.com\/fi\/wp-json\/wp\/v2\/product"}],"about":[{"href":"https:\/\/pecbag.com\/fi\/wp-json\/wp\/v2\/types\/product"}],"wp:featuredmedia":[{"embeddable":true,"href":"https:\/\/pecbag.com\/fi\/wp-json\/wp\/v2\/media\/3880"}],"wp:attachment":[{"href":"https:\/\/pecbag.com\/fi\/wp-json\/wp\/v2\/media?parent=3875"}],"wp:term":[{"taxonomy":"product_brand","embeddable":true,"href":"https:\/\/pecbag.com\/fi\/wp-json\/wp\/v2\/product_brand?post=3875"},{"taxonomy":"product_cat","embeddable":true,"href":"https:\/\/pecbag.com\/fi\/wp-json\/wp\/v2\/product_cat?post=3875"},{"taxonomy":"product_tag","embeddable":true,"href":"https:\/\/pecbag.com\/fi\/wp-json\/wp\/v2\/product_tag?post=3875"}],"curies":[{"name":"wp","href":"https:\/\/api.w.org\/{rel}","templated":true}]}}