{"id":3882,"date":"2025-05-28T08:36:39","date_gmt":"2025-05-28T08:36:39","guid":{"rendered":"https:\/\/pecbag.com\/?post_type=product&#038;p=3882"},"modified":"2025-11-29T01:30:41","modified_gmt":"2025-11-29T01:30:41","slug":"portable-travel-makeup-bag","status":"publish","type":"product","link":"https:\/\/pecbag.com\/fi\/portable-travel-makeup-bag\/","title":{"rendered":"Kannettava matka meikkilaukku"},"content":{"rendered":"<h5 title=\"Kokoontaitettava koira laukku hengitt\u00e4v\u00e4 mesh lemmikkiel\u00e4inten olkalaukku pienille lemmikkiel\u00e4inten koirille kissoille\" data-immersive-translate-walked=\"1c928421-2e42-4cd3-8754-5404553c0af5\" data-immersive-translate-paragraph=\"1\" data-spm-anchor-id=\"a2700.details.0.i35.4f6757d4w4zNZA\">Kannettavat matka-meikkilaukut | Vedenpit\u00e4v\u00e4 laukku tehdas &amp; reppuvalmistaja - Bulk Beauty Solutions - Bulk Beauty Solutions<\/h5>\n<div class=\"flex flex-grow flex-col max-w-full\">\n<div class=\"min-h-[20px] text-message flex w-full flex-col items-end gap-2 whitespace-pre-wrap break-words [.text-message+&amp;]:mt-5 overflow-x-auto\" dir=\"auto\" data-message-author-role=\"assistant\" data-message-id=\"3d7d46f6-7ec2-4222-9257-48fa0bba23c6\" data-suggestions=\"true\">\n<div class=\"flex w-full flex-col gap-1 empty:hidden first:pt-[3px]\">\n<div class=\"markdown prose w-full break-words dark:prose-invert light\">\n<table width=\"288\">\n<tbody>\n<tr>\n<td width=\"137\"><span style=\"color: #333333;\">Tuotteiden nimi<\/span><\/td>\n<td width=\"151\"><span style=\"color: #333333;\">Meikkilaukku<\/span><\/td>\n<\/tr>\n<tr>\n<td><span style=\"color: #333333;\">Tuotenro.<\/span><\/td>\n<td><span style=\"color: #333333;\">PB-2104<\/span><\/td>\n<\/tr>\n<tr>\n<td><span style=\"color: #333333;\">Materiaali<\/span><\/td>\n<td><span style=\"color: #333333;\">Puuvilla, polyesteri, fleece<\/span><\/td>\n<\/tr>\n<tr>\n<td><span style=\"color: #333333;\">\u00a0Koko ja v\u00e4ri<\/span><\/td>\n<td><span style=\"color: #333333;\">R\u00e4\u00e4t\u00e4l\u00f6ity<\/span><\/td>\n<\/tr>\n<tr>\n<td><span style=\"color: #333333;\">\u00a0Toimitusaika<\/span><\/td>\n<td><span style=\"color: #333333;\">1-5 p\u00e4iv\u00e4\u00e4 pienille m\u00e4\u00e4rille lentoteitse ja 30-35 p\u00e4iv\u00e4\u00e4 suurille m\u00e4\u00e4rille meritse.<\/span><\/td>\n<\/tr>\n<\/tbody>\n<\/table>\n<p>Koska Kiinan johtava meikkilaukku valmistaja ja vedenpit\u00e4v\u00e4 laukku tehdas, suunnittelemme kannettava matka meikkilaukku maailmanlaajuinen kauneus tuotemerkkej\u00e4. Meid\u00e4n meikkilaukku yritys tarjoaa:<\/p>\n<p>\u2705 <strong>Ultrakevyt vedenpit\u00e4v\u00e4 rakenne<\/strong> (300D nylon + IPX4-pinnoite)<br \/>\n\u2705 <strong>TSA-hyv\u00e4ksytty kompakti koko<\/strong> jossa on 8+ lokeroa (MOQ 200 kpl)<br \/>\n\u2705 <strong>ODM\/OEM-palvelut<\/strong> yksityisen tuotemerkin meikkipusseja varten<br \/>\n\u2705 <strong>Bulk meikkipussin tuotanto<\/strong> 10 p\u00e4iv\u00e4n toimituksella<\/p>\n<p>Meikkilaukkujen tukkukauppiaiden ja matkatoimistojen luottamus. T\u00e4rkeimm\u00e4t ominaisuudet:<br \/>\n- Irrotettava rannehihna ja sis\u00e4\u00e4nrakennettu peili<br \/>\n- Vuotoa est\u00e4v\u00e4t vetoketjutaskut &amp; harjan j\u00e4rjest\u00e4j\u00e4t<br \/>\n- OEKO-Tex-sertifioidut ymp\u00e4rist\u00f6yst\u00e4v\u00e4lliset materiaalit<\/p>\n<p><strong>Miksi kumppani meid\u00e4n meikkilaukku tehdas<\/strong>:<br \/>\n\ud83d\udd39 12+ vuotta alkuun meikkilaukku viej\u00e4t Kiinasta<br \/>\n\ud83d\udd39 Ilmainen 3D-suunnittelu br\u00e4ndisi estetiikalla<br \/>\n\ud83d\udd39 SGS\/REACH-sertifioitu kest\u00e4v\u00e4 tuotanto<br \/>\n\ud83d\udd39 30%-alennus meikkilaukkujen myyjille yli 3000 yksik\u00f6st\u00e4<\/p>\n<p>Pyyd\u00e4 ilmaisia n\u00e4ytteit\u00e4 matkameikkilaukustamme tai pyyd\u00e4 v\u00e4litt\u00f6mi\u00e4 tarjouksia. Meikkilaukku toimittajat nauttivat:<br \/>\n- Custom MOQ alkaen 200 kpl<br \/>\n- Er\u00e4kohtaiset vedenpit\u00e4v\u00e4t testausselosteet<br \/>\n- Ensisijainen lento- ja merirahdin jakaminen<\/p>\n<\/div>\n<\/div>\n<\/div>\n<\/div>","protected":false},"excerpt":{"rendered":"<h2 data-immersive-translate-walked=\"344be1c1-5052-41eb-8fcd-0dbe236a0d6b\" data-immersive-translate-paragraph=\"1\">Kannettava matka meikkilaukku<\/h2>\n<p><span class=\"a-list-item\">1. \u3010 MAKEUP BAG FABRIC\u3011- Suuri kapasiteetti matkakosmetiikkalaukku on valmistettu ymp\u00e4rist\u00f6nsuojelun vett\u00e4 vedenpit\u00e4v\u00e4st\u00e4 PU-nahasta, 100% polyesterist\u00e4 sis\u00e4puolelta.<\/span><\/p>\n<p><span class=\"a-list-item\">2. \u3010SLIM &amp; PORTABLE DESIGN\u3011- 180 asteen litte\u00e4n avoimen suun matka-meikinj\u00e4rjest\u00e4j\u00e4 on k\u00e4tevin muotoilu. Kaksikerroksinen ompelu on kest\u00e4v\u00e4; Kaksinkertainen vetoketju on k\u00e4tev\u00e4mpi ja helpompi avata.<\/span><\/p>\n<p><span class=\"a-list-item\">3. \u3010MULTI-FUNCTIONAL\u3011- Ei vain voi k\u00e4ytt\u00e4\u00e4 matkakosmetiikkalaukkuna, meikkilaukkuna, my\u00f6s meikkimatkojen j\u00e4rjest\u00e4j\u00e4n\u00e4 kosmetiikalle, meikkity\u00f6kaluille, laturille ja kaapeleille, matkak\u00e4ym\u00e4l\u00e4laukulle naisille, sopii kaikenlaiseen p\u00e4ivitt\u00e4iseen tai matkak\u00e4ytt\u00f6\u00f6n, ja tuo suurta mukavuutta el\u00e4m\u00e4\u00e4si.<\/span><\/p>","protected":false},"featured_media":3884,"template":"","meta":{"_uag_custom_page_level_css":""},"product_brand":[],"product_cat":[53],"product_tag":[],"class_list":{"0":"post-3882","1":"product","2":"type-product","3":"status-publish","4":"has-post-thumbnail","6":"product_cat-makeup-bag","8":"first","9":"instock","10":"shipping-taxable","11":"product-type-simple"},"uagb_featured_image_src":{"full":["https:\/\/pecbag.com\/wp-content\/uploads\/2025\/05\/Portable-Travel-Makeup-Bag-1.jpg",1600,1600,false],"thumbnail":["https:\/\/pecbag.com\/wp-content\/uploads\/2025\/05\/Portable-Travel-Makeup-Bag-1-150x150.jpg",150,150,true],"medium":["https:\/\/pecbag.com\/wp-content\/uploads\/2025\/05\/Portable-Travel-Makeup-Bag-1-300x300.jpg",300,300,true],"medium_large":["https:\/\/pecbag.com\/wp-content\/uploads\/2025\/05\/Portable-Travel-Makeup-Bag-1-768x768.jpg",768,768,true],"large":["https:\/\/pecbag.com\/wp-content\/uploads\/2025\/05\/Portable-Travel-Makeup-Bag-1-1024x1024.jpg",800,800,true],"1536x1536":["https:\/\/pecbag.com\/wp-content\/uploads\/2025\/05\/Portable-Travel-Makeup-Bag-1-1536x1536.jpg",1536,1536,true],"2048x2048":["https:\/\/pecbag.com\/wp-content\/uploads\/2025\/05\/Portable-Travel-Makeup-Bag-1.jpg",1600,1600,false],"trp-custom-language-flag":["https:\/\/pecbag.com\/wp-content\/uploads\/2025\/05\/Portable-Travel-Makeup-Bag-1-12x12.jpg",12,12,true],"woocommerce_thumbnail":["https:\/\/pecbag.com\/wp-content\/uploads\/2025\/05\/Portable-Travel-Makeup-Bag-1-300x300.jpg",300,300,true],"woocommerce_single":["https:\/\/pecbag.com\/wp-content\/uploads\/2025\/05\/Portable-Travel-Makeup-Bag-1-600x600.jpg",600,600,true],"woocommerce_gallery_thumbnail":["https:\/\/pecbag.com\/wp-content\/uploads\/2025\/05\/Portable-Travel-Makeup-Bag-1-100x100.jpg",100,100,true]},"uagb_author_info":{"display_name":"Lawrence","author_link":"https:\/\/pecbag.com\/fi\/author\/"},"uagb_comment_info":0,"uagb_excerpt":"Portable Travel Makeup Bag 1. \u3010 MAKEUP BAG FABRIC\u3011- The large capacity travel cosmetic bag is made from environmentally protection water water-proof PU leather, 100% polyester inner 2. \u3010SLIM &amp; PORTABLE DESIGN\u3011- The travel makeup organizer of 180-degree flat open mouth is the most convenient design. Double-layer sewing is durable; Double zipper is more convenient&hellip;","_links":{"self":[{"href":"https:\/\/pecbag.com\/fi\/wp-json\/wp\/v2\/product\/3882","targetHints":{"allow":["GET"]}}],"collection":[{"href":"https:\/\/pecbag.com\/fi\/wp-json\/wp\/v2\/product"}],"about":[{"href":"https:\/\/pecbag.com\/fi\/wp-json\/wp\/v2\/types\/product"}],"wp:featuredmedia":[{"embeddable":true,"href":"https:\/\/pecbag.com\/fi\/wp-json\/wp\/v2\/media\/3884"}],"wp:attachment":[{"href":"https:\/\/pecbag.com\/fi\/wp-json\/wp\/v2\/media?parent=3882"}],"wp:term":[{"taxonomy":"product_brand","embeddable":true,"href":"https:\/\/pecbag.com\/fi\/wp-json\/wp\/v2\/product_brand?post=3882"},{"taxonomy":"product_cat","embeddable":true,"href":"https:\/\/pecbag.com\/fi\/wp-json\/wp\/v2\/product_cat?post=3882"},{"taxonomy":"product_tag","embeddable":true,"href":"https:\/\/pecbag.com\/fi\/wp-json\/wp\/v2\/product_tag?post=3882"}],"curies":[{"name":"wp","href":"https:\/\/api.w.org\/{rel}","templated":true}]}}