{"id":3898,"date":"2025-05-28T08:53:24","date_gmt":"2025-05-28T08:53:24","guid":{"rendered":"https:\/\/pecbag.com\/?post_type=product&#038;p=3898"},"modified":"2025-11-29T01:30:29","modified_gmt":"2025-11-29T01:30:29","slug":"heavy-duty-tool-bag-carrier","status":"publish","type":"product","link":"https:\/\/pecbag.com\/fi\/heavy-duty-tool-bag-carrier\/","title":{"rendered":"Raskas ty\u00f6kalu laukku Carrier | Teollisuuden OEM valmistaja ratkaisuja"},"content":{"rendered":"<h5 title=\"Kokoontaitettava koira laukku hengitt\u00e4v\u00e4 mesh lemmikkiel\u00e4inten olkalaukku pienille lemmikkiel\u00e4inten koirille kissoille\" data-immersive-translate-walked=\"1c928421-2e42-4cd3-8754-5404553c0af5\" data-immersive-translate-paragraph=\"1\" data-spm-anchor-id=\"a2700.details.0.i35.4f6757d4w4zNZA\">Raskas ty\u00f6kalu laukku kantajat | Vedenpit\u00e4v\u00e4 laukku tehdas &amp; reppu valmistaja - Bulk Industrial Solutions - Bulk Industrial Solutions<\/h5>\n<div class=\"flex flex-grow flex-col max-w-full\">\n<div class=\"min-h-[20px] text-message flex w-full flex-col items-end gap-2 whitespace-pre-wrap break-words [.text-message+&amp;]:mt-5 overflow-x-auto\" dir=\"auto\" data-message-author-role=\"assistant\" data-message-id=\"3d7d46f6-7ec2-4222-9257-48fa0bba23c6\" data-suggestions=\"true\">\n<div class=\"flex w-full flex-col gap-1 empty:hidden first:pt-[3px]\">\n<div class=\"markdown prose w-full break-words dark:prose-invert light\">\n<table width=\"288\">\n<tbody>\n<tr>\n<td width=\"137\"><span style=\"color: #333333;\">Tuotteiden nimi<\/span><\/td>\n<td width=\"151\">Ty\u00f6kalulaukku<\/td>\n<\/tr>\n<tr>\n<td><span style=\"color: #333333;\">Tuotenro.<\/span><\/td>\n<td><span style=\"color: #333333;\">PB-2106<\/span><\/td>\n<\/tr>\n<tr>\n<td><span style=\"color: #333333;\">Materiaali<\/span><\/td>\n<td>100% kierr\u00e4tetty polyesteri<\/td>\n<\/tr>\n<tr>\n<td><span style=\"color: #333333;\">\u00a0Koko ja v\u00e4ri<\/span><\/td>\n<td>R\u00e4\u00e4t\u00e4l\u00f6ity<\/td>\n<\/tr>\n<tr>\n<td><span style=\"color: #333333;\">\u00a0Toimitusaika<\/span><\/td>\n<td><span style=\"color: #333333;\">1-5 p\u00e4iv\u00e4\u00e4 pienille m\u00e4\u00e4rille lentoteitse ja 30-35 p\u00e4iv\u00e4\u00e4 suurille m\u00e4\u00e4rille meritse.<\/span><\/td>\n<\/tr>\n<\/tbody>\n<\/table>\n<p>Koska Kiinan johtava ty\u00f6kalulaukku valmistaja ja vedenpit\u00e4v\u00e4 laukku tehdas, me suunnittelemme raskaiden ty\u00f6kalulaukku kantaja maailmanlaajuinen teollisuuden tuotemerkkej\u00e4. Meid\u00e4n ty\u00f6kalu laukku yritys tarjoaa:<\/p>\n<p>\u2705 <strong>IPX6 vedenpit\u00e4v\u00e4 suojaus<\/strong> (1000D PVC-pinnoitettu polyesteri + hitsatut saumat)<br \/>\n\u2705 <strong>50kg kantavuus<\/strong> MOLLE\/PALS-hihnalla (MOQ 200 kpl).<br \/>\n\u2705 <strong>ODM\/OEM-palvelut<\/strong> yksityisen merkin ty\u00f6kalulaukkuja varten<br \/>\n\u2705 <strong>Irtotavaran ty\u00f6kalulaukkujen tuotanto<\/strong> 10 p\u00e4iv\u00e4n toimituksella<\/p>\n<p>Ty\u00f6kalulaukkujen tukkukauppiaat ja MRO-toimittajat luottavat siihen. T\u00e4rkeimm\u00e4t ominaisuudet:<br \/>\n- Vahvistetut ter\u00e4ksiset D-renkaat ja liukastumista est\u00e4v\u00e4t olkatyynyt.<br \/>\n- Pikak\u00e4ytt\u00f6iset ty\u00f6kalusilmukat ja modulaarinen paneelij\u00e4rjestelm\u00e4<br \/>\n- RFID-varatunnisteet &amp; OEKO-Tex-sertifioidut materiaalit<\/p>\n<p><strong>Miksi kumppani meid\u00e4n ty\u00f6kalu laukku tehdas<\/strong>:<br \/>\n\ud83d\udd39 18+ vuotta alkuun ty\u00f6kalulaukku viej\u00e4t Kiinasta<br \/>\n\ud83d\udd39 Ilmainen 3D-suunnittelu teollisen tuotemerkkisi kanssa<br \/>\n\ud83d\udd39 SGS\/REACH-sertifioidut raskaat materiaalit<br \/>\n\ud83d\udd39 30%-alennus ty\u00f6kalulaukkujen myyjille yli 3 000 yksik\u00f6st\u00e4<\/p>\n<p>Pyyd\u00e4 ilmaisia n\u00e4ytteit\u00e4 ty\u00f6kalunkannattimistamme tai pyyd\u00e4 heti tarjouksia. Ty\u00f6kalulaukku toimittajat nauttivat:<br \/>\n- Custom MOQ alkaen 200 kpl<br \/>\n- Er\u00e4kohtaiset kulumistestausraportit<br \/>\n- Ensisijainen lento- ja merirahdin jakaminen<\/p>\n<\/div>\n<\/div>\n<\/div>\n<\/div>","protected":false},"excerpt":{"rendered":"<h2 data-immersive-translate-walked=\"344be1c1-5052-41eb-8fcd-0dbe236a0d6b\" data-immersive-translate-paragraph=\"1\">Raskaan ty\u00f6kalulaukun kantaja<\/h2>\n<p>Tasoita ty\u00f6kalupakkisi t\u00e4ll\u00e4 15-tuumaisella taskullisella raskaalla ty\u00f6kalulaukulla.<\/p>\n<p>T\u00e4ss\u00e4 mustassa laukussa, joka on valmistettu 100%-kierr\u00e4tyspolyesterist\u00e4 ja jossa on kuvioitu viimeistely, on vetoketjullinen p\u00e4\u00e4lokero ja 35 taskua, joissa on runsaasti tilaa ja j\u00e4rjestyst\u00e4 kaikille ty\u00f6kaluille ja tarvikkeille.<\/p>\n<p>S\u00e4\u00e4dett\u00e4v\u00e4 olkahihna ja kaksinkertaiset yl\u00e4kahvat tarjoavat monipuoliset kantovaihtoehdot, joten ty\u00f6kaluja on helppo kuljettaa ty\u00f6maalla tai liikkeell\u00e4 ollessasi.<\/p>","protected":false},"featured_media":3899,"template":"","meta":{"_uag_custom_page_level_css":""},"product_brand":[],"product_cat":[49],"product_tag":[],"class_list":{"0":"post-3898","1":"product","2":"type-product","3":"status-publish","4":"has-post-thumbnail","6":"product_cat-tool-bag","8":"first","9":"instock","10":"shipping-taxable","11":"product-type-simple"},"uagb_featured_image_src":{"full":["https:\/\/pecbag.com\/wp-content\/uploads\/2025\/05\/Heavy-Duty-Tool-Bag-Carrier-3.jpeg",800,800,false],"thumbnail":["https:\/\/pecbag.com\/wp-content\/uploads\/2025\/05\/Heavy-Duty-Tool-Bag-Carrier-3-150x150.jpeg",150,150,true],"medium":["https:\/\/pecbag.com\/wp-content\/uploads\/2025\/05\/Heavy-Duty-Tool-Bag-Carrier-3-300x300.jpeg",300,300,true],"medium_large":["https:\/\/pecbag.com\/wp-content\/uploads\/2025\/05\/Heavy-Duty-Tool-Bag-Carrier-3-768x768.jpeg",768,768,true],"large":["https:\/\/pecbag.com\/wp-content\/uploads\/2025\/05\/Heavy-Duty-Tool-Bag-Carrier-3.jpeg",800,800,false],"1536x1536":["https:\/\/pecbag.com\/wp-content\/uploads\/2025\/05\/Heavy-Duty-Tool-Bag-Carrier-3.jpeg",800,800,false],"2048x2048":["https:\/\/pecbag.com\/wp-content\/uploads\/2025\/05\/Heavy-Duty-Tool-Bag-Carrier-3.jpeg",800,800,false],"trp-custom-language-flag":["https:\/\/pecbag.com\/wp-content\/uploads\/2025\/05\/Heavy-Duty-Tool-Bag-Carrier-3-12x12.jpeg",12,12,true],"woocommerce_thumbnail":["https:\/\/pecbag.com\/wp-content\/uploads\/2025\/05\/Heavy-Duty-Tool-Bag-Carrier-3-300x300.jpeg",300,300,true],"woocommerce_single":["https:\/\/pecbag.com\/wp-content\/uploads\/2025\/05\/Heavy-Duty-Tool-Bag-Carrier-3-600x600.jpeg",600,600,true],"woocommerce_gallery_thumbnail":["https:\/\/pecbag.com\/wp-content\/uploads\/2025\/05\/Heavy-Duty-Tool-Bag-Carrier-3-100x100.jpeg",100,100,true]},"uagb_author_info":{"display_name":"Lawrence","author_link":"https:\/\/pecbag.com\/fi\/author\/"},"uagb_comment_info":0,"uagb_excerpt":"Heavy-Duty Tool Bag Carrier Level up your toolkit with this 15-Inch Pocket Heavy-Duty Tool Bag. Made from 100% recycled polyester, this black bag with a textured finish boasts a zippered main compartment and 35 pockets, offering plenty of space and organization for all your tools and accessories. The adjustable shoulder strap and double top handles&hellip;","_links":{"self":[{"href":"https:\/\/pecbag.com\/fi\/wp-json\/wp\/v2\/product\/3898","targetHints":{"allow":["GET"]}}],"collection":[{"href":"https:\/\/pecbag.com\/fi\/wp-json\/wp\/v2\/product"}],"about":[{"href":"https:\/\/pecbag.com\/fi\/wp-json\/wp\/v2\/types\/product"}],"wp:featuredmedia":[{"embeddable":true,"href":"https:\/\/pecbag.com\/fi\/wp-json\/wp\/v2\/media\/3899"}],"wp:attachment":[{"href":"https:\/\/pecbag.com\/fi\/wp-json\/wp\/v2\/media?parent=3898"}],"wp:term":[{"taxonomy":"product_brand","embeddable":true,"href":"https:\/\/pecbag.com\/fi\/wp-json\/wp\/v2\/product_brand?post=3898"},{"taxonomy":"product_cat","embeddable":true,"href":"https:\/\/pecbag.com\/fi\/wp-json\/wp\/v2\/product_cat?post=3898"},{"taxonomy":"product_tag","embeddable":true,"href":"https:\/\/pecbag.com\/fi\/wp-json\/wp\/v2\/product_tag?post=3898"}],"curies":[{"name":"wp","href":"https:\/\/api.w.org\/{rel}","templated":true}]}}