{"id":3902,"date":"2025-05-28T09:19:49","date_gmt":"2025-05-28T09:19:49","guid":{"rendered":"https:\/\/pecbag.com\/?post_type=product&#038;p=3902"},"modified":"2025-11-29T01:30:22","modified_gmt":"2025-11-29T01:30:22","slug":"professional-waterproof-tool-bag-backpack","status":"publish","type":"product","link":"https:\/\/pecbag.com\/fi\/professional-waterproof-tool-bag-backpack\/","title":{"rendered":"Professional vedenpit\u00e4v\u00e4 ty\u00f6kalu laukku reppu"},"content":{"rendered":"<h5 title=\"Kokoontaitettava koira laukku hengitt\u00e4v\u00e4 mesh lemmikkiel\u00e4inten olkalaukku pienille lemmikkiel\u00e4inten koirille kissoille\" data-immersive-translate-walked=\"1c928421-2e42-4cd3-8754-5404553c0af5\" data-immersive-translate-paragraph=\"1\" data-spm-anchor-id=\"a2700.details.0.i35.4f6757d4w4zNZA\">Ammattimainen vedenpit\u00e4v\u00e4 ty\u00f6kalu laukku reput | Vedenpit\u00e4v\u00e4 laukku tehdas &amp; reppu valmistaja - Bulk Industrial Solutions - Bulk Industrial Solutions<\/h5>\n<div class=\"flex flex-grow flex-col max-w-full\">\n<div class=\"min-h-[20px] text-message flex w-full flex-col items-end gap-2 whitespace-pre-wrap break-words [.text-message+&amp;]:mt-5 overflow-x-auto\" dir=\"auto\" data-message-author-role=\"assistant\" data-message-id=\"3d7d46f6-7ec2-4222-9257-48fa0bba23c6\" data-suggestions=\"true\">\n<div class=\"flex w-full flex-col gap-1 empty:hidden first:pt-[3px]\">\n<div class=\"markdown prose w-full break-words dark:prose-invert light\">\n<table width=\"288\">\n<tbody>\n<tr>\n<td width=\"137\"><span style=\"color: #333333;\">Tuotteiden nimi<\/span><\/td>\n<td width=\"151\">Ty\u00f6kalulaukku<\/td>\n<\/tr>\n<tr>\n<td><span style=\"color: #333333;\">Tuotenro.<\/span><\/td>\n<td><span style=\"color: #333333;\">PB-2106<\/span><\/td>\n<\/tr>\n<tr>\n<td><span style=\"color: #333333;\">Materiaali<\/span><\/td>\n<td>Nylon +1680D ballistinen kangas<\/td>\n<\/tr>\n<tr>\n<td><span style=\"color: #333333;\">\u00a0Koko ja v\u00e4ri<\/span><\/td>\n<td>R\u00e4\u00e4t\u00e4l\u00f6ity<\/td>\n<\/tr>\n<tr>\n<td><span style=\"color: #333333;\">\u00a0Toimitusaika<\/span><\/td>\n<td><span style=\"color: #333333;\">1-5 p\u00e4iv\u00e4\u00e4 pienille m\u00e4\u00e4rille lentoteitse ja 30-35 p\u00e4iv\u00e4\u00e4 suurille m\u00e4\u00e4rille meritse.<\/span><\/td>\n<\/tr>\n<\/tbody>\n<\/table>\n<p>Koska Kiinan johtava ty\u00f6kalu laukku valmistaja ja vedenpit\u00e4v\u00e4 laukku tehdas, me insin\u00f6\u00f6ri ammatillinen vedenpit\u00e4v\u00e4 ty\u00f6kalu laukku reppu maailmanlaajuinen teollisuuden tuotemerkkej\u00e4. Meid\u00e4n ty\u00f6kalu laukku yritys tarjoaa:<\/p>\n<p>\u2705 <strong>IPX7 vedenpit\u00e4v\u00e4 suojaus<\/strong> (1000D TPU-pinnoitettu nailon + saumaton hitsaus)<br \/>\n\u2705 <strong>40L laajennettava kapasiteetti<\/strong> MOLLE\/PALS-hihnalla (MOQ 200 kpl).<br \/>\n\u2705 <strong>ODM\/OEM-palvelut<\/strong> yksityisen merkin ty\u00f6kalulaukkuja varten<br \/>\n\u2705 <strong>Irtotavaran ty\u00f6kalulaukkujen tuotanto<\/strong> 10 p\u00e4iv\u00e4n nopealla toimituksella<\/p>\n<p>Ty\u00f6kalulaukkujen tukkukauppiaat ja MRO-toimittajat luottavat siihen. T\u00e4rkeimm\u00e4t ominaisuudet:<br \/>\n- Vahvistetut YKK-vetoketjut ja liukastumista est\u00e4v\u00e4t olkahihnat<br \/>\n- Irrotettavat ty\u00f6kalupaneelit &amp; RFID-suljettavat taskut<br \/>\n- OEKO-Tex-sertifioitu antimikrobinen vuori<\/p>\n<p><strong>Miksi kumppani meid\u00e4n ty\u00f6kalu laukku tehdas<\/strong>:<br \/>\n\ud83d\udd39 15+ vuotta huipputy\u00f6kalulaukkujen viejin\u00e4 Kiinasta<br \/>\n\ud83d\udd39 Ilmainen 3D-suunnittelu teollisen tuotemerkkisi kanssa<br \/>\n\ud83d\udd39 SGS\/REACH-sertifioidut raskaat materiaalit<br \/>\n\ud83d\udd39 30%-alennus ty\u00f6kalulaukkujen myyjille yli 3 000 yksik\u00f6st\u00e4<\/p>\n<p>Pyyd\u00e4 ilmaisia n\u00e4ytteit\u00e4 vedenpit\u00e4v\u00e4st\u00e4 ty\u00f6kalurepustamme tai pyyd\u00e4 heti tarjouksia. Ty\u00f6kalulaukku toimittajat nauttivat:<br \/>\n- Custom MOQ alkaen 200 kpl<br \/>\n- Er\u00e4kohtaiset vedenpit\u00e4v\u00e4t testivideot<br \/>\n- Ensisijainen lento- ja merirahdin jakaminen<\/p>\n<\/div>\n<\/div>\n<\/div>\n<\/div>","protected":false},"excerpt":{"rendered":"<h2 data-immersive-translate-walked=\"344be1c1-5052-41eb-8fcd-0dbe236a0d6b\" data-immersive-translate-paragraph=\"1\">Professional vedenpit\u00e4v\u00e4 ty\u00f6kalu laukku reppu<\/h2>\n<ul class=\"a-unordered-list a-vertical a-spacing-mini\">\n<li class=\"a-spacing-mini\"><span class=\"a-list-item\">T\u00e4ysin auki: #10 lukittava Nylon vetoketju. Ja repun ty\u00f6kalujen sis\u00e4iset 22 taskua ja 20 joustavaa aukkoa ovat helposti saatavilla ja turvallisia.<\/span><\/li>\n<li class=\"a-spacing-mini\"><span class=\"a-list-item\">44-taskut: Taskut: N\u00e4m\u00e4 ty\u00f6kalureput rakentavat 3 lokeroa, 44 taskua ja 12 molle-silmukkaa, jotka auttavat pysym\u00e4\u00e4n j\u00e4rjestyksess\u00e4. S\u00e4hk\u00f6asentajan repputy\u00f6kalulaukku on tilava, jotta siihen mahtuu kaikki yr jokap\u00e4iv\u00e4iset ty\u00f6kalut.<\/span><\/li>\n<\/ul>","protected":false},"featured_media":3903,"template":"","meta":{"_uag_custom_page_level_css":""},"product_brand":[],"product_cat":[49,60],"product_tag":[],"class_list":{"0":"post-3902","1":"product","2":"type-product","3":"status-publish","4":"has-post-thumbnail","6":"product_cat-tool-bag","7":"product_cat-backpack","9":"first","10":"instock","11":"shipping-taxable","12":"product-type-simple"},"uagb_featured_image_src":{"full":["https:\/\/pecbag.com\/wp-content\/uploads\/2025\/05\/Professional-Waterproof-Tool-Bag-Backpack-4.jpg",2122,2560,false],"thumbnail":["https:\/\/pecbag.com\/wp-content\/uploads\/2025\/05\/Professional-Waterproof-Tool-Bag-Backpack-4-150x150.jpg",150,150,true],"medium":["https:\/\/pecbag.com\/wp-content\/uploads\/2025\/05\/Professional-Waterproof-Tool-Bag-Backpack-4-249x300.jpg",249,300,true],"medium_large":["https:\/\/pecbag.com\/wp-content\/uploads\/2025\/05\/Professional-Waterproof-Tool-Bag-Backpack-4-768x927.jpg",768,927,true],"large":["https:\/\/pecbag.com\/wp-content\/uploads\/2025\/05\/Professional-Waterproof-Tool-Bag-Backpack-4-849x1024.jpg",800,965,true],"1536x1536":["https:\/\/pecbag.com\/wp-content\/uploads\/2025\/05\/Professional-Waterproof-Tool-Bag-Backpack-4-1273x1536.jpg",1273,1536,true],"2048x2048":["https:\/\/pecbag.com\/wp-content\/uploads\/2025\/05\/Professional-Waterproof-Tool-Bag-Backpack-4-1698x2048.jpg",1698,2048,true],"trp-custom-language-flag":["https:\/\/pecbag.com\/wp-content\/uploads\/2025\/05\/Professional-Waterproof-Tool-Bag-Backpack-4-10x12.jpg",10,12,true],"woocommerce_thumbnail":["https:\/\/pecbag.com\/wp-content\/uploads\/2025\/05\/Professional-Waterproof-Tool-Bag-Backpack-4-300x300.jpg",300,300,true],"woocommerce_single":["https:\/\/pecbag.com\/wp-content\/uploads\/2025\/05\/Professional-Waterproof-Tool-Bag-Backpack-4-600x724.jpg",600,724,true],"woocommerce_gallery_thumbnail":["https:\/\/pecbag.com\/wp-content\/uploads\/2025\/05\/Professional-Waterproof-Tool-Bag-Backpack-4-100x100.jpg",100,100,true]},"uagb_author_info":{"display_name":"Lawrence","author_link":"https:\/\/pecbag.com\/fi\/author\/"},"uagb_comment_info":0,"uagb_excerpt":"Professional Waterproof Tool Bag Backpack Full-Open: The backpack for tools is full-open by a heavy-duty #10 lockable Nylon zipper. And the internal 22 pockets and 20 Elastic slots of the backpack tools are easy to access and secure. 44-Pockets: These backpacks for tools construct 3Compartments, 44Pockets &amp; 12Molle Loops to help stay organized. The electrician's&hellip;","_links":{"self":[{"href":"https:\/\/pecbag.com\/fi\/wp-json\/wp\/v2\/product\/3902","targetHints":{"allow":["GET"]}}],"collection":[{"href":"https:\/\/pecbag.com\/fi\/wp-json\/wp\/v2\/product"}],"about":[{"href":"https:\/\/pecbag.com\/fi\/wp-json\/wp\/v2\/types\/product"}],"wp:featuredmedia":[{"embeddable":true,"href":"https:\/\/pecbag.com\/fi\/wp-json\/wp\/v2\/media\/3903"}],"wp:attachment":[{"href":"https:\/\/pecbag.com\/fi\/wp-json\/wp\/v2\/media?parent=3902"}],"wp:term":[{"taxonomy":"product_brand","embeddable":true,"href":"https:\/\/pecbag.com\/fi\/wp-json\/wp\/v2\/product_brand?post=3902"},{"taxonomy":"product_cat","embeddable":true,"href":"https:\/\/pecbag.com\/fi\/wp-json\/wp\/v2\/product_cat?post=3902"},{"taxonomy":"product_tag","embeddable":true,"href":"https:\/\/pecbag.com\/fi\/wp-json\/wp\/v2\/product_tag?post=3902"}],"curies":[{"name":"wp","href":"https:\/\/api.w.org\/{rel}","templated":true}]}}