{"id":4075,"date":"2025-06-18T02:06:30","date_gmt":"2025-06-18T02:06:30","guid":{"rendered":"https:\/\/pecbag.com\/?post_type=product&#038;p=4075"},"modified":"2025-11-29T01:28:37","modified_gmt":"2025-11-29T01:28:37","slug":"leakproof-fishing-cooler-bag-factory","status":"publish","type":"product","link":"https:\/\/pecbag.com\/fi\/leakproof-fishing-cooler-bag-factory\/","title":{"rendered":"Vuodonkest\u00e4v\u00e4 kalastus j\u00e4\u00e4hdytin laukku tehdas"},"content":{"rendered":"<h5 title=\"Kokoontaitettava koira laukku hengitt\u00e4v\u00e4 mesh lemmikkiel\u00e4inten olkalaukku pienille lemmikkiel\u00e4inten koirille kissoille\" data-immersive-translate-walked=\"1c928421-2e42-4cd3-8754-5404553c0af5\" data-immersive-translate-paragraph=\"1\" data-spm-anchor-id=\"a2700.details.0.i35.4f6757d4w4zNZA\">\u00a0Vuodonkest\u00e4v\u00e4 kalastus j\u00e4\u00e4hdytin laukku tehdas | Teollisuuden vedenpit\u00e4v\u00e4 laukku tehdas &amp; Heavy-Duty reppu valmistaja | Bulk OEM<\/h5>\n<div class=\"flex flex-grow flex-col max-w-full\">\n<div class=\"min-h-[20px] text-message flex w-full flex-col items-end gap-2 whitespace-pre-wrap break-words [.text-message+&amp;]:mt-5 overflow-x-auto\" dir=\"auto\" data-message-author-role=\"assistant\" data-message-id=\"3d7d46f6-7ec2-4222-9257-48fa0bba23c6\" data-suggestions=\"true\">\n<div class=\"flex w-full flex-col gap-1 empty:hidden first:pt-[3px]\">\n<div class=\"markdown prose w-full break-words dark:prose-invert light\">\n<table width=\"288\">\n<tbody>\n<tr>\n<td width=\"137\"><span style=\"color: #333333;\">Tuotteiden nimi<\/span><\/td>\n<td width=\"151\">Surfboard laukku<\/td>\n<\/tr>\n<tr>\n<td><span style=\"color: #333333;\">Tuotenro.<\/span><\/td>\n<td><span style=\"color: #333333;\">PB-2110<\/span><\/td>\n<\/tr>\n<tr>\n<td><span style=\"color: #333333;\">Materiaali<\/span><\/td>\n<td>500D pressu PVC<\/td>\n<\/tr>\n<tr>\n<td><span style=\"color: #333333;\">Koko<\/span><\/td>\n<td>40.1*16.5 tuumaa<\/td>\n<\/tr>\n<tr>\n<td><span style=\"color: #333333;\">\u00a0Toimitusaika<\/span><\/td>\n<td><span style=\"color: #333333;\">1-5 p\u00e4iv\u00e4\u00e4 pienille m\u00e4\u00e4rille lentoteitse ja 30-35 p\u00e4iv\u00e4\u00e4 suurille m\u00e4\u00e4rille meritse.<\/span><\/td>\n<\/tr>\n<\/tbody>\n<\/table>\n<p class=\"ds-markdown-paragraph\">Tarvitsetko vuotamattomia kalastuksen kylm\u00e4laukkuja, jotka kest\u00e4v\u00e4t kovaa merenk\u00e4ynti\u00e4 ja verisi\u00e4 saaliita? Kiinan parhaana vedenpit\u00e4v\u00e4n\u00e4 laukkutehtaana ja reppuvalmistajana vuotamaton kalastusj\u00e4\u00e4hdytyslaukkutehtaamme valmistaa taisteluvalmiita varusteita kaupallisille kalastajille, merenkulun tuotemerkkeille ja kalastuslaukkujen tukkukauppiaille!<\/p>\n<p class=\"ds-markdown-paragraph\">\u2705\u00a0<strong>Miksi 200+ ostajaa valitsee tehtaamme:<\/strong><\/p>\n<ul>\n<li>\n<p class=\"ds-markdown-paragraph\"><strong>Nollavuototakuu<\/strong>: Hitsatut TPU-saumat + painetestatut kulmat (kest\u00e4\u00e4 72 tuntia veden alla!).<\/p>\n<\/li>\n<li>\n<p class=\"ds-markdown-paragraph\"><strong>Pro Angler Design<\/strong>: Integroidut vavanpitimet + irrotettavat sy\u00f6tti lokerot - pit\u00e4\u00e4 pyydykset j\u00e4rjestyksess\u00e4 ja pyydykset j\u00e4isin\u00e4<\/p>\n<\/li>\n<li>\n<p class=\"ds-markdown-paragraph\"><strong>Er\u00e4taakkatilauksen edut<\/strong>: Tuottaa kalastuslaukku irtotavarana tilauksia (MOQ 50kpl) kautta kalastuslaukku ODM \/ OEM tai yksityinen etiketti 15 p\u00e4iv\u00e4\u00e4!<\/p>\n<\/li>\n<li>\n<p class=\"ds-markdown-paragraph\"><strong>Kiinan kustannusreuna<\/strong>: Koska top Kalastuslaukku Kiina valmistaja, teollisen luokan laatu t\u00e4ytt\u00e4\u00e4 tehtaan hinnoittelu<\/p>\n<\/li>\n<\/ul>\n<p class=\"ds-markdown-paragraph\"><strong>Ocean-Proof Ominaisuudet:<\/strong><br \/>\n\ud83d\udd39\u00a0<strong>5cm Eco-eristys<\/strong>\u00a0- 2X pidempi j\u00e4\u00e4n s\u00e4ilytys verrattuna tavallisiin pusseihin<br \/>\n\ud83d\udd39 Kalaturvallinen OEKO-TEX-vuori (ei kemikaaleja) + verenpoistotulpat.<br \/>\n\ud83d\udd39 Liukumaton kumipohja + 360\u00b0 py\u00f6r\u00e4t (kallioranta valmis)<br \/>\n\ud83d\udd39 Ruostumaton laitteisto + UV-kest\u00e4v\u00e4 1200D PVC pressu<\/p>\n<p class=\"ds-markdown-paragraph\"><strong>T\u00e4ydellinen:<\/strong><\/p>\n<ul>\n<li>\n<p class=\"ds-markdown-paragraph\">Kaupalliset laivastot ja kalastuspussien myyj\u00e4t<\/p>\n<\/li>\n<li>\n<p class=\"ds-markdown-paragraph\">Viejien kalastusv\u00e4lineit\u00e4 &amp; kalastuslaukkujen tukkukauppiaat<\/p>\n<\/li>\n<li>\n<p class=\"ds-markdown-paragraph\">Tuotemerkit rakentavat kalastuslaukkujen private label -linjoja.<\/p>\n<\/li>\n<\/ul>\n<p class=\"ds-markdown-paragraph\"><strong>Vaivaton prosessi:<\/strong><br \/>\n1\ufe0f\u20e3 Mukauta v\u00e4rej\u00e4 \/ kapasiteettia (30+ ammattilaista mallia saatavilla).<br \/>\n2\ufe0f\u20e3 Prototyyppi 6 p\u00e4iv\u00e4ss\u00e4 \u2192 meritesti \u2192 massatuotanto<br \/>\n3\ufe0f\u20e3 Laiva Fishing Bag -vientiverkostojen kautta (DDP air\/sea globaalisti).<\/p>\n<p class=\"ds-markdown-paragraph\"><strong>Factory Trust -merkit:<\/strong><br \/>\n\u2705 Yli 12 vuoden kokemus reppujen valmistuksesta<br \/>\n\u2705 40% paksummat sein\u00e4t verrattuna kilpailijoihin<br \/>\n\u2705 Sertifikaatit: ISO 9001, SGS, BSCI<\/p>\n<p class=\"ds-markdown-paragraph\"><strong>Oletko valmis saamaan vuotamattomia voittoja?<\/strong><br \/>\n\ud83d\udc49 [Ilmainen suolavesi-testattu n\u00e4yte] \ud83d\udc49 [20% talletus] \ud83d\udc49 [24h tarjous]<\/p>\n<\/div>\n<\/div>\n<\/div>\n<\/div>","protected":false},"excerpt":{"rendered":"<h2 data-immersive-translate-walked=\"344be1c1-5052-41eb-8fcd-0dbe236a0d6b\" data-immersive-translate-paragraph=\"1\">Vuodonkest\u00e4v\u00e4 kalastus j\u00e4\u00e4hdytin laukku tehdas<\/h2>\n<p>Tarjoamme palkkio laukut t\u00e4yden koon ja v\u00e4rin r\u00e4\u00e4t\u00e4l\u00f6inti, kest\u00e4v\u00e4 kankaat, ja sertifioitu laatu.<\/p>\n<p>Nauti joustavista MOQ-arvoista, nopeasta maailmanlaajuisesta toimituksesta ja private label -ratkaisuista.<\/p>\n<p>Ota yhteytt\u00e4 jo t\u00e4n\u00e4\u00e4n!<\/p>","protected":false},"featured_media":4076,"template":"","meta":{"_uag_custom_page_level_css":""},"product_brand":[],"product_cat":[66,50,46],"product_tag":[],"class_list":{"0":"post-4075","1":"product","2":"type-product","3":"status-publish","4":"has-post-thumbnail","6":"product_cat-waterproof-bag","7":"product_cat-cooler-bag","8":"product_cat-fishing-bag","10":"first","11":"instock","12":"shipping-taxable","13":"product-type-simple"},"uagb_featured_image_src":{"full":["https:\/\/pecbag.com\/wp-content\/uploads\/2025\/06\/Leakproof-Fishing-Cooler-Bag-Factory-1.jpg",1000,1000,false],"thumbnail":["https:\/\/pecbag.com\/wp-content\/uploads\/2025\/06\/Leakproof-Fishing-Cooler-Bag-Factory-1-150x150.jpg",150,150,true],"medium":["https:\/\/pecbag.com\/wp-content\/uploads\/2025\/06\/Leakproof-Fishing-Cooler-Bag-Factory-1-300x300.jpg",300,300,true],"medium_large":["https:\/\/pecbag.com\/wp-content\/uploads\/2025\/06\/Leakproof-Fishing-Cooler-Bag-Factory-1-768x768.jpg",768,768,true],"large":["https:\/\/pecbag.com\/wp-content\/uploads\/2025\/06\/Leakproof-Fishing-Cooler-Bag-Factory-1.jpg",800,800,false],"1536x1536":["https:\/\/pecbag.com\/wp-content\/uploads\/2025\/06\/Leakproof-Fishing-Cooler-Bag-Factory-1.jpg",1000,1000,false],"2048x2048":["https:\/\/pecbag.com\/wp-content\/uploads\/2025\/06\/Leakproof-Fishing-Cooler-Bag-Factory-1.jpg",1000,1000,false],"trp-custom-language-flag":["https:\/\/pecbag.com\/wp-content\/uploads\/2025\/06\/Leakproof-Fishing-Cooler-Bag-Factory-1-12x12.jpg",12,12,true],"woocommerce_thumbnail":["https:\/\/pecbag.com\/wp-content\/uploads\/2025\/06\/Leakproof-Fishing-Cooler-Bag-Factory-1-300x300.jpg",300,300,true],"woocommerce_single":["https:\/\/pecbag.com\/wp-content\/uploads\/2025\/06\/Leakproof-Fishing-Cooler-Bag-Factory-1-600x600.jpg",600,600,true],"woocommerce_gallery_thumbnail":["https:\/\/pecbag.com\/wp-content\/uploads\/2025\/06\/Leakproof-Fishing-Cooler-Bag-Factory-1-100x100.jpg",100,100,true]},"uagb_author_info":{"display_name":"Lawrence","author_link":"https:\/\/pecbag.com\/fi\/author\/"},"uagb_comment_info":0,"uagb_excerpt":"Leakproof Fishing Cooler Bag Factory We provide premium bags with full-size and color customization, durable fabrics, and certified quality. Enjoy flexible MOQs, fast global shipping, and private label solutions. Contact us today!","_links":{"self":[{"href":"https:\/\/pecbag.com\/fi\/wp-json\/wp\/v2\/product\/4075","targetHints":{"allow":["GET"]}}],"collection":[{"href":"https:\/\/pecbag.com\/fi\/wp-json\/wp\/v2\/product"}],"about":[{"href":"https:\/\/pecbag.com\/fi\/wp-json\/wp\/v2\/types\/product"}],"wp:featuredmedia":[{"embeddable":true,"href":"https:\/\/pecbag.com\/fi\/wp-json\/wp\/v2\/media\/4076"}],"wp:attachment":[{"href":"https:\/\/pecbag.com\/fi\/wp-json\/wp\/v2\/media?parent=4075"}],"wp:term":[{"taxonomy":"product_brand","embeddable":true,"href":"https:\/\/pecbag.com\/fi\/wp-json\/wp\/v2\/product_brand?post=4075"},{"taxonomy":"product_cat","embeddable":true,"href":"https:\/\/pecbag.com\/fi\/wp-json\/wp\/v2\/product_cat?post=4075"},{"taxonomy":"product_tag","embeddable":true,"href":"https:\/\/pecbag.com\/fi\/wp-json\/wp\/v2\/product_tag?post=4075"}],"curies":[{"name":"wp","href":"https:\/\/api.w.org\/{rel}","templated":true}]}}