{"id":4097,"date":"2025-06-19T02:24:25","date_gmt":"2025-06-19T02:24:25","guid":{"rendered":"https:\/\/pecbag.com\/?post_type=product&#038;p=4097"},"modified":"2025-11-29T01:29:20","modified_gmt":"2025-11-29T01:29:20","slug":"woodland-camo-waterproof-waist-hunting-bag","status":"publish","type":"product","link":"https:\/\/pecbag.com\/fi\/woodland-camo-waterproof-waist-hunting-bag\/","title":{"rendered":"Woodland Camo vedenpit\u00e4v\u00e4 vy\u00f6t\u00e4r\u00f6 mets\u00e4stys laukku"},"content":{"rendered":"<h5 title=\"Kokoontaitettava koira laukku hengitt\u00e4v\u00e4 mesh lemmikkiel\u00e4inten olkalaukku pienille lemmikkiel\u00e4inten koirille kissoille\" data-immersive-translate-walked=\"1c928421-2e42-4cd3-8754-5404553c0af5\" data-immersive-translate-paragraph=\"1\" data-spm-anchor-id=\"a2700.details.0.i35.4f6757d4w4zNZA\">Woodland Camo vedenpit\u00e4v\u00e4 vy\u00f6t\u00e4r\u00f6 mets\u00e4stys laukku valmistaja | Vedenpit\u00e4v\u00e4 laukku tehdas &amp; taktinen reppu valmistaja | Bulk OEM<\/h5>\n<p>Tarvitsetko woodland camo vedenpit\u00e4v\u00e4 vy\u00f6t\u00e4r\u00f6 mets\u00e4stys pussit, jotka katoavat harjan? Koska alkuun vedenpit\u00e4v\u00e4 laukku tehdas ja reppu valmistaja Kiinassa, me k\u00e4sity\u00f6 taktinen woodland camo vedenpit\u00e4v\u00e4 vy\u00f6t\u00e4r\u00f6 mets\u00e4stys laukut mets\u00e4st\u00e4jille, sotilaallinen toimittajat, ja mets\u00e4stys laukku tukkukauppiaat!<\/p>\n<div class=\"flex flex-grow flex-col max-w-full\">\n<div class=\"min-h-[20px] text-message flex w-full flex-col items-end gap-2 whitespace-pre-wrap break-words [.text-message+&amp;]:mt-5 overflow-x-auto\" dir=\"auto\" data-message-author-role=\"assistant\" data-message-id=\"3d7d46f6-7ec2-4222-9257-48fa0bba23c6\" data-suggestions=\"true\">\n<div class=\"flex w-full flex-col gap-1 empty:hidden first:pt-[3px]\">\n<div class=\"markdown prose w-full break-words dark:prose-invert light\">\n<table width=\"288\">\n<tbody>\n<tr>\n<td width=\"137\"><span style=\"color: #333333;\">Tuotteiden nimi<\/span><\/td>\n<td width=\"151\">Mets\u00e4stys laukku<\/td>\n<\/tr>\n<tr>\n<td><span style=\"color: #333333;\">Tuotenro.<\/span><\/td>\n<td><span style=\"color: #333333;\">PB-2113<\/span><\/td>\n<\/tr>\n<tr>\n<td><span style=\"color: #333333;\">Materiaali<\/span><\/td>\n<td>600D polyesteri<\/td>\n<\/tr>\n<tr>\n<td><span style=\"color: #333333;\">Koko<\/span><\/td>\n<td>15 x 8,5 x 5 tuumaa<\/td>\n<\/tr>\n<tr>\n<td><span style=\"color: #333333;\">\u00a0Toimitusaika<\/span><\/td>\n<td><span style=\"color: #333333;\">1-5 p\u00e4iv\u00e4\u00e4 pienille m\u00e4\u00e4rille lentoteitse ja 30-35 p\u00e4iv\u00e4\u00e4 suurille m\u00e4\u00e4rille meritse.<\/span><\/td>\n<\/tr>\n<\/tbody>\n<\/table>\n<p class=\"ds-markdown-paragraph\">\u2705\u00a0<strong>Miksi taktiset ostajat valitsevat meid\u00e4t:<\/strong><\/p>\n<ul>\n<li>\n<p class=\"ds-markdown-paragraph\"><strong>Todellinen er\u00e4mainen h\u00e4iv\u00e4hdys<\/strong>: Lisensoitu Realtree\u00ae camo + \u00e4\u00e4nett\u00f6m\u00e4t mattapintaiset vetoketjut - katoaa mets\u00e4ss\u00e4 ilman hajua tai \u00e4\u00e4nt\u00e4!<\/p>\n<\/li>\n<li>\n<p class=\"ds-markdown-paragraph\"><strong>Vedenpit\u00e4v\u00e4 soturi<\/strong>: Saumattu TPU-rakenne (IPX6-luokitus) - kahlaa purojen l\u00e4pi kastelematta varusteita.<\/p>\n<\/li>\n<li>\n<p class=\"ds-markdown-paragraph\"><strong>Erilliset tilaukset valmiina<\/strong>: Tuottaa mets\u00e4stys laukku irtotavarana tilauksia kautta mets\u00e4stys laukku ODM \/ OEM tai yksityinen etiketti 12 p\u00e4iv\u00e4\u00e4!<\/p>\n<\/li>\n<li>\n<p class=\"ds-markdown-paragraph\"><strong>Kiina Kustannukset Virta<\/strong>: Koska premier Hunting Bag Kiina tehdas, sotilaallinen laatu t\u00e4ytt\u00e4\u00e4 tehtaan hinnoittelu.<\/p>\n<\/li>\n<\/ul>\n<p class=\"ds-markdown-paragraph\"><strong>Hunter-hyv\u00e4ksytyt ominaisuudet:<\/strong><br \/>\n\ud83d\udd39\u00a0<strong>3-in-1 muotoilu<\/strong>: Irrotettavat valjaat + verij\u00e4lkien kest\u00e4v\u00e4 vuori + puuhihnojen paikat.<br \/>\n\ud83d\udd39 Tuoksua est\u00e4v\u00e4 hiilivuori + meluton solkij\u00e4rjestelm\u00e4<br \/>\n\ud83d\udd39 S\u00e4\u00e4dett\u00e4v\u00e4 vy\u00f6t\u00e4r\u00f6vy\u00f6 (sopii 28\u2033-48\u2033) + Molle-yhteensopivat paneelit<br \/>\n\ud83d\udd39 Tyhjennett\u00e4v\u00e4t pelitaskut (sis\u00e4lt\u00e4\u00e4 20lbs pyydyksi\u00e4 tai peli\u00e4)<\/p>\n<p class=\"ds-markdown-paragraph\"><strong>T\u00e4ydellinen:<\/strong><\/p>\n<ul>\n<li>\n<p class=\"ds-markdown-paragraph\">Mets\u00e4stys varustamot &amp; Mets\u00e4stys laukku myyj\u00e4t<\/p>\n<\/li>\n<li>\n<p class=\"ds-markdown-paragraph\">Taktiset varusteet myym\u00e4l\u00e4t &amp; Mets\u00e4styslaukku tukkukauppiaat<\/p>\n<\/li>\n<li>\n<p class=\"ds-markdown-paragraph\">Brands building Hunting Bag private label mets\u00e4styslinjat<\/p>\n<\/li>\n<\/ul>\n<p class=\"ds-markdown-paragraph\"><strong>Sinun tuotantopolkusi:<\/strong><br \/>\n1\ufe0f\u20e3 Mukauta maastokuvioita (tai k\u00e4yt\u00e4 Realtree\u00ae\/Mossy Oak\u00ae -lisenssej\u00e4).<br \/>\n2\ufe0f\u20e3 Prototyyppi 5 p\u00e4iv\u00e4ss\u00e4 \u2192 kentt\u00e4testaus \u2192 massatuotanto<br \/>\n3\ufe0f\u20e3 L\u00e4hetys Hunting Bagin vientiverkostojen kautta (DDP Yhdysvaltoihin\/EU:hun).<\/p>\n<p class=\"ds-markdown-paragraph\"><strong>Tehtaan valtakirjat:<\/strong><br \/>\n\u2705 10+ vuoden kokemus taktisten reppujen valmistajalta.<br \/>\n\u2705 40% hiljaisempi laitteisto verrattuna tavallisiin mets\u00e4styspusseihin<br \/>\n\u2705 Sertifikaatit: OEKO-TEX, ISO 9001, SGS, OEKO-TEX.<\/p>\n<p class=\"ds-markdown-paragraph\"><strong>Oletko valmis varastoimaan haamutason varusteita?<\/strong><br \/>\n\ud83d\udc49\u00a0<strong>Ilmainen camo n\u00e4yte<\/strong>\u00a0\ud83d\udc49 15% talletus \ud83d\udc49 24h quote<\/p>\n<\/div>\n<\/div>\n<\/div>\n<\/div>","protected":false},"excerpt":{"rendered":"<h2 data-immersive-translate-walked=\"344be1c1-5052-41eb-8fcd-0dbe236a0d6b\" data-immersive-translate-paragraph=\"1\">Woodland Camo vedenpit\u00e4v\u00e4 vy\u00f6t\u00e4r\u00f6 mets\u00e4stys laukku<\/h2>\n<p>1. T\u00e4m\u00e4 vy\u00f6laukku on valmistettu korkealaatuisesta polyesterikankaasta, jossa on PVC-vedenpit\u00e4v\u00e4 pinnoite, joka takaa, ett\u00e4 varusteesi pysyv\u00e4t kuivina ja suojattuina s\u00e4\u00e4ss\u00e4 kuin s\u00e4\u00e4ss\u00e4. Sen vankka rakenne sopii t\u00e4ydellisesti karuun ulkoilmaan ja tarjoaa luotettavan s\u00e4ilytystilan t\u00e4rkeimmille mets\u00e4stysv\u00e4lineillesi.<\/p>\n<p>2. Luonnollinen mets\u00e4maastopainatus tarjoaa erinomaisen peitt\u00e4vyyden ja auttaa sinua sulautumaan saumattomasti ymp\u00e4rist\u00f6\u00f6n. T\u00e4m\u00e4 tekee vy\u00f6laukusta erinomaisen valinnan hirvenmets\u00e4stykseen, kalkkunanmets\u00e4stykseen ja muihin ulkoilma-aktiviteetteihin, joissa piilossa pysyminen on t\u00e4rke\u00e4\u00e4.<\/p>\n<p>3. Realistinen naamiointi j\u00e4ljittelee luonnollista ymp\u00e4rist\u00f6\u00e4, mik\u00e4 parantaa salamyhk\u00e4isyytt\u00e4si ja lis\u00e4\u00e4 mahdollisuuksiasi onnistuneeseen mets\u00e4stykseen. Mukavuus ja s\u00e4\u00e4dett\u00e4vyys ovat t\u00e4m\u00e4n vy\u00f6laukun keskeisi\u00e4 ominaisuuksia.<\/p>\n<p>4. S\u00e4\u00e4dett\u00e4v\u00e4n nailonhihnan avulla voit k\u00e4ytt\u00e4\u00e4 sit\u00e4 lantiopakkauksena tai ristipakkauksena, jolloin se sopii r\u00e4\u00e4t\u00e4l\u00f6it\u00e4v\u00e4sti miehille, naisille ja lapsille.<\/p>","protected":false},"featured_media":4098,"template":"","meta":{"_uag_custom_page_level_css":""},"product_brand":[],"product_cat":[54],"product_tag":[],"class_list":{"0":"post-4097","1":"product","2":"type-product","3":"status-publish","4":"has-post-thumbnail","6":"product_cat-hunting-bag","8":"first","9":"instock","10":"shipping-taxable","11":"product-type-simple"},"uagb_featured_image_src":{"full":["https:\/\/pecbag.com\/wp-content\/uploads\/2025\/06\/Woodland-Camo-Waterproof-Waist-Hunting-Bag-4.jpg",960,960,false],"thumbnail":["https:\/\/pecbag.com\/wp-content\/uploads\/2025\/06\/Woodland-Camo-Waterproof-Waist-Hunting-Bag-4-150x150.jpg",150,150,true],"medium":["https:\/\/pecbag.com\/wp-content\/uploads\/2025\/06\/Woodland-Camo-Waterproof-Waist-Hunting-Bag-4-300x300.jpg",300,300,true],"medium_large":["https:\/\/pecbag.com\/wp-content\/uploads\/2025\/06\/Woodland-Camo-Waterproof-Waist-Hunting-Bag-4-768x768.jpg",768,768,true],"large":["https:\/\/pecbag.com\/wp-content\/uploads\/2025\/06\/Woodland-Camo-Waterproof-Waist-Hunting-Bag-4.jpg",800,800,false],"1536x1536":["https:\/\/pecbag.com\/wp-content\/uploads\/2025\/06\/Woodland-Camo-Waterproof-Waist-Hunting-Bag-4.jpg",960,960,false],"2048x2048":["https:\/\/pecbag.com\/wp-content\/uploads\/2025\/06\/Woodland-Camo-Waterproof-Waist-Hunting-Bag-4.jpg",960,960,false],"trp-custom-language-flag":["https:\/\/pecbag.com\/wp-content\/uploads\/2025\/06\/Woodland-Camo-Waterproof-Waist-Hunting-Bag-4-12x12.jpg",12,12,true],"woocommerce_thumbnail":["https:\/\/pecbag.com\/wp-content\/uploads\/2025\/06\/Woodland-Camo-Waterproof-Waist-Hunting-Bag-4-300x300.jpg",300,300,true],"woocommerce_single":["https:\/\/pecbag.com\/wp-content\/uploads\/2025\/06\/Woodland-Camo-Waterproof-Waist-Hunting-Bag-4-600x600.jpg",600,600,true],"woocommerce_gallery_thumbnail":["https:\/\/pecbag.com\/wp-content\/uploads\/2025\/06\/Woodland-Camo-Waterproof-Waist-Hunting-Bag-4-100x100.jpg",100,100,true]},"uagb_author_info":{"display_name":"Lawrence","author_link":"https:\/\/pecbag.com\/fi\/author\/"},"uagb_comment_info":0,"uagb_excerpt":"Woodland Camo Waterproof Waist Hunting Bag 1. This fanny pack is made from high-quality polyester fabric with a PVC waterproof coating, ensuring your gear stays dry and protected in any weather. Its robust construction is perfect for the rugged outdoors, providing reliable storage for your essential hunting gear. 2. The natural woodland camouflage printing offers&hellip;","_links":{"self":[{"href":"https:\/\/pecbag.com\/fi\/wp-json\/wp\/v2\/product\/4097","targetHints":{"allow":["GET"]}}],"collection":[{"href":"https:\/\/pecbag.com\/fi\/wp-json\/wp\/v2\/product"}],"about":[{"href":"https:\/\/pecbag.com\/fi\/wp-json\/wp\/v2\/types\/product"}],"wp:featuredmedia":[{"embeddable":true,"href":"https:\/\/pecbag.com\/fi\/wp-json\/wp\/v2\/media\/4098"}],"wp:attachment":[{"href":"https:\/\/pecbag.com\/fi\/wp-json\/wp\/v2\/media?parent=4097"}],"wp:term":[{"taxonomy":"product_brand","embeddable":true,"href":"https:\/\/pecbag.com\/fi\/wp-json\/wp\/v2\/product_brand?post=4097"},{"taxonomy":"product_cat","embeddable":true,"href":"https:\/\/pecbag.com\/fi\/wp-json\/wp\/v2\/product_cat?post=4097"},{"taxonomy":"product_tag","embeddable":true,"href":"https:\/\/pecbag.com\/fi\/wp-json\/wp\/v2\/product_tag?post=4097"}],"curies":[{"name":"wp","href":"https:\/\/api.w.org\/{rel}","templated":true}]}}