{"id":4226,"date":"2025-06-28T01:39:32","date_gmt":"2025-06-28T01:39:32","guid":{"rendered":"https:\/\/pecbag.com\/?post_type=product&#038;p=4226"},"modified":"2025-11-29T01:18:10","modified_gmt":"2025-11-29T01:18:10","slug":"outdoor-fishing-storage-crossbody-bag","status":"publish","type":"product","link":"https:\/\/pecbag.com\/fi\/outdoor-fishing-storage-crossbody-bag\/","title":{"rendered":"Ulkouima kalastus varastointi Crossbody laukku"},"content":{"rendered":"<h5 title=\"Kokoontaitettava koira laukku hengitt\u00e4v\u00e4 mesh lemmikkiel\u00e4inten olkalaukku pienille lemmikkiel\u00e4inten koirille kissoille\" data-immersive-translate-walked=\"1c928421-2e42-4cd3-8754-5404553c0af5\" data-immersive-translate-paragraph=\"1\" data-spm-anchor-id=\"a2700.details.0.i35.4f6757d4w4zNZA\"><strong>Ulkouima kalastus varastointi Crossbody laukku tehdas | Vedenpit\u00e4v\u00e4 laukku tehdas &amp; Tekninen reppu valmistaja | Angler-todistettu irtotavarana<\/strong><\/h5>\n<p>Tarvitsetko korkean suorituskyvyn ulkokalastuksen varastointi crossbody laukut teid\u00e4n taklauksen tuotemerkin? Koska sertifioitu vedenpit\u00e4v\u00e4 laukku tehdas ja kalastus reppu valmistaja Kiinassa (Crossbody Bag Kiina), me insin\u00f6\u00f6ri angler-valmis crossbody pussit vedenpit\u00e4v\u00e4 osastot, korroosionkest\u00e4v\u00e4 vetoketjut, ja modulaarinen organisaatio. Yhteisty\u00f6kumppanina meid\u00e4n Crossbody Bag valmistaja Crossbody Bag irtotilaukset - luotettu Crossbody Bag tukkukauppiaat, ulkona v\u00e4hitt\u00e4ismyyj\u00e4t, ja Crossbody Bag myyj\u00e4t maailmanlaajuisesti.<\/p>\n<div class=\"flex flex-grow flex-col max-w-full\">\n<div class=\"min-h-[20px] text-message flex w-full flex-col items-end gap-2 whitespace-pre-wrap break-words [.text-message+&amp;]:mt-5 overflow-x-auto\" dir=\"auto\" data-message-author-role=\"assistant\" data-message-id=\"3d7d46f6-7ec2-4222-9257-48fa0bba23c6\" data-suggestions=\"true\">\n<div class=\"flex w-full flex-col gap-1 empty:hidden first:pt-[3px]\">\n<div class=\"markdown prose w-full break-words dark:prose-invert light\">\n<table width=\"288\">\n<tbody>\n<tr>\n<td width=\"137\"><span style=\"color: #333333;\">Tuotteiden nimi<\/span><\/td>\n<td width=\"151\">Crossbody laukku<\/td>\n<\/tr>\n<tr>\n<td><span style=\"color: #333333;\">Tuotenro.<\/span><\/td>\n<td><span style=\"color: #333333;\">PB-2126<\/span><\/td>\n<\/tr>\n<tr>\n<td><span style=\"color: #333333;\">Materiaali<\/span><\/td>\n<td>1000D Nylon<\/td>\n<\/tr>\n<tr>\n<td><span style=\"color: #333333;\">Koko<\/span><\/td>\n<td>11.8 * 9 * 6.3in<\/td>\n<\/tr>\n<tr>\n<td><span style=\"color: #333333;\">\u00a0Toimitusaika<\/span><\/td>\n<td><span style=\"color: #333333;\">1-5 p\u00e4iv\u00e4\u00e4 pienille m\u00e4\u00e4rille lentoteitse ja 30-35 p\u00e4iv\u00e4\u00e4 suurille m\u00e4\u00e4rille meritse.<\/span><\/td>\n<\/tr>\n<\/tbody>\n<\/table>\n<p class=\"ds-markdown-paragraph\">\ud83c\udfa3\u00a0<strong>Miksi takilatoimittajat valitsevat meid\u00e4t:<\/strong><\/p>\n<ul>\n<li>\n<p class=\"ds-markdown-paragraph\"><strong>Kalavalmis muotoilu<\/strong>: Uppoava TPU-vuori (IPX8-luokitus) + nopeasti tyhjentyv\u00e4t taskut.<\/p>\n<\/li>\n<li>\n<p class=\"ds-markdown-paragraph\">Crossbody Bag ODM \/ OEM t\u00e4ydell\u00e4 Crossbody Bag yksityinen etiketti palvelut<\/p>\n<\/li>\n<li>\n<p class=\"ds-markdown-paragraph\">Alhainen MOQ Crossbody Bag irtotavarana tuotanto<\/p>\n<\/li>\n<li>\n<p class=\"ds-markdown-paragraph\">Nopea Crossbody Bag vienti meid\u00e4n ISO-sertifioitu Crossbody Bag tehdas<\/p>\n<\/li>\n<li>\n<p class=\"ds-markdown-paragraph\">15+ vuotta premium Crossbody Bag toimittaja<\/p>\n<\/li>\n<\/ul>\n<p class=\"ds-markdown-paragraph\">\u2705\u00a0<strong>Angler-hyv\u00e4ksytyt ominaisuudet:<\/strong><br \/>\n- Suolaveden kest\u00e4v\u00e4t YKK vetoketjut + ruostumattomat D-renkaat<br \/>\n- Omistetut viehekalustot + ty\u00f6kalulenkit + vavanpidinpaikka<br \/>\n- Nopeasti kuivuva mesh-selk\u00e4 + s\u00e4\u00e4dett\u00e4v\u00e4t taktiset hihnat<br \/>\n- Custom kokoonpanot kautta Crossbody Bag OEM<\/p>\n<p class=\"ds-markdown-paragraph\">Ihanteellinen Crossbody Bag yrityksille, kalastuksen jakelijoille ja Crossbody Bag tukkukauppiaiden verkostoille. Pyyd\u00e4 ILMAISIA suolasuihkutestipakkauksia Crossbody Bag -valmistajalta jo t\u00e4n\u00e4\u00e4n!<\/p>\n<\/div>\n<\/div>\n<\/div>\n<\/div>","protected":false},"excerpt":{"rendered":"<h2 data-immersive-translate-walked=\"344be1c1-5052-41eb-8fcd-0dbe236a0d6b\" data-immersive-translate-paragraph=\"1\">Ulkouima kalastus varastointi Crossbody laukku<\/h2>\n<div class=\"sliderTable mt10 mb10 sliderTable-index0\">\n<div class=\"inner\">\n<p><strong>1. Innovatiivinen s\u00e4ilytys monik\u00e4ytt\u00f6laukku<\/strong>: Koko kalastusv\u00e4lineiden laukku on 11.8 * 9 * 6.3in. Siin\u00e4 on useita lokeroita, joissa voit s\u00e4ilytt\u00e4\u00e4 sy\u00f6ttej\u00e4, pihdit, lanka, sy\u00f6ttirasia, lompakko, puhelin ja muut tarvikkeet. Tee matkastasi k\u00e4tev\u00e4mpi.<\/p>\n<p><strong>2. S\u00e4\u00e4dett\u00e4v\u00e4 ja irrotettava hihna<\/strong>: Olkahihna on s\u00e4\u00e4dett\u00e4viss\u00e4 ja irrotettavissa, sinulla voi olla useita tapoja k\u00e4ytt\u00e4\u00e4 sit\u00e4, kuten olkalaukku, k\u00e4silaukku, rintalaukku, kalastusv\u00e4lineiden laukku, Crossbody Ba,g jne.<\/p>\n<\/div>\n<\/div>","protected":false},"featured_media":4232,"template":"","meta":{"_uag_custom_page_level_css":""},"product_brand":[],"product_cat":[62,46],"product_tag":[],"class_list":{"0":"post-4226","1":"product","2":"type-product","3":"status-publish","4":"has-post-thumbnail","6":"product_cat-crossbody-bags","7":"product_cat-fishing-bag","9":"first","10":"instock","11":"shipping-taxable","12":"product-type-simple"},"uagb_featured_image_src":{"full":["https:\/\/pecbag.com\/wp-content\/uploads\/2025\/06\/Outdoor-Fishing-Storage-Crossbody-Bag-21.jpg",1053,1500,false],"thumbnail":["https:\/\/pecbag.com\/wp-content\/uploads\/2025\/06\/Outdoor-Fishing-Storage-Crossbody-Bag-21-150x150.jpg",150,150,true],"medium":["https:\/\/pecbag.com\/wp-content\/uploads\/2025\/06\/Outdoor-Fishing-Storage-Crossbody-Bag-21-211x300.jpg",211,300,true],"medium_large":["https:\/\/pecbag.com\/wp-content\/uploads\/2025\/06\/Outdoor-Fishing-Storage-Crossbody-Bag-21-768x1094.jpg",768,1094,true],"large":["https:\/\/pecbag.com\/wp-content\/uploads\/2025\/06\/Outdoor-Fishing-Storage-Crossbody-Bag-21-719x1024.jpg",719,1024,true],"1536x1536":["https:\/\/pecbag.com\/wp-content\/uploads\/2025\/06\/Outdoor-Fishing-Storage-Crossbody-Bag-21.jpg",1053,1500,false],"2048x2048":["https:\/\/pecbag.com\/wp-content\/uploads\/2025\/06\/Outdoor-Fishing-Storage-Crossbody-Bag-21.jpg",1053,1500,false],"trp-custom-language-flag":["https:\/\/pecbag.com\/wp-content\/uploads\/2025\/06\/Outdoor-Fishing-Storage-Crossbody-Bag-21-8x12.jpg",8,12,true],"woocommerce_thumbnail":["https:\/\/pecbag.com\/wp-content\/uploads\/2025\/06\/Outdoor-Fishing-Storage-Crossbody-Bag-21-300x300.jpg",300,300,true],"woocommerce_single":["https:\/\/pecbag.com\/wp-content\/uploads\/2025\/06\/Outdoor-Fishing-Storage-Crossbody-Bag-21-600x855.jpg",600,855,true],"woocommerce_gallery_thumbnail":["https:\/\/pecbag.com\/wp-content\/uploads\/2025\/06\/Outdoor-Fishing-Storage-Crossbody-Bag-21-100x100.jpg",100,100,true]},"uagb_author_info":{"display_name":"Lawrence","author_link":"https:\/\/pecbag.com\/fi\/author\/"},"uagb_comment_info":0,"uagb_excerpt":"Outdoor Fishing Storage Crossbody Bag 1. Innovative Storage Multi-Use Bag: The size of the fishing gear bag is 11.8*9*6.3in. There are multiple compartments for you to store bait, pliers, wire, a bait box, a wallet, a phone, and other accessories. Make your travel more convenient. 2. Adjustable and detachable strap: The shoulder strap is adjustable&hellip;","_links":{"self":[{"href":"https:\/\/pecbag.com\/fi\/wp-json\/wp\/v2\/product\/4226","targetHints":{"allow":["GET"]}}],"collection":[{"href":"https:\/\/pecbag.com\/fi\/wp-json\/wp\/v2\/product"}],"about":[{"href":"https:\/\/pecbag.com\/fi\/wp-json\/wp\/v2\/types\/product"}],"wp:featuredmedia":[{"embeddable":true,"href":"https:\/\/pecbag.com\/fi\/wp-json\/wp\/v2\/media\/4232"}],"wp:attachment":[{"href":"https:\/\/pecbag.com\/fi\/wp-json\/wp\/v2\/media?parent=4226"}],"wp:term":[{"taxonomy":"product_brand","embeddable":true,"href":"https:\/\/pecbag.com\/fi\/wp-json\/wp\/v2\/product_brand?post=4226"},{"taxonomy":"product_cat","embeddable":true,"href":"https:\/\/pecbag.com\/fi\/wp-json\/wp\/v2\/product_cat?post=4226"},{"taxonomy":"product_tag","embeddable":true,"href":"https:\/\/pecbag.com\/fi\/wp-json\/wp\/v2\/product_tag?post=4226"}],"curies":[{"name":"wp","href":"https:\/\/api.w.org\/{rel}","templated":true}]}}