{"id":4233,"date":"2025-06-28T01:52:51","date_gmt":"2025-06-28T01:52:51","guid":{"rendered":"https:\/\/pecbag.com\/?post_type=product&#038;p=4233"},"modified":"2025-11-29T01:14:22","modified_gmt":"2025-11-29T01:14:22","slug":"resistant-tactical-hip-bumbag-crossbody-bag","status":"publish","type":"product","link":"https:\/\/pecbag.com\/fi\/resistant-tactical-hip-bumbag-crossbody-bag\/","title":{"rendered":"Kest\u00e4v\u00e4 taktinen Hip Bumbag Crossbody laukku"},"content":{"rendered":"<h5 title=\"Kokoontaitettava koira laukku hengitt\u00e4v\u00e4 mesh lemmikkiel\u00e4inten olkalaukku pienille lemmikkiel\u00e4inten koirille kissoille\" data-immersive-translate-walked=\"1c928421-2e42-4cd3-8754-5404553c0af5\" data-immersive-translate-paragraph=\"1\" data-spm-anchor-id=\"a2700.details.0.i35.4f6757d4w4zNZA\"><strong>Kest\u00e4v\u00e4 taktinen Hip Bumbag Crossbody Bag Factory | Vedenpit\u00e4v\u00e4 laukku Factory &amp; Military Backpack valmistaja | Duty-Ready Bulk<\/strong><\/h5>\n<p>Tarvitsetko taistelu-testattu, kest\u00e4v\u00e4 taktinen lonkka bumbag crossbody laukut turvallisuuden toimittajien tai ulkona tuotemerkkej\u00e4? Koska sertifioitu vedenpit\u00e4v\u00e4 laukku tehdas ja taktinen reppu valmistaja Kiinassa (Crossbody Bag Kiina), me insin\u00f6\u00f6ri mil-spec crossbody pussit kulutusta kest\u00e4v\u00e4 600D polyesteri\u00e4, quick-access asettelut, ja modulaarinen kiinnityspisteet. Yhteisty\u00f6kumppanina meid\u00e4n Crossbody Bag valmistaja Crossbody Bag irtotilauksia - luotettu Crossbody Bag tukkukauppiaat, lainvalvontaviranomaisten toimittajat, ja Crossbody Bag myyj\u00e4t maailmanlaajuisesti.<\/p>\n<div class=\"flex flex-grow flex-col max-w-full\">\n<div class=\"min-h-[20px] text-message flex w-full flex-col items-end gap-2 whitespace-pre-wrap break-words [.text-message+&amp;]:mt-5 overflow-x-auto\" dir=\"auto\" data-message-author-role=\"assistant\" data-message-id=\"3d7d46f6-7ec2-4222-9257-48fa0bba23c6\" data-suggestions=\"true\">\n<div class=\"flex w-full flex-col gap-1 empty:hidden first:pt-[3px]\">\n<div class=\"markdown prose w-full break-words dark:prose-invert light\">\n<table width=\"288\">\n<tbody>\n<tr>\n<td width=\"137\"><span style=\"color: #333333;\">Tuotteiden nimi<\/span><\/td>\n<td width=\"151\">Crossbody laukku<\/td>\n<\/tr>\n<tr>\n<td><span style=\"color: #333333;\">Tuotenro.<\/span><\/td>\n<td><span style=\"color: #333333;\">PB-2127<\/span><\/td>\n<\/tr>\n<tr>\n<td><span style=\"color: #333333;\">Materiaali<\/span><\/td>\n<td>600D polyesteri<\/td>\n<\/tr>\n<tr>\n<td><span style=\"color: #333333;\">Koko<\/span><\/td>\n<td>27 x 17 x 12 cm<\/td>\n<\/tr>\n<tr>\n<td><span style=\"color: #333333;\">\u00a0Toimitusaika<\/span><\/td>\n<td><span style=\"color: #333333;\">1-5 p\u00e4iv\u00e4\u00e4 pienille m\u00e4\u00e4rille lentoteitse ja 30-35 p\u00e4iv\u00e4\u00e4 suurille m\u00e4\u00e4rille meritse.<\/span><\/td>\n<\/tr>\n<\/tbody>\n<\/table>\n<p class=\"ds-markdown-paragraph\">\u2705\u00a0<strong>Miksi taktiset ostajat luottavat varusteisiimme:<\/strong><\/p>\n<ul>\n<li>\n<p class=\"ds-markdown-paragraph\"><strong>Teht\u00e4v\u00e4kelpoinen kest\u00e4vyys<\/strong>: 7 kertaa vahvempi kuin tavallinen nailon (testattu ASTM D751 -standardien mukaisesti).<\/p>\n<\/li>\n<li>\n<p class=\"ds-markdown-paragraph\">Crossbody Bag ODM \/ OEM t\u00e4ydell\u00e4 Crossbody Bag yksityinen etiketti palvelut<\/p>\n<\/li>\n<li>\n<p class=\"ds-markdown-paragraph\">Alhainen MOQ Crossbody Bag irtotavarana tuotanto<\/p>\n<\/li>\n<li>\n<p class=\"ds-markdown-paragraph\">Huomaamaton Crossbody Bag vienti meid\u00e4n turvallinen Crossbody Bag tehdas<\/p>\n<\/li>\n<li>\n<p class=\"ds-markdown-paragraph\">Saatavana ITAR-yhteensopivia vaihtoehtoja<\/p>\n<\/li>\n<\/ul>\n<p class=\"ds-markdown-paragraph\">\ud83d\udd30\u00a0<strong>Tactical Advantage Ominaisuudet:<\/strong><br \/>\n- MOLLE\/PALS-hihnat + piilokantolokero<br \/>\n- Upotettava vedenpit\u00e4vyys (IPX8-luokitus) + tyhjennysaukotukset<br \/>\n- Pikavapautettava lantiovy\u00f6 + RFID-sulutustaskut<br \/>\n- Custom kokoonpanot kautta Crossbody Bag OEM<\/p>\n<p class=\"ds-markdown-paragraph\">Ihanteellinen Crossbody Bag yrityksille, turvallisuus jakelijat, ja Crossbody Bag toimittaja verkostot. Pyyd\u00e4 ILMAISIA kulutustestivideoita Crossbody Bag -valmistajalta jo t\u00e4n\u00e4\u00e4n!<\/p>\n<\/div>\n<\/div>\n<\/div>\n<\/div>","protected":false},"excerpt":{"rendered":"<h2 data-immersive-translate-walked=\"344be1c1-5052-41eb-8fcd-0dbe236a0d6b\" data-immersive-translate-paragraph=\"1\">Kest\u00e4v\u00e4 taktinen Hip Bumbag Crossbody laukku<\/h2>\n<div class=\"sliderTable mt10 mb10 sliderTable-index0\">\n<div class=\"inner\">\n<p>T\u00e4t\u00e4 monipuolista laukkua voi kantaa vy\u00f6t\u00e4r\u00f6ll\u00e4, olkap\u00e4\u00e4ll\u00e4 tai ristikk\u00e4isen\u00e4 laukkuna, mik\u00e4 sopii parhaiten kalastustyyliisi. K\u00e4yt\u00e4 sit\u00e4 edess\u00e4si, jotta se on helposti saatavilla, tai sel\u00e4ss\u00e4si, jotta se on mukava.<\/p>\n<\/div>\n<\/div>","protected":false},"featured_media":4238,"template":"","meta":{"_uag_custom_page_level_css":""},"product_brand":[],"product_cat":[62,55,66],"product_tag":[],"class_list":{"0":"post-4233","1":"product","2":"type-product","3":"status-publish","4":"has-post-thumbnail","6":"product_cat-crossbody-bags","7":"product_cat-tactical-bag","8":"product_cat-waterproof-bag","10":"first","11":"instock","12":"shipping-taxable","13":"product-type-simple"},"uagb_featured_image_src":{"full":["https:\/\/pecbag.com\/wp-content\/uploads\/2025\/06\/Resistant-Tactical-Hip-Bumbag-Crossbody-Bag-2.jpg",1497,1497,false],"thumbnail":["https:\/\/pecbag.com\/wp-content\/uploads\/2025\/06\/Resistant-Tactical-Hip-Bumbag-Crossbody-Bag-2-150x150.jpg",150,150,true],"medium":["https:\/\/pecbag.com\/wp-content\/uploads\/2025\/06\/Resistant-Tactical-Hip-Bumbag-Crossbody-Bag-2-300x300.jpg",300,300,true],"medium_large":["https:\/\/pecbag.com\/wp-content\/uploads\/2025\/06\/Resistant-Tactical-Hip-Bumbag-Crossbody-Bag-2-768x768.jpg",768,768,true],"large":["https:\/\/pecbag.com\/wp-content\/uploads\/2025\/06\/Resistant-Tactical-Hip-Bumbag-Crossbody-Bag-2-1024x1024.jpg",800,800,true],"1536x1536":["https:\/\/pecbag.com\/wp-content\/uploads\/2025\/06\/Resistant-Tactical-Hip-Bumbag-Crossbody-Bag-2.jpg",1497,1497,false],"2048x2048":["https:\/\/pecbag.com\/wp-content\/uploads\/2025\/06\/Resistant-Tactical-Hip-Bumbag-Crossbody-Bag-2.jpg",1497,1497,false],"trp-custom-language-flag":["https:\/\/pecbag.com\/wp-content\/uploads\/2025\/06\/Resistant-Tactical-Hip-Bumbag-Crossbody-Bag-2-12x12.jpg",12,12,true],"woocommerce_thumbnail":["https:\/\/pecbag.com\/wp-content\/uploads\/2025\/06\/Resistant-Tactical-Hip-Bumbag-Crossbody-Bag-2-300x300.jpg",300,300,true],"woocommerce_single":["https:\/\/pecbag.com\/wp-content\/uploads\/2025\/06\/Resistant-Tactical-Hip-Bumbag-Crossbody-Bag-2-600x600.jpg",600,600,true],"woocommerce_gallery_thumbnail":["https:\/\/pecbag.com\/wp-content\/uploads\/2025\/06\/Resistant-Tactical-Hip-Bumbag-Crossbody-Bag-2-100x100.jpg",100,100,true]},"uagb_author_info":{"display_name":"Lawrence","author_link":"https:\/\/pecbag.com\/fi\/author\/"},"uagb_comment_info":0,"uagb_excerpt":"Resistant Tactical Hip Bumbag Crossbody Bag This versatile bag can be carried around your waist, over your shoulder, or as a crossbody bag to best suit your fishing style. Wear it on your front for accessibility or on your back for comfort.","_links":{"self":[{"href":"https:\/\/pecbag.com\/fi\/wp-json\/wp\/v2\/product\/4233","targetHints":{"allow":["GET"]}}],"collection":[{"href":"https:\/\/pecbag.com\/fi\/wp-json\/wp\/v2\/product"}],"about":[{"href":"https:\/\/pecbag.com\/fi\/wp-json\/wp\/v2\/types\/product"}],"wp:featuredmedia":[{"embeddable":true,"href":"https:\/\/pecbag.com\/fi\/wp-json\/wp\/v2\/media\/4238"}],"wp:attachment":[{"href":"https:\/\/pecbag.com\/fi\/wp-json\/wp\/v2\/media?parent=4233"}],"wp:term":[{"taxonomy":"product_brand","embeddable":true,"href":"https:\/\/pecbag.com\/fi\/wp-json\/wp\/v2\/product_brand?post=4233"},{"taxonomy":"product_cat","embeddable":true,"href":"https:\/\/pecbag.com\/fi\/wp-json\/wp\/v2\/product_cat?post=4233"},{"taxonomy":"product_tag","embeddable":true,"href":"https:\/\/pecbag.com\/fi\/wp-json\/wp\/v2\/product_tag?post=4233"}],"curies":[{"name":"wp","href":"https:\/\/api.w.org\/{rel}","templated":true}]}}