{"id":4241,"date":"2025-06-28T06:38:30","date_gmt":"2025-06-28T06:38:30","guid":{"rendered":"https:\/\/pecbag.com\/?post_type=product&#038;p=4241"},"modified":"2025-11-29T01:14:38","modified_gmt":"2025-11-29T01:14:38","slug":"tsa-approved-quart-size-bag-factory","status":"publish","type":"product","link":"https:\/\/pecbag.com\/fi\/tsa-approved-quart-size-bag-factory\/","title":{"rendered":"TSA hyv\u00e4ksytty Quart koko laukku Factory"},"content":{"rendered":"<h5 title=\"Kokoontaitettava koira laukku hengitt\u00e4v\u00e4 mesh lemmikkiel\u00e4inten olkalaukku pienille lemmikkiel\u00e4inten koirille kissoille\" data-immersive-translate-walked=\"1c928421-2e42-4cd3-8754-5404553c0af5\" data-immersive-translate-paragraph=\"1\" data-spm-anchor-id=\"a2700.details.0.i35.4f6757d4w4zNZA\"><strong>TSA hyv\u00e4ksytty Quart Size Bag Factory | Vaatimustenmukainen vedenpit\u00e4v\u00e4 laukku Factory &amp; Travel Backpack valmistaja | Security-Check Ready<\/strong><\/h5>\n<p>Tarvitsetko luotettavia TSA-hyv\u00e4ksyttyj\u00e4 nelj\u00e4nneskokoisia pusseja matkatarvikevalikoimaasi? Koska sertifioitu vedenpit\u00e4v\u00e4 laukku tehdas ja matka reppu valmistaja Kiinassa (Makeup Bag Kiina), tuotamme yhteensopiva 7 \"x 8\" kirkas quart pussit TSA pre-check leimat, tiivisteet tiiviit ja kest\u00e4v\u00e4 PVC-materiaalista. Yhteisty\u00f6kumppani meid\u00e4n Makeup Bag valmistaja Makeup Bag irtotilaukset - luotettu Makeup Bag tukkukauppiaat, matka v\u00e4hitt\u00e4ismyyj\u00e4t, ja Makeup Bag myyj\u00e4t maailmanlaajuisesti.<\/p>\n<div class=\"flex flex-grow flex-col max-w-full\">\n<div class=\"min-h-[20px] text-message flex w-full flex-col items-end gap-2 whitespace-pre-wrap break-words [.text-message+&amp;]:mt-5 overflow-x-auto\" dir=\"auto\" data-message-author-role=\"assistant\" data-message-id=\"3d7d46f6-7ec2-4222-9257-48fa0bba23c6\" data-suggestions=\"true\">\n<div class=\"flex w-full flex-col gap-1 empty:hidden first:pt-[3px]\">\n<div class=\"markdown prose w-full break-words dark:prose-invert light\">\n<table width=\"288\">\n<tbody>\n<tr>\n<td width=\"137\"><span style=\"color: #333333;\">Tuotteiden nimi<\/span><\/td>\n<td width=\"151\"><span style=\"color: #333333;\">Meikkilaukku<\/span><\/td>\n<\/tr>\n<tr>\n<td><span style=\"color: #333333;\">Tuotenro.<\/span><\/td>\n<td><span style=\"color: #333333;\">PB-2128<\/span><\/td>\n<\/tr>\n<tr>\n<td><span style=\"color: #333333;\">Materiaali<\/span><\/td>\n<td>PVC-muovi<\/td>\n<\/tr>\n<tr>\n<td><span style=\"color: #333333;\">Koko<\/span><\/td>\n<td>5,5 x 1,5 x 7 tuumaa<\/td>\n<\/tr>\n<tr>\n<td><span style=\"color: #333333;\">\u00a0Toimitusaika<\/span><\/td>\n<td><span style=\"color: #333333;\">1-5 p\u00e4iv\u00e4\u00e4 pienille m\u00e4\u00e4rille lentoteitse ja 30-35 p\u00e4iv\u00e4\u00e4 suurille m\u00e4\u00e4rille meritse.<\/span><\/td>\n<\/tr>\n<\/tbody>\n<\/table>\n<p class=\"ds-markdown-paragraph\">\u2705\u00a0<strong>Miksi matkamerkit valitsevat meid\u00e4t:<\/strong><\/p>\n<ul>\n<li>\n<p class=\"ds-markdown-paragraph\"><strong>Taattu vaatimustenmukaisuus<\/strong>: Esipainetut TSA 3-1-1 tarrat + tarkat 7\u2033x8\u2033 mitat (l\u00e4p\u00e4isee 100% lentokentt\u00e4testit).<\/p>\n<\/li>\n<li>\n<p class=\"ds-markdown-paragraph\">Meikkilaukku ODM \/ OEM t\u00e4ydell\u00e4 Meikkilaukku yksityisen etiketin palvelut<\/p>\n<\/li>\n<li>\n<p class=\"ds-markdown-paragraph\">Alhainen MOQ meikki laukku irtotavarana tuotanto<\/p>\n<\/li>\n<li>\n<p class=\"ds-markdown-paragraph\">Nopea Makeup Bag vienti meid\u00e4n ISO-sertifioitu Makeup Bag tehdas<\/p>\n<\/li>\n<li>\n<p class=\"ds-markdown-paragraph\">10+ vuotta johtavana meikkilaukkujen toimittajana matkatarvikkeille<\/p>\n<\/li>\n<\/ul>\n<p class=\"ds-markdown-paragraph\">\u2708\ufe0f\u00a0<strong>Turvatarkastusvalmius Ominaisuudet:<\/strong><br \/>\n- 0,15 mm:n kristallinkirkas PVC (l\u00e4p\u00e4isee ASTM D1709-iskutestit).<br \/>\n- Kaksoistiivisteinen vetoketjukiinnitys + vahvistetut ristikot<br \/>\n- Mukautettavat esipainetut TSA-ohjeet<br \/>\n- Branding vaihtoehtoja kautta Makeup Bag OEM<\/p>\n<p class=\"ds-markdown-paragraph\">Ihanteellinen meikkilaukkuyrityksille, lentokenttien v\u00e4hitt\u00e4ismyyjille ja meikkilaukkujen tukkukauppiaiden verkostoille. Pyyd\u00e4 ILMAISET TSA-testausraportit meikkilaukkujen valmistajalta jo t\u00e4n\u00e4\u00e4n!<\/p>\n<\/div>\n<\/div>\n<\/div>\n<\/div>","protected":false},"excerpt":{"rendered":"<h2 data-immersive-translate-walked=\"344be1c1-5052-41eb-8fcd-0dbe236a0d6b\" data-immersive-translate-paragraph=\"1\">TSA hyv\u00e4ksytty Quart koko laukku Factory<\/h2>\n<p><span class=\"a-list-item\" data-immersive-translate-walked=\"715acf7f-eace-48a9-ba5a-e6299d7cb9a1\" data-immersive-translate-paragraph=\"1\">1. TSA-hyv\u00e4ksytty toalettilaukku: (koko 7 x 5,5 x 1,5 tuumaa) Sopii nelj\u00e4nneksen kokoisiin pusseihin, joten se on todellinen TSA-hyv\u00e4ksytty koko. Lis\u00e4ksi 311-matkalaukkumme on t\u00e4ysin kirkas, mik\u00e4 t\u00e4ytt\u00e4\u00e4 kaikki TSA-vaatimukset.<\/span><\/p>\n<p><span class=\"a-list-item\" data-immersive-translate-walked=\"715acf7f-eace-48a9-ba5a-e6299d7cb9a1\" data-immersive-translate-paragraph=\"1\">2. Lis\u00e4tasku: Lis\u00e4tasku puuvillakiekkoille, korvatulpille ja pienille esineille: Kirkkaassa meikkipussin j\u00e4rjestelij\u00e4ss\u00e4 on lis\u00e4tasku. T\u00e4ss\u00e4 l\u00e4pin\u00e4kyv\u00e4ss\u00e4 vetoketjullisessa pussissa on my\u00f6s pidikkeet hammasharjalle tai partakoneelle.<\/span><\/p>\n<p><span class=\"a-list-item\" data-immersive-translate-walked=\"715acf7f-eace-48a9-ba5a-e6299d7cb9a1\" data-immersive-translate-paragraph=\"1\">3. Mukava kahva: Se helpottaa hygieniatarvikkeiden hallintaa kylpyhuoneessa: T\u00e4ss\u00e4 kirkkaassa toalettilaukussa on pieni kahva, joten sen avulla on helppo hallita toalettitarvikkeita kylpyhuoneessa. Matkakokoisen toalettilaukun voi helposti vet\u00e4\u00e4 matkatavaroista.<\/span><\/p>\n<p><span class=\"a-list-item\" data-immersive-translate-walked=\"715acf7f-eace-48a9-ba5a-e6299d7cb9a1\" data-immersive-translate-paragraph=\"1\">4. Laadukkaat materiaalit: Olanmarkin nelj\u00e4nneksen kokoinen kirkas matkalaukku on valmistettu kest\u00e4v\u00e4st\u00e4 PVC-muovista. Kosmetiikkalaukussamme autoihin on my\u00f6s luotettava vetoketju, joka takaa pitk\u00e4aikaisen k\u00e4yt\u00f6n ja s\u00e4ilytyksen.<\/span><\/p>","protected":false},"featured_media":4243,"template":"","meta":{"_uag_custom_page_level_css":""},"product_brand":[],"product_cat":[53],"product_tag":[],"class_list":{"0":"post-4241","1":"product","2":"type-product","3":"status-publish","4":"has-post-thumbnail","6":"product_cat-makeup-bag","8":"first","9":"instock","10":"shipping-taxable","11":"product-type-simple"},"uagb_featured_image_src":{"full":["https:\/\/pecbag.com\/wp-content\/uploads\/2025\/06\/TSA-Approved-Quart-Size-Bag-Factory-4.jpg",2000,2000,false],"thumbnail":["https:\/\/pecbag.com\/wp-content\/uploads\/2025\/06\/TSA-Approved-Quart-Size-Bag-Factory-4-150x150.jpg",150,150,true],"medium":["https:\/\/pecbag.com\/wp-content\/uploads\/2025\/06\/TSA-Approved-Quart-Size-Bag-Factory-4-300x300.jpg",300,300,true],"medium_large":["https:\/\/pecbag.com\/wp-content\/uploads\/2025\/06\/TSA-Approved-Quart-Size-Bag-Factory-4-768x768.jpg",768,768,true],"large":["https:\/\/pecbag.com\/wp-content\/uploads\/2025\/06\/TSA-Approved-Quart-Size-Bag-Factory-4-1024x1024.jpg",800,800,true],"1536x1536":["https:\/\/pecbag.com\/wp-content\/uploads\/2025\/06\/TSA-Approved-Quart-Size-Bag-Factory-4-1536x1536.jpg",1536,1536,true],"2048x2048":["https:\/\/pecbag.com\/wp-content\/uploads\/2025\/06\/TSA-Approved-Quart-Size-Bag-Factory-4.jpg",2000,2000,false],"trp-custom-language-flag":["https:\/\/pecbag.com\/wp-content\/uploads\/2025\/06\/TSA-Approved-Quart-Size-Bag-Factory-4-12x12.jpg",12,12,true],"woocommerce_thumbnail":["https:\/\/pecbag.com\/wp-content\/uploads\/2025\/06\/TSA-Approved-Quart-Size-Bag-Factory-4-300x300.jpg",300,300,true],"woocommerce_single":["https:\/\/pecbag.com\/wp-content\/uploads\/2025\/06\/TSA-Approved-Quart-Size-Bag-Factory-4-600x600.jpg",600,600,true],"woocommerce_gallery_thumbnail":["https:\/\/pecbag.com\/wp-content\/uploads\/2025\/06\/TSA-Approved-Quart-Size-Bag-Factory-4-100x100.jpg",100,100,true]},"uagb_author_info":{"display_name":"Lawrence","author_link":"https:\/\/pecbag.com\/fi\/author\/"},"uagb_comment_info":0,"uagb_excerpt":"TSA Approved Quart Size Bag Factory 1. TSA-approved toiletry bag: (size 7 x 5.5 x 1.5 inches) Matches quart-size bags, making it a true TSA-approved size. Additionally, our 311 travel bag is fully clear, meeting all TSA requirements. 2. Additional pocket: Our clear makeup bag organizer has an extra pocket for cotton discs, earplugs, and&hellip;","_links":{"self":[{"href":"https:\/\/pecbag.com\/fi\/wp-json\/wp\/v2\/product\/4241","targetHints":{"allow":["GET"]}}],"collection":[{"href":"https:\/\/pecbag.com\/fi\/wp-json\/wp\/v2\/product"}],"about":[{"href":"https:\/\/pecbag.com\/fi\/wp-json\/wp\/v2\/types\/product"}],"wp:featuredmedia":[{"embeddable":true,"href":"https:\/\/pecbag.com\/fi\/wp-json\/wp\/v2\/media\/4243"}],"wp:attachment":[{"href":"https:\/\/pecbag.com\/fi\/wp-json\/wp\/v2\/media?parent=4241"}],"wp:term":[{"taxonomy":"product_brand","embeddable":true,"href":"https:\/\/pecbag.com\/fi\/wp-json\/wp\/v2\/product_brand?post=4241"},{"taxonomy":"product_cat","embeddable":true,"href":"https:\/\/pecbag.com\/fi\/wp-json\/wp\/v2\/product_cat?post=4241"},{"taxonomy":"product_tag","embeddable":true,"href":"https:\/\/pecbag.com\/fi\/wp-json\/wp\/v2\/product_tag?post=4241"}],"curies":[{"name":"wp","href":"https:\/\/api.w.org\/{rel}","templated":true}]}}