{"id":4271,"date":"2025-06-30T01:33:23","date_gmt":"2025-06-30T01:33:23","guid":{"rendered":"https:\/\/pecbag.com\/?post_type=product&#038;p=4271"},"modified":"2025-11-29T01:14:08","modified_gmt":"2025-11-29T01:14:08","slug":"customization-large-capacity-camo-tactical-bag","status":"publish","type":"product","link":"https:\/\/pecbag.com\/fi\/customization-large-capacity-camo-tactical-bag\/","title":{"rendered":"Mukauttaminen suuri kapasiteetti Camo taktinen laukku"},"content":{"rendered":"<h5 title=\"Kokoontaitettava koira laukku hengitt\u00e4v\u00e4 mesh lemmikkiel\u00e4inten olkalaukku pienille lemmikkiel\u00e4inten koirille kissoille\" data-immersive-translate-walked=\"1c928421-2e42-4cd3-8754-5404553c0af5\" data-immersive-translate-paragraph=\"1\" data-spm-anchor-id=\"a2700.details.0.i35.4f6757d4w4zNZA\"><strong>Mukauttaminen Suuri kapasiteetti Camo taktinen laukku tehdas | Vedenpit\u00e4v\u00e4 laukku tehdas &amp; sotilaallinen reppu valmistaja | Bulk modulaarinen j\u00e4rjestelm\u00e4t | Bulk modulaarinen j\u00e4rjestelm\u00e4t<\/strong><\/h5>\n<p>Tarvitsetko t\u00e4ysin r\u00e4\u00e4t\u00e4l\u00f6it\u00e4viss\u00e4, suuren kapasiteetin camo taktiset laukut puolustus- tai ulkoilmabr\u00e4ndeille? Koska sertifioitu vedenpit\u00e4v\u00e4 laukku tehdas ja taktinen reppu valmistaja Kiinassa (taktinen laukku Kiina), suunnittelemme laajennettavissa camo taktinen pussit modulaarinen paneelit, 50L + kapasiteetit, ja MIL-SPEC materiaaleja. Yhteisty\u00f6kumppani meid\u00e4n Tactical Bag valmistaja Tactical Bag irtotilauksia - luotettu Tactical Bag tukkukauppiaat, hallituksen toimittajat, ja Tactical Bag myyj\u00e4t maailmanlaajuisesti.<\/p>\n<div class=\"flex flex-grow flex-col max-w-full\">\n<div class=\"min-h-[20px] text-message flex w-full flex-col items-end gap-2 whitespace-pre-wrap break-words [.text-message+&amp;]:mt-5 overflow-x-auto\" dir=\"auto\" data-message-author-role=\"assistant\" data-message-id=\"3d7d46f6-7ec2-4222-9257-48fa0bba23c6\" data-suggestions=\"true\">\n<div class=\"flex w-full flex-col gap-1 empty:hidden first:pt-[3px]\">\n<div class=\"markdown prose w-full break-words dark:prose-invert light\">\n<table width=\"288\">\n<tbody>\n<tr>\n<td width=\"137\"><span style=\"color: #333333;\">Tuotteiden nimi<\/span><\/td>\n<td width=\"151\">Crossbody laukku<\/td>\n<\/tr>\n<tr>\n<td><span style=\"color: #333333;\">Tuotenro.<\/span><\/td>\n<td><span style=\"color: #333333;\">PB-2129<\/span><\/td>\n<\/tr>\n<tr>\n<td><span style=\"color: #333333;\">Materiaali<\/span><\/td>\n<td>600D polyesteri \/ r\u00e4\u00e4t\u00e4l\u00f6ity<\/td>\n<\/tr>\n<tr>\n<td><span style=\"color: #333333;\">Koko<\/span><\/td>\n<td>60*40*42 CM<\/td>\n<\/tr>\n<tr>\n<td><span style=\"color: #333333;\">\u00a0Toimitusaika<\/span><\/td>\n<td><span style=\"color: #333333;\">1-5 p\u00e4iv\u00e4\u00e4 pienille m\u00e4\u00e4rille lentoteitse ja 30-35 p\u00e4iv\u00e4\u00e4 suurille m\u00e4\u00e4rille meritse.<\/span><\/td>\n<\/tr>\n<\/tbody>\n<\/table>\n<p class=\"ds-markdown-paragraph\">\u2705\u00a0<strong>Miksi erikoisoperaatioiden toimittajat valitsevat meid\u00e4t:<\/strong><\/p>\n<ul>\n<li>\n<p class=\"ds-markdown-paragraph\"><strong>Loputon r\u00e4\u00e4t\u00e4l\u00f6inti<\/strong>: MOLLE\/PALS-paneelit + laserleikatut maastokuviot (Woodland, Multicam, Digital).<\/p>\n<\/li>\n<li>\n<p class=\"ds-markdown-paragraph\">Taktinen laukku ODM \/ OEM t\u00e4ydellinen taktinen laukku private label palvelut<\/p>\n<\/li>\n<li>\n<p class=\"ds-markdown-paragraph\">Alhainen MOQ taktinen laukku irtotavarana tuotanto<\/p>\n<\/li>\n<li>\n<p class=\"ds-markdown-paragraph\">Turvallinen taktinen laukku vienti ITAR-valmis taktinen laukku tehdas<\/p>\n<\/li>\n<li>\n<p class=\"ds-markdown-paragraph\">18+ vuotta palkkio Tactical Bag Toimittaja<\/p>\n<\/li>\n<\/ul>\n<p class=\"ds-markdown-paragraph\">\ud83c\udfaf\u00a0<strong>Teht\u00e4viin valmiit ominaisuudet:<\/strong><br \/>\n- 50-80L laajennettava kapasiteetti + puristusremmit<br \/>\n- 1000D cordura nylon + vedenpit\u00e4v\u00e4 TPU-pinnoite (IPX7-luokitus).<br \/>\n- Pikak\u00e4ytt\u00f6inen hallintopaneeli + piilotettu kantolokero<br \/>\n- Mukautetut kokoonpanot Tactical Bag OEM:n kautta<\/p>\n<p class=\"ds-markdown-paragraph\">Ihanteellinen Tactical Bag -yrityksille, puolustusalan jakelijoille ja Tactical Bag -tukkukauppiaiden verkostoille. Pyyd\u00e4 ILMAINEN CAD-suunnittelupalvelu omalta Tactical Bag -valmistajaltasi jo t\u00e4n\u00e4\u00e4n!<\/p>\n<\/div>\n<\/div>\n<\/div>\n<\/div>","protected":false},"excerpt":{"rendered":"<h2 data-immersive-translate-walked=\"344be1c1-5052-41eb-8fcd-0dbe236a0d6b\" data-immersive-translate-paragraph=\"1\">Mukauttaminen suuri kapasiteetti Camo taktinen laukku<\/h2>\n<div class=\"sliderTable mt10 mb10 sliderTable-index0\">\n<div class=\"inner\">\n<div>1. Valmistettu raskaasta ja kest\u00e4v\u00e4st\u00e4 polyesterist\u00e4.<\/div>\n<div>2. Tilava p\u00e4\u00e4lokero antaa tilaa vaatteille tai taktisille varusteille.<br \/>\n3. Trikoovuorattu tasku suojaa silm\u00e4laseja.<\/div>\n<div>4. Sivupuristushihnat kuorman tiivist\u00e4miseksi.<\/div>\n<div>5. Koukku- ja silmukkatappien pidikkeet.<\/div>\n<\/div>\n<\/div>","protected":false},"featured_media":4277,"template":"","meta":{"_uag_custom_page_level_css":""},"product_brand":[],"product_cat":[55,63],"product_tag":[],"class_list":{"0":"post-4271","1":"product","2":"type-product","3":"status-publish","4":"has-post-thumbnail","6":"product_cat-tactical-bag","7":"product_cat-duffel-bag","9":"first","10":"instock","11":"shipping-taxable","12":"product-type-simple"},"uagb_featured_image_src":{"full":["https:\/\/pecbag.com\/wp-content\/uploads\/2025\/06\/Customization-Large-Capacity-Camo-Tactical-Bag-4.jpg",800,800,false],"thumbnail":["https:\/\/pecbag.com\/wp-content\/uploads\/2025\/06\/Customization-Large-Capacity-Camo-Tactical-Bag-4-150x150.jpg",150,150,true],"medium":["https:\/\/pecbag.com\/wp-content\/uploads\/2025\/06\/Customization-Large-Capacity-Camo-Tactical-Bag-4-300x300.jpg",300,300,true],"medium_large":["https:\/\/pecbag.com\/wp-content\/uploads\/2025\/06\/Customization-Large-Capacity-Camo-Tactical-Bag-4-768x768.jpg",768,768,true],"large":["https:\/\/pecbag.com\/wp-content\/uploads\/2025\/06\/Customization-Large-Capacity-Camo-Tactical-Bag-4.jpg",800,800,false],"1536x1536":["https:\/\/pecbag.com\/wp-content\/uploads\/2025\/06\/Customization-Large-Capacity-Camo-Tactical-Bag-4.jpg",800,800,false],"2048x2048":["https:\/\/pecbag.com\/wp-content\/uploads\/2025\/06\/Customization-Large-Capacity-Camo-Tactical-Bag-4.jpg",800,800,false],"trp-custom-language-flag":["https:\/\/pecbag.com\/wp-content\/uploads\/2025\/06\/Customization-Large-Capacity-Camo-Tactical-Bag-4-12x12.jpg",12,12,true],"woocommerce_thumbnail":["https:\/\/pecbag.com\/wp-content\/uploads\/2025\/06\/Customization-Large-Capacity-Camo-Tactical-Bag-4-300x300.jpg",300,300,true],"woocommerce_single":["https:\/\/pecbag.com\/wp-content\/uploads\/2025\/06\/Customization-Large-Capacity-Camo-Tactical-Bag-4-600x600.jpg",600,600,true],"woocommerce_gallery_thumbnail":["https:\/\/pecbag.com\/wp-content\/uploads\/2025\/06\/Customization-Large-Capacity-Camo-Tactical-Bag-4-100x100.jpg",100,100,true]},"uagb_author_info":{"display_name":"Lawrence","author_link":"https:\/\/pecbag.com\/fi\/author\/"},"uagb_comment_info":0,"uagb_excerpt":"Customization Large Capacity Camo Tactical Bag 1. Constructed of heavyweight, durable polyester. 2. Spacious main compartment gives you space for clothing or tactical gear. 3. Tricot-lined pocket to protect eyewear. 4. Side compression straps to condense your load. 5. Hook and loop patch holders.","_links":{"self":[{"href":"https:\/\/pecbag.com\/fi\/wp-json\/wp\/v2\/product\/4271","targetHints":{"allow":["GET"]}}],"collection":[{"href":"https:\/\/pecbag.com\/fi\/wp-json\/wp\/v2\/product"}],"about":[{"href":"https:\/\/pecbag.com\/fi\/wp-json\/wp\/v2\/types\/product"}],"wp:featuredmedia":[{"embeddable":true,"href":"https:\/\/pecbag.com\/fi\/wp-json\/wp\/v2\/media\/4277"}],"wp:attachment":[{"href":"https:\/\/pecbag.com\/fi\/wp-json\/wp\/v2\/media?parent=4271"}],"wp:term":[{"taxonomy":"product_brand","embeddable":true,"href":"https:\/\/pecbag.com\/fi\/wp-json\/wp\/v2\/product_brand?post=4271"},{"taxonomy":"product_cat","embeddable":true,"href":"https:\/\/pecbag.com\/fi\/wp-json\/wp\/v2\/product_cat?post=4271"},{"taxonomy":"product_tag","embeddable":true,"href":"https:\/\/pecbag.com\/fi\/wp-json\/wp\/v2\/product_tag?post=4271"}],"curies":[{"name":"wp","href":"https:\/\/api.w.org\/{rel}","templated":true}]}}