{"id":4292,"date":"2025-07-02T06:36:43","date_gmt":"2025-07-02T06:36:43","guid":{"rendered":"https:\/\/pecbag.com\/?post_type=product&#038;p=4292"},"modified":"2025-11-29T01:13:43","modified_gmt":"2025-11-29T01:13:43","slug":"riding-travel-motorcycle-tactical-leg-bag-factory","status":"publish","type":"product","link":"https:\/\/pecbag.com\/fi\/riding-travel-motorcycle-tactical-leg-bag-factory\/","title":{"rendered":"Ratsastus matkailu moottoripy\u00f6r\u00e4 taktinen jalka laukku tehdas"},"content":{"rendered":"<h5 title=\"Kokoontaitettava koira laukku hengitt\u00e4v\u00e4 mesh lemmikkiel\u00e4inten olkalaukku pienille lemmikkiel\u00e4inten koirille kissoille\" data-immersive-translate-walked=\"1c928421-2e42-4cd3-8754-5404553c0af5\" data-immersive-translate-paragraph=\"1\" data-spm-anchor-id=\"a2700.details.0.i35.4f6757d4w4zNZA\"><strong>Ratsastus matkailu moottoripy\u00f6r\u00e4 taktinen jalka laukku tehdas | Vedenpit\u00e4v\u00e4 laukku tehdas &amp; seikkailu reppu valmistaja | On-Bike irtotavarana<\/strong><\/h5>\n<p>Tarvitsetko j\u00e4reit\u00e4 ratsastusmatkailumoottoripy\u00f6r\u00e4n taktisia jalkalaukkuja moto-varustuslinjaasi? Sertifioituna vedenpit\u00e4v\u00e4n\u00e4 laukkutehtaana ja taktisen repun valmistajana Kiinassa (Tactical Bag China) suunnittelemme ratsastajan jalkalaukut, joissa on pikavetoisen lippaan k\u00e4ytt\u00f6mahdollisuus, t\u00e4rin\u00e4nkest\u00e4v\u00e4t kiinnikkeet ja s\u00e4\u00e4tiivis suojaus. Tactical Bag -valmistajamme on yhteisty\u00f6kumppani Tactical Bagin irtotilauksissa - Tactical Bag -myyj\u00e4t, moto-myyj\u00e4t ja Tactical Bag -tukkukauppiaat luottavat siihen maailmanlaajuisesti. <span style=\"color: #ffffff;\">Ratsastus Matkailu Moottoripy\u00f6r\u00e4 Taktinen jalka laukku Factory Ratsastus Matkailu Moottoripy\u00f6r\u00e4 Taktinen jalka laukku Factory Ratsastus Matkailu Moottoripy\u00f6r\u00e4 Taktinen jalka laukku Factory<\/span><\/p>\n<div class=\"flex flex-grow flex-col max-w-full\">\n<div class=\"min-h-[20px] text-message flex w-full flex-col items-end gap-2 whitespace-pre-wrap break-words [.text-message+&amp;]:mt-5 overflow-x-auto\" dir=\"auto\" data-message-author-role=\"assistant\" data-message-id=\"3d7d46f6-7ec2-4222-9257-48fa0bba23c6\" data-suggestions=\"true\">\n<div class=\"flex w-full flex-col gap-1 empty:hidden first:pt-[3px]\">\n<div class=\"markdown prose w-full break-words dark:prose-invert light\">\n<table width=\"288\">\n<tbody>\n<tr>\n<td width=\"137\"><span style=\"color: #333333;\">Tuotteiden nimi<\/span><\/td>\n<td width=\"151\">Taktinen laukku<\/td>\n<\/tr>\n<tr>\n<td><span style=\"color: #333333;\">Tuotenro.<\/span><\/td>\n<td><span style=\"color: #333333;\">PB-2132<\/span><\/td>\n<\/tr>\n<tr>\n<td><span style=\"color: #333333;\">Materiaali<\/span><\/td>\n<td>500D Nylon<\/td>\n<\/tr>\n<tr>\n<td><span style=\"color: #333333;\">Koko<\/span><\/td>\n<td>15 x 9 x 27 cm<\/td>\n<\/tr>\n<tr>\n<td><span style=\"color: #333333;\">\u00a0Toimitusaika<\/span><\/td>\n<td><span style=\"color: #333333;\">1-5 p\u00e4iv\u00e4\u00e4 pienille m\u00e4\u00e4rille lentoteitse ja 30-35 p\u00e4iv\u00e4\u00e4 suurille m\u00e4\u00e4rille meritse.<\/span><\/td>\n<\/tr>\n<\/tbody>\n<\/table>\n<p class=\"ds-markdown-paragraph\">\ud83c\udfcd\ufe0f\u00a0<strong>Miksi Moto-merkit valitsevat jalkalaukkumme:<\/strong><\/p>\n<ul>\n<li>\n<p class=\"ds-markdown-paragraph\"><strong>Rider-First Design<\/strong>: T\u00f6rm\u00e4ystestatut kiinnikkeet + 120km\/h tuulitunnelissa validointi.<\/p>\n<\/li>\n<li>\n<p class=\"ds-markdown-paragraph\">Taktinen laukku ODM \/ OEM t\u00e4ydell\u00e4 Taktinen laukku private label palvelut<\/p>\n<\/li>\n<li>\n<p class=\"ds-markdown-paragraph\">Alhainen MOQ taktinen laukku irtotavarana tuotanto<\/p>\n<\/li>\n<li>\n<p class=\"ds-markdown-paragraph\">Nopea Tactical Bag vienti meid\u00e4n ISO-sertifioitu Tactical Bag tehdas<\/p>\n<\/li>\n<li>\n<p class=\"ds-markdown-paragraph\">Tuottaa my\u00f6s meikkilaukku irtotavarana lifestyle-br\u00e4ndeille<\/p>\n<\/li>\n<\/ul>\n<p class=\"ds-markdown-paragraph\">\ud83d\udd27\u00a0<strong>Py\u00f6r\u00e4ilynkest\u00e4v\u00e4t ominaisuudet:<\/strong><br \/>\n- T\u00e4rin\u00e4\u00e4 est\u00e4v\u00e4t MOLLE-paneelit + nopeasti irrotettavat jalkahihnat<br \/>\n- IP67 vedenpit\u00e4v\u00e4 p\u00e4\u00e4lokero + tyhjennysaukotukset<br \/>\n- Kaksinpuolinen lippaan p\u00e4\u00e4sy + asiakirjaholkki<br \/>\n- Mukautetut kokoonpanot Tactical Bag OEM:n kautta<\/p>\n<p class=\"ds-markdown-paragraph\">Ihanteellinen Tactical Bag -yrityksille, moto-j\u00e4lleenmyyjille ja Tactical Bag -toimittajaverkostoille. Pyyd\u00e4 ILMAISIA t\u00e4rin\u00e4testiraportteja omalta Tactical Bag -valmistajaltasi jo t\u00e4n\u00e4\u00e4n!<\/p>\n<\/div>\n<\/div>\n<\/div>\n<\/div>","protected":false},"excerpt":{"rendered":"<h2 data-immersive-translate-walked=\"344be1c1-5052-41eb-8fcd-0dbe236a0d6b\" data-immersive-translate-paragraph=\"1\">Ratsastus matkailu moottoripy\u00f6r\u00e4 taktinen jalka laukku tehdas<\/h2>\n<div class=\"sliderTable mt10 mb10 sliderTable-index0\">\n<div class=\"inner\">\n<p><strong>1. MOLLE-suunnittelu:<\/strong> Pieness\u00e4 MOLLE-pussissa on 2 MOLLE-hihnaa, joissa on vahvat nepparit takana, jolloin t\u00e4m\u00e4 taktinen laukku voidaan kiinnitt\u00e4\u00e4 mihin tahansa MOLLE-j\u00e4rjestelm\u00e4\u00e4n, kuten taktiseen reppuun \/ vy\u00f6h\u00f6n \/ liiviin jne.<\/p>\n<p><strong>2. Pieni runko, tilava s\u00e4ilytystila:<\/strong>\u00a0T\u00e4m\u00e4 vy\u00f6laukku on suunniteltu useilla sis\u00e4taskuilla, ja se pit\u00e4\u00e4 pienet tarpeesi j\u00e4rjestyksess\u00e4 ja helposti saatavilla.<\/p>\n<\/div>\n<\/div>","protected":false},"featured_media":4294,"template":"","meta":{"_uag_custom_page_level_css":""},"product_brand":[],"product_cat":[55,68],"product_tag":[],"class_list":{"0":"post-4292","1":"product","2":"type-product","3":"status-publish","4":"has-post-thumbnail","6":"product_cat-tactical-bag","7":"product_cat-travel-bag","9":"first","10":"instock","11":"shipping-taxable","12":"product-type-simple"},"uagb_featured_image_src":{"full":["https:\/\/pecbag.com\/wp-content\/uploads\/2025\/07\/imgi_2_1.jpg",800,800,false],"thumbnail":["https:\/\/pecbag.com\/wp-content\/uploads\/2025\/07\/imgi_2_1-150x150.jpg",150,150,true],"medium":["https:\/\/pecbag.com\/wp-content\/uploads\/2025\/07\/imgi_2_1-300x300.jpg",300,300,true],"medium_large":["https:\/\/pecbag.com\/wp-content\/uploads\/2025\/07\/imgi_2_1-768x768.jpg",768,768,true],"large":["https:\/\/pecbag.com\/wp-content\/uploads\/2025\/07\/imgi_2_1.jpg",800,800,false],"1536x1536":["https:\/\/pecbag.com\/wp-content\/uploads\/2025\/07\/imgi_2_1.jpg",800,800,false],"2048x2048":["https:\/\/pecbag.com\/wp-content\/uploads\/2025\/07\/imgi_2_1.jpg",800,800,false],"trp-custom-language-flag":["https:\/\/pecbag.com\/wp-content\/uploads\/2025\/07\/imgi_2_1-12x12.jpg",12,12,true],"woocommerce_thumbnail":["https:\/\/pecbag.com\/wp-content\/uploads\/2025\/07\/imgi_2_1-300x300.jpg",300,300,true],"woocommerce_single":["https:\/\/pecbag.com\/wp-content\/uploads\/2025\/07\/imgi_2_1-600x600.jpg",600,600,true],"woocommerce_gallery_thumbnail":["https:\/\/pecbag.com\/wp-content\/uploads\/2025\/07\/imgi_2_1-100x100.jpg",100,100,true]},"uagb_author_info":{"display_name":"Lawrence","author_link":"https:\/\/pecbag.com\/fi\/author\/"},"uagb_comment_info":0,"uagb_excerpt":"Riding Travel Motorcycle Tactical Leg Bag Factory 1. MOLLE Design: The small MOLLE pouch comes with 2 MOLLE straps with strong snaps on the back, allowing free to attach this tactical bag to any MOLLE system like tactical backpack\/ belt\/ vest, etc. 2. Small Body, Roomy Storage Space:\u00a0Designed with several inner pockets, this fanny pouch&hellip;","_links":{"self":[{"href":"https:\/\/pecbag.com\/fi\/wp-json\/wp\/v2\/product\/4292","targetHints":{"allow":["GET"]}}],"collection":[{"href":"https:\/\/pecbag.com\/fi\/wp-json\/wp\/v2\/product"}],"about":[{"href":"https:\/\/pecbag.com\/fi\/wp-json\/wp\/v2\/types\/product"}],"wp:featuredmedia":[{"embeddable":true,"href":"https:\/\/pecbag.com\/fi\/wp-json\/wp\/v2\/media\/4294"}],"wp:attachment":[{"href":"https:\/\/pecbag.com\/fi\/wp-json\/wp\/v2\/media?parent=4292"}],"wp:term":[{"taxonomy":"product_brand","embeddable":true,"href":"https:\/\/pecbag.com\/fi\/wp-json\/wp\/v2\/product_brand?post=4292"},{"taxonomy":"product_cat","embeddable":true,"href":"https:\/\/pecbag.com\/fi\/wp-json\/wp\/v2\/product_cat?post=4292"},{"taxonomy":"product_tag","embeddable":true,"href":"https:\/\/pecbag.com\/fi\/wp-json\/wp\/v2\/product_tag?post=4292"}],"curies":[{"name":"wp","href":"https:\/\/api.w.org\/{rel}","templated":true}]}}