{"id":4299,"date":"2025-07-03T02:09:44","date_gmt":"2025-07-03T02:09:44","guid":{"rendered":"https:\/\/pecbag.com\/?post_type=product&#038;p=4299"},"modified":"2025-11-28T09:40:34","modified_gmt":"2025-11-28T09:40:34","slug":"hot-sale-assault-pack-tactical-backpack-vendors","status":"publish","type":"product","link":"https:\/\/pecbag.com\/fi\/hot-sale-assault-pack-tactical-backpack-vendors\/","title":{"rendered":"Kuuma myynti Assault Pack taktinen reppu myyj\u00e4t"},"content":{"rendered":"<h5 title=\"Kokoontaitettava koira laukku hengitt\u00e4v\u00e4 mesh lemmikkiel\u00e4inten olkalaukku pienille lemmikkiel\u00e4inten koirille kissoille\" data-immersive-translate-walked=\"1c928421-2e42-4cd3-8754-5404553c0af5\" data-immersive-translate-paragraph=\"1\" data-spm-anchor-id=\"a2700.details.0.i35.4f6757d4w4zNZA\"><strong>Kuuma myynti Assault Pack taktinen reppu myyj\u00e4t | Vedenpit\u00e4v\u00e4 laukku Factory &amp; Military Backpack valmistaja | Taistelu-valmis irtotavarana<\/strong><\/h5>\n<p>Tarvitsetko kuumamyynti\u00e4 rynn\u00e4kk\u00f6pakkauksen taktiset reput, jotka lent\u00e4v\u00e4t hyllyilt\u00e4si? <span style=\"color: #ffffff;\">Kuuma myynti Assault Pack taktinen reppu myyj\u00e4t\u00a0<\/span><\/p>\n<p>Koska sertifioitu vedenpit\u00e4v\u00e4 laukku tehdas ja taktinen reppu valmistaja Tactical Bag Kiina, me insin\u00f6\u00f6ri huippumyytyj\u00e4 rynn\u00e4kk\u00f6pakkauksia MOLLE ylikuormituskapasiteetti, upotettava suoja, ja taistelu-testattu kest\u00e4vyys.<\/p>\n<p>Kumppani kanssamme, todistettu Hot Sale Assault Pack Tactical Backpack myyj\u00e4t, Tactical Bag irtotavarana tilauksia - toimittaa Tactical Bag tukkukauppiaat, sotilaallinen myyntipisteiss\u00e4, ja Tactical Bag myyj\u00e4t maailmanlaajuisesti.<\/p>\n<div class=\"flex flex-grow flex-col max-w-full\">\n<div class=\"min-h-[20px] text-message flex w-full flex-col items-end gap-2 whitespace-pre-wrap break-words [.text-message+&amp;]:mt-5 overflow-x-auto\" dir=\"auto\" data-message-author-role=\"assistant\" data-message-id=\"3d7d46f6-7ec2-4222-9257-48fa0bba23c6\" data-suggestions=\"true\">\n<div class=\"flex w-full flex-col gap-1 empty:hidden first:pt-[3px]\">\n<div class=\"markdown prose w-full break-words dark:prose-invert light\">\n<table width=\"288\">\n<tbody>\n<tr>\n<td width=\"137\"><span style=\"color: #333333;\">Tuotteiden nimi<\/span><\/td>\n<td width=\"151\">Taktinen laukku<\/td>\n<\/tr>\n<tr>\n<td><span style=\"color: #333333;\">Tuotenro.<\/span><\/td>\n<td><span style=\"color: #333333;\">PB-2133<\/span><\/td>\n<\/tr>\n<tr>\n<td><span style=\"color: #333333;\">Materiaali<\/span><\/td>\n<td>600D polyesteri<\/td>\n<\/tr>\n<tr>\n<td><span style=\"color: #333333;\">Koko<\/span><\/td>\n<td>45 x 28 x 25 cm<\/td>\n<\/tr>\n<tr>\n<td><span style=\"color: #333333;\">\u00a0Toimitusaika<\/span><\/td>\n<td><span style=\"color: #333333;\">1-5 p\u00e4iv\u00e4\u00e4 pienille m\u00e4\u00e4rille lentoteitse ja 30-35 p\u00e4iv\u00e4\u00e4 suurille m\u00e4\u00e4rille meritse.<\/span><\/td>\n<\/tr>\n<\/tbody>\n<\/table>\n<p class=\"ds-markdown-paragraph\">\ud83d\udd25\u00a0<strong>Miksi jakelijat varastoivat pakkauksiamme:<\/strong><\/p>\n<ul>\n<li>\n<p class=\"ds-markdown-paragraph\"><strong>Bestseller Blueprint<\/strong>: 3X nopeampi myyntinopeus kuin tavallisilla taktisilla pakkauksilla (2025 toimialaraporttia kohti).<\/p>\n<\/li>\n<li>\n<p class=\"ds-markdown-paragraph\">Taktinen laukku ODM \/ OEM t\u00e4ydell\u00e4 Taktinen laukku private label palvelut<\/p>\n<\/li>\n<li>\n<p class=\"ds-markdown-paragraph\">Alhainen MOQ taktinen laukku irtotavarana tuotanto<\/p>\n<\/li>\n<li>\n<p class=\"ds-markdown-paragraph\">Nopea Tactical Bag vienti meid\u00e4n ISO-sertifioitu Tactical Bag tehdas<\/p>\n<\/li>\n<li>\n<p class=\"ds-markdown-paragraph\">Tuottaa my\u00f6s Makeup Bag irtotavarana kaupallisia linjat<\/p>\n<\/li>\n<\/ul>\n<p class=\"ds-markdown-paragraph\">\u26a1\u00a0<strong>Taistelukokemuksen mukaiset ominaisuudet:<\/strong><br \/>\n- 50L laajennettava kapasiteetti + 360\u00b0 MOLLE\/PALS-kattavuus<br \/>\n- IPX7 vedenpit\u00e4v\u00e4 p\u00e4\u00e4lokero + itsest\u00e4\u00e4n tyhjenev\u00e4 pohja<br \/>\n- Pikak\u00e4ytt\u00f6inen hallintapaneeli + piilotettu CCW-lokero<br \/>\n- Mukautetut kokoonpanot Tactical Bag OEM:n kautta<\/p>\n<p class=\"ds-markdown-paragraph\">Ihanteellinen Tactical Bag Company ostajille, puolustuksen j\u00e4lleenmyyjille ja Tactical Bag Supplier -verkostoille. Lunasta Q3-bestseller-jako omalta Tactical Bag -valmistajaltasi jo t\u00e4n\u00e4\u00e4n!<\/p>\n<\/div>\n<\/div>\n<\/div>\n<\/div>","protected":false},"excerpt":{"rendered":"<h2 data-immersive-translate-walked=\"344be1c1-5052-41eb-8fcd-0dbe236a0d6b\" data-immersive-translate-paragraph=\"1\">Kuuma myynti Assault Pack taktinen reppu myyj\u00e4t<\/h2>\n<div class=\"sliderTable mt10 mb10 sliderTable-index0\">\n<div class=\"inner\">\n<p>1. Olkahihnat ovat pehmustetut.<\/p>\n<p>2. Irrotettava vy\u00f6t\u00e4r\u00f6hihna, jossa on pikakiinnityslukko.<\/p>\n<p>3. Repun selk\u00e4 on verkkop\u00e4\u00e4llysteinen ja pehmustettu mukavuuden vuoksi.<\/p>\n<p>4. Tartu yl\u00e4osassa olevaan kahvaan.<\/p>\n<p>5. 6 puristuss\u00e4kki\u00e4 s\u00e4kin ymp\u00e4rille, jotta et voi pujottaa takkiasi hihnojen sis\u00e4\u00e4n kantamisen helpottamiseksi, tai yksinkertaisesti kirist\u00e4 hihnoja puristaaksesi s\u00e4kki\u00e4 pienemm\u00e4ksi.<\/p>\n<p>6. Kaikki vetoketjut ovat raskaita kaksisuuntaisia vetoketjuja.<\/p>\n<p>7. Taskuholkki takana nesteytysjuomarakolle (juomarakko ei sis\u00e4lly).<\/p>\n<\/div>\n<\/div>","protected":false},"featured_media":4303,"template":"","meta":{"_uag_custom_page_level_css":""},"product_brand":[],"product_cat":[55,60],"product_tag":[],"class_list":{"0":"post-4299","1":"product","2":"type-product","3":"status-publish","4":"has-post-thumbnail","6":"product_cat-tactical-bag","7":"product_cat-backpack","9":"first","10":"instock","11":"shipping-taxable","12":"product-type-simple"},"uagb_featured_image_src":{"full":["https:\/\/pecbag.com\/wp-content\/uploads\/2025\/07\/Hot-Sale-Assault-Pack-Tactical-Backpack-Vendors-5.jpg",650,650,false],"thumbnail":["https:\/\/pecbag.com\/wp-content\/uploads\/2025\/07\/Hot-Sale-Assault-Pack-Tactical-Backpack-Vendors-5-150x150.jpg",150,150,true],"medium":["https:\/\/pecbag.com\/wp-content\/uploads\/2025\/07\/Hot-Sale-Assault-Pack-Tactical-Backpack-Vendors-5-300x300.jpg",300,300,true],"medium_large":["https:\/\/pecbag.com\/wp-content\/uploads\/2025\/07\/Hot-Sale-Assault-Pack-Tactical-Backpack-Vendors-5.jpg",650,650,false],"large":["https:\/\/pecbag.com\/wp-content\/uploads\/2025\/07\/Hot-Sale-Assault-Pack-Tactical-Backpack-Vendors-5.jpg",650,650,false],"1536x1536":["https:\/\/pecbag.com\/wp-content\/uploads\/2025\/07\/Hot-Sale-Assault-Pack-Tactical-Backpack-Vendors-5.jpg",650,650,false],"2048x2048":["https:\/\/pecbag.com\/wp-content\/uploads\/2025\/07\/Hot-Sale-Assault-Pack-Tactical-Backpack-Vendors-5.jpg",650,650,false],"trp-custom-language-flag":["https:\/\/pecbag.com\/wp-content\/uploads\/2025\/07\/Hot-Sale-Assault-Pack-Tactical-Backpack-Vendors-5-12x12.jpg",12,12,true],"woocommerce_thumbnail":["https:\/\/pecbag.com\/wp-content\/uploads\/2025\/07\/Hot-Sale-Assault-Pack-Tactical-Backpack-Vendors-5-300x300.jpg",300,300,true],"woocommerce_single":["https:\/\/pecbag.com\/wp-content\/uploads\/2025\/07\/Hot-Sale-Assault-Pack-Tactical-Backpack-Vendors-5-600x600.jpg",600,600,true],"woocommerce_gallery_thumbnail":["https:\/\/pecbag.com\/wp-content\/uploads\/2025\/07\/Hot-Sale-Assault-Pack-Tactical-Backpack-Vendors-5-100x100.jpg",100,100,true]},"uagb_author_info":{"display_name":"Lawrence","author_link":"https:\/\/pecbag.com\/fi\/author\/"},"uagb_comment_info":0,"uagb_excerpt":"Hot Sale Assault Pack Tactical Backpack Vendors 1. Shoulder straps are padded. 2. Removable webbing waist belt with quick-release buckle. 3. The back of the pack is mesh-covered and padded for comfort. 4. Grab the handle on the top. 5. 6 compression sacks around the sack so you can't tuck in your coat into the&hellip;","_links":{"self":[{"href":"https:\/\/pecbag.com\/fi\/wp-json\/wp\/v2\/product\/4299","targetHints":{"allow":["GET"]}}],"collection":[{"href":"https:\/\/pecbag.com\/fi\/wp-json\/wp\/v2\/product"}],"about":[{"href":"https:\/\/pecbag.com\/fi\/wp-json\/wp\/v2\/types\/product"}],"wp:featuredmedia":[{"embeddable":true,"href":"https:\/\/pecbag.com\/fi\/wp-json\/wp\/v2\/media\/4303"}],"wp:attachment":[{"href":"https:\/\/pecbag.com\/fi\/wp-json\/wp\/v2\/media?parent=4299"}],"wp:term":[{"taxonomy":"product_brand","embeddable":true,"href":"https:\/\/pecbag.com\/fi\/wp-json\/wp\/v2\/product_brand?post=4299"},{"taxonomy":"product_cat","embeddable":true,"href":"https:\/\/pecbag.com\/fi\/wp-json\/wp\/v2\/product_cat?post=4299"},{"taxonomy":"product_tag","embeddable":true,"href":"https:\/\/pecbag.com\/fi\/wp-json\/wp\/v2\/product_tag?post=4299"}],"curies":[{"name":"wp","href":"https:\/\/api.w.org\/{rel}","templated":true}]}}