{"id":4306,"date":"2025-07-03T02:21:50","date_gmt":"2025-07-03T02:21:50","guid":{"rendered":"https:\/\/pecbag.com\/?post_type=product&#038;p=4306"},"modified":"2025-11-28T09:40:25","modified_gmt":"2025-11-28T09:40:25","slug":"heavy-duty-tactical-bag-military-backpack-wholesalers","status":"publish","type":"product","link":"https:\/\/pecbag.com\/fi\/heavy-duty-tactical-bag-military-backpack-wholesalers\/","title":{"rendered":"Raskas taktinen laukku sotilaallinen reppu Tukkukauppiaat"},"content":{"rendered":"<h5 title=\"Kokoontaitettava koira laukku hengitt\u00e4v\u00e4 mesh lemmikkiel\u00e4inten olkalaukku pienille lemmikkiel\u00e4inten koirille kissoille\" data-immersive-translate-walked=\"1c928421-2e42-4cd3-8754-5404553c0af5\" data-immersive-translate-paragraph=\"1\" data-spm-anchor-id=\"a2700.details.0.i35.4f6757d4w4zNZA\">Top Heavy Duty Tactical Bag Military Backpack Wholesalers | Waterproof Bag Factory &amp; Combat Backpack Manufacturer | Bulk-Ready<\/h5>\n<p>Need unbreakable, heavy-duty tactical bag military backpacks for elite forces?\u00a0As certified\u00a0Heavy Duty Tactical Bag Military Backpack Wholesalers, we\u2019re a premier\u00a0Tactical Bag factory\u00a0and\u00a0Tactical Bag manufacturer in China, engineering battle-proven packs with 500D Cordura\u00ae shells, load-bearing frames, and IPX8 waterproof seals.<\/p>\n<p>Partner with us\u2014your strategic\u00a0Tactical Bag Supplier\u2014for\u00a0Tactical Bag bulk\u00a0orders, supplying\u00a0Tactical Bag vendors, government agencies, and\u00a0Tactical Bag wholesalers\u00a0worldwide.<\/p>\n<div class=\"flex flex-grow flex-col max-w-full\">\n<div class=\"min-h-[20px] text-message flex w-full flex-col items-end gap-2 whitespace-pre-wrap break-words [.text-message+&amp;]:mt-5 overflow-x-auto\" dir=\"auto\" data-message-author-role=\"assistant\" data-message-id=\"3d7d46f6-7ec2-4222-9257-48fa0bba23c6\" data-suggestions=\"true\">\n<div class=\"flex w-full flex-col gap-1 empty:hidden first:pt-[3px]\">\n<div class=\"markdown prose w-full break-words dark:prose-invert light\">\n<table width=\"288\">\n<tbody>\n<tr>\n<td width=\"137\"><span style=\"color: #333333;\">Tuotteiden nimi<\/span><\/td>\n<td width=\"151\">Taktinen laukku<\/td>\n<\/tr>\n<tr>\n<td><span style=\"color: #333333;\">Tuotenro.<\/span><\/td>\n<td><span style=\"color: #333333;\">PB-2134<\/span><\/td>\n<\/tr>\n<tr>\n<td><span style=\"color: #333333;\">Materiaali<\/span><\/td>\n<td>500D Cordura<\/td>\n<\/tr>\n<tr>\n<td><span style=\"color: #333333;\">Koko<\/span><\/td>\n<td>45 x 22 x 30 cm<\/td>\n<\/tr>\n<tr>\n<td><span style=\"color: #333333;\">\u00a0Toimitusaika<\/span><\/td>\n<td><span style=\"color: #333333;\">1-5 p\u00e4iv\u00e4\u00e4 pienille m\u00e4\u00e4rille lentoteitse ja 30-35 p\u00e4iv\u00e4\u00e4 suurille m\u00e4\u00e4rille meritse.<\/span><\/td>\n<\/tr>\n<\/tbody>\n<\/table>\n<p class=\"ds-markdown-paragraph\"><strong>Miksi maailmanlaajuiset jakelijat valitsevat meid\u00e4t:<\/strong><br \/>\n\u2705\u00a0<strong>Bestseller Status:<\/strong>\u00a070% repeat order rate from\u00a0Tactical Bag Company\u00a0partners (2025 verified)<br \/>\n\u2705 Full\u00a0Tactical Bag ODM\/OEM\u00a0&amp;\u00a0Tactical Bag private label\u00a0services<br \/>\n\u2705 Low-MOQ\u00a0Tactical Bag bulk\u00a0production<br \/>\n\u2705 Rapid\u00a0Tactical Bag export\u00a0from ISO-certified\u00a0Tactical Bag factory<br \/>\n\u2705 Dual-line production:\u00a0Heavy Duty Tactical Bags\u00a0+\u00a0Makeup Bag bulk<\/p>\n<p class=\"ds-markdown-paragraph\"><strong>Specs That Outperform:<\/strong><br \/>\n\u2022 40L expandable capacity + 360\u00b0 heavy-duty MOLLE\/PALS webbing<br \/>\n\u2022 Submersible 72hr waterproofing + reinforced drag handles<br \/>\n\u2022 Quick-draw weapon sleeve + trauma kit compartments<br \/>\n- Mukautetut kokoonpanot Tactical Bag OEM:n kautta<\/p>\n<p class=\"ds-markdown-paragraph\">Ideal for\u00a0Military Backpack Wholesalers, defense contractors, and\u00a0Tactical Bag export\u00a0networks.\u00a0Claim your bulk allocation from China\u2019s top-rated Heavy Duty Tactical Bag Military Backpack Wholesalers today!<\/p>\n<\/div>\n<\/div>\n<\/div>\n<\/div>","protected":false},"excerpt":{"rendered":"<h2 data-immersive-translate-walked=\"344be1c1-5052-41eb-8fcd-0dbe236a0d6b\" data-immersive-translate-paragraph=\"1\">Raskas taktinen laukku sotilaallinen reppu Tukkukauppiaat<\/h2>\n<div class=\"sliderTable mt10 mb10 sliderTable-index0\">\n<div class=\"inner\">\n<p>1. Front admin compartment with multiple inner sleeves and a carabiner. Stiffened back panel padded with spacer mesh<\/p>\n<p>2. Adjustable quick-release shoulder straps, padded with spacer mesh and chest strap. Adjustable and removable webbing hip belt<\/p>\n<p>3. MOLLE\/PALS compatible. External bungee cord web for quick outer storage<\/p>\n<\/div>\n<\/div>","protected":false},"featured_media":4310,"template":"","meta":{"_uag_custom_page_level_css":""},"product_brand":[],"product_cat":[55,60],"product_tag":[],"class_list":{"0":"post-4306","1":"product","2":"type-product","3":"status-publish","4":"has-post-thumbnail","6":"product_cat-tactical-bag","7":"product_cat-backpack","9":"first","10":"instock","11":"shipping-taxable","12":"product-type-simple"},"uagb_featured_image_src":{"full":["https:\/\/pecbag.com\/wp-content\/uploads\/2025\/07\/Heavy-Duty-Tactical-Bag-Military-Backpack-Wholesalers-4.jpg",1000,1000,false],"thumbnail":["https:\/\/pecbag.com\/wp-content\/uploads\/2025\/07\/Heavy-Duty-Tactical-Bag-Military-Backpack-Wholesalers-4-150x150.jpg",150,150,true],"medium":["https:\/\/pecbag.com\/wp-content\/uploads\/2025\/07\/Heavy-Duty-Tactical-Bag-Military-Backpack-Wholesalers-4-300x300.jpg",300,300,true],"medium_large":["https:\/\/pecbag.com\/wp-content\/uploads\/2025\/07\/Heavy-Duty-Tactical-Bag-Military-Backpack-Wholesalers-4-768x768.jpg",768,768,true],"large":["https:\/\/pecbag.com\/wp-content\/uploads\/2025\/07\/Heavy-Duty-Tactical-Bag-Military-Backpack-Wholesalers-4.jpg",800,800,false],"1536x1536":["https:\/\/pecbag.com\/wp-content\/uploads\/2025\/07\/Heavy-Duty-Tactical-Bag-Military-Backpack-Wholesalers-4.jpg",1000,1000,false],"2048x2048":["https:\/\/pecbag.com\/wp-content\/uploads\/2025\/07\/Heavy-Duty-Tactical-Bag-Military-Backpack-Wholesalers-4.jpg",1000,1000,false],"trp-custom-language-flag":["https:\/\/pecbag.com\/wp-content\/uploads\/2025\/07\/Heavy-Duty-Tactical-Bag-Military-Backpack-Wholesalers-4-12x12.jpg",12,12,true],"woocommerce_thumbnail":["https:\/\/pecbag.com\/wp-content\/uploads\/2025\/07\/Heavy-Duty-Tactical-Bag-Military-Backpack-Wholesalers-4-300x300.jpg",300,300,true],"woocommerce_single":["https:\/\/pecbag.com\/wp-content\/uploads\/2025\/07\/Heavy-Duty-Tactical-Bag-Military-Backpack-Wholesalers-4-600x600.jpg",600,600,true],"woocommerce_gallery_thumbnail":["https:\/\/pecbag.com\/wp-content\/uploads\/2025\/07\/Heavy-Duty-Tactical-Bag-Military-Backpack-Wholesalers-4-100x100.jpg",100,100,true]},"uagb_author_info":{"display_name":"Lawrence","author_link":"https:\/\/pecbag.com\/fi\/author\/"},"uagb_comment_info":0,"uagb_excerpt":"Heavy Duty Tactical Bag Military Backpack Wholesalers 1. Front admin compartment with multiple inner sleeves and a carabiner. Stiffened back panel padded with spacer mesh 2. Adjustable quick-release shoulder straps, padded with spacer mesh and chest strap. Adjustable and removable webbing hip belt 3. MOLLE\/PALS compatible. External bungee cord web for quick outer storage","_links":{"self":[{"href":"https:\/\/pecbag.com\/fi\/wp-json\/wp\/v2\/product\/4306","targetHints":{"allow":["GET"]}}],"collection":[{"href":"https:\/\/pecbag.com\/fi\/wp-json\/wp\/v2\/product"}],"about":[{"href":"https:\/\/pecbag.com\/fi\/wp-json\/wp\/v2\/types\/product"}],"wp:featuredmedia":[{"embeddable":true,"href":"https:\/\/pecbag.com\/fi\/wp-json\/wp\/v2\/media\/4310"}],"wp:attachment":[{"href":"https:\/\/pecbag.com\/fi\/wp-json\/wp\/v2\/media?parent=4306"}],"wp:term":[{"taxonomy":"product_brand","embeddable":true,"href":"https:\/\/pecbag.com\/fi\/wp-json\/wp\/v2\/product_brand?post=4306"},{"taxonomy":"product_cat","embeddable":true,"href":"https:\/\/pecbag.com\/fi\/wp-json\/wp\/v2\/product_cat?post=4306"},{"taxonomy":"product_tag","embeddable":true,"href":"https:\/\/pecbag.com\/fi\/wp-json\/wp\/v2\/product_tag?post=4306"}],"curies":[{"name":"wp","href":"https:\/\/api.w.org\/{rel}","templated":true}]}}