{"id":4314,"date":"2025-07-04T03:29:09","date_gmt":"2025-07-04T03:29:09","guid":{"rendered":"https:\/\/pecbag.com\/?post_type=product&#038;p=4314"},"modified":"2025-11-28T09:39:09","modified_gmt":"2025-11-28T09:39:09","slug":"top-camouflage-tactical-bag-manufacturer","status":"publish","type":"product","link":"https:\/\/pecbag.com\/fi\/top-camouflage-tactical-bag-manufacturer\/","title":{"rendered":"Camouflage taktinen laukku valmistaja"},"content":{"rendered":"<h5 title=\"Kokoontaitettava koira laukku hengitt\u00e4v\u00e4 mesh lemmikkiel\u00e4inten olkalaukku pienille lemmikkiel\u00e4inten koirille kissoille\" data-immersive-translate-walked=\"1c928421-2e42-4cd3-8754-5404553c0af5\" data-immersive-translate-paragraph=\"1\" data-spm-anchor-id=\"a2700.details.0.i35.4f6757d4w4zNZA\">Top Camouflage taktinen laukku valmistaja | Vedenpit\u00e4v\u00e4 laukku tehdas &amp; sotilaallinen reppu valmistaja | Taktinen Supply | Tactical Supply<\/h5>\n<p class=\"ds-markdown-paragraph\">Tarvitsetko taisteluvalmiita naamiointitaktiikkalaukkuja suoraan l\u00e4hteest\u00e4? Kiinassa sijaitsevana sertifioituna naamiointitaktisten laukkujen valmistajana ja ISO 9001 -standardin mukaisena vedenpit\u00e4v\u00e4n\u00e4 laukkutehtaana valmistamme sotilasluokan laukkuja, joissa on digitaalisia\/woodland-maastokuvioita, 1000D Cordura\u00ae -kuoret ja IPX7-vedenpit\u00e4v\u00e4 suojaus, johon operaattorit ymp\u00e4ri maailmaa luottavat.<\/p>\n<p class=\"ds-markdown-paragraph\">Kumppanina meid\u00e4n - strategisen Tactical Bag -toimittajasi - kanssa voit vied\u00e4 Tactical Bag -laukkuja saumattomasti Tactical Bag -tukkukauppiaille, puolustusalan toimijoille ja Tactical Bag -myyjille maailmanlaajuisesti.<\/p>\n<div class=\"flex flex-grow flex-col max-w-full\">\n<div class=\"min-h-[20px] text-message flex w-full flex-col items-end gap-2 whitespace-pre-wrap break-words [.text-message+&amp;]:mt-5 overflow-x-auto\" dir=\"auto\" data-message-author-role=\"assistant\" data-message-id=\"3d7d46f6-7ec2-4222-9257-48fa0bba23c6\" data-suggestions=\"true\">\n<div class=\"flex w-full flex-col gap-1 empty:hidden first:pt-[3px]\">\n<div class=\"markdown prose w-full break-words dark:prose-invert light\">\n<table width=\"288\">\n<tbody>\n<tr>\n<td width=\"137\"><span style=\"color: #333333;\">Tuotteiden nimi<\/span><\/td>\n<td width=\"151\">Taktinen laukku<\/td>\n<\/tr>\n<tr>\n<td><span style=\"color: #333333;\">Tuotenro.<\/span><\/td>\n<td><span style=\"color: #333333;\">PB-2135<\/span><\/td>\n<\/tr>\n<tr>\n<td><span style=\"color: #333333;\">Materiaali<\/span><\/td>\n<td>1000D polyesteri<\/td>\n<\/tr>\n<tr>\n<td><span style=\"color: #333333;\">Koko<\/span><\/td>\n<td>49 x 21 x 30 cm<\/td>\n<\/tr>\n<tr>\n<td><span style=\"color: #333333;\">\u00a0Toimitusaika<\/span><\/td>\n<td><span style=\"color: #333333;\">1-5 p\u00e4iv\u00e4\u00e4 pienille m\u00e4\u00e4rille lentoteitse ja 30-35 p\u00e4iv\u00e4\u00e4 suurille m\u00e4\u00e4rille meritse.<\/span><\/td>\n<\/tr>\n<\/tbody>\n<\/table>\n<p class=\"ds-markdown-paragraph\"><strong>Miksi Elite-j\u00e4lleenmyyj\u00e4t valitsevat meid\u00e4t:<\/strong><br \/>\n\u2705\u00a0<strong>Laukku Bestsellerit:<\/strong>\u00a03X nopeampi hyllykierto verrattuna tavallisiin taktisiin pakkauksiin.<br \/>\n\u2705 T\u00e4ysi taktinen laukku ODM \/ OEM &amp; taktinen laukku yksityinen etiketti<br \/>\n\u2705 alhainen MOQ taktinen laukku irtotavarana<br \/>\n\u2705 Nopea toimitus meid\u00e4n taktinen laukku tehdas<br \/>\n\u2705 Kaksoistuotanto: Meikkilaukku irtotavarana: Camouflage taktiset laukut + meikkilaukku irtotavarana<\/p>\n<p class=\"ds-markdown-paragraph\"><strong>Teht\u00e4v\u00e4kriittiset tekniset tiedot:<\/strong><br \/>\n- MIL-STD-maastokuviot (MultiCam\u00ae\/Woodland\/Urban)<br \/>\n- Uppoavat tiivistetyt saumat + itsest\u00e4\u00e4n tyhjenev\u00e4t alustat<br \/>\n- 360\u00b0 MOLLE\/PALS hihnat + piilotetut CCW-lokerot<br \/>\n- Mukautetut kokoonpanot Tactical Bag OEM:n kautta<\/p>\n<p class=\"ds-markdown-paragraph\">Ihanteellinen Tactical Bag Companyn ostajille, armeijan myyntipisteille ja Tactical Bag -tukkukauppiaiden verkostoille. Pyyd\u00e4 luettelo Kiinan johtavalta Camouflage Tactical Bag valmistajalta jo t\u00e4n\u00e4\u00e4n!<\/p>\n<\/div>\n<\/div>\n<\/div>\n<\/div>","protected":false},"excerpt":{"rendered":"<h2 data-immersive-translate-walked=\"344be1c1-5052-41eb-8fcd-0dbe236a0d6b\" data-immersive-translate-paragraph=\"1\">Camouflage taktinen laukku valmistaja<\/h2>\n<div class=\"sliderTable mt10 mb10 sliderTable-index0\">\n<div class=\"inner\">\n<div>1. Valmistettu raskaasta ja kest\u00e4v\u00e4st\u00e4 polyesterist\u00e4.<\/div>\n<div>2. Tilava p\u00e4\u00e4lokero antaa tilaa vaatteille tai taktisille varusteille.<br \/>\n3. Trikoovuorattu tasku suojaa silm\u00e4laseja.<\/div>\n<div>4. Sivupuristushihnat kuorman tiivist\u00e4miseksi.<\/div>\n<div>5. Koukku- ja silmukkatappien pidikkeet.<\/div>\n<\/div>\n<\/div>","protected":false},"featured_media":4319,"template":"","meta":{"_uag_custom_page_level_css":""},"product_brand":[],"product_cat":[55,60],"product_tag":[],"class_list":{"0":"post-4314","1":"product","2":"type-product","3":"status-publish","4":"has-post-thumbnail","6":"product_cat-tactical-bag","7":"product_cat-backpack","9":"first","10":"instock","11":"shipping-taxable","12":"product-type-simple"},"uagb_featured_image_src":{"full":["https:\/\/pecbag.com\/wp-content\/uploads\/2025\/07\/Camouflage-Tactical-Bag-Manufacturer-1.jpg",710,708,false],"thumbnail":["https:\/\/pecbag.com\/wp-content\/uploads\/2025\/07\/Camouflage-Tactical-Bag-Manufacturer-1-150x150.jpg",150,150,true],"medium":["https:\/\/pecbag.com\/wp-content\/uploads\/2025\/07\/Camouflage-Tactical-Bag-Manufacturer-1-300x300.jpg",300,300,true],"medium_large":["https:\/\/pecbag.com\/wp-content\/uploads\/2025\/07\/Camouflage-Tactical-Bag-Manufacturer-1.jpg",710,708,false],"large":["https:\/\/pecbag.com\/wp-content\/uploads\/2025\/07\/Camouflage-Tactical-Bag-Manufacturer-1.jpg",710,708,false],"1536x1536":["https:\/\/pecbag.com\/wp-content\/uploads\/2025\/07\/Camouflage-Tactical-Bag-Manufacturer-1.jpg",710,708,false],"2048x2048":["https:\/\/pecbag.com\/wp-content\/uploads\/2025\/07\/Camouflage-Tactical-Bag-Manufacturer-1.jpg",710,708,false],"trp-custom-language-flag":["https:\/\/pecbag.com\/wp-content\/uploads\/2025\/07\/Camouflage-Tactical-Bag-Manufacturer-1-12x12.jpg",12,12,true],"woocommerce_thumbnail":["https:\/\/pecbag.com\/wp-content\/uploads\/2025\/07\/Camouflage-Tactical-Bag-Manufacturer-1-300x300.jpg",300,300,true],"woocommerce_single":["https:\/\/pecbag.com\/wp-content\/uploads\/2025\/07\/Camouflage-Tactical-Bag-Manufacturer-1-600x598.jpg",600,598,true],"woocommerce_gallery_thumbnail":["https:\/\/pecbag.com\/wp-content\/uploads\/2025\/07\/Camouflage-Tactical-Bag-Manufacturer-1-100x100.jpg",100,100,true]},"uagb_author_info":{"display_name":"Lawrence","author_link":"https:\/\/pecbag.com\/fi\/author\/"},"uagb_comment_info":0,"uagb_excerpt":"Camouflage Tactical Bag Manufacturer 1. Constructed of heavyweight, durable polyester. 2. Spacious main compartment gives you space for clothing or tactical gear. 3. Tricot-lined pocket to protect eyewear. 4. Side compression straps to condense your load. 5. Hook and loop patch holders.","_links":{"self":[{"href":"https:\/\/pecbag.com\/fi\/wp-json\/wp\/v2\/product\/4314","targetHints":{"allow":["GET"]}}],"collection":[{"href":"https:\/\/pecbag.com\/fi\/wp-json\/wp\/v2\/product"}],"about":[{"href":"https:\/\/pecbag.com\/fi\/wp-json\/wp\/v2\/types\/product"}],"wp:featuredmedia":[{"embeddable":true,"href":"https:\/\/pecbag.com\/fi\/wp-json\/wp\/v2\/media\/4319"}],"wp:attachment":[{"href":"https:\/\/pecbag.com\/fi\/wp-json\/wp\/v2\/media?parent=4314"}],"wp:term":[{"taxonomy":"product_brand","embeddable":true,"href":"https:\/\/pecbag.com\/fi\/wp-json\/wp\/v2\/product_brand?post=4314"},{"taxonomy":"product_cat","embeddable":true,"href":"https:\/\/pecbag.com\/fi\/wp-json\/wp\/v2\/product_cat?post=4314"},{"taxonomy":"product_tag","embeddable":true,"href":"https:\/\/pecbag.com\/fi\/wp-json\/wp\/v2\/product_tag?post=4314"}],"curies":[{"name":"wp","href":"https:\/\/api.w.org\/{rel}","templated":true}]}}