{"id":4398,"date":"2025-07-07T01:03:48","date_gmt":"2025-07-07T01:03:48","guid":{"rendered":"https:\/\/pecbag.com\/?post_type=product&#038;p=4398"},"modified":"2025-11-28T09:36:20","modified_gmt":"2025-11-28T09:36:20","slug":"china-laptop-messenger-bag-factory","status":"publish","type":"product","link":"https:\/\/pecbag.com\/fi\/china-laptop-messenger-bag-factory\/","title":{"rendered":"Kiina Laptop Messenger laukku Factory"},"content":{"rendered":"<h5 title=\"Kokoontaitettava koira laukku hengitt\u00e4v\u00e4 mesh lemmikkiel\u00e4inten olkalaukku pienille lemmikkiel\u00e4inten koirille kissoille\" data-immersive-translate-walked=\"1c928421-2e42-4cd3-8754-5404553c0af5\" data-immersive-translate-paragraph=\"1\" data-spm-anchor-id=\"a2700.details.0.i35.4f6757d4w4zNZA\">Top Kiina Laptop Messenger Bag Factory | Vedenpit\u00e4v\u00e4 laukku Factory &amp; Professional reppu valmistaja | Bulk vienti<\/h5>\n<div class=\"flex flex-grow flex-col max-w-full\">\n<div class=\"min-h-[20px] text-message flex w-full flex-col items-end gap-2 whitespace-pre-wrap break-words [.text-message+&amp;]:mt-5 overflow-x-auto\" dir=\"auto\" data-message-author-role=\"assistant\" data-message-id=\"3d7d46f6-7ec2-4222-9257-48fa0bba23c6\" data-suggestions=\"true\">\n<div class=\"flex w-full flex-col gap-1 empty:hidden first:pt-[3px]\">\n<div class=\"markdown prose w-full break-words dark:prose-invert light\">\n<p class=\"ds-markdown-paragraph\"><strong>Tarvitsetko premium laptop messenger laukut toimitetaan suoraan Kiinasta?<\/strong>\u00a0Koska johtava Kiina Laptop Messenger Bag Factory ja ISO-sertifioitu vedenpit\u00e4v\u00e4 laukku tehdas, me insin\u00f6\u00f6ri ammattimaisen luokan messenger laukut pehmustettu kannettavan tietokoneen hihat, IPX5 vedenpit\u00e4vyys, ja ty\u00f6matkalla valmis malleja luotettu maailmanlaajuisia tuotemerkkej\u00e4.<\/p>\n<p class=\"ds-markdown-paragraph\">Kumppani meid\u00e4n Messenger Bag Company - strateginen Messenger Bag toimittaja - saumaton Messenger Bag vienti Messenger Bag tukkuliikkeet, yritysten toimittajat, ja Messenger Bag myyj\u00e4t maailmanlaajuisesti.<\/p>\n<table width=\"288\">\n<tbody>\n<tr>\n<td width=\"137\"><span style=\"color: #333333;\">Tuotteiden nimi<\/span><\/td>\n<td width=\"151\">Messenger laukku<\/td>\n<\/tr>\n<tr>\n<td><span style=\"color: #333333;\">Tuotenro.<\/span><\/td>\n<td><span style=\"color: #333333;\">PB-2137<\/span><\/td>\n<\/tr>\n<tr>\n<td><span style=\"color: #333333;\">Materiaali<\/span><\/td>\n<td>Polyesteri<\/td>\n<\/tr>\n<tr>\n<td><span style=\"color: #333333;\">Koko<\/span><\/td>\n<td>voidaan r\u00e4\u00e4t\u00e4l\u00f6id\u00e4<\/td>\n<\/tr>\n<tr>\n<td><span style=\"color: #333333;\">\u00a0Toimitusaika<\/span><\/td>\n<td><span style=\"color: #333333;\">1-5 p\u00e4iv\u00e4\u00e4 pienille m\u00e4\u00e4rille lentoteitse ja 30-35 p\u00e4iv\u00e4\u00e4 suurille m\u00e4\u00e4rille meritse.<\/span><\/td>\n<\/tr>\n<\/tbody>\n<\/table>\n<p class=\"ds-markdown-paragraph\"><strong>Miksi maailmanlaajuiset jakelijat valitsevat meid\u00e4t:<\/strong><br \/>\n\ud83d\udcca<strong>\u00a0Bestsellerit:<\/strong>\u00a065% uusintatilaukset Fortune 500 -toimittajilta<br \/>\n\u2705 T\u00e4ysi Messenger Bag ODM \/ OEM &amp; Messenger Bag yksityinen etiketti<br \/>\n\u2705 Low MOQ Messenger Bag irtotavarana<br \/>\n\u2705 FOB \/ EXW merenkulku Messenger Bag Kiina hubista<br \/>\n\u2705 Kahden repun valmistajan linjat: Kannettavat laukut + Messenger Bag irtotavarana<\/p>\n<p class=\"ds-markdown-paragraph\"><strong>Liiketoimintavalmiit ominaisuudet:<\/strong><br \/>\n- Iskunkest\u00e4v\u00e4 kannettavan tietokoneen lokero (sopii 17\u2033) + RFID-sulutustaskut.<br \/>\n- S\u00e4\u00e4nkest\u00e4v\u00e4 pressupohja + pikak\u00e4ytt\u00f6inen j\u00e4rjestelypaneeli<br \/>\n- TSA-yst\u00e4v\u00e4lliset mallit + varkaudenestovetoketjut<br \/>\n- Custom br\u00e4nd\u00e4ys kautta Messenger Bag OEM<\/p>\n<p class=\"ds-markdown-paragraph\">Ihanteellinen Messenger Bag -tukkukauppiaiden verkostoille, yritysten v\u00e4hitt\u00e4ismyyjille ja teknisten tarvikkeiden jakelijoille.\u00a0<strong>Pyyd\u00e4 n\u00e4yte tapauksessa Kiinan #1 Laptop Messenger Bag Factory t\u00e4n\u00e4\u00e4n!<\/strong><\/p>\n<\/div>\n<\/div>\n<\/div>\n<\/div>","protected":false},"excerpt":{"rendered":"<h2 data-immersive-translate-walked=\"344be1c1-5052-41eb-8fcd-0dbe236a0d6b\" data-immersive-translate-paragraph=\"1\">Kiina Laptop Messenger laukku Factory<\/h2>\n<div class=\"sliderTable mt10 mb10 sliderTable-index0\">\n<div class=\"inner\">\n<p>1. Irrotettava pehmustettu olkahihna, jossa on s\u00e4\u00e4dett\u00e4v\u00e4t vahvistetut hihnat.<\/p>\n<p>2. Matkatavarahihna laukun kiinnitt\u00e4miseksi matkatavaravaunuun.<\/p>\n<\/div>\n<\/div>","protected":false},"featured_media":4399,"template":"","meta":{"_uag_custom_page_level_css":""},"product_brand":[],"product_cat":[65],"product_tag":[],"class_list":{"0":"post-4398","1":"product","2":"type-product","3":"status-publish","4":"has-post-thumbnail","6":"product_cat-messenger-bag","8":"first","9":"instock","10":"shipping-taxable","11":"product-type-simple"},"uagb_featured_image_src":{"full":["https:\/\/pecbag.com\/wp-content\/uploads\/2025\/07\/China-La-6.jpg",800,800,false],"thumbnail":["https:\/\/pecbag.com\/wp-content\/uploads\/2025\/07\/China-La-6-150x150.jpg",150,150,true],"medium":["https:\/\/pecbag.com\/wp-content\/uploads\/2025\/07\/China-La-6-300x300.jpg",300,300,true],"medium_large":["https:\/\/pecbag.com\/wp-content\/uploads\/2025\/07\/China-La-6-768x768.jpg",768,768,true],"large":["https:\/\/pecbag.com\/wp-content\/uploads\/2025\/07\/China-La-6.jpg",800,800,false],"1536x1536":["https:\/\/pecbag.com\/wp-content\/uploads\/2025\/07\/China-La-6.jpg",800,800,false],"2048x2048":["https:\/\/pecbag.com\/wp-content\/uploads\/2025\/07\/China-La-6.jpg",800,800,false],"trp-custom-language-flag":["https:\/\/pecbag.com\/wp-content\/uploads\/2025\/07\/China-La-6-12x12.jpg",12,12,true],"woocommerce_thumbnail":["https:\/\/pecbag.com\/wp-content\/uploads\/2025\/07\/China-La-6-300x300.jpg",300,300,true],"woocommerce_single":["https:\/\/pecbag.com\/wp-content\/uploads\/2025\/07\/China-La-6-600x600.jpg",600,600,true],"woocommerce_gallery_thumbnail":["https:\/\/pecbag.com\/wp-content\/uploads\/2025\/07\/China-La-6-100x100.jpg",100,100,true]},"uagb_author_info":{"display_name":"Lawrence","author_link":"https:\/\/pecbag.com\/fi\/author\/"},"uagb_comment_info":0,"uagb_excerpt":"China Laptop Messenger Bag Factory 1. Detachable padded shoulder strap with adjustable reinforced straps. 2. Luggage strap for fixing the bag on the trolley of a luggage.","_links":{"self":[{"href":"https:\/\/pecbag.com\/fi\/wp-json\/wp\/v2\/product\/4398","targetHints":{"allow":["GET"]}}],"collection":[{"href":"https:\/\/pecbag.com\/fi\/wp-json\/wp\/v2\/product"}],"about":[{"href":"https:\/\/pecbag.com\/fi\/wp-json\/wp\/v2\/types\/product"}],"wp:featuredmedia":[{"embeddable":true,"href":"https:\/\/pecbag.com\/fi\/wp-json\/wp\/v2\/media\/4399"}],"wp:attachment":[{"href":"https:\/\/pecbag.com\/fi\/wp-json\/wp\/v2\/media?parent=4398"}],"wp:term":[{"taxonomy":"product_brand","embeddable":true,"href":"https:\/\/pecbag.com\/fi\/wp-json\/wp\/v2\/product_brand?post=4398"},{"taxonomy":"product_cat","embeddable":true,"href":"https:\/\/pecbag.com\/fi\/wp-json\/wp\/v2\/product_cat?post=4398"},{"taxonomy":"product_tag","embeddable":true,"href":"https:\/\/pecbag.com\/fi\/wp-json\/wp\/v2\/product_tag?post=4398"}],"curies":[{"name":"wp","href":"https:\/\/api.w.org\/{rel}","templated":true}]}}