{"id":4405,"date":"2025-07-07T01:30:07","date_gmt":"2025-07-07T01:30:07","guid":{"rendered":"https:\/\/pecbag.com\/?post_type=product&#038;p=4405"},"modified":"2025-11-28T09:36:07","modified_gmt":"2025-11-28T09:36:07","slug":"china-messenger-bag-manufacturers-2","status":"publish","type":"product","link":"https:\/\/pecbag.com\/fi\/china-messenger-bag-manufacturers-2\/","title":{"rendered":"Kiina Messenger laukku valmistajat"},"content":{"rendered":"<h5 title=\"Kokoontaitettava koira laukku hengitt\u00e4v\u00e4 mesh lemmikkiel\u00e4inten olkalaukku pienille lemmikkiel\u00e4inten koirille kissoille\" data-immersive-translate-walked=\"1c928421-2e42-4cd3-8754-5404553c0af5\" data-immersive-translate-paragraph=\"1\" data-spm-anchor-id=\"a2700.details.0.i35.4f6757d4w4zNZA\">Johtava Kiina Messenger laukku valmistajat | Vedenpit\u00e4v\u00e4 laukku Factory &amp; Professional reppu valmistaja | Bulk vienti<\/h5>\n<div class=\"flex flex-grow flex-col max-w-full\">\n<div class=\"min-h-[20px] text-message flex w-full flex-col items-end gap-2 whitespace-pre-wrap break-words [.text-message+&amp;]:mt-5 overflow-x-auto\" dir=\"auto\" data-message-author-role=\"assistant\" data-message-id=\"3d7d46f6-7ec2-4222-9257-48fa0bba23c6\" data-suggestions=\"true\">\n<div class=\"flex w-full flex-col gap-1 empty:hidden first:pt-[3px]\">\n<div class=\"markdown prose w-full break-words dark:prose-invert light\">\n<p class=\"ds-markdown-paragraph\">Sourcing premium messenger laukut suoraan Kiinan valmistajilta?<\/p>\n<p class=\"ds-markdown-paragraph\">Kuten ISO-sertifioitu Kiina Messenger Bag valmistajat ja top vedenpit\u00e4v\u00e4 laukku tehdas, me k\u00e4sity\u00f6 kaupallisen luokan messenger laukut RFID-sulku tekniikka, TSA-yhteensopiva malleja, ja IPX5 s\u00e4\u00e4suojaus luottaa Fortune 500 toimittajat.<\/p>\n<p class=\"ds-markdown-paragraph\">Yhteisty\u00f6kumppani meid\u00e4n Messenger Bag Company - strateginen Messenger Bag toimittaja - virtaviivainen Messenger Bag vienti Messenger Bag tukkuliikkeet, yritysten v\u00e4hitt\u00e4ismyyj\u00e4t, ja Messenger Bag myyj\u00e4t maailmanlaajuisesti.<\/p>\n<table width=\"288\">\n<tbody>\n<tr>\n<td width=\"137\"><span style=\"color: #333333;\">Tuotteiden nimi<\/span><\/td>\n<td width=\"151\">Messenger laukku<\/td>\n<\/tr>\n<tr>\n<td><span style=\"color: #333333;\">Tuotenro.<\/span><\/td>\n<td><span style=\"color: #333333;\">PB-2138<\/span><\/td>\n<\/tr>\n<tr>\n<td><span style=\"color: #333333;\">Materiaali<\/span><\/td>\n<td>Polyesteri<\/td>\n<\/tr>\n<tr>\n<td><span style=\"color: #333333;\">Koko<\/span><\/td>\n<td>voidaan r\u00e4\u00e4t\u00e4l\u00f6id\u00e4<\/td>\n<\/tr>\n<tr>\n<td><span style=\"color: #333333;\">\u00a0Toimitusaika<\/span><\/td>\n<td><span style=\"color: #333333;\">1-5 p\u00e4iv\u00e4\u00e4 pienille m\u00e4\u00e4rille lentoteitse ja 30-35 p\u00e4iv\u00e4\u00e4 suurille m\u00e4\u00e4rille meritse.<\/span><\/td>\n<\/tr>\n<\/tbody>\n<\/table>\n<p class=\"ds-markdown-paragraph\"><strong>Miksi maailmanlaajuiset ostajat valitsevat meid\u00e4t:<\/strong><br \/>\n\ud83d\udce6<strong>\u00a0Toimialan vertailuarvot:<\/strong>\u00a068% Jakelukumppaneiden vuosikasvu<br \/>\n\u2705 T\u00e4ysi Messenger Bag ODM \/ OEM &amp; Messenger Bag yksityinen etiketti<br \/>\n\u2705 Low MOQ Messenger Bag irtotavarana<br \/>\n\u2705 EXW\/FOB-ehdot Messenger Bag Kiina hubista<br \/>\n\u2705 Kahden repun valmistajan kapasiteetti: Messenger Laukut + Messenger Bag irtotavarana<\/p>\n<p class=\"ds-markdown-paragraph\"><strong>Yritysluokan ominaisuudet:<\/strong><br \/>\n- Pehmustettu 17\u2033 kannettavan tietokoneen lokero + varkaudenestovetoketjut<br \/>\n- Vedenpit\u00e4v\u00e4 pressupohja + pikak\u00e4ytt\u00f6inen j\u00e4rjestelij\u00e4<br \/>\n- MIL-STD-kest\u00e4vyystestaus (yli 1 000 syklin vetoketjut)<br \/>\n- Custom br\u00e4nd\u00e4ys kautta Messenger Bag OEM<\/p>\n<p class=\"ds-markdown-paragraph\">Ihanteellinen Messenger Bag tukkukauppias verkostot, yritysten j\u00e4lleenmyyj\u00e4t, ja tech lis\u00e4varusteena\u00a0<strong>Messenger laukku valmistajat<\/strong>.\u00a0<strong>Pyyd\u00e4 n\u00e4yte tapauksessa Kiinan alkuun Messenger laukku valmistajat t\u00e4n\u00e4\u00e4n!<\/strong><\/p>\n<\/div>\n<\/div>\n<\/div>\n<\/div>","protected":false},"excerpt":{"rendered":"<h2 data-immersive-translate-walked=\"344be1c1-5052-41eb-8fcd-0dbe236a0d6b\" data-immersive-translate-paragraph=\"1\">Kiina Messenger laukku valmistajat<\/h2>\n<div class=\"sliderTable mt10 mb10 sliderTable-index0\">\n<div class=\"inner\">\n<p>T\u00e4m\u00e4 miesten satchel-laukku, jossa on kahva, on ihanteellinen p\u00e4ivitt\u00e4iseen k\u00e4ytt\u00f6\u00f6n, ty\u00f6laukuksi, koululaukuksi tai matkalaukuksi sek\u00e4 miehille ett\u00e4 naisille.<\/p>\n<p>Suuri back-to-school-kirjalaukku college- ja lukio-opiskelijoille.<\/p>\n<p>N\u00e4ihin pehmeisiin olkahihnoilla varustettuihin salkkuihin mahtuu kannettava tietokone, MacBook ja lounaslaatikko.<\/p>\n<p>Se on mukava lahja yst\u00e4v\u00e4np\u00e4iv\u00e4n\u00e4, syntym\u00e4p\u00e4iv\u00e4n\u00e4, is\u00e4np\u00e4iv\u00e4n\u00e4, opettajanp\u00e4iv\u00e4n\u00e4 jne.<\/p>\n<\/div>\n<\/div>","protected":false},"featured_media":4410,"template":"","meta":{"_uag_custom_page_level_css":""},"product_brand":[],"product_cat":[65],"product_tag":[],"class_list":{"0":"post-4405","1":"product","2":"type-product","3":"status-publish","4":"has-post-thumbnail","6":"product_cat-messenger-bag","8":"first","9":"instock","10":"shipping-taxable","11":"product-type-simple"},"uagb_featured_image_src":{"full":["https:\/\/pecbag.com\/wp-content\/uploads\/2025\/07\/China-Messenger-Bag-Manufacturers-1.png",697,675,false],"thumbnail":["https:\/\/pecbag.com\/wp-content\/uploads\/2025\/07\/China-Messenger-Bag-Manufacturers-1-150x150.png",150,150,true],"medium":["https:\/\/pecbag.com\/wp-content\/uploads\/2025\/07\/China-Messenger-Bag-Manufacturers-1-300x291.png",300,291,true],"medium_large":["https:\/\/pecbag.com\/wp-content\/uploads\/2025\/07\/China-Messenger-Bag-Manufacturers-1.png",697,675,false],"large":["https:\/\/pecbag.com\/wp-content\/uploads\/2025\/07\/China-Messenger-Bag-Manufacturers-1.png",697,675,false],"1536x1536":["https:\/\/pecbag.com\/wp-content\/uploads\/2025\/07\/China-Messenger-Bag-Manufacturers-1.png",697,675,false],"2048x2048":["https:\/\/pecbag.com\/wp-content\/uploads\/2025\/07\/China-Messenger-Bag-Manufacturers-1.png",697,675,false],"trp-custom-language-flag":["https:\/\/pecbag.com\/wp-content\/uploads\/2025\/07\/China-Messenger-Bag-Manufacturers-1-12x12.png",12,12,true],"woocommerce_thumbnail":["https:\/\/pecbag.com\/wp-content\/uploads\/2025\/07\/China-Messenger-Bag-Manufacturers-1-300x300.png",300,300,true],"woocommerce_single":["https:\/\/pecbag.com\/wp-content\/uploads\/2025\/07\/China-Messenger-Bag-Manufacturers-1-600x581.png",600,581,true],"woocommerce_gallery_thumbnail":["https:\/\/pecbag.com\/wp-content\/uploads\/2025\/07\/China-Messenger-Bag-Manufacturers-1-100x100.png",100,100,true]},"uagb_author_info":{"display_name":"Lawrence","author_link":"https:\/\/pecbag.com\/fi\/author\/"},"uagb_comment_info":0,"uagb_excerpt":"China Messenger Bag Manufacturers This men's satchel bag with a handle is ideal for daily use, as a work bag, school bag, or travel bag for both men and women. Great back-to-school bookbag for college and high school students. These soft briefcases with shoulder straps can store a laptop, a MacBook, and a lunchbox. It&hellip;","_links":{"self":[{"href":"https:\/\/pecbag.com\/fi\/wp-json\/wp\/v2\/product\/4405","targetHints":{"allow":["GET"]}}],"collection":[{"href":"https:\/\/pecbag.com\/fi\/wp-json\/wp\/v2\/product"}],"about":[{"href":"https:\/\/pecbag.com\/fi\/wp-json\/wp\/v2\/types\/product"}],"wp:featuredmedia":[{"embeddable":true,"href":"https:\/\/pecbag.com\/fi\/wp-json\/wp\/v2\/media\/4410"}],"wp:attachment":[{"href":"https:\/\/pecbag.com\/fi\/wp-json\/wp\/v2\/media?parent=4405"}],"wp:term":[{"taxonomy":"product_brand","embeddable":true,"href":"https:\/\/pecbag.com\/fi\/wp-json\/wp\/v2\/product_brand?post=4405"},{"taxonomy":"product_cat","embeddable":true,"href":"https:\/\/pecbag.com\/fi\/wp-json\/wp\/v2\/product_cat?post=4405"},{"taxonomy":"product_tag","embeddable":true,"href":"https:\/\/pecbag.com\/fi\/wp-json\/wp\/v2\/product_tag?post=4405"}],"curies":[{"name":"wp","href":"https:\/\/api.w.org\/{rel}","templated":true}]}}