{"id":4474,"date":"2025-07-08T02:06:34","date_gmt":"2025-07-08T02:06:34","guid":{"rendered":"https:\/\/pecbag.com\/?post_type=product&#038;p=4474"},"modified":"2025-11-28T09:35:47","modified_gmt":"2025-11-28T09:35:47","slug":"china-canvas-messenger-bag-manufacturer","status":"publish","type":"product","link":"https:\/\/pecbag.com\/fi\/china-canvas-messenger-bag-manufacturer\/","title":{"rendered":"Kiina Canvas Messenger laukku valmistaja"},"content":{"rendered":"<h5 title=\"Kokoontaitettava koira laukku hengitt\u00e4v\u00e4 mesh lemmikkiel\u00e4inten olkalaukku pienille lemmikkiel\u00e4inten koirille kissoille\" data-immersive-translate-walked=\"1c928421-2e42-4cd3-8754-5404553c0af5\" data-immersive-translate-paragraph=\"1\" data-spm-anchor-id=\"a2700.details.0.i35.4f6757d4w4zNZA\">Premium Kiina kangas Messenger laukku valmistaja | Vedenpit\u00e4v\u00e4 laukku Factory &amp; Professional reppu valmistaja | Bulk vienti<\/h5>\n<div class=\"flex flex-grow flex-col max-w-full\">\n<div class=\"min-h-[20px] text-message flex w-full flex-col items-end gap-2 whitespace-pre-wrap break-words [.text-message+&amp;]:mt-5 overflow-x-auto\" dir=\"auto\" data-message-author-role=\"assistant\" data-message-id=\"3d7d46f6-7ec2-4222-9257-48fa0bba23c6\" data-suggestions=\"true\">\n<div class=\"flex w-full flex-col gap-1 empty:hidden first:pt-[3px]\">\n<div class=\"markdown prose w-full break-words dark:prose-invert light\">\n<p class=\"ds-markdown-paragraph\">Tarvitsetko kest\u00e4vi\u00e4 kankaisia messenger-laukkuja suoraan kiinalaiselta valmistajalta?<\/p>\n<p class=\"ds-markdown-paragraph\">Johtavana Kiina Canvas Messenger Bag valmistaja ja ISO-sertifioitu vedenpit\u00e4v\u00e4 laukku tehdas, me k\u00e4sity\u00f6 palkkio kankaalle messenger laukut vahattu s\u00e4\u00e4nkest\u00e4v\u00e4, RFID-blokkaus tekniikka, ja vintage-ammattimainen muotoilu luotettu maailmanlaajuinen v\u00e4hitt\u00e4iskauppiaat.<\/p>\n<p class=\"ds-markdown-paragraph\">Yhteisty\u00f6kumppani meid\u00e4n Messenger Bag Company - strateginen Messenger Bag toimittaja - virtaviivainen Messenger Bag vienti Messenger Bag tukkuliikkeet, yritysten j\u00e4lleenmyyj\u00e4t, ja Messenger Bag myyj\u00e4t maailmanlaajuisesti.<\/p>\n<table width=\"288\">\n<tbody>\n<tr>\n<td width=\"137\"><span style=\"color: #333333;\">Tuotteiden nimi<\/span><\/td>\n<td width=\"151\">Messenger laukku<\/td>\n<\/tr>\n<tr>\n<td><span style=\"color: #333333;\">Tuotenro.<\/span><\/td>\n<td><span style=\"color: #333333;\">PB-2140<\/span><\/td>\n<\/tr>\n<tr>\n<td><span style=\"color: #333333;\">Materiaali<\/span><\/td>\n<td>Kangas<\/td>\n<\/tr>\n<tr>\n<td><span style=\"color: #333333;\">Koko<\/span><\/td>\n<td>17,5 x 6,5 x 13 tuumaa.<\/td>\n<\/tr>\n<tr>\n<td><span style=\"color: #333333;\">\u00a0Toimitusaika<\/span><\/td>\n<td><span style=\"color: #333333;\">1-5 p\u00e4iv\u00e4\u00e4 pienille m\u00e4\u00e4rille lentoteitse ja 30-35 p\u00e4iv\u00e4\u00e4 suurille m\u00e4\u00e4rille meritse.<\/span><\/td>\n<\/tr>\n<\/tbody>\n<\/table>\n<p class=\"ds-markdown-paragraph\"><strong>Miksi tuotemerkit valitsevat valmistuksemme:<\/strong><br \/>\n\ud83d\udcca <strong>Toimialan vertailuarvot:<\/strong>\u00a072%:n uudelleentilausaste eco-lifestyle-jakelijoilta.<br \/>\n\u2705 T\u00e4ysi Messenger Bag ODM \/ OEM &amp; Messenger Bag yksityinen etiketti<br \/>\n\u2705 Alhainen MOQ Messenger Bag irtotavarana (300+ yksikk\u00f6\u00e4)<br \/>\n\u2705 EXW\/FOB merenkulku Messenger laukku Kiina solmu<br \/>\n\u2705 Kahden repun valmistajan kapasiteetti: Kangaskassit + Messenger Bag irtotavarana<\/p>\n<p class=\"ds-markdown-paragraph\"><strong>Ammattilaisluokan ominaisuudet:<\/strong><br \/>\n- 18oz vahattu kangas (vett\u00e4 hylkiv\u00e4 + naarmuuntumaton).<br \/>\n- Pehmustettu 16\u2033 kannettavan tietokoneen holkki + nahkavahvistetut stressipisteet<br \/>\n- TSA-lukkolokero, johon p\u00e4\u00e4see nopeasti k\u00e4siksi + vintage messinkilaitteisto<br \/>\n- Custom br\u00e4nd\u00e4ys kautta Messenger Bag OEM<\/p>\n<p class=\"ds-markdown-paragraph\">Ihanteellinen Messenger Bag -tukkukauppiaiden verkostoille, kest\u00e4ville tuotemerkeille ja yritysten lahjaohjelmille. Pyyd\u00e4 n\u00e4ytteit\u00e4 Kiinan alkuun Canvas Messenger Bag valmistaja t\u00e4n\u00e4\u00e4n!<\/p>\n<\/div>\n<\/div>\n<\/div>\n<\/div>","protected":false},"excerpt":{"rendered":"<h2 data-immersive-translate-walked=\"344be1c1-5052-41eb-8fcd-0dbe236a0d6b\" data-immersive-translate-paragraph=\"1\">Kiina Canvas Messenger laukku valmistaja<\/h2>\n<div class=\"sliderTable mt10 mb10 sliderTable-index0\">\n<div class=\"inner\">\n<p>1. <strong>LAAJENNUS &amp; USEITA LOKEROITA<\/strong>: Laajennusvetoketju tekee siit\u00e4 joustavamman, ja kannettavan tietokoneen salkku voidaan tarvittaessa muuttaa suureksi duffel-laukuksi. Jopa 4 lokeroa voi vastata kaikkiin tarpeisiisi hyvin. Suureen tekniseen lokeroon mahtuu jopa 17-17,3 tuuman kannettava tietokone. Kahden etutaskun avulla voit laittaa p\u00e4ivitt\u00e4iset tarpeet j\u00e4rjestyksess\u00e4. Laajennettavassa asiakirjalokerossa voit s\u00e4ilytt\u00e4\u00e4 A4-kansioita, lehti\u00e4, vaatteita tai sateenvarjon.<\/p>\n<p>2. <strong>MUKAVAT &amp; J\u00c4RJEST\u00c4J\u00c4TASKUT<\/strong>: S\u00e4\u00e4dett\u00e4v\u00e4 ja \u201cC\u201d k\u00e4yr\u00e4 pehmustettu ergonominen olkahihna lievitt\u00e4\u00e4 stressi\u00e4 olkap\u00e4\u00e4ss\u00e4; pehmustetut vegaaninahkaiset kahvat tarjoavat kevyen kuljetuksen; matkatavarahihna mahdollistaa kannettavan tietokoneen toimistolaukun liu'uttamisen matkatavaraputken yli; ja j\u00e4rjest\u00e4j\u00e4taskujen menetys pyrkii varmistamaan helpon ty\u00f6matkan tai p\u00e4ivitt\u00e4isen ty\u00f6matkan.<\/p>\n<\/div>\n<\/div>","protected":false},"featured_media":4475,"template":"","meta":{"_uag_custom_page_level_css":""},"product_brand":[],"product_cat":[65],"product_tag":[],"class_list":{"0":"post-4474","1":"product","2":"type-product","3":"status-publish","4":"has-post-thumbnail","6":"product_cat-messenger-bag","8":"first","9":"instock","10":"shipping-taxable","11":"product-type-simple"},"uagb_featured_image_src":{"full":["https:\/\/pecbag.com\/wp-content\/uploads\/2025\/07\/China-Canvas-Messenger-Bag-Manufacturer-41.png",768,706,false],"thumbnail":["https:\/\/pecbag.com\/wp-content\/uploads\/2025\/07\/China-Canvas-Messenger-Bag-Manufacturer-41-150x150.png",150,150,true],"medium":["https:\/\/pecbag.com\/wp-content\/uploads\/2025\/07\/China-Canvas-Messenger-Bag-Manufacturer-41-300x276.png",300,276,true],"medium_large":["https:\/\/pecbag.com\/wp-content\/uploads\/2025\/07\/China-Canvas-Messenger-Bag-Manufacturer-41.png",768,706,false],"large":["https:\/\/pecbag.com\/wp-content\/uploads\/2025\/07\/China-Canvas-Messenger-Bag-Manufacturer-41.png",768,706,false],"1536x1536":["https:\/\/pecbag.com\/wp-content\/uploads\/2025\/07\/China-Canvas-Messenger-Bag-Manufacturer-41.png",768,706,false],"2048x2048":["https:\/\/pecbag.com\/wp-content\/uploads\/2025\/07\/China-Canvas-Messenger-Bag-Manufacturer-41.png",768,706,false],"trp-custom-language-flag":["https:\/\/pecbag.com\/wp-content\/uploads\/2025\/07\/China-Canvas-Messenger-Bag-Manufacturer-41-13x12.png",13,12,true],"woocommerce_thumbnail":["https:\/\/pecbag.com\/wp-content\/uploads\/2025\/07\/China-Canvas-Messenger-Bag-Manufacturer-41-300x300.png",300,300,true],"woocommerce_single":["https:\/\/pecbag.com\/wp-content\/uploads\/2025\/07\/China-Canvas-Messenger-Bag-Manufacturer-41-600x552.png",600,552,true],"woocommerce_gallery_thumbnail":["https:\/\/pecbag.com\/wp-content\/uploads\/2025\/07\/China-Canvas-Messenger-Bag-Manufacturer-41-100x100.png",100,100,true]},"uagb_author_info":{"display_name":"Lawrence","author_link":"https:\/\/pecbag.com\/fi\/author\/"},"uagb_comment_info":0,"uagb_excerpt":"China Canvas Messenger Bag Manufacturer 1. EXPANSION &amp; MULTIPLE COMPARTMENTS: The expansion zipper makes it more flexible, and the laptop briefcase can be transformed into a large duffel bag when necessary. Up to 4 compartments can meet all your needs well. The large tech compartment can fit up to a 17-17.3-inch laptop. Two front pockets&hellip;","_links":{"self":[{"href":"https:\/\/pecbag.com\/fi\/wp-json\/wp\/v2\/product\/4474","targetHints":{"allow":["GET"]}}],"collection":[{"href":"https:\/\/pecbag.com\/fi\/wp-json\/wp\/v2\/product"}],"about":[{"href":"https:\/\/pecbag.com\/fi\/wp-json\/wp\/v2\/types\/product"}],"wp:featuredmedia":[{"embeddable":true,"href":"https:\/\/pecbag.com\/fi\/wp-json\/wp\/v2\/media\/4475"}],"wp:attachment":[{"href":"https:\/\/pecbag.com\/fi\/wp-json\/wp\/v2\/media?parent=4474"}],"wp:term":[{"taxonomy":"product_brand","embeddable":true,"href":"https:\/\/pecbag.com\/fi\/wp-json\/wp\/v2\/product_brand?post=4474"},{"taxonomy":"product_cat","embeddable":true,"href":"https:\/\/pecbag.com\/fi\/wp-json\/wp\/v2\/product_cat?post=4474"},{"taxonomy":"product_tag","embeddable":true,"href":"https:\/\/pecbag.com\/fi\/wp-json\/wp\/v2\/product_tag?post=4474"}],"curies":[{"name":"wp","href":"https:\/\/api.w.org\/{rel}","templated":true}]}}