{"id":4550,"date":"2025-07-09T01:51:40","date_gmt":"2025-07-09T01:51:40","guid":{"rendered":"https:\/\/pecbag.com\/?post_type=product&#038;p=4550"},"modified":"2025-11-28T09:35:21","modified_gmt":"2025-11-28T09:35:21","slug":"sport-fishing-bag-factory","status":"publish","type":"product","link":"https:\/\/pecbag.com\/fi\/sport-fishing-bag-factory\/","title":{"rendered":"Urheilu kalastus laukku tehdas"},"content":{"rendered":"<h5 title=\"Kokoontaitettava koira laukku hengitt\u00e4v\u00e4 mesh lemmikkiel\u00e4inten olkalaukku pienille lemmikkiel\u00e4inten koirille kissoille\" data-immersive-translate-walked=\"1c928421-2e42-4cd3-8754-5404553c0af5\" data-immersive-translate-paragraph=\"1\" data-spm-anchor-id=\"a2700.details.0.i35.4f6757d4w4zNZA\">Premium Sport kalastus laukku tehdas | Vedenpit\u00e4v\u00e4 laukku tehdas &amp; tekninen reppu valmistaja | Bulk vienti<\/h5>\n<div class=\"flex flex-grow flex-col max-w-full\">\n<div class=\"min-h-[20px] text-message flex w-full flex-col items-end gap-2 whitespace-pre-wrap break-words [.text-message+&amp;]:mt-5 overflow-x-auto\" dir=\"auto\" data-message-author-role=\"assistant\" data-message-id=\"3d7d46f6-7ec2-4222-9257-48fa0bba23c6\" data-suggestions=\"true\">\n<div class=\"flex w-full flex-col gap-1 empty:hidden first:pt-[3px]\">\n<div class=\"markdown prose w-full break-words dark:prose-invert light\">\n<p class=\"ds-markdown-paragraph\">Tarvitsetko suolaisen veden olosuhteisiin rakennettuja turnausluokan kalastuspusseja?<\/p>\n<p class=\"ds-markdown-paragraph\">Johtavana Sport Fishing Bag Factory ja ISO-sertifioitu vedenpit\u00e4v\u00e4 laukku tehdas Fishing Bag Kiinassa, me insin\u00f6\u00f6ri ammatillinen onkiminen pyydyksi\u00e4 korroosionkest\u00e4v\u00e4 vetoketjut, upotettavat lokerot, ja sauva hallintaj\u00e4rjestelm\u00e4t luotettu pro kalastajat maailmanlaajuisesti.<\/p>\n<p class=\"ds-markdown-paragraph\">Yhteisty\u00f6kumppani kalastuslaukkuyrityksemme - strategisen kalastuslaukkutoimittajasi - kanssa voi vied\u00e4 kalastuslaukkuja saumattomasti kalastuslaukkujen tukkukauppiaille, ulkoilualan v\u00e4hitt\u00e4ismyyjille ja kalastuslaukkujen myyjille maailmanlaajuisesti.<\/p>\n<table width=\"288\">\n<tbody>\n<tr>\n<td width=\"137\"><span style=\"color: #333333;\">Tuotteiden nimi<\/span><\/td>\n<td width=\"151\">Py\u00f6r\u00e4laukku<\/td>\n<\/tr>\n<tr>\n<td><span style=\"color: #333333;\">Tuotenro.<\/span><\/td>\n<td><span style=\"color: #333333;\">PB-2142<\/span><\/td>\n<\/tr>\n<tr>\n<td><span style=\"color: #333333;\">Materiaali<\/span><\/td>\n<td>Polyesteri<\/td>\n<\/tr>\n<tr>\n<td><span style=\"color: #333333;\">Koko<\/span><\/td>\n<td>21.5 * 32 * 14cm<\/td>\n<\/tr>\n<tr>\n<td><span style=\"color: #333333;\">\u00a0Toimitusaika<\/span><\/td>\n<td><span style=\"color: #333333;\">1-5 p\u00e4iv\u00e4\u00e4 pienille m\u00e4\u00e4rille lentoteitse ja 30-35 p\u00e4iv\u00e4\u00e4 suurille m\u00e4\u00e4rille meritse.<\/span><\/td>\n<\/tr>\n<\/tbody>\n<\/table>\n<p class=\"ds-markdown-paragraph\"><strong>Miksi Pro Outfitters valitsee tehtaamme:<\/strong><br \/>\n\ud83c\udfa3 <strong>Toimialan vertailuarvot:<\/strong>\u00a063% Kalastusalan jakelijoiden vuosikasvu<br \/>\n\u2705 T\u00e4ysi kalastuslaukku ODM \/ OEM &amp; kalastuslaukku yksityinen etiketti<br \/>\n\u2705 Alhainen MOQ Kalastuslaukku irtotavarana<br \/>\n\u2705 Suolaveden kest\u00e4v\u00e4 rakenne (316L ruostumaton laitteisto)<br \/>\n\u2705 Kahden repun valmistajan linjat: Kalastuslaukut + taktiset varusteet<\/p>\n<p class=\"ds-markdown-paragraph\"><strong>Angler-hyv\u00e4ksytyt ominaisuudet:<\/strong><br \/>\n- IPX8-vedenpit\u00e4v\u00e4 p\u00e4\u00e4lokero (30+ minuutin upotus).<br \/>\n- Homeenkest\u00e4v\u00e4 PVC-pohja + itsetyhjenev\u00e4t valumavesiputket<br \/>\n- Mukautettavat vavanpitimet + kalastusv\u00e4lineiden laatikon integrointi<br \/>\n- Kalanverta\/UV-kest\u00e4v\u00e4t kankaat<br \/>\n- Brand r\u00e4\u00e4t\u00e4l\u00f6inti kautta Kalastuslaukku OEM<\/p>\n<\/div>\n<\/div>\n<\/div>\n<\/div>","protected":false},"excerpt":{"rendered":"<h2 data-immersive-translate-walked=\"344be1c1-5052-41eb-8fcd-0dbe236a0d6b\" data-immersive-translate-paragraph=\"1\">Urheilu kalastus laukku tehdas<\/h2>\n<div class=\"sliderTable mt10 mb10 sliderTable-index0\">\n<div class=\"inner\">\n<p>1. Kalastuslaukku, jossa on suuri kapasiteetti, voidaan k\u00e4ytt\u00e4\u00e4 kalastuskelojen, sy\u00f6ttien, pihtien, koukkujen, laatikoiden ja muiden kalastusv\u00e4lineiden s\u00e4ilytt\u00e4miseen.<br \/>\n2. Valmistettu korkealaatuisesta polyesterist\u00e4, vedenpit\u00e4v\u00e4st\u00e4 ja repim\u00e4tt\u00f6m\u00e4st\u00e4, kulutusta kest\u00e4v\u00e4st\u00e4 ja kest\u00e4v\u00e4st\u00e4, pitk\u00e4 k\u00e4ytt\u00f6ik\u00e4.<br \/>\n3. Vetoketjulliset etu-\/sivutaskut pit\u00e4v\u00e4t tavarat j\u00e4rjestyksess\u00e4 ja turvassa, helppo avata ja sulkea.<br \/>\n4. Irrotettava s\u00e4\u00e4dett\u00e4v\u00e4 olkahihna, mukava k\u00e4ytt\u00e4\u00e4, voidaan k\u00e4ytt\u00e4\u00e4 olkalaukkuna tai taskuina.<br \/>\n5. Verkkotaskun muotoilu, helppo p\u00e4\u00e4sy pieniin tarvikkeisiin, voi tehokkaasti s\u00e4ilytt\u00e4\u00e4 kalastuskeloja.<\/p>\n<\/div>\n<\/div>","protected":false},"featured_media":4555,"template":"","meta":{"_uag_custom_page_level_css":""},"product_brand":[],"product_cat":[48,64],"product_tag":[],"class_list":{"0":"post-4550","1":"product","2":"type-product","3":"status-publish","4":"has-post-thumbnail","6":"product_cat-bike-bag","7":"product_cat-shoulder-bag","9":"first","10":"instock","11":"shipping-taxable","12":"product-type-simple"},"uagb_featured_image_src":{"full":["https:\/\/pecbag.com\/wp-content\/uploads\/2025\/07\/Sport-Fishing-Bag-Factories-6.jpeg",960,960,false],"thumbnail":["https:\/\/pecbag.com\/wp-content\/uploads\/2025\/07\/Sport-Fishing-Bag-Factories-6-150x150.jpeg",150,150,true],"medium":["https:\/\/pecbag.com\/wp-content\/uploads\/2025\/07\/Sport-Fishing-Bag-Factories-6-300x300.jpeg",300,300,true],"medium_large":["https:\/\/pecbag.com\/wp-content\/uploads\/2025\/07\/Sport-Fishing-Bag-Factories-6-768x768.jpeg",768,768,true],"large":["https:\/\/pecbag.com\/wp-content\/uploads\/2025\/07\/Sport-Fishing-Bag-Factories-6.jpeg",800,800,false],"1536x1536":["https:\/\/pecbag.com\/wp-content\/uploads\/2025\/07\/Sport-Fishing-Bag-Factories-6.jpeg",960,960,false],"2048x2048":["https:\/\/pecbag.com\/wp-content\/uploads\/2025\/07\/Sport-Fishing-Bag-Factories-6.jpeg",960,960,false],"trp-custom-language-flag":["https:\/\/pecbag.com\/wp-content\/uploads\/2025\/07\/Sport-Fishing-Bag-Factories-6-12x12.jpeg",12,12,true],"woocommerce_thumbnail":["https:\/\/pecbag.com\/wp-content\/uploads\/2025\/07\/Sport-Fishing-Bag-Factories-6-300x300.jpeg",300,300,true],"woocommerce_single":["https:\/\/pecbag.com\/wp-content\/uploads\/2025\/07\/Sport-Fishing-Bag-Factories-6-600x600.jpeg",600,600,true],"woocommerce_gallery_thumbnail":["https:\/\/pecbag.com\/wp-content\/uploads\/2025\/07\/Sport-Fishing-Bag-Factories-6-100x100.jpeg",100,100,true]},"uagb_author_info":{"display_name":"Lawrence","author_link":"https:\/\/pecbag.com\/fi\/author\/"},"uagb_comment_info":0,"uagb_excerpt":"Sport Fishing Bag Factory 1. A fishing bag with a large capacity can be used to store fishing reels, baits, pliers, hooks, boxes, and other fishing gear. 2. Made of high-quality polyester, waterproof and tear\u2011resistant, wear\u2011resistant and durable, has a long service life. 3. Zipper front\/side pockets keep things organized and safe, easy to open&hellip;","_links":{"self":[{"href":"https:\/\/pecbag.com\/fi\/wp-json\/wp\/v2\/product\/4550","targetHints":{"allow":["GET"]}}],"collection":[{"href":"https:\/\/pecbag.com\/fi\/wp-json\/wp\/v2\/product"}],"about":[{"href":"https:\/\/pecbag.com\/fi\/wp-json\/wp\/v2\/types\/product"}],"wp:featuredmedia":[{"embeddable":true,"href":"https:\/\/pecbag.com\/fi\/wp-json\/wp\/v2\/media\/4555"}],"wp:attachment":[{"href":"https:\/\/pecbag.com\/fi\/wp-json\/wp\/v2\/media?parent=4550"}],"wp:term":[{"taxonomy":"product_brand","embeddable":true,"href":"https:\/\/pecbag.com\/fi\/wp-json\/wp\/v2\/product_brand?post=4550"},{"taxonomy":"product_cat","embeddable":true,"href":"https:\/\/pecbag.com\/fi\/wp-json\/wp\/v2\/product_cat?post=4550"},{"taxonomy":"product_tag","embeddable":true,"href":"https:\/\/pecbag.com\/fi\/wp-json\/wp\/v2\/product_tag?post=4550"}],"curies":[{"name":"wp","href":"https:\/\/api.w.org\/{rel}","templated":true}]}}