{"id":4570,"date":"2025-07-10T02:18:51","date_gmt":"2025-07-10T02:18:51","guid":{"rendered":"https:\/\/pecbag.com\/?post_type=product&#038;p=4570"},"modified":"2025-11-28T09:35:08","modified_gmt":"2025-11-28T09:35:08","slug":"top-china-chest-bag-manufacturers","status":"publish","type":"product","link":"https:\/\/pecbag.com\/fi\/top-china-chest-bag-manufacturers\/","title":{"rendered":"Top Kiina rinta laukku valmistajat"},"content":{"rendered":"<h5 title=\"Kokoontaitettava koira laukku hengitt\u00e4v\u00e4 mesh lemmikkiel\u00e4inten olkalaukku pienille lemmikkiel\u00e4inten koirille kissoille\" data-immersive-translate-walked=\"1c928421-2e42-4cd3-8754-5404553c0af5\" data-immersive-translate-paragraph=\"1\" data-spm-anchor-id=\"a2700.details.0.i35.4f6757d4w4zNZA\">Top Kiina rinta laukku valmistajat | Vedenpit\u00e4v\u00e4 laukku Factory &amp; taktinen reppu valmistaja | Bulk OEM<\/h5>\n<div class=\"flex flex-grow flex-col max-w-full\">\n<div class=\"min-h-[20px] text-message flex w-full flex-col items-end gap-2 whitespace-pre-wrap break-words [.text-message+&amp;]:mt-5 overflow-x-auto\" dir=\"auto\" data-message-author-role=\"assistant\" data-message-id=\"3d7d46f6-7ec2-4222-9257-48fa0bba23c6\" data-suggestions=\"true\">\n<div class=\"flex w-full flex-col gap-1 empty:hidden first:pt-[3px]\">\n<div class=\"markdown prose w-full break-words dark:prose-invert light\">\n<p class=\"ds-markdown-paragraph\">Tarvitsetko premium rintalaukkuja suoraan Kiinan valmistajilta?<\/p>\n<p class=\"ds-markdown-paragraph\">ISO-sertifioituna Kiinan rintalaukkujen valmistajina ja vedenpit\u00e4v\u00e4n\u00e4 laukkutehtaana kehit\u00e4mme taktisen luokan rintalaitteita, joissa on nopean p\u00e4\u00e4syn muotoilu, painonjakotekniikka ja IPX6-vedenpit\u00e4vyys, johon ulkoilma-ammattilaiset luottavat maailmanlaajuisesti.<\/p>\n<p class=\"ds-markdown-paragraph\">Yhteisty\u00f6kumppani rintalaukku yritys - strateginen rintalaukku toimittaja - saumaton rintalaukku vienti rintalaukku tukkuliikkeet, turvallisuus yritykset, ja rintalaukku myyj\u00e4t maailmanlaajuisesti.<\/p>\n<table width=\"288\">\n<tbody>\n<tr>\n<td width=\"137\"><span style=\"color: #333333;\">Tuotteiden nimi<\/span><\/td>\n<td width=\"151\">Rintalaukku<\/td>\n<\/tr>\n<tr>\n<td><span style=\"color: #333333;\">Tuotenro.<\/span><\/td>\n<td><span style=\"color: #333333;\">PB-2143<\/span><\/td>\n<\/tr>\n<tr>\n<td><span style=\"color: #333333;\">Materiaali<\/span><\/td>\n<td>Polyesteri<\/td>\n<\/tr>\n<tr>\n<td><span style=\"color: #333333;\">Koko<\/span><\/td>\n<td>13 x 4 x 18 cm<\/td>\n<\/tr>\n<tr>\n<td><span style=\"color: #333333;\">\u00a0Toimitusaika<\/span><\/td>\n<td><span style=\"color: #333333;\">1-5 p\u00e4iv\u00e4\u00e4 pienille m\u00e4\u00e4rille lentoteitse ja 30-35 p\u00e4iv\u00e4\u00e4 suurille m\u00e4\u00e4rille meritse.<\/span><\/td>\n<\/tr>\n<\/tbody>\n<\/table>\n<h3>Miksi maailmanlaajuiset jakelijat valitsevat meid\u00e4t:<\/h3>\n<p class=\"ds-markdown-paragraph\">\u2705 <strong>Alan johtaja:<\/strong>\u00a071%:n j\u00e4lleenmyyntiaste ulkoilualan v\u00e4hitt\u00e4ismyyjilt\u00e4<br \/>\n\u2705 T\u00e4ysi rintalaukku ODM \/ OEM &amp; rintalaukku yksityinen etiketti<br \/>\n\u2705 Alhainen MOQ rintapussi irtotavarana<br \/>\n\u2705 EXW\/FOB-ehdot rintalaukusta Kiinan solmukohdasta<br \/>\n\u2705 Kahden repun valmistajan linjat: Rintalaukut + taktiset varusteet<\/p>\n<p class=\"ds-markdown-paragraph\"><strong>Teht\u00e4v\u00e4kriittiset ominaisuudet:<\/strong><br \/>\n-\u00a0<strong>360\u00b0 saavutettavuus:<\/strong>\u00a0K\u00e4\u00e4ntyv\u00e4t soljet + molemminpuoliset kiristysnauhat<br \/>\n-\u00a0<strong>All-Weather Build:<\/strong>\u00a0TPU-pinnoitettu 900D nylon (IPX6-luokitus)<br \/>\n-\u00a0<strong>Mukautetut kokoonpanot:<\/strong>\u00a0Molle-yhteensopivat paneelit + nesteytysportit<br \/>\n-\u00a0<strong>Turvallinen kuljetus:<\/strong>\u00a0RFID-suljettavat taskut + hihnat, jotka kest\u00e4v\u00e4t r\u00e4iskint\u00e4\u00e4<\/p>\n<\/div>\n<\/div>\n<\/div>\n<\/div>","protected":false},"excerpt":{"rendered":"<h2 data-immersive-translate-walked=\"344be1c1-5052-41eb-8fcd-0dbe236a0d6b\" data-immersive-translate-paragraph=\"1\">Kiina rinta laukku valmistajat<\/h2>\n<div class=\"sliderTable mt10 mb10 sliderTable-index0\">\n<div class=\"inner\">\n<p>Kuljeta varusteita ilman vy\u00f6t\u00e4 ja yletyt helposti esineisiin ahtaissa tiloissa, kuten ajoneuvojen\/lentokoneiden ohjaamoissa, joissa kyyn\u00e4rvarsi on rajoitettu.<\/p>\n<p>T\u00e4m\u00e4 muunneltava valjaat ovat mukavampi vaihtoehto vy\u00f6koteloille, koska pyydyksesi eiv\u00e4t t\u00f6kk\u00e4\u00e4 sinua istuessasi, ja t\u00e4m\u00e4 muunneltava valjaat laajentavat kantokyky\u00e4si pidemm\u00e4lle kuin mit\u00e4 voit mukavasti kantaa vy\u00f6ll\u00e4si.<\/p>\n<\/div>\n<\/div>","protected":false},"featured_media":4574,"template":"","meta":{"_uag_custom_page_level_css":""},"product_brand":[],"product_cat":[61,67],"product_tag":[],"class_list":{"0":"post-4570","1":"product","2":"type-product","3":"status-publish","4":"has-post-thumbnail","6":"product_cat-chest-bag","7":"product_cat-sports-bag","9":"first","10":"instock","11":"shipping-taxable","12":"product-type-simple"},"uagb_featured_image_src":{"full":["https:\/\/pecbag.com\/wp-content\/uploads\/2025\/07\/China-Chest-Bag-Manufacturers-3.jpg",1487,1500,false],"thumbnail":["https:\/\/pecbag.com\/wp-content\/uploads\/2025\/07\/China-Chest-Bag-Manufacturers-3-150x150.jpg",150,150,true],"medium":["https:\/\/pecbag.com\/wp-content\/uploads\/2025\/07\/China-Chest-Bag-Manufacturers-3-297x300.jpg",297,300,true],"medium_large":["https:\/\/pecbag.com\/wp-content\/uploads\/2025\/07\/China-Chest-Bag-Manufacturers-3-768x775.jpg",768,775,true],"large":["https:\/\/pecbag.com\/wp-content\/uploads\/2025\/07\/China-Chest-Bag-Manufacturers-3-1015x1024.jpg",800,807,true],"1536x1536":["https:\/\/pecbag.com\/wp-content\/uploads\/2025\/07\/China-Chest-Bag-Manufacturers-3.jpg",1487,1500,false],"2048x2048":["https:\/\/pecbag.com\/wp-content\/uploads\/2025\/07\/China-Chest-Bag-Manufacturers-3.jpg",1487,1500,false],"trp-custom-language-flag":["https:\/\/pecbag.com\/wp-content\/uploads\/2025\/07\/China-Chest-Bag-Manufacturers-3-12x12.jpg",12,12,true],"woocommerce_thumbnail":["https:\/\/pecbag.com\/wp-content\/uploads\/2025\/07\/China-Chest-Bag-Manufacturers-3-300x300.jpg",300,300,true],"woocommerce_single":["https:\/\/pecbag.com\/wp-content\/uploads\/2025\/07\/China-Chest-Bag-Manufacturers-3-600x605.jpg",600,605,true],"woocommerce_gallery_thumbnail":["https:\/\/pecbag.com\/wp-content\/uploads\/2025\/07\/China-Chest-Bag-Manufacturers-3-100x100.jpg",100,100,true]},"uagb_author_info":{"display_name":"Lawrence","author_link":"https:\/\/pecbag.com\/fi\/author\/"},"uagb_comment_info":0,"uagb_excerpt":"China Chest Bag Manufacturers Carry gear without using a belt &amp; easily reach your items in confined spaces, such as vehicle\/aircraft cabs where your elbow room is restricted. A more comfortable alternative to belt holsters as you won't be poked by your gear while seated, this convertible harness will expand your carrying capacity beyond what&hellip;","_links":{"self":[{"href":"https:\/\/pecbag.com\/fi\/wp-json\/wp\/v2\/product\/4570","targetHints":{"allow":["GET"]}}],"collection":[{"href":"https:\/\/pecbag.com\/fi\/wp-json\/wp\/v2\/product"}],"about":[{"href":"https:\/\/pecbag.com\/fi\/wp-json\/wp\/v2\/types\/product"}],"wp:featuredmedia":[{"embeddable":true,"href":"https:\/\/pecbag.com\/fi\/wp-json\/wp\/v2\/media\/4574"}],"wp:attachment":[{"href":"https:\/\/pecbag.com\/fi\/wp-json\/wp\/v2\/media?parent=4570"}],"wp:term":[{"taxonomy":"product_brand","embeddable":true,"href":"https:\/\/pecbag.com\/fi\/wp-json\/wp\/v2\/product_brand?post=4570"},{"taxonomy":"product_cat","embeddable":true,"href":"https:\/\/pecbag.com\/fi\/wp-json\/wp\/v2\/product_cat?post=4570"},{"taxonomy":"product_tag","embeddable":true,"href":"https:\/\/pecbag.com\/fi\/wp-json\/wp\/v2\/product_tag?post=4570"}],"curies":[{"name":"wp","href":"https:\/\/api.w.org\/{rel}","templated":true}]}}