{"id":4641,"date":"2025-07-11T01:50:31","date_gmt":"2025-07-11T01:50:31","guid":{"rendered":"https:\/\/pecbag.com\/?post_type=product&#038;p=4641"},"modified":"2025-11-28T09:34:36","modified_gmt":"2025-11-28T09:34:36","slug":"china-chest-bag-men-factories","status":"publish","type":"product","link":"https:\/\/pecbag.com\/fi\/china-chest-bag-men-factories\/","title":{"rendered":"Kiina rinta laukku miehet tehtaat"},"content":{"rendered":"<h5 title=\"Kokoontaitettava koira laukku hengitt\u00e4v\u00e4 mesh lemmikkiel\u00e4inten olkalaukku pienille lemmikkiel\u00e4inten koirille kissoille\" data-immersive-translate-walked=\"1c928421-2e42-4cd3-8754-5404553c0af5\" data-immersive-translate-paragraph=\"1\" data-spm-anchor-id=\"a2700.details.0.i35.4f6757d4w4zNZA\">Premium Kiina Mens rinta laukku Factory | Vedenpit\u00e4v\u00e4 laukku Factory &amp; Urban reppu valmistaja | Bulk OEM<\/h5>\n<div class=\"flex flex-grow flex-col max-w-full\">\n<div class=\"min-h-[20px] text-message flex w-full flex-col items-end gap-2 whitespace-pre-wrap break-words [.text-message+&amp;]:mt-5 overflow-x-auto\" dir=\"auto\" data-message-author-role=\"assistant\" data-message-id=\"3d7d46f6-7ec2-4222-9257-48fa0bba23c6\" data-suggestions=\"true\">\n<div class=\"flex w-full flex-col gap-1 empty:hidden first:pt-[3px]\">\n<div class=\"markdown prose w-full break-words dark:prose-invert light\">\n<p class=\"ds-markdown-paragraph\">Tarvitsetko kest\u00e4vi\u00e4 miesten rintakasseja suoraan kiinalaisesta tehtaasta?<\/p>\n<p class=\"ds-markdown-paragraph\">Koska sertifioitu Kiina Mens Chest Bag Factory ja ISO 9001 vedenpit\u00e4v\u00e4 laukku tehdas, suunnittelemme maskuliininen taktinen rigs kanssa ergonominen valjaat j\u00e4rjestelm\u00e4t, varkaudenesto tekniikka, ja urbaanin valmiita malleja luotettu turvallisuuden ammattilaiset ja ulkona tuotemerkkej\u00e4.<\/p>\n<table width=\"288\">\n<tbody>\n<tr>\n<td width=\"137\"><span style=\"color: #333333;\">Tuotteiden nimi<\/span><\/td>\n<td width=\"151\">Rintalaukku<\/td>\n<\/tr>\n<tr>\n<td><span style=\"color: #333333;\">Tuotenro.<\/span><\/td>\n<td><span style=\"color: #333333;\">PB-2146<\/span><\/td>\n<\/tr>\n<tr>\n<td><span style=\"color: #333333;\">Materiaali<\/span><\/td>\n<td>Polyesteri<\/td>\n<\/tr>\n<tr>\n<td><span style=\"color: #333333;\">Koko<\/span><\/td>\n<td>51 x 5 x 30 cm<\/td>\n<\/tr>\n<tr>\n<td><span style=\"color: #333333;\">\u00a0Toimitusaika<\/span><\/td>\n<td><span style=\"color: #333333;\">1-5 p\u00e4iv\u00e4\u00e4 pienille m\u00e4\u00e4rille lentoteitse ja 30-35 p\u00e4iv\u00e4\u00e4 suurille m\u00e4\u00e4rille meritse.<\/span><\/td>\n<\/tr>\n<\/tbody>\n<\/table>\n<h3>Miksi maailmanlaajuiset ostajat valitsevat meid\u00e4t:<\/h3>\n<p class=\"ds-markdown-paragraph\">\ud83c\udfed\u00a0<strong>Tehdasl\u00e4ht\u00f6iset edut:<\/strong><\/p>\n<ul>\n<li>\n<p class=\"ds-markdown-paragraph\">Alhainen MOQ rintalaukku irtotavarana (300+ yksikk\u00f6\u00e4)<\/p>\n<\/li>\n<li>\n<p class=\"ds-markdown-paragraph\">Rintalaukku ODM \/ OEM &amp; rintalaukku yksityinen etiketti<\/p>\n<\/li>\n<li>\n<p class=\"ds-markdown-paragraph\">EXW\/FOB Rintalaukun vientiehdot<\/p>\n<\/li>\n<li>\n<p class=\"ds-markdown-paragraph\">Kahden repun valmistajan linjat<\/p>\n<\/li>\n<\/ul>\n<p class=\"ds-markdown-paragraph\">\ud83d\udd27\u00a0<strong>Miesten tekniikka:<\/strong><br \/>\n-\u00a0<strong>Ergonomiset X-valjaat<\/strong>\u00a0(painon jakautuminen miespuolisille kehyksille)<br \/>\n-\u00a0<strong>Kaupunkien taktinen suunnittelu<\/strong>\u00a0(huomaamaton mutta helposti l\u00e4hestytt\u00e4v\u00e4)<br \/>\n-\u00a0<strong>Koon r\u00e4\u00e4t\u00e4l\u00f6inti<\/strong>\u00a0(s\u00e4\u00e4dett\u00e4viss\u00e4 160-200cm pituuksille)<br \/>\n-\u00a0<strong>Materiaalin p\u00e4ivitykset<\/strong>\u00a0(900D ballistinen nylon + YKK vetoketjut)<\/p>\n<\/div>\n<\/div>\n<\/div>\n<\/div>","protected":false},"excerpt":{"rendered":"<h2 data-immersive-translate-walked=\"344be1c1-5052-41eb-8fcd-0dbe236a0d6b\" data-immersive-translate-paragraph=\"1\">Kiina rinta laukku miehet tehtaat<\/h2>\n<div class=\"sliderTable mt10 mb10 sliderTable-index0\">\n<div class=\"inner\">Laadukkaasta kankaasta ja sile\u00e4st\u00e4 ja vahvasta vetoketjusta valmistettu rintalaukku riitt\u00e4\u00e4 lompakon, matkapuhelimen, akun, kuulokkeiden, nen\u00e4liinojen, k\u00e4sihuuhteen ja muiden p\u00e4ivitt\u00e4isten tarpeiden s\u00e4ilytt\u00e4miseen.<\/div>\n<div class=\"inner\">Hengitt\u00e4v\u00e4 selk\u00e4puolen verkkokangas saa sinut tuntemaan olosi viile\u00e4ksi ja mukavaksi. Se on urheilurintalaukku kaikkiin vuodenaikoihin.<\/div>\n<\/div>","protected":false},"featured_media":4643,"template":"","meta":{"_uag_custom_page_level_css":""},"product_brand":[],"product_cat":[61,45],"product_tag":[],"class_list":{"0":"post-4641","1":"product","2":"type-product","3":"status-publish","4":"has-post-thumbnail","6":"product_cat-chest-bag","7":"product_cat-hiking-bag","9":"first","10":"instock","11":"shipping-taxable","12":"product-type-simple"},"uagb_featured_image_src":{"full":["https:\/\/pecbag.com\/wp-content\/uploads\/2025\/07\/China-Chest-Bag-Men-Factories-2.jpg",1500,1491,false],"thumbnail":["https:\/\/pecbag.com\/wp-content\/uploads\/2025\/07\/China-Chest-Bag-Men-Factories-2-150x150.jpg",150,150,true],"medium":["https:\/\/pecbag.com\/wp-content\/uploads\/2025\/07\/China-Chest-Bag-Men-Factories-2-300x298.jpg",300,298,true],"medium_large":["https:\/\/pecbag.com\/wp-content\/uploads\/2025\/07\/China-Chest-Bag-Men-Factories-2-768x763.jpg",768,763,true],"large":["https:\/\/pecbag.com\/wp-content\/uploads\/2025\/07\/China-Chest-Bag-Men-Factories-2-1024x1018.jpg",800,795,true],"1536x1536":["https:\/\/pecbag.com\/wp-content\/uploads\/2025\/07\/China-Chest-Bag-Men-Factories-2.jpg",1500,1491,false],"2048x2048":["https:\/\/pecbag.com\/wp-content\/uploads\/2025\/07\/China-Chest-Bag-Men-Factories-2.jpg",1500,1491,false],"trp-custom-language-flag":["https:\/\/pecbag.com\/wp-content\/uploads\/2025\/07\/China-Chest-Bag-Men-Factories-2-12x12.jpg",12,12,true],"woocommerce_thumbnail":["https:\/\/pecbag.com\/wp-content\/uploads\/2025\/07\/China-Chest-Bag-Men-Factories-2-300x300.jpg",300,300,true],"woocommerce_single":["https:\/\/pecbag.com\/wp-content\/uploads\/2025\/07\/China-Chest-Bag-Men-Factories-2-600x596.jpg",600,596,true],"woocommerce_gallery_thumbnail":["https:\/\/pecbag.com\/wp-content\/uploads\/2025\/07\/China-Chest-Bag-Men-Factories-2-100x100.jpg",100,100,true]},"uagb_author_info":{"display_name":"Lawrence","author_link":"https:\/\/pecbag.com\/fi\/author\/"},"uagb_comment_info":0,"uagb_excerpt":"China Chest Bag Men Factories Made of high-quality fabric and a smooth and strong zipper, this chest bag is enough to store your wallet, cell phone, rechargeable battery, headphones, tissues, hand sanitizer and other daily necessities. Breathable back mesh fabric makes you feel cool and comfortable. It's a sports chest bag for all seasons.","_links":{"self":[{"href":"https:\/\/pecbag.com\/fi\/wp-json\/wp\/v2\/product\/4641","targetHints":{"allow":["GET"]}}],"collection":[{"href":"https:\/\/pecbag.com\/fi\/wp-json\/wp\/v2\/product"}],"about":[{"href":"https:\/\/pecbag.com\/fi\/wp-json\/wp\/v2\/types\/product"}],"wp:featuredmedia":[{"embeddable":true,"href":"https:\/\/pecbag.com\/fi\/wp-json\/wp\/v2\/media\/4643"}],"wp:attachment":[{"href":"https:\/\/pecbag.com\/fi\/wp-json\/wp\/v2\/media?parent=4641"}],"wp:term":[{"taxonomy":"product_brand","embeddable":true,"href":"https:\/\/pecbag.com\/fi\/wp-json\/wp\/v2\/product_brand?post=4641"},{"taxonomy":"product_cat","embeddable":true,"href":"https:\/\/pecbag.com\/fi\/wp-json\/wp\/v2\/product_cat?post=4641"},{"taxonomy":"product_tag","embeddable":true,"href":"https:\/\/pecbag.com\/fi\/wp-json\/wp\/v2\/product_tag?post=4641"}],"curies":[{"name":"wp","href":"https:\/\/api.w.org\/{rel}","templated":true}]}}