{"id":4728,"date":"2025-07-30T09:57:25","date_gmt":"2025-07-30T09:57:25","guid":{"rendered":"https:\/\/pecbag.com\/?post_type=product&#038;p=4728"},"modified":"2025-11-28T09:24:24","modified_gmt":"2025-11-28T09:24:24","slug":"chest-bag-manufacturers","status":"publish","type":"product","link":"https:\/\/pecbag.com\/fi\/chest-bag-manufacturers\/","title":{"rendered":"Rinta laukku valmistajat"},"content":{"rendered":"<h5 title=\"Kokoontaitettava koira laukku hengitt\u00e4v\u00e4 mesh lemmikkiel\u00e4inten olkalaukku pienille lemmikkiel\u00e4inten koirille kissoille\" data-immersive-translate-walked=\"1c928421-2e42-4cd3-8754-5404553c0af5\" data-immersive-translate-paragraph=\"1\" data-spm-anchor-id=\"a2700.details.0.i35.4f6757d4w4zNZA\">Johtava rintalaukku valmistajat | Vedenpit\u00e4v\u00e4 laukku Factory &amp; Taktinen reppu valmistaja | Global Supply<\/h5>\n<div class=\"flex flex-grow flex-col max-w-full\">\n<div class=\"min-h-[20px] text-message flex w-full flex-col items-end gap-2 whitespace-pre-wrap break-words [.text-message+&amp;]:mt-5 overflow-x-auto\" dir=\"auto\" data-message-author-role=\"assistant\" data-message-id=\"3d7d46f6-7ec2-4222-9257-48fa0bba23c6\" data-suggestions=\"true\">\n<div class=\"flex w-full flex-col gap-1 empty:hidden first:pt-[3px]\">\n<div class=\"markdown prose w-full break-words dark:prose-invert light\">\n<p class=\"ds-markdown-paragraph\">Tarvitsetko luotettavia rintalaukkujen valmistajia globaaliin toimitusketjuusi?<\/p>\n<p class=\"ds-markdown-paragraph\">Koska top rinta laukku valmistajat ja ISO-sertifioitu vedenpit\u00e4v\u00e4 laukku tehdas, me suunnittelemme ammatillinen rinta rigs sotilasluokan materiaaleja, ergonominen muotoilu ja s\u00e4\u00e4nkest\u00e4v\u00e4 rakenne, luotettu turvallisuusyritysten ja ulkona tuotemerkkej\u00e4 maailmanlaajuisesti.<\/p>\n<table width=\"288\">\n<tbody>\n<tr>\n<td width=\"137\"><span style=\"color: #333333;\">Tuotteiden nimi<\/span><\/td>\n<td width=\"151\">Rintalaukku<\/td>\n<\/tr>\n<tr>\n<td><span style=\"color: #333333;\">Tuotenro.<\/span><\/td>\n<td><span style=\"color: #333333;\">PB-2149<\/span><\/td>\n<\/tr>\n<tr>\n<td><span style=\"color: #333333;\">Materiaali<\/span><\/td>\n<td>Nylon<\/td>\n<\/tr>\n<tr>\n<td><span style=\"color: #333333;\">Koko<\/span><\/td>\n<td>30 x 7 x 20 cm<\/td>\n<\/tr>\n<tr>\n<td><span style=\"color: #333333;\">\u00a0Toimitusaika<\/span><\/td>\n<td><span style=\"color: #333333;\">1-5 p\u00e4iv\u00e4\u00e4 pienille m\u00e4\u00e4rille lentoteitse ja 30-35 p\u00e4iv\u00e4\u00e4 suurille m\u00e4\u00e4rille meritse.<\/span><\/td>\n<\/tr>\n<\/tbody>\n<\/table>\n<h3>Miksi globaalit kumppanit valitsevat meid\u00e4t:<\/h3>\n<p class=\"ds-markdown-paragraph\">\ud83c\udfed\u00a0<strong>End-to-End-valmistus:<\/strong><\/p>\n<ul>\n<li>\n<p class=\"ds-markdown-paragraph\">Rintalaukku irtotavarana tuotanto (300+ MOQ)<\/p>\n<\/li>\n<li>\n<p class=\"ds-markdown-paragraph\">T\u00e4ysi rintalaukku ODM \/ OEM &amp; rintalaukku yksityinen etiketti<\/p>\n<\/li>\n<li>\n<p class=\"ds-markdown-paragraph\">Rintalaukku vienti asiantuntemus (FOB\/EXW\/DDP ehdot)<\/p>\n<\/li>\n<li>\n<p class=\"ds-markdown-paragraph\">Chest Bag Kiina hub + maailmanlaajuiset varastot<\/p>\n<\/li>\n<\/ul>\n<p class=\"ds-markdown-paragraph\">\ud83d\udd27\u00a0<strong>Tuotantovalmiudet:<\/strong><br \/>\n- 1000D Cordura\u00ae nylon rakenne<br \/>\n- YKK\u00ae AquaGuard s\u00e4\u00e4nkest\u00e4v\u00e4t vetoketjut<br \/>\n- Modulaarinen Molle\/PALS-yhteensopivuus<br \/>\n- RFID-sulkevat turvalliset lokerot<\/p>\n<\/div>\n<\/div>\n<\/div>\n<\/div>","protected":false},"excerpt":{"rendered":"<h2 data-immersive-translate-walked=\"344be1c1-5052-41eb-8fcd-0dbe236a0d6b\" data-immersive-translate-paragraph=\"1\">Rinta laukku valmistajat<\/h2>\n<div class=\"sliderTable mt10 mb10 sliderTable-index0\">\n<div class=\"inner\">Miesten ammattimainen rintareppu on suunniteltu rinnan p\u00e4\u00e4ll\u00e4 kannettavaksi, jolloin arvotavarat ovat helposti saatavilla ilman, ett\u00e4 reppua tarvitsee irrottaa.<\/div>\n<div class=\"inner\">Rinta-asento auttaa pit\u00e4m\u00e4\u00e4n tavarasi turvassa. T\u00e4m\u00e4 miesten juoksurintareppu sopii mainiosti v\u00e4ltt\u00e4m\u00e4tt\u00f6mien tavaroiden, kuten puhelinten, lompakoiden, avainten ja pienten ty\u00f6kalujen s\u00e4ilytt\u00e4miseen.<\/div>\n<\/div>","protected":false},"featured_media":4734,"template":"","meta":{"_uag_custom_page_level_css":""},"product_brand":[],"product_cat":[61],"product_tag":[],"class_list":{"0":"post-4728","1":"product","2":"type-product","3":"status-publish","4":"has-post-thumbnail","6":"product_cat-chest-bag","8":"first","9":"instock","10":"shipping-taxable","11":"product-type-simple"},"uagb_featured_image_src":{"full":["https:\/\/pecbag.com\/wp-content\/uploads\/2025\/07\/Chest-Bag-Manufacturers-2.jpeg",1500,1513,false],"thumbnail":["https:\/\/pecbag.com\/wp-content\/uploads\/2025\/07\/Chest-Bag-Manufacturers-2-150x150.jpeg",150,150,true],"medium":["https:\/\/pecbag.com\/wp-content\/uploads\/2025\/07\/Chest-Bag-Manufacturers-2-297x300.jpeg",297,300,true],"medium_large":["https:\/\/pecbag.com\/wp-content\/uploads\/2025\/07\/Chest-Bag-Manufacturers-2-768x775.jpeg",768,775,true],"large":["https:\/\/pecbag.com\/wp-content\/uploads\/2025\/07\/Chest-Bag-Manufacturers-2-1015x1024.jpeg",800,807,true],"1536x1536":["https:\/\/pecbag.com\/wp-content\/uploads\/2025\/07\/Chest-Bag-Manufacturers-2.jpeg",1500,1513,false],"2048x2048":["https:\/\/pecbag.com\/wp-content\/uploads\/2025\/07\/Chest-Bag-Manufacturers-2.jpeg",1500,1513,false],"trp-custom-language-flag":["https:\/\/pecbag.com\/wp-content\/uploads\/2025\/07\/Chest-Bag-Manufacturers-2-12x12.jpeg",12,12,true],"woocommerce_thumbnail":["https:\/\/pecbag.com\/wp-content\/uploads\/2025\/07\/Chest-Bag-Manufacturers-2-300x300.jpeg",300,300,true],"woocommerce_single":["https:\/\/pecbag.com\/wp-content\/uploads\/2025\/07\/Chest-Bag-Manufacturers-2-600x605.jpeg",600,605,true],"woocommerce_gallery_thumbnail":["https:\/\/pecbag.com\/wp-content\/uploads\/2025\/07\/Chest-Bag-Manufacturers-2-100x100.jpeg",100,100,true]},"uagb_author_info":{"display_name":"Lawrence","author_link":"https:\/\/pecbag.com\/fi\/author\/"},"uagb_comment_info":0,"uagb_excerpt":"Chest Bag Manufacturers Our professional chest pack for men is designed to be worn on the chest, providing easy access to your valuables without the need to remove the pack. The chest position helps keep your belongings secure. This running chest pack for men is great for storing essentials like phones, wallets, keys, and small&hellip;","_links":{"self":[{"href":"https:\/\/pecbag.com\/fi\/wp-json\/wp\/v2\/product\/4728","targetHints":{"allow":["GET"]}}],"collection":[{"href":"https:\/\/pecbag.com\/fi\/wp-json\/wp\/v2\/product"}],"about":[{"href":"https:\/\/pecbag.com\/fi\/wp-json\/wp\/v2\/types\/product"}],"wp:featuredmedia":[{"embeddable":true,"href":"https:\/\/pecbag.com\/fi\/wp-json\/wp\/v2\/media\/4734"}],"wp:attachment":[{"href":"https:\/\/pecbag.com\/fi\/wp-json\/wp\/v2\/media?parent=4728"}],"wp:term":[{"taxonomy":"product_brand","embeddable":true,"href":"https:\/\/pecbag.com\/fi\/wp-json\/wp\/v2\/product_brand?post=4728"},{"taxonomy":"product_cat","embeddable":true,"href":"https:\/\/pecbag.com\/fi\/wp-json\/wp\/v2\/product_cat?post=4728"},{"taxonomy":"product_tag","embeddable":true,"href":"https:\/\/pecbag.com\/fi\/wp-json\/wp\/v2\/product_tag?post=4728"}],"curies":[{"name":"wp","href":"https:\/\/api.w.org\/{rel}","templated":true}]}}