{"id":4756,"date":"2025-07-15T03:02:57","date_gmt":"2025-07-15T03:02:57","guid":{"rendered":"https:\/\/pecbag.com\/?post_type=product&#038;p=4756"},"modified":"2025-11-28T09:32:54","modified_gmt":"2025-11-28T09:32:54","slug":"new-design-travel-gym-bag","status":"publish","type":"product","link":"https:\/\/pecbag.com\/fi\/new-design-travel-gym-bag\/","title":{"rendered":"Uusi muotoilu Travel kuntosali laukku"},"content":{"rendered":"<h5 title=\"Kokoontaitettava koira laukku hengitt\u00e4v\u00e4 mesh lemmikkiel\u00e4inten olkalaukku pienille lemmikkiel\u00e4inten koirille kissoille\" data-immersive-translate-walked=\"1c928421-2e42-4cd3-8754-5404553c0af5\" data-immersive-translate-paragraph=\"1\" data-spm-anchor-id=\"a2700.details.0.i35.4f6757d4w4zNZA\">Innovatiivinen reppu valmistaja &amp; vedenpit\u00e4v\u00e4 laukku tehdas | 2024 Uusi Design Travel Gym Bag<\/h5>\n<div class=\"flex flex-grow flex-col max-w-full\">\n<div class=\"min-h-[20px] text-message flex w-full flex-col items-end gap-2 whitespace-pre-wrap break-words [.text-message+&amp;]:mt-5 overflow-x-auto\" dir=\"auto\" data-message-author-role=\"assistant\" data-message-id=\"3d7d46f6-7ec2-4222-9257-48fa0bba23c6\" data-suggestions=\"true\">\n<div class=\"flex w-full flex-col gap-1 empty:hidden first:pt-[3px]\">\n<div class=\"markdown prose w-full break-words dark:prose-invert light\">\n<p class=\"ds-markdown-paragraph\">Etsitk\u00f6 huippuluokan New Design Travel Gym Bag -ratkaisuja? Top Gym Bag valmistaja ja ISO-sertifioitu vedenpit\u00e4v\u00e4 laukku Factory Kiinassa, toimitamme trenditietoinen kuntosali laukut maailmanlaajuinen Gym Bag vienti. Kumppani meid\u00e4n Gym Bag yritys:<\/p>\n<table width=\"288\">\n<tbody>\n<tr>\n<td width=\"137\"><span style=\"color: #333333;\">Tuotteiden nimi<\/span><\/td>\n<td width=\"151\">Rintalaukku<\/td>\n<\/tr>\n<tr>\n<td><span style=\"color: #333333;\">Tuotenro.<\/span><\/td>\n<td><span style=\"color: #333333;\">PB-2153<\/span><\/td>\n<\/tr>\n<tr>\n<td><span style=\"color: #333333;\">Materiaali<\/span><\/td>\n<td>Kaksiv\u00e4rinen ruudullinen kangas\/PU<\/td>\n<\/tr>\n<tr>\n<td><span style=\"color: #333333;\">Koko<\/span><\/td>\n<td>Hyv\u00e4ksy r\u00e4\u00e4t\u00e4l\u00f6ityj\u00e4<\/td>\n<\/tr>\n<tr>\n<td><span style=\"color: #333333;\">\u00a0Toimitusaika<\/span><\/td>\n<td><span style=\"color: #333333;\">1-5 p\u00e4iv\u00e4\u00e4 pienille m\u00e4\u00e4rille lentoteitse ja 30-35 p\u00e4iv\u00e4\u00e4 suurille m\u00e4\u00e4rille meritse.<\/span><\/td>\n<\/tr>\n<\/tbody>\n<\/table>\n<p class=\"ds-markdown-paragraph\">\u2705\u00a0<strong>Kuumat mallit<\/strong><br \/>\nLaunch viral New Design Travel Gym Bags featuring vedenpit\u00e4v\u00e4 tech &amp; lentoyhti\u00f6n hyv\u00e4ksytty mitoitus - tuoreet tippuu kuukausittain!<\/p>\n<p class=\"ds-markdown-paragraph\">\u2705\u00a0<strong>Tehtaan suora tehokkuus<\/strong><br \/>\nL\u00e4hde Gym Bag irtotilaukset suoraan Gym Bag Factory - ei v\u00e4lik\u00e4si\u00e4, 30% alhaisemmat kustannukset.<\/p>\n<p class=\"ds-markdown-paragraph\">\u2705\u00a0<strong>R\u00e4\u00e4t\u00e4l\u00f6innin vapaus<\/strong><br \/>\nKuntolaukku ODM \/ OEM + Kuntolaukku yksityinen etiketti palvelut (MOQ 300 yksikk\u00f6\u00e4)<\/p>\n<p class=\"ds-markdown-paragraph\"><strong>Miksi 1000+ j\u00e4lleenmyyj\u00e4\u00e4 valitsee meid\u00e4t:<\/strong><br \/>\n- Tukku Gym Bag irtotavarana hinnoittelu (300+\/1000+ yksikk\u00f6\u00e4)<br \/>\n- Uusi Design Travel Gym Bag yksinoikeudella (15+ tyylej\u00e4 \/ kausi)<br \/>\n- Kuntolaukku Toimittaja kumppanuuksia maailmanlaajuinen drop-shipping<br \/>\n- 48 tunnin n\u00e4ytteenotto kuntolaukkujen tukkukauppiaiden kumppaneille<\/p>\n<p class=\"ds-markdown-paragraph\">Luotettava kuntolaukkujen myyj\u00e4si vientivalmiille New Design Travel Gym Bags - konseptista vaatimustenmukaisuusasiakirjoihin. Pyyd\u00e4 uusi luettelo nyt!<\/p>\n<\/div>\n<\/div>\n<\/div>\n<\/div>","protected":false},"excerpt":{"rendered":"<h2 class=\"this-description-name\">Uusi muotoilu Travel kuntosali laukku<\/h2>\n<div class=\"sliderTable mt10 mb10 sliderTable-index0\">\n<div class=\"inner\">\n<p>Tarjoamme palkkio laukut t\u00e4yden koon ja v\u00e4rin r\u00e4\u00e4t\u00e4l\u00f6inti, kest\u00e4v\u00e4 kankaat, ja sertifioitu laatu.<\/p>\n<p>Nauti joustavista MOQ-arvoista, nopeasta maailmanlaajuisesta toimituksesta ja private label -ratkaisuista.<\/p>\n<p>Ota yhteytt\u00e4 jo t\u00e4n\u00e4\u00e4n!<\/p>\n<\/div>\n<\/div>","protected":false},"featured_media":4762,"template":"","meta":{"_uag_custom_page_level_css":""},"product_brand":[],"product_cat":[56,60],"product_tag":[],"class_list":{"0":"post-4756","1":"product","2":"type-product","3":"status-publish","4":"has-post-thumbnail","6":"product_cat-gym-bag","7":"product_cat-backpack","9":"first","10":"instock","11":"shipping-taxable","12":"product-type-simple"},"uagb_featured_image_src":{"full":["https:\/\/pecbag.com\/wp-content\/uploads\/2025\/07\/New-Design-Travel-Gym-Bag-4.jpg",1000,1000,false],"thumbnail":["https:\/\/pecbag.com\/wp-content\/uploads\/2025\/07\/New-Design-Travel-Gym-Bag-4-150x150.jpg",150,150,true],"medium":["https:\/\/pecbag.com\/wp-content\/uploads\/2025\/07\/New-Design-Travel-Gym-Bag-4-300x300.jpg",300,300,true],"medium_large":["https:\/\/pecbag.com\/wp-content\/uploads\/2025\/07\/New-Design-Travel-Gym-Bag-4-768x768.jpg",768,768,true],"large":["https:\/\/pecbag.com\/wp-content\/uploads\/2025\/07\/New-Design-Travel-Gym-Bag-4.jpg",800,800,false],"1536x1536":["https:\/\/pecbag.com\/wp-content\/uploads\/2025\/07\/New-Design-Travel-Gym-Bag-4.jpg",1000,1000,false],"2048x2048":["https:\/\/pecbag.com\/wp-content\/uploads\/2025\/07\/New-Design-Travel-Gym-Bag-4.jpg",1000,1000,false],"trp-custom-language-flag":["https:\/\/pecbag.com\/wp-content\/uploads\/2025\/07\/New-Design-Travel-Gym-Bag-4-12x12.jpg",12,12,true],"woocommerce_thumbnail":["https:\/\/pecbag.com\/wp-content\/uploads\/2025\/07\/New-Design-Travel-Gym-Bag-4-300x300.jpg",300,300,true],"woocommerce_single":["https:\/\/pecbag.com\/wp-content\/uploads\/2025\/07\/New-Design-Travel-Gym-Bag-4-600x600.jpg",600,600,true],"woocommerce_gallery_thumbnail":["https:\/\/pecbag.com\/wp-content\/uploads\/2025\/07\/New-Design-Travel-Gym-Bag-4-100x100.jpg",100,100,true]},"uagb_author_info":{"display_name":"Lawrence","author_link":"https:\/\/pecbag.com\/fi\/author\/"},"uagb_comment_info":0,"uagb_excerpt":"New Design Travel Gym Bag We provide premium bags with full-size and color customization, durable fabrics, and certified quality. Enjoy flexible MOQs, fast global shipping, and private label solutions. Contact us today!","_links":{"self":[{"href":"https:\/\/pecbag.com\/fi\/wp-json\/wp\/v2\/product\/4756","targetHints":{"allow":["GET"]}}],"collection":[{"href":"https:\/\/pecbag.com\/fi\/wp-json\/wp\/v2\/product"}],"about":[{"href":"https:\/\/pecbag.com\/fi\/wp-json\/wp\/v2\/types\/product"}],"wp:featuredmedia":[{"embeddable":true,"href":"https:\/\/pecbag.com\/fi\/wp-json\/wp\/v2\/media\/4762"}],"wp:attachment":[{"href":"https:\/\/pecbag.com\/fi\/wp-json\/wp\/v2\/media?parent=4756"}],"wp:term":[{"taxonomy":"product_brand","embeddable":true,"href":"https:\/\/pecbag.com\/fi\/wp-json\/wp\/v2\/product_brand?post=4756"},{"taxonomy":"product_cat","embeddable":true,"href":"https:\/\/pecbag.com\/fi\/wp-json\/wp\/v2\/product_cat?post=4756"},{"taxonomy":"product_tag","embeddable":true,"href":"https:\/\/pecbag.com\/fi\/wp-json\/wp\/v2\/product_tag?post=4756"}],"curies":[{"name":"wp","href":"https:\/\/api.w.org\/{rel}","templated":true}]}}