{"id":5067,"date":"2025-07-22T02:22:29","date_gmt":"2025-07-22T02:22:29","guid":{"rendered":"https:\/\/pecbag.com\/?post_type=product&#038;p=5067"},"modified":"2025-11-28T09:29:48","modified_gmt":"2025-11-28T09:29:48","slug":"tactical-messenger-bag-factory","status":"publish","type":"product","link":"https:\/\/pecbag.com\/fi\/tactical-messenger-bag-factory\/","title":{"rendered":"Taktinen Messenger laukku tehdas"},"content":{"rendered":"<h5 title=\"Kokoontaitettava koira laukku hengitt\u00e4v\u00e4 mesh lemmikkiel\u00e4inten olkalaukku pienille lemmikkiel\u00e4inten koirille kissoille\" data-immersive-translate-walked=\"1c928421-2e42-4cd3-8754-5404553c0af5\" data-immersive-translate-paragraph=\"1\" data-spm-anchor-id=\"a2700.details.0.i35.4f6757d4w4zNZA\">Military-Grade reppu valmistaja &amp; vedenpit\u00e4v\u00e4 laukku Factory | Asiantuntija taktinen Messenger Bag Factory<\/h5>\n<div class=\"flex flex-grow flex-col max-w-full\">\n<div class=\"min-h-[20px] text-message flex w-full flex-col items-end gap-2 whitespace-pre-wrap break-words [.text-message+&amp;]:mt-5 overflow-x-auto\" dir=\"auto\" data-message-author-role=\"assistant\" data-message-id=\"3d7d46f6-7ec2-4222-9257-48fa0bba23c6\" data-suggestions=\"true\">\n<div class=\"flex w-full flex-col gap-1 empty:hidden first:pt-[3px]\">\n<div class=\"markdown prose w-full break-words dark:prose-invert light\">\n<p class=\"ds-markdown-paragraph\">Tarvitsetko taisteluvalmiita taktisia laukkuja?<\/p>\n<p class=\"ds-markdown-paragraph\">Koska sertifioitu taktinen Messenger Bag Factory ja vedenpit\u00e4v\u00e4 laukku Factory Messenger Bag Kiinassa, tuotamme MIL-SPEC vaihde maailmanlaajuisten virastojen. Yhteisty\u00f6kumppani meid\u00e4n Messenger Bag Company varten:<\/p>\n<table width=\"288\">\n<tbody>\n<tr>\n<td width=\"137\"><span style=\"color: #333333;\">Tuotteiden nimi<\/span><\/td>\n<td width=\"151\">Messenger laukku<\/td>\n<\/tr>\n<tr>\n<td><span style=\"color: #333333;\">Tuotenro.<\/span><\/td>\n<td><span style=\"color: #333333;\">PB-2163<\/span><\/td>\n<\/tr>\n<tr>\n<td><span style=\"color: #333333;\">Materiaali<\/span><\/td>\n<td>Polyesteri<\/td>\n<\/tr>\n<tr>\n<td><span style=\"color: #333333;\">Koko<\/span><\/td>\n<td>20,47 x 13,39 x 9,06 tuumaa.<\/td>\n<\/tr>\n<tr>\n<td><span style=\"color: #333333;\">\u00a0Toimitusaika<\/span><\/td>\n<td><span style=\"color: #333333;\">1-5 p\u00e4iv\u00e4\u00e4 pienille m\u00e4\u00e4rille lentoteitse ja 30-35 p\u00e4iv\u00e4\u00e4 suurille m\u00e4\u00e4rille meritse.<\/span><\/td>\n<\/tr>\n<\/tbody>\n<\/table>\n<p class=\"ds-markdown-paragraph\">\u2705\u00a0<strong>Taktinen ylivoima<\/strong><\/p>\n<ul>\n<li>\n<p class=\"ds-markdown-paragraph\">1000D Cordura\u00ae taktinen messenger laukut MOLLE hihnat<\/p>\n<\/li>\n<li>\n<p class=\"ds-markdown-paragraph\">S\u00e4\u00e4nkest\u00e4v\u00e4t vetoketjut &amp; RFID-sulkevat taskut<\/p>\n<\/li>\n<li>\n<p class=\"ds-markdown-paragraph\">Messenger Bag irtotilaukset alkaen 300 kpl<\/p>\n<\/li>\n<\/ul>\n<p class=\"ds-markdown-paragraph\">\u2705\u00a0<strong>Puolustusluokan r\u00e4\u00e4t\u00e4l\u00f6inti<\/strong><br \/>\nMessenger Bag ODM \/ OEM + Private Label<br \/>\nR\u00e4\u00e4t\u00e4l\u00f6idyt laastarit \/ PALS-hihnat (MOQ 300 kpl)<\/p>\n<p class=\"ds-markdown-paragraph\">\u2705\u00a0<strong>Maailmanlaajuinen k\u00e4ytt\u00f6\u00f6notto valmis<\/strong><br \/>\nITAR-asiakirjojen mukainen Messenger Bag -vienti ITAR-asiakirjojen kanssa<\/p>\n<p class=\"ds-markdown-paragraph\"><strong>Tehtaan edut:<\/strong><br \/>\n- Messenger Bag irtotavarana hinnoittelu: 20% off 500+ kpl<br \/>\n- 7 p\u00e4iv\u00e4n prototyyppien testaus ballistisilla testeill\u00e4<br \/>\n- Messenger Bag Toimittajan portaali: Reaaliaikaiset QC-videot<br \/>\n- 30 p\u00e4iv\u00e4n tuotanto Messenger Bag Tukkukauppias ohjelmat<\/p>\n<p class=\"ds-markdown-paragraph\">Teht\u00e4v\u00e4kriittinen Messenger Bag -toimittaja - Tactical Messenger Bag Factory -yrityksest\u00e4 kentt\u00e4toimitukseen.<\/p>\n<p class=\"ds-markdown-paragraph\">Pyyd\u00e4 MIL-STD-810G-testausraportti!<\/p>\n<\/div>\n<\/div>\n<\/div>\n<\/div>","protected":false},"excerpt":{"rendered":"<h2 class=\"this-description-name\">Taktinen Messenger laukku tehdas<\/h2>\n<div class=\"sliderTable mt10 mb10 sliderTable-index0\">\n<div class=\"inner\">\n<p>1. <strong>ERILAISIA TAPOJA KULJETTAA<\/strong>: S\u00e4\u00e4dett\u00e4v\u00e4 pehmustettu olkahihna ja nahkainen yl\u00e4kahva auttavat sinua kuljettamaan helposti ja mukavasti kuljettamaan T\u00e4t\u00e4 ty\u00f6laukkua voidaan k\u00e4ytt\u00e4\u00e4 paitsi messenger-olkalaukkuna \/ crossbody-laukkuna, mutta kannettavan tietokoneen salkku \/ ty\u00f6matkalaukku \/ olkalaukku \/ opettajan laukku.<\/p>\n<p>2. <strong>MONIK\u00c4YTT\u00d6INEN MUOTOILU<\/strong>: Tietokonelaukku on suunniteltu erityisesti ihmisille, jotka ty\u00f6skentelev\u00e4t yliopistossa, toimistossa, ty\u00f6ss\u00e4 ja jotka joutuvat kuljettamaan kannettavaa tietokonetta ja muita lis\u00e4varusteita yhdess\u00e4 p\u00e4ivitt\u00e4in. Sit\u00e4 voidaan k\u00e4ytt\u00e4\u00e4 my\u00f6s matkan olkalaukkuna, jopa DSLR-kameralaukkuna, jossa on pehmustettu insertti.<\/p>\n<\/div>\n<\/div>","protected":false},"featured_media":5071,"template":"","meta":{"_uag_custom_page_level_css":""},"product_brand":[],"product_cat":[65,64],"product_tag":[],"class_list":{"0":"post-5067","1":"product","2":"type-product","3":"status-publish","4":"has-post-thumbnail","6":"product_cat-messenger-bag","7":"product_cat-shoulder-bag","9":"first","10":"instock","11":"shipping-taxable","12":"product-type-simple"},"uagb_featured_image_src":{"full":["https:\/\/pecbag.com\/wp-content\/uploads\/2025\/07\/Tactical-Messenger-Bag-Factory-6.jpg",1500,1500,false],"thumbnail":["https:\/\/pecbag.com\/wp-content\/uploads\/2025\/07\/Tactical-Messenger-Bag-Factory-6-150x150.jpg",150,150,true],"medium":["https:\/\/pecbag.com\/wp-content\/uploads\/2025\/07\/Tactical-Messenger-Bag-Factory-6-300x300.jpg",300,300,true],"medium_large":["https:\/\/pecbag.com\/wp-content\/uploads\/2025\/07\/Tactical-Messenger-Bag-Factory-6-768x768.jpg",768,768,true],"large":["https:\/\/pecbag.com\/wp-content\/uploads\/2025\/07\/Tactical-Messenger-Bag-Factory-6-1024x1024.jpg",800,800,true],"1536x1536":["https:\/\/pecbag.com\/wp-content\/uploads\/2025\/07\/Tactical-Messenger-Bag-Factory-6.jpg",1500,1500,false],"2048x2048":["https:\/\/pecbag.com\/wp-content\/uploads\/2025\/07\/Tactical-Messenger-Bag-Factory-6.jpg",1500,1500,false],"trp-custom-language-flag":["https:\/\/pecbag.com\/wp-content\/uploads\/2025\/07\/Tactical-Messenger-Bag-Factory-6-12x12.jpg",12,12,true],"woocommerce_thumbnail":["https:\/\/pecbag.com\/wp-content\/uploads\/2025\/07\/Tactical-Messenger-Bag-Factory-6-300x300.jpg",300,300,true],"woocommerce_single":["https:\/\/pecbag.com\/wp-content\/uploads\/2025\/07\/Tactical-Messenger-Bag-Factory-6-600x600.jpg",600,600,true],"woocommerce_gallery_thumbnail":["https:\/\/pecbag.com\/wp-content\/uploads\/2025\/07\/Tactical-Messenger-Bag-Factory-6-100x100.jpg",100,100,true]},"uagb_author_info":{"display_name":"Lawrence","author_link":"https:\/\/pecbag.com\/fi\/author\/"},"uagb_comment_info":0,"uagb_excerpt":"Tactical Messenger Bag Factory 1. VARIOUS WAYS TO CARRY: Adjustable Padded shoulder strap and leather top handle help you carry easily &amp; comfortably to carry This works bag can be used not only as a messenger shoulder bag\/crossbody bag, but laptop briefcase\/commute bag\/satchel bag\/teacher bag. 2. MULTIFUNCTIONAL DESIGN: The computer bag is particularly designed for&hellip;","_links":{"self":[{"href":"https:\/\/pecbag.com\/fi\/wp-json\/wp\/v2\/product\/5067","targetHints":{"allow":["GET"]}}],"collection":[{"href":"https:\/\/pecbag.com\/fi\/wp-json\/wp\/v2\/product"}],"about":[{"href":"https:\/\/pecbag.com\/fi\/wp-json\/wp\/v2\/types\/product"}],"wp:featuredmedia":[{"embeddable":true,"href":"https:\/\/pecbag.com\/fi\/wp-json\/wp\/v2\/media\/5071"}],"wp:attachment":[{"href":"https:\/\/pecbag.com\/fi\/wp-json\/wp\/v2\/media?parent=5067"}],"wp:term":[{"taxonomy":"product_brand","embeddable":true,"href":"https:\/\/pecbag.com\/fi\/wp-json\/wp\/v2\/product_brand?post=5067"},{"taxonomy":"product_cat","embeddable":true,"href":"https:\/\/pecbag.com\/fi\/wp-json\/wp\/v2\/product_cat?post=5067"},{"taxonomy":"product_tag","embeddable":true,"href":"https:\/\/pecbag.com\/fi\/wp-json\/wp\/v2\/product_tag?post=5067"}],"curies":[{"name":"wp","href":"https:\/\/api.w.org\/{rel}","templated":true}]}}