{"id":5090,"date":"2025-07-23T07:24:15","date_gmt":"2025-07-23T07:24:15","guid":{"rendered":"https:\/\/pecbag.com\/?post_type=product&#038;p=5090"},"modified":"2025-11-28T09:26:55","modified_gmt":"2025-11-28T09:26:55","slug":"china-sports-travel-bag-suppliers","status":"publish","type":"product","link":"https:\/\/pecbag.com\/fi\/china-sports-travel-bag-suppliers\/","title":{"rendered":"Kiina urheilu matkalaukku toimittajat"},"content":{"rendered":"<h5 title=\"Kokoontaitettava koira laukku hengitt\u00e4v\u00e4 mesh lemmikkiel\u00e4inten olkalaukku pienille lemmikkiel\u00e4inten koirille kissoille\" data-immersive-translate-walked=\"1c928421-2e42-4cd3-8754-5404553c0af5\" data-immersive-translate-paragraph=\"1\" data-spm-anchor-id=\"a2700.details.0.i35.4f6757d4w4zNZA\">Globaali reppu valmistaja &amp; vedenpit\u00e4v\u00e4 laukku Factory | Top Kiina urheilu matkalaukku toimittajat<\/h5>\n<div class=\"flex flex-grow flex-col max-w-full\">\n<div class=\"min-h-[20px] text-message flex w-full flex-col items-end gap-2 whitespace-pre-wrap break-words [.text-message+&amp;]:mt-5 overflow-x-auto\" dir=\"auto\" data-message-author-role=\"assistant\" data-message-id=\"3d7d46f6-7ec2-4222-9257-48fa0bba23c6\" data-suggestions=\"true\">\n<div class=\"flex w-full flex-col gap-1 empty:hidden first:pt-[3px]\">\n<div class=\"markdown prose w-full break-words dark:prose-invert light\">\n<p class=\"ds-markdown-paragraph\">Tarvitsetko luotettavia Kiinan urheilu matkalaukku toimittajat?<\/p>\n<p class=\"ds-markdown-paragraph\">Koska ISO-sertifioitu matkalaukku valmistajat ja vedenpit\u00e4v\u00e4 laukku tehdas Guangdong, toimitamme korkean suorituskyvyn vaihde ly\u00f6m\u00e4tt\u00f6m\u00e4\u00e4n hintaan. Yhteisty\u00f6kumppani matkalaukkuyrityksemme kanssa:<\/p>\n<table width=\"288\">\n<tbody>\n<tr>\n<td width=\"137\"><span style=\"color: #333333;\">Tuotteiden nimi<\/span><\/td>\n<td width=\"151\">Matkalaukku<\/td>\n<\/tr>\n<tr>\n<td><span style=\"color: #333333;\">Tuotenro.<\/span><\/td>\n<td><span style=\"color: #333333;\">PB-2166<\/span><\/td>\n<\/tr>\n<tr>\n<td><span style=\"color: #333333;\">Materiaali<\/span><\/td>\n<td>600D polyesteri<\/td>\n<\/tr>\n<tr>\n<td><span style=\"color: #333333;\">Koko<\/span><\/td>\n<td>18 x 9 x 9 tuumaa<\/td>\n<\/tr>\n<tr>\n<td><span style=\"color: #333333;\">\u00a0Toimitusaika<\/span><\/td>\n<td><span style=\"color: #333333;\">1-5 p\u00e4iv\u00e4\u00e4 pienille m\u00e4\u00e4rille lentoteitse ja 30-35 p\u00e4iv\u00e4\u00e4 suurille m\u00e4\u00e4rille meritse.<\/span><\/td>\n<\/tr>\n<\/tbody>\n<\/table>\n<p class=\"ds-markdown-paragraph\">\u2705\u00a0<strong>Kiinan tarjonnan edut<\/strong><br \/>\n- Matkalaukku irtotavarana 300+ kpl - 60% alhaisempi vs. Yhdysvaltain toimittajat<br \/>\n- DDP merenkulku sis\u00e4ltyy Travel Bag Export<br \/>\n- REACH\/CE-yhteensopiva<\/p>\n<p class=\"ds-markdown-paragraph\">\u2705\u00a0<strong>Urheilu-optimoidut ratkaisut<\/strong><\/p>\n<ul>\n<li>\n<p class=\"ds-markdown-paragraph\">Matkalaukku ODM \/ OEM + Private Label lentoyhti\u00f6n hyv\u00e4ksym\u00e4 mitoitus kanssa<\/p>\n<\/li>\n<li>\n<p class=\"ds-markdown-paragraph\">Vedenpit\u00e4v\u00e4t vetoketjut &amp; iskunkest\u00e4v\u00e4t kulmat<\/p>\n<\/li>\n<li>\n<p class=\"ds-markdown-paragraph\">MOQ 300 yksikk\u00f6\u00e4<\/p>\n<\/li>\n<\/ul>\n<p class=\"ds-markdown-paragraph\">\u2705\u00a0<strong>Toimittajan edut<\/strong><br \/>\n\u2192 Kiina urheilu matkalaukku toimittajat portaali: Reaaliaikainen rahdin seuranta<br \/>\n\u2192 7 p\u00e4iv\u00e4n n\u00e4ytteenotto pikatoimituksella<br \/>\n\u2192 FBA prep matkalaukku tukkuliike kumppaneille<br \/>\n\u2192 30 p\u00e4iv\u00e4n kuolleiden varastojen vaihto<\/p>\n<p class=\"ds-markdown-paragraph\"><strong>Miksi yli 2000 tuotemerkki\u00e4 luottaa Kiinan toimitusketjuumme:<\/strong><br \/>\n\u2714 Matkalaukku Tehtaan suora hinnoittelu - ei agentteja<br \/>\n\u2714 OEKO-TEX\u00ae-sertifioidut urheilukankaat<br \/>\n\u2714 TSA-yhteensopivat lukitusj\u00e4rjestelm\u00e4t<br \/>\n\u2714 Matkalaukkujen myyj\u00e4verkostojen oma laadunvalvontapalvelu<\/p>\n<p class=\"ds-markdown-paragraph\">Strategiset Kiinan urheilu matkalaukku toimittajat - tuotannosta maailmanlaajuiseen toimitukseen. Chat tehtaan kiertue videoita!<\/p>\n<\/div>\n<\/div>\n<\/div>\n<\/div>","protected":false},"excerpt":{"rendered":"<h2 class=\"this-description-name\">Kiina urheilu matkalaukku toimittajat<\/h2>\n<div class=\"sliderTable mt10 mb10 sliderTable-index0\">\n<div class=\"inner\">\n<p>T\u00e4m\u00e4 duffel-laukku sopii kuntosalille, matkoille ja muihin urheilutapahtumiin. Urheilu duffel laukku sopii erinomaisesti kuntosalille ja matkustamiseen; voidaan k\u00e4ytt\u00e4\u00e4 olkalaukkuna, crossbody laukku (kehon koosta riippuen), tai k\u00e4dess\u00e4 pidett\u00e4v\u00e4 pakkaus s\u00e4\u00e4dett\u00e4vill\u00e4 ja irrotettavilla hihnoilla k\u00e4simatkatavaralaukku.<\/p>\n<p>Vetoketjullinen p\u00e4\u00e4lokero \/ vetoketjullinen etutasku, yl\u00e4osan tarrakahva, kaksi sivukahvaa ja irrotettava olkahihna duffeli laukku.<\/p>\n<\/div>\n<\/div>","protected":false},"featured_media":5091,"template":"","meta":{"_uag_custom_page_level_css":""},"product_brand":[],"product_cat":[68,64],"product_tag":[],"class_list":{"0":"post-5090","1":"product","2":"type-product","3":"status-publish","4":"has-post-thumbnail","6":"product_cat-travel-bag","7":"product_cat-shoulder-bag","9":"first","10":"instock","11":"shipping-taxable","12":"product-type-simple"},"uagb_featured_image_src":{"full":["https:\/\/pecbag.com\/wp-content\/uploads\/2025\/07\/China-Sports-Travel-Bag-Suppliers-4.jpg",800,800,false],"thumbnail":["https:\/\/pecbag.com\/wp-content\/uploads\/2025\/07\/China-Sports-Travel-Bag-Suppliers-4-150x150.jpg",150,150,true],"medium":["https:\/\/pecbag.com\/wp-content\/uploads\/2025\/07\/China-Sports-Travel-Bag-Suppliers-4-300x300.jpg",300,300,true],"medium_large":["https:\/\/pecbag.com\/wp-content\/uploads\/2025\/07\/China-Sports-Travel-Bag-Suppliers-4-768x768.jpg",768,768,true],"large":["https:\/\/pecbag.com\/wp-content\/uploads\/2025\/07\/China-Sports-Travel-Bag-Suppliers-4.jpg",800,800,false],"1536x1536":["https:\/\/pecbag.com\/wp-content\/uploads\/2025\/07\/China-Sports-Travel-Bag-Suppliers-4.jpg",800,800,false],"2048x2048":["https:\/\/pecbag.com\/wp-content\/uploads\/2025\/07\/China-Sports-Travel-Bag-Suppliers-4.jpg",800,800,false],"trp-custom-language-flag":["https:\/\/pecbag.com\/wp-content\/uploads\/2025\/07\/China-Sports-Travel-Bag-Suppliers-4-12x12.jpg",12,12,true],"woocommerce_thumbnail":["https:\/\/pecbag.com\/wp-content\/uploads\/2025\/07\/China-Sports-Travel-Bag-Suppliers-4-300x300.jpg",300,300,true],"woocommerce_single":["https:\/\/pecbag.com\/wp-content\/uploads\/2025\/07\/China-Sports-Travel-Bag-Suppliers-4-600x600.jpg",600,600,true],"woocommerce_gallery_thumbnail":["https:\/\/pecbag.com\/wp-content\/uploads\/2025\/07\/China-Sports-Travel-Bag-Suppliers-4-100x100.jpg",100,100,true]},"uagb_author_info":{"display_name":"Lawrence","author_link":"https:\/\/pecbag.com\/fi\/author\/"},"uagb_comment_info":0,"uagb_excerpt":"China Sports Travel Bag Suppliers This duffel bag is suitable for the Gym, travel, and other sports events. Sports duffel bag great for gym and traveling; can be used as a shoulder bag, crossbody bag (depending on body size), or hand-held pack with adjustable &amp; removable straps carry-on bag. Zippered main compartment with\/ zippered front&hellip;","_links":{"self":[{"href":"https:\/\/pecbag.com\/fi\/wp-json\/wp\/v2\/product\/5090","targetHints":{"allow":["GET"]}}],"collection":[{"href":"https:\/\/pecbag.com\/fi\/wp-json\/wp\/v2\/product"}],"about":[{"href":"https:\/\/pecbag.com\/fi\/wp-json\/wp\/v2\/types\/product"}],"wp:featuredmedia":[{"embeddable":true,"href":"https:\/\/pecbag.com\/fi\/wp-json\/wp\/v2\/media\/5091"}],"wp:attachment":[{"href":"https:\/\/pecbag.com\/fi\/wp-json\/wp\/v2\/media?parent=5090"}],"wp:term":[{"taxonomy":"product_brand","embeddable":true,"href":"https:\/\/pecbag.com\/fi\/wp-json\/wp\/v2\/product_brand?post=5090"},{"taxonomy":"product_cat","embeddable":true,"href":"https:\/\/pecbag.com\/fi\/wp-json\/wp\/v2\/product_cat?post=5090"},{"taxonomy":"product_tag","embeddable":true,"href":"https:\/\/pecbag.com\/fi\/wp-json\/wp\/v2\/product_tag?post=5090"}],"curies":[{"name":"wp","href":"https:\/\/api.w.org\/{rel}","templated":true}]}}