{"id":5261,"date":"2025-08-04T01:46:47","date_gmt":"2025-08-04T01:46:47","guid":{"rendered":"https:\/\/pecbag.com\/?post_type=product&#038;p=5261"},"modified":"2025-11-27T09:24:08","modified_gmt":"2025-11-27T09:24:08","slug":"fishing-bags-manufacturer","status":"publish","type":"product","link":"https:\/\/pecbag.com\/fi\/fishing-bags-manufacturer\/","title":{"rendered":"Kalastus Laukut Valmistaja"},"content":{"rendered":"<h5 title=\"Kokoontaitettava koira laukku hengitt\u00e4v\u00e4 mesh lemmikkiel\u00e4inten olkalaukku pienille lemmikkiel\u00e4inten koirille kissoille\" data-immersive-translate-walked=\"1c928421-2e42-4cd3-8754-5404553c0af5\" data-immersive-translate-paragraph=\"1\" data-spm-anchor-id=\"a2700.details.0.i35.4f6757d4w4zNZA\"><strong>Kalastus laukut valmistaja | Premium reppu valmistaja &amp; IPX8 vedenpit\u00e4v\u00e4 laukku tehdas<\/strong><\/h5>\n<div class=\"flex flex-grow flex-col max-w-full\">\n<div class=\"min-h-[20px] text-message flex w-full flex-col items-end gap-2 whitespace-pre-wrap break-words [.text-message+&amp;]:mt-5 overflow-x-auto\" dir=\"auto\" data-message-author-role=\"assistant\" data-message-id=\"3d7d46f6-7ec2-4222-9257-48fa0bba23c6\" data-suggestions=\"true\">\n<div class=\"flex w-full flex-col gap-1 empty:hidden first:pt-[3px]\">\n<div class=\"markdown prose w-full break-words dark:prose-invert light\">\n<p class=\"ds-markdown-paragraph\">Suora kalastuslaukkujen valmistaja Kiinassa!<\/p>\n<p class=\"ds-markdown-paragraph\">Valmistamme raskaita kalastusreppuja, joiden vedenpit\u00e4vyysluokitus on IPX8.<\/p>\n<p class=\"ds-markdown-paragraph\">Huippu Fishing Bag Factory, k\u00e4sittelemme irtotavarana \/ vientitilauksia OEM \/ ODM \/ Private Label.<\/p>\n<p class=\"ds-markdown-paragraph\">Tukkuhinnoittelu myyjille. Pyyd\u00e4 luetteloa jo t\u00e4n\u00e4\u00e4n!<\/p>\n<table width=\"288\">\n<tbody>\n<tr>\n<td width=\"137\"><span style=\"color: #333333;\">Tuotteiden nimi<\/span><\/td>\n<td width=\"151\">Kalastuslaukku<\/td>\n<\/tr>\n<tr>\n<td><span style=\"color: #333333;\">Tuotenro.<\/span><\/td>\n<td><span style=\"color: #333333;\">PB-2173<\/span><\/td>\n<\/tr>\n<tr>\n<td><span style=\"color: #333333;\">Materiaali<\/span><\/td>\n<td>600D polyesteri<\/td>\n<\/tr>\n<tr>\n<td><span style=\"color: #333333;\">Koko<\/span><\/td>\n<td>voidaan r\u00e4\u00e4t\u00e4l\u00f6id\u00e4<\/td>\n<\/tr>\n<tr>\n<td><span style=\"color: #333333;\">\u00a0Toimitusaika<\/span><\/td>\n<td><span style=\"color: #333333;\">1-5 p\u00e4iv\u00e4\u00e4 pienille m\u00e4\u00e4rille lentoteitse ja 30-35 p\u00e4iv\u00e4\u00e4 suurille m\u00e4\u00e4rille meritse.<\/span><\/td>\n<\/tr>\n<\/tbody>\n<\/table>\n<p class=\"ds-markdown-paragraph\"><strong>Sinun luotettu kalastuslaukkujen valmistaja<\/strong><br \/>\nISO-sertifioitu reppu valmistaja 10,000\u33a1 vedenpit\u00e4v\u00e4 laukut tehdas Kiinassa:<\/p>\n<p class=\"ds-markdown-paragraph\"><strong>\ud83d\udd39 Kehittynyt tuotanto<\/strong><\/p>\n<ul>\n<li>\n<p class=\"ds-markdown-paragraph\">1680D ballistinen nylon rakenne<\/p>\n<\/li>\n<li>\n<p class=\"ds-markdown-paragraph\">IPX8 vedenpit\u00e4v\u00e4 tekniikka (1m\/60min)<\/p>\n<\/li>\n<li>\n<p class=\"ds-markdown-paragraph\">Sotilasluokan vetoketjut ja vahvistetut ompeleet<\/p>\n<\/li>\n<\/ul>\n<p class=\"ds-markdown-paragraph\"><strong>\ud83d\udd39 Global Supply Solutions<\/strong><br \/>\n- Kalastuslaukkujen irtotavarakapasiteetti: 80 000 yksikk\u00f6\u00e4\/kk.<br \/>\n- Kalastuslaukku Vientiasiakirjojen k\u00e4sittely<br \/>\n- Kalastuslaukku tukkukauppias ohjelmat (MOQ 300 yksikk\u00f6\u00e4)<\/p>\n<p class=\"ds-markdown-paragraph\"><strong>\ud83d\udd39 R\u00e4\u00e4t\u00e4l\u00f6intipalvelut<\/strong><br \/>\n\u2192 Kalastuslaukku OEM: tuotemerkkisi ja suunnittelusi<br \/>\n\u2192 Kalastuslaukku ODM: Yhteiskehitt\u00e4minen ainutlaatuisia ominaisuuksia<br \/>\n\u2192 Private Label: T\u00e4ydelliset white label -ratkaisut<\/p>\n<p class=\"ds-markdown-paragraph\"><strong>Kumppanin edut:<\/strong><br \/>\n\u2714 Tehdas-suorat kalastuslaukkujen myyj\u00e4n hinnoittelu<br \/>\n\u2714 Omistettu kalastuslaukkujen toimittajaportaali<br \/>\n\u2714 10 p\u00e4iv\u00e4n prototyyppien valmistus ja vedenpit\u00e4v\u00e4 testaus<br \/>\n\u2714 QC-videovalvonta Fishing Bag Company -kumppaneille<\/p>\n<p class=\"ds-markdown-paragraph\">Premium Kalastuslaukut Valmistaja - Tuotantolinjastamme globaaleille vesireiteille. S\u00e4hk\u00f6posti tukku tarjouksia!<\/p>\n<\/div>\n<\/div>\n<\/div>\n<\/div>","protected":false},"excerpt":{"rendered":"<h2 class=\"this-description-name\">Kalastus Laukut Valmistaja<\/h2>\n<div class=\"sliderTable mt10 mb10 sliderTable-index0\">\n<div class=\"inner\">\n<ul>\n<li>Hyvin valittu materiaali - Kalastustangon laukku on valmistettu korkealaatuisesta 600D: st\u00e4, eritt\u00e4in repim\u00e4tt\u00f6m\u00e4st\u00e4 ja kulutusta kest\u00e4v\u00e4st\u00e4, eritt\u00e4in kest\u00e4v\u00e4st\u00e4 k\u00e4yt\u00f6st\u00e4.<\/li>\n<li>T\u00e4ydelliset yksityiskohdat - Turvallisesti kiinnitetty kaksinkertaisilla hihnoilla pussin yl\u00e4osassa ja siin\u00e4 on pikakiinnityshihna ulkopuolisen keskuksen ymp\u00e4rill\u00e4, joka turvaa pyydyksen kuljetuksen aikana, melko k\u00e4tev\u00e4 k\u00e4ytt\u00e4\u00e4.<\/li>\n<li>Ergonominen muotoilu - S\u00e4\u00e4dett\u00e4v\u00e4 olkahihna, vankka ja vahvistettu, jonka avulla voit s\u00e4\u00e4t\u00e4\u00e4 pituutta omien tarpeidesi mukaan. Herkk\u00e4 ja sile\u00e4 lankaompelu hienolla k\u00e4sity\u00f6ll\u00e4, joka lis\u00e4\u00e4 sek\u00e4 kauneutta ett\u00e4 kest\u00e4vyytt\u00e4.<\/li>\n<\/ul>\n<\/div>\n<\/div>","protected":false},"featured_media":5267,"template":"","meta":{"_uag_custom_page_level_css":""},"product_brand":[],"product_cat":[46],"product_tag":[],"class_list":{"0":"post-5261","1":"product","2":"type-product","3":"status-publish","4":"has-post-thumbnail","6":"product_cat-fishing-bag","8":"first","9":"instock","10":"shipping-taxable","11":"product-type-simple"},"uagb_featured_image_src":{"full":["https:\/\/pecbag.com\/wp-content\/uploads\/2025\/08\/Fishing-Bags-Manufacturer-3.jpeg",800,800,false],"thumbnail":["https:\/\/pecbag.com\/wp-content\/uploads\/2025\/08\/Fishing-Bags-Manufacturer-3-150x150.jpeg",150,150,true],"medium":["https:\/\/pecbag.com\/wp-content\/uploads\/2025\/08\/Fishing-Bags-Manufacturer-3-300x300.jpeg",300,300,true],"medium_large":["https:\/\/pecbag.com\/wp-content\/uploads\/2025\/08\/Fishing-Bags-Manufacturer-3-768x768.jpeg",768,768,true],"large":["https:\/\/pecbag.com\/wp-content\/uploads\/2025\/08\/Fishing-Bags-Manufacturer-3.jpeg",800,800,false],"1536x1536":["https:\/\/pecbag.com\/wp-content\/uploads\/2025\/08\/Fishing-Bags-Manufacturer-3.jpeg",800,800,false],"2048x2048":["https:\/\/pecbag.com\/wp-content\/uploads\/2025\/08\/Fishing-Bags-Manufacturer-3.jpeg",800,800,false],"trp-custom-language-flag":["https:\/\/pecbag.com\/wp-content\/uploads\/2025\/08\/Fishing-Bags-Manufacturer-3-12x12.jpeg",12,12,true],"woocommerce_thumbnail":["https:\/\/pecbag.com\/wp-content\/uploads\/2025\/08\/Fishing-Bags-Manufacturer-3-300x300.jpeg",300,300,true],"woocommerce_single":["https:\/\/pecbag.com\/wp-content\/uploads\/2025\/08\/Fishing-Bags-Manufacturer-3-600x600.jpeg",600,600,true],"woocommerce_gallery_thumbnail":["https:\/\/pecbag.com\/wp-content\/uploads\/2025\/08\/Fishing-Bags-Manufacturer-3-100x100.jpeg",100,100,true]},"uagb_author_info":{"display_name":"Lawrence","author_link":"https:\/\/pecbag.com\/fi\/author\/"},"uagb_comment_info":0,"uagb_excerpt":"Fishing Bags Manufacturer Well-selected Material- Fishing Pole Bag made of high-quality 600D, ultra tear-resistant and abrasion-resistant, extremely durable to use. Perfect Details- Securely fastened with double straps at the top of bag and features a quick fastener strap around the outside center that secures gear during transport, quite convenient to use. Ergonomic Design- With an&hellip;","_links":{"self":[{"href":"https:\/\/pecbag.com\/fi\/wp-json\/wp\/v2\/product\/5261","targetHints":{"allow":["GET"]}}],"collection":[{"href":"https:\/\/pecbag.com\/fi\/wp-json\/wp\/v2\/product"}],"about":[{"href":"https:\/\/pecbag.com\/fi\/wp-json\/wp\/v2\/types\/product"}],"wp:featuredmedia":[{"embeddable":true,"href":"https:\/\/pecbag.com\/fi\/wp-json\/wp\/v2\/media\/5267"}],"wp:attachment":[{"href":"https:\/\/pecbag.com\/fi\/wp-json\/wp\/v2\/media?parent=5261"}],"wp:term":[{"taxonomy":"product_brand","embeddable":true,"href":"https:\/\/pecbag.com\/fi\/wp-json\/wp\/v2\/product_brand?post=5261"},{"taxonomy":"product_cat","embeddable":true,"href":"https:\/\/pecbag.com\/fi\/wp-json\/wp\/v2\/product_cat?post=5261"},{"taxonomy":"product_tag","embeddable":true,"href":"https:\/\/pecbag.com\/fi\/wp-json\/wp\/v2\/product_tag?post=5261"}],"curies":[{"name":"wp","href":"https:\/\/api.w.org\/{rel}","templated":true}]}}