{"id":5268,"date":"2025-08-04T01:54:12","date_gmt":"2025-08-04T01:54:12","guid":{"rendered":"https:\/\/pecbag.com\/?post_type=product&#038;p=5268"},"modified":"2025-11-27T09:21:28","modified_gmt":"2025-11-27T09:21:28","slug":"china-match-fishing-bag-suppliers","status":"publish","type":"product","link":"https:\/\/pecbag.com\/fi\/china-match-fishing-bag-suppliers\/","title":{"rendered":"Kiina Match kalastus laukku toimittajat"},"content":{"rendered":"<h5 title=\"Kokoontaitettava koira laukku hengitt\u00e4v\u00e4 mesh lemmikkiel\u00e4inten olkalaukku pienille lemmikkiel\u00e4inten koirille kissoille\" data-immersive-translate-walked=\"1c928421-2e42-4cd3-8754-5404553c0af5\" data-immersive-translate-paragraph=\"1\" data-spm-anchor-id=\"a2700.details.0.i35.4f6757d4w4zNZA\"><strong>Kiina Match kalastus laukku toimittajat | Professional reppu valmistaja &amp; IPX8 vedenpit\u00e4v\u00e4 laukku Factory<\/strong><\/h5>\n<div class=\"flex flex-grow flex-col max-w-full\">\n<div class=\"min-h-[20px] text-message flex w-full flex-col items-end gap-2 whitespace-pre-wrap break-words [.text-message+&amp;]:mt-5 overflow-x-auto\" dir=\"auto\" data-message-author-role=\"assistant\" data-message-id=\"3d7d46f6-7ec2-4222-9257-48fa0bba23c6\" data-suggestions=\"true\">\n<div class=\"flex w-full flex-col gap-1 empty:hidden first:pt-[3px]\">\n<div class=\"markdown prose w-full break-words dark:prose-invert light\">\n<p class=\"ds-markdown-paragraph\">Top Kiina Match kalastuslaukku toimittajat!<\/p>\n<p class=\"ds-markdown-paragraph\">Olemme sertifioitu kalastuslaukkujen valmistaja, joka tuottaa turnausluokan varusteita.<\/p>\n<p class=\"ds-markdown-paragraph\">Kalastuslaukkutehtaana k\u00e4sittelemme irtotavarana \/ vienti\u00e4 OEM \/ ODM \/ Private Label.<\/p>\n<p class=\"ds-markdown-paragraph\">Tukkuhinnoittelu maailmanlaajuisille myyjille.<\/p>\n<p class=\"ds-markdown-paragraph\">Pyyd\u00e4 luettelo nyt!<\/p>\n<table width=\"288\">\n<tbody>\n<tr>\n<td width=\"137\"><span style=\"color: #333333;\">Tuotteiden nimi<\/span><\/td>\n<td width=\"151\">Kalastuslaukku<\/td>\n<\/tr>\n<tr>\n<td><span style=\"color: #333333;\">Tuotenro.<\/span><\/td>\n<td><span style=\"color: #333333;\">PB-2175<\/span><\/td>\n<\/tr>\n<tr>\n<td><span style=\"color: #333333;\">Materiaali<\/span><\/td>\n<td>600D polyesteri<\/td>\n<\/tr>\n<tr>\n<td><span style=\"color: #333333;\">Koko<\/span><\/td>\n<td>voidaan r\u00e4\u00e4t\u00e4l\u00f6id\u00e4<\/td>\n<\/tr>\n<tr>\n<td><span style=\"color: #333333;\">\u00a0Toimitusaika<\/span><\/td>\n<td><span style=\"color: #333333;\">1-5 p\u00e4iv\u00e4\u00e4 pienille m\u00e4\u00e4rille lentoteitse ja 30-35 p\u00e4iv\u00e4\u00e4 suurille m\u00e4\u00e4rille meritse.<\/span><\/td>\n<\/tr>\n<\/tbody>\n<\/table>\n<p class=\"ds-markdown-paragraph\"><strong>Sinun Premier Kiina Match kalastuslaukku toimittajat<\/strong><br \/>\nISO-sertifioitu reppu valmistaja 12000\u33a1 Vedenpit\u00e4v\u00e4 laukku Factory Kiinassa:<\/p>\n<p class=\"ds-markdown-paragraph\"><strong>\ud83d\udd39 Turnausluokan laatu<\/strong><\/p>\n<ul>\n<li>\n<p class=\"ds-markdown-paragraph\">IPX8 vedenpit\u00e4v\u00e4 tekniikka (48 tunnin upotustesti)<\/p>\n<\/li>\n<li>\n<p class=\"ds-markdown-paragraph\">Hiilikuituvahvisteiset rungot (5 kg:n painonpudotus).<\/p>\n<\/li>\n<li>\n<p class=\"ds-markdown-paragraph\">Pikakuivat lokerot kilpakalastajille<\/p>\n<\/li>\n<\/ul>\n<p class=\"ds-markdown-paragraph\"><strong>\ud83d\udd39 Global Supply Solutions<\/strong><br \/>\n- Kalastuslaukkujen irtotavarana kapasiteetti: 100 000 yksikk\u00f6\u00e4\/kk.<br \/>\n- Kalastuslaukku Vientiasiakirjat (FTA-todistukset)<br \/>\n- Kalastuslaukkujen tukkukauppiasohjelmat<\/p>\n<p class=\"ds-markdown-paragraph\"><strong>\ud83d\udd39 R\u00e4\u00e4t\u00e4l\u00f6intipalvelut<\/strong><br \/>\n\u2192 Kalastuslaukku OEM: Joukkueen br\u00e4nd\u00e4ys ja v\u00e4rimaailma<br \/>\n\u2192 Kalastuslaukku ODM: Co-suunnittelu turnauksen ominaisuudet<br \/>\n\u2192 Private Label: Yksinomainen kilpailusarja<\/p>\n<p class=\"ds-markdown-paragraph\"><strong>Miksi valita meid\u00e4t:<\/strong><br \/>\n\u2714 Todellinen kalastuslaukku valmistaja (ei v\u00e4lik\u00e4si\u00e4)<br \/>\n\u2714 10 p\u00e4iv\u00e4n nopea prototyyppien rakentaminen<br \/>\n\u2714 Reaaliaikainen kalastuslaukkutehtaan tuotannon seuranta<br \/>\n\u2714 QC ammattimaisille kalastuslaukku yritys kumppaneille<\/p>\n<p class=\"ds-markdown-paragraph\">Luotettava Kiina Match kalastuslaukku toimittajat - varustaminen mestareita maailmanlaajuisesti. S\u00e4hk\u00f6posti turnauksen sponsorointivaihtoehtoja varten!<\/p>\n<\/div>\n<\/div>\n<\/div>\n<\/div>","protected":false},"excerpt":{"rendered":"<h2 class=\"this-description-name\">Kiina Match kalastus laukku toimittajat<\/h2>\n<div class=\"sliderTable mt10 mb10 sliderTable-index0\">\n<div class=\"inner\">\n<p>1. \u3010S\u00e4\u00e4dett\u00e4v\u00e4\u3011One Size fits Most - S\u00e4\u00e4dett\u00e4v\u00e4 olka- ja vy\u00f6t\u00e4r\u00f6hihnan muotoilun ripustusrakenne sopii useimpiin muotoihin ja kokoihin.<\/p>\n<div>2. \u3010Monitoiminen\u3011Suuri kaikentyyppiseen kalastukseen-verkkokalastusliivi sopii erinomaisesti taimenen kalastukseen, lentokalastukseen, ulkoiluun jne. Ja se olisi my\u00f6s loistava lahja. \u00c4l\u00e4 ep\u00e4r\u00f6i, hanki t\u00e4m\u00e4 toiminnallinen liivi harkittu lahja kenelle tahansa haluat!<\/div>\n<\/div>\n<\/div>","protected":false},"featured_media":5274,"template":"","meta":{"_uag_custom_page_level_css":""},"product_brand":[],"product_cat":[46],"product_tag":[],"class_list":{"0":"post-5268","1":"product","2":"type-product","3":"status-publish","4":"has-post-thumbnail","6":"product_cat-fishing-bag","8":"first","9":"instock","10":"shipping-taxable","11":"product-type-simple"},"uagb_featured_image_src":{"full":["https:\/\/pecbag.com\/wp-content\/uploads\/2025\/08\/China-Match-Fishing-Bag-Suppliers-1.jpg",385,471,false],"thumbnail":["https:\/\/pecbag.com\/wp-content\/uploads\/2025\/08\/China-Match-Fishing-Bag-Suppliers-1-150x150.jpg",150,150,true],"medium":["https:\/\/pecbag.com\/wp-content\/uploads\/2025\/08\/China-Match-Fishing-Bag-Suppliers-1-245x300.jpg",245,300,true],"medium_large":["https:\/\/pecbag.com\/wp-content\/uploads\/2025\/08\/China-Match-Fishing-Bag-Suppliers-1.jpg",385,471,false],"large":["https:\/\/pecbag.com\/wp-content\/uploads\/2025\/08\/China-Match-Fishing-Bag-Suppliers-1.jpg",385,471,false],"1536x1536":["https:\/\/pecbag.com\/wp-content\/uploads\/2025\/08\/China-Match-Fishing-Bag-Suppliers-1.jpg",385,471,false],"2048x2048":["https:\/\/pecbag.com\/wp-content\/uploads\/2025\/08\/China-Match-Fishing-Bag-Suppliers-1.jpg",385,471,false],"trp-custom-language-flag":["https:\/\/pecbag.com\/wp-content\/uploads\/2025\/08\/China-Match-Fishing-Bag-Suppliers-1-10x12.jpg",10,12,true],"woocommerce_thumbnail":["https:\/\/pecbag.com\/wp-content\/uploads\/2025\/08\/China-Match-Fishing-Bag-Suppliers-1-300x300.jpg",300,300,true],"woocommerce_single":["https:\/\/pecbag.com\/wp-content\/uploads\/2025\/08\/China-Match-Fishing-Bag-Suppliers-1.jpg",385,471,false],"woocommerce_gallery_thumbnail":["https:\/\/pecbag.com\/wp-content\/uploads\/2025\/08\/China-Match-Fishing-Bag-Suppliers-1-100x100.jpg",100,100,true]},"uagb_author_info":{"display_name":"Lawrence","author_link":"https:\/\/pecbag.com\/fi\/author\/"},"uagb_comment_info":0,"uagb_excerpt":"China Match Fishing Bag Suppliers 1. \u3010Adjustable\u3011One Size fits Most \u2013 Adjustable shoulder and waist strap design suspension structure to fit most shapes and sizes. 2. \u3010Multifunctional\u3011Great for all types of fishing-The mesh fishing vest is perfect for Trout Fishing, Fly Bass Fishing, Outdoor Activities, etc. And that would make a great gift as well.&hellip;","_links":{"self":[{"href":"https:\/\/pecbag.com\/fi\/wp-json\/wp\/v2\/product\/5268","targetHints":{"allow":["GET"]}}],"collection":[{"href":"https:\/\/pecbag.com\/fi\/wp-json\/wp\/v2\/product"}],"about":[{"href":"https:\/\/pecbag.com\/fi\/wp-json\/wp\/v2\/types\/product"}],"wp:featuredmedia":[{"embeddable":true,"href":"https:\/\/pecbag.com\/fi\/wp-json\/wp\/v2\/media\/5274"}],"wp:attachment":[{"href":"https:\/\/pecbag.com\/fi\/wp-json\/wp\/v2\/media?parent=5268"}],"wp:term":[{"taxonomy":"product_brand","embeddable":true,"href":"https:\/\/pecbag.com\/fi\/wp-json\/wp\/v2\/product_brand?post=5268"},{"taxonomy":"product_cat","embeddable":true,"href":"https:\/\/pecbag.com\/fi\/wp-json\/wp\/v2\/product_cat?post=5268"},{"taxonomy":"product_tag","embeddable":true,"href":"https:\/\/pecbag.com\/fi\/wp-json\/wp\/v2\/product_tag?post=5268"}],"curies":[{"name":"wp","href":"https:\/\/api.w.org\/{rel}","templated":true}]}}